{"id":2820,"date":"2025-12-13T10:54:39","date_gmt":"2025-12-13T10:54:39","guid":{"rendered":"https:\/\/thecoreplay.com\/?post_type=product&#038;p=2820"},"modified":"2026-02-19T15:12:17","modified_gmt":"2026-02-19T15:12:17","slug":"powkiddy-rgb30","status":"publish","type":"product","link":"https:\/\/thecoreplay.com\/pt-br\/consoles-retro-portateis\/powkiddy\/powkiddy-rgb30\/","title":{"rendered":"POWKIDDY RGB30"},"content":{"rendered":"<div>\n<h2 data-start=\"192\" data-end=\"254\">\ud83c\udfae Console Retr\u00f4 Port\u00e1til RGB30<\/h2>\n<hr class=\"\" data-start=\"256\" data-end=\"259\" \/>\n<h3 class=\"\" data-start=\"261\" data-end=\"314\">\ud83d\udd27 Especifica\u00e7\u00f5es T\u00e9cnicas do Powkiddy RGB30<\/h3>\n<ul data-start=\"316\" data-end=\"1131\">\n\u00a0\t<\/p>\n<li class=\"\" data-start=\"316\" data-end=\"337\">\n<p class=\"\" data-start=\"318\" data-end=\"337\"><strong>Modelo<\/strong>: RGB30<\/p>\n<\/li>\n<p>\u00a0\t<\/p>\n<li class=\"\" data-start=\"338\" data-end=\"406\">\n<p class=\"\" data-start=\"340\" data-end=\"406\"><strong>Sistema<\/strong>: Compat\u00edvel com m\u00faltiplos sistemas Linux de c\u00f3digo aberto<\/p>\n<\/li>\n<p>\u00a0\t<\/p>\n<li class=\"\" data-start=\"407\" data-end=\"461\">\n<p class=\"\" data-start=\"409\" data-end=\"461\"><strong>CPU<\/strong>: ARM Quad-Core de 1.8 GHz de alto desempenho<\/p>\n<\/li>\n<p>\u00a0\t<\/p>\n<li class=\"\" data-start=\"462\" data-end=\"486\">\n<p class=\"\" data-start=\"464\" data-end=\"486\"><strong>RAM<\/strong>: 1 GB LPDDR4<\/p>\n<\/li>\n<p>\u00a0\t<\/p>\n<li class=\"\" data-start=\"487\" data-end=\"603\">\n<p class=\"\" data-start=\"489\" data-end=\"510\"><strong>Armazenamento<\/strong>:<\/p>\n<ul data-start=\"513\" data-end=\"603\">\n\u00a0\t<\/p>\n<li class=\"\" data-start=\"513\" data-end=\"557\">\n<p class=\"\" data-start=\"515\" data-end=\"557\">TF1 (sistema): Suporta de 16 GB a 256 GB<\/p>\n<\/li>\n<p>\u00a0\t<\/p>\n<li class=\"\" data-start=\"560\" data-end=\"603\">\n<p class=\"\" data-start=\"562\" data-end=\"603\">TF2 (jogos): Suporta de 16 GB a 256 GB<\/p>\n<\/li>\n<\/ul>\n<\/li>\n<p>\u00a0\t<\/p>\n<li class=\"\" data-start=\"604\" data-end=\"735\">\n<p class=\"\" data-start=\"606\" data-end=\"621\"><strong>Tela<\/strong>:<\/p>\n<ul data-start=\"624\" data-end=\"735\">\n\u00a0\t<\/p>\n<li class=\"\" data-start=\"624\" data-end=\"661\">\n<p class=\"\" data-start=\"626\" data-end=\"661\">Tamanho: 4.0 polegadas OCA full fit<\/p>\n<\/li>\n<p>\u00a0\t<\/p>\n<li class=\"\" data-start=\"664\" data-end=\"735\">\n<p class=\"\" data-start=\"666\" data-end=\"735\">Resolu\u00e7\u00e3o: 720\u00d7720 (formato quadrado ideal para jogos verticais)<\/p>\n<\/li>\n<\/ul>\n<\/li>\n<p>\u00a0\t<\/p>\n<li class=\"\" data-start=\"736\" data-end=\"788\">\n<p class=\"\" data-start=\"738\" data-end=\"788\"><strong>Conectividade<\/strong>: WiFi 5G integrado + Bluetooth<\/p>\n<\/li>\n<p>\u00a0\t<\/p>\n<li class=\"\" data-start=\"789\" data-end=\"842\">\n<p class=\"\" data-start=\"791\" data-end=\"842\"><strong>Som<\/strong>: Alto-falantes est\u00e9reo integrados (1W x 2)<\/p>\n<\/li>\n<p>\u00a0\t<\/p>\n<li class=\"\" data-start=\"843\" data-end=\"959\">\n<p class=\"\" data-start=\"845\" data-end=\"859\"><strong>Bateria<\/strong>:<\/p>\n<ul data-start=\"862\" data-end=\"959\">\n\u00a0\t<\/p>\n<li class=\"\" data-start=\"862\" data-end=\"885\">\n<p class=\"\" data-start=\"864\" data-end=\"885\">Capacidade: 4100 mAh<\/p>\n<\/li>\n<p>\u00a0\t<\/p>\n<li class=\"\" data-start=\"888\" data-end=\"916\">\n<p class=\"\" data-start=\"890\" data-end=\"916\">Autonomia: At\u00e9 8 horas<\/p>\n<\/li>\n<p>\u00a0\t<\/p>\n<li class=\"\" data-start=\"919\" data-end=\"959\">\n<p class=\"\" data-start=\"921\" data-end=\"959\">Carga r\u00e1pida: 2 horas via USB Tipo-C<\/p>\n<\/li>\n<\/ul>\n<\/li>\n<p>\u00a0\t<\/p>\n<li class=\"\" data-start=\"960\" data-end=\"1071\">\n<p class=\"\" data-start=\"962\" data-end=\"979\"><strong>Interfaces<\/strong>:<\/p>\n<ul data-start=\"982\" data-end=\"1071\">\n\u00a0\t<\/p>\n<li class=\"\" data-start=\"982\" data-end=\"996\">\n<p class=\"\" data-start=\"984\" data-end=\"996\">USB Tipo-C<\/p>\n<\/li>\n<p>\u00a0\t<\/p>\n<li class=\"\" data-start=\"999\" data-end=\"1022\">\n<p class=\"\" data-start=\"1001\" data-end=\"1022\">Sa\u00edda HDMI para TV<\/p>\n<\/li>\n<p>\u00a0\t<\/p>\n<li class=\"\" data-start=\"1025\" data-end=\"1036\">\n<p class=\"\" data-start=\"1027\" data-end=\"1036\">OTG-USB<\/p>\n<\/li>\n<p>\u00a0\t<\/p>\n<li class=\"\" data-start=\"1039\" data-end=\"1071\">\n<p class=\"\" data-start=\"1041\" data-end=\"1071\">Entrada jack de 3.5 mm para fones<\/p>\n<\/li>\n<\/ul>\n<\/li>\n<p>\u00a0\t<\/p>\n<li class=\"\" data-start=\"1072\" data-end=\"1111\">\n<p class=\"\" data-start=\"1074\" data-end=\"1111\"><strong>Dimens\u00f5es<\/strong>: 145 \u00d7 86.5 \u00d7 18 mm<\/p>\n<\/li>\n<p>\u00a0\t<\/p>\n<li class=\"\" data-start=\"1112\" data-end=\"1131\">\n<p class=\"\" data-start=\"1114\" data-end=\"1131\"><strong>Peso<\/strong>: 207 g<\/p>\n<\/li>\n<\/ul>\n<hr class=\"\" data-start=\"1133\" data-end=\"1136\" \/>\n<h3 class=\"\" data-start=\"1138\" data-end=\"1182\">\ud83d\udd79\ufe0f Consoles Emulados pelo Powkiddy RGB30<\/h3>\n<p class=\"\" data-start=\"1184\" data-end=\"1213\">Compat\u00edvel com emuladores de:<\/p>\n<ul data-start=\"1215\" data-end=\"1418\">\n\u00a0\t<\/p>\n<li class=\"\" data-start=\"1215\" data-end=\"1223\">\n<p class=\"\" data-start=\"1217\" data-end=\"1223\">MAME<\/p>\n<\/li>\n<p>\u00a0\t<\/p>\n<li class=\"\" data-start=\"1224\" data-end=\"1245\">\n<p class=\"\" data-start=\"1226\" data-end=\"1245\">Nintendo 64 (N64)<\/p>\n<\/li>\n<p>\u00a0\t<\/p>\n<li class=\"\" data-start=\"1246\" data-end=\"1269\">\n<p class=\"\" data-start=\"1248\" data-end=\"1269\">PlayStation 1 (PSX)<\/p>\n<\/li>\n<p>\u00a0\t<\/p>\n<li class=\"\" data-start=\"1270\" data-end=\"1278\">\n<p class=\"\" data-start=\"1272\" data-end=\"1278\">CPS3<\/p>\n<\/li>\n<p>\u00a0\t<\/p>\n<li class=\"\" data-start=\"1279\" data-end=\"1290\">\n<p class=\"\" data-start=\"1281\" data-end=\"1290\">Neo Geo<\/p>\n<\/li>\n<p>\u00a0\t<\/p>\n<li class=\"\" data-start=\"1291\" data-end=\"1317\">\n<p class=\"\" data-start=\"1293\" data-end=\"1317\">Game Boy Advance (GBA)<\/p>\n<\/li>\n<p>\u00a0\t<\/p>\n<li class=\"\" data-start=\"1318\" data-end=\"1334\">\n<p class=\"\" data-start=\"1320\" data-end=\"1334\">Nintendo NES<\/p>\n<\/li>\n<p>\u00a0\t<\/p>\n<li class=\"\" data-start=\"1335\" data-end=\"1359\">\n<p class=\"\" data-start=\"1337\" data-end=\"1359\">Super Famicom \/ SNES<\/p>\n<\/li>\n<p>\u00a0\t<\/p>\n<li class=\"\" data-start=\"1360\" data-end=\"1384\">\n<p class=\"\" data-start=\"1362\" data-end=\"1384\">Mega Drive \/ Genesis<\/p>\n<\/li>\n<p>\u00a0\t<\/p>\n<li class=\"\" data-start=\"1385\" data-end=\"1418\">\n<p class=\"\" data-start=\"1387\" data-end=\"1418\">Nintendo DS<br data-start=\"1398\" data-end=\"1401\" \/>&#8230;e muitos outros!<\/p>\n<\/li>\n<\/ul>\n<hr class=\"\" data-start=\"1420\" data-end=\"1423\" \/>\n<h3 class=\"\" data-start=\"1425\" data-end=\"1466\">\ud83c\udf1f Recursos \u00danicos do RGB30<\/h3>\n<ul data-start=\"1468\" data-end=\"1801\">\n\u00a0\t<\/p>\n<li class=\"\" data-start=\"1468\" data-end=\"1532\">\n<p class=\"\" data-start=\"1470\" data-end=\"1532\">\u2705 Design compacto e nost\u00e1lgico, ideal para jogabilidade vertical<\/p>\n<\/li>\n<p>\u00a0\t<\/p>\n<li class=\"\" data-start=\"1533\" data-end=\"1604\">\n<p class=\"\" data-start=\"1535\" data-end=\"1604\">\u2705 Tela 1:1 HD de 720\u00d7720 perfeita para shooters e jogos arcade<\/p>\n<\/li>\n<p>\u00a0\t<\/p>\n<li class=\"\" data-start=\"1605\" data-end=\"1674\">\n<p class=\"\" data-start=\"1607\" data-end=\"1674\">\u2705 Sistema e jogos em cart\u00f5es TF separados: atualize sem apagar nada<\/p>\n<\/li>\n<p>\u00a0\t<\/p>\n<li class=\"\" data-start=\"1675\" data-end=\"1739\">\n<p class=\"\" data-start=\"1677\" data-end=\"1739\">\u2705 Desempenho fluido: FPS est\u00e1vel de 60 Hz com CPU quad-core<\/p>\n<\/li>\n<p>\u00a0\t<\/p>\n<li class=\"\" data-start=\"1740\" data-end=\"1801\">\n<p class=\"\" data-start=\"1742\" data-end=\"1801\">\u2705 Compat\u00edvel com sistemas open-source e emuladores de 64 bits<\/p>\n<\/li>\n<\/ul>\n<h2>Perguntas Frequentes dos Usu\u00e1rios:<\/h2>\n<\/div>\n<p>&nbsp;<\/p>\n<article class=\"text-token-text-primary w-full\" dir=\"auto\">\n<div class=\"text-base my-auto mx-auto py-5\">\n<div class=\"mx-auto flex flex-1 text-base gap-4 md:gap-5 lg:gap-6 group\/turn-messages focus-visible:outline-hidden\" tabindex=\"-1\">\n<div class=\"group\/conversation-turn relative flex w-full min-w-0 flex-col agent-turn\">\n<div class=\"relative flex-col gap-1 md:gap-3\">\n<div class=\"flex max-w-full flex-col grow\">\n<div class=\"min-h-8 text-message relative flex w-full flex-col items-end gap-2 text-start break-words whitespace-normal [.text-message+&amp;]:mt-5\" dir=\"auto\">\n<div class=\"flex w-full flex-col gap-1 empty:hidden first:pt-[3px]\">\n<div class=\"markdown prose dark:prose-invert w-full break-words light\">\n<h3 class=\"\" data-start=\"0\" data-end=\"51\">\ud83d\udcfa Qual \u00e9 a resolu\u00e7\u00e3o do Powkiddy RGB30?<\/h3>\n<p class=\"\" data-start=\"53\" data-end=\"350\">O Powkiddy RGB30 apresenta uma <strong>resolu\u00e7\u00e3o de 720\u00d7720 pixels<\/strong>, gra\u00e7as \u00e0 sua <strong>tela quadrada de 4,0 polegadas com painel OCA full fit<\/strong>. Esta resolu\u00e7\u00e3o 1:1 \u00e9 ideal para jogos retr\u00f4 verticais, como shoot &#8216;em ups (shmups) ou t\u00edtulos arcade cl\u00e1ssicos, oferecendo uma imagem n\u00edtida e centralizada.<\/p>\n<h3 class=\"\" data-start=\"0\" data-end=\"47\">\ud83c\udfae Quantos jogos o Powkiddy RGB30 possui?<\/h3>\n<p class=\"\" data-start=\"49\" data-end=\"334\">O n\u00famero de jogos no Powkiddy RGB30 <strong>depende do cart\u00e3o de mem\u00f3ria inclu\u00eddo<\/strong>. Quando adquirido com um cart\u00e3o TF (geralmente de 64GB, 128GB ou 256GB), ele pode vir <strong>com entre 5.000 e 15.000 jogos pr\u00e9-instalados<\/strong>, cobrindo consoles como NES, SNES, GBA, PS1, N64, entre outros.<\/p>\n<p class=\"\" data-start=\"336\" data-end=\"455\">\ud83d\udca1 Al\u00e9m disso, voc\u00ea pode <strong>adicionar ou apagar jogos facilmente<\/strong> gra\u00e7as ao seu sistema de c\u00f3digo aberto e armazenamento expans\u00edvel.<\/p>\n<\/div>\n<\/div>\n<\/div>\n<\/div>\n<\/div>\n<\/div>\n<\/div>\n<\/div>\n<\/article>\n<div><img decoding=\"async\" src=\"\/\/ae01.alicdn.com\/kf\/S75de82a6683d42088e299c0affa0159bL.jpg\" alt=\"\" title=\"\"><img decoding=\"async\" src=\"\/\/ae01.alicdn.com\/kf\/S154f201b046b4f10a5099ee0fe5b539ea.jpg\" alt=\"\" title=\"\"><img decoding=\"async\" src=\"\/\/ae01.alicdn.com\/kf\/S1c55a334dd1a4a54a18ab3810f5d084fT.jpg\" alt=\"\" title=\"\"><img decoding=\"async\" src=\"\/\/ae01.alicdn.com\/kf\/S0a78d1fa5760487eab21bee339e53a64c.jpg\" alt=\"\" title=\"\"><img decoding=\"async\" src=\"\/\/ae01.alicdn.com\/kf\/S9703e786a8864df8b6ca43dcf291a2c1m.jpg\" alt=\"\" title=\"\"><img decoding=\"async\" src=\"\/\/ae01.alicdn.com\/kf\/Sda9bb3458d7744c8ae41dd8334196a12r.jpg\" alt=\"\" title=\"\"><img decoding=\"async\" src=\"\/\/ae01.alicdn.com\/kf\/Scf69afce75884d44bd7e5f0becf1fbebU.jpg\" alt=\"\" title=\"\"><img decoding=\"async\" src=\"\/\/ae01.alicdn.com\/kf\/Scc0ecc6210324cb7bfac49a0af9cfbd3s.jpg\" alt=\"\" title=\"\"><\/div>\n<div><img decoding=\"async\" src=\"\/\/ae01.alicdn.com\/kf\/S7ccd369ebdd6479caa4748a561c82aabL.jpg\" alt=\"\" title=\"\"><img decoding=\"async\" src=\"\/\/ae01.alicdn.com\/kf\/S586458421cb94a57b344ad71b6a863f5f.jpg\" alt=\"\" title=\"\"><img decoding=\"async\" src=\"\/\/ae01.alicdn.com\/kf\/S28d6f3ce4a0d4d89a2e2453947d3fd4aj.jpg\" alt=\"\" title=\"\"><img decoding=\"async\" src=\"\/\/ae01.alicdn.com\/kf\/S06ab7fd5d07c44819296aca0723c7f72p.jpg\" alt=\"\" title=\"\"><\/div>\n","protected":false},"excerpt":{"rendered":"<p>\ud83c\udfae Console Retr\u00f4 Port\u00e1til RGB30 \ud83d\udd27 Especifica\u00e7\u00f5es T\u00e9cnicas do Powkiddy RGB30 \u00a0 Modelo: RGB30 \u00a0 Sistema: Compat\u00edvel com m\u00faltiplos sistemas Linux de c\u00f3digo aberto \u00a0 CPU: ARM Quad-Core de 1.8 GHz de alto desempenho \u00a0 RAM: 1 GB LPDDR4 \u00a0 Armazenamento: \u00a0 TF1 (sistema): Suporta de 16 GB a 256 GB \u00a0 TF2 (jogos): Suporta [&hellip;]<\/p>\n","protected":false},"featured_media":2814,"comment_status":"open","ping_status":"closed","template":"","meta":{"_uag_custom_page_level_css":"","site-sidebar-layout":"default","site-content-layout":"","ast-site-content-layout":"default","site-content-style":"default","site-sidebar-style":"default","ast-global-header-display":"","ast-banner-title-visibility":"","ast-main-header-display":"","ast-hfb-above-header-display":"","ast-hfb-below-header-display":"","ast-hfb-mobile-header-display":"","site-post-title":"","ast-breadcrumbs-content":"","ast-featured-img":"","footer-sml-layout":"","ast-disable-related-posts":"","theme-transparent-header-meta":"default","adv-header-id-meta":"","stick-header-meta":"","header-above-stick-meta":"","header-main-stick-meta":"","header-below-stick-meta":"","astra-migrate-meta-layouts":"set","ast-page-background-enabled":"default","ast-page-background-meta":{"desktop":{"background-color":"var(--ast-global-color-5)","background-image":"","background-repeat":"repeat","background-position":"center center","background-size":"auto","background-attachment":"scroll","background-type":"","background-media":"","overlay-type":"","overlay-color":"","overlay-opacity":"","overlay-gradient":""},"tablet":{"background-color":"","background-image":"","background-repeat":"repeat","background-position":"center center","background-size":"auto","background-attachment":"scroll","background-type":"","background-media":"","overlay-type":"","overlay-color":"","overlay-opacity":"","overlay-gradient":""},"mobile":{"background-color":"","background-image":"","background-repeat":"repeat","background-position":"center center","background-size":"auto","background-attachment":"scroll","background-type":"","background-media":"","overlay-type":"","overlay-color":"","overlay-opacity":"","overlay-gradient":""}},"ast-content-background-meta":{"desktop":{"background-color":"var(--ast-global-color-4)","background-image":"","background-repeat":"repeat","background-position":"center center","background-size":"auto","background-attachment":"scroll","background-type":"","background-media":"","overlay-type":"","overlay-color":"","overlay-opacity":"","overlay-gradient":""},"tablet":{"background-color":"var(--ast-global-color-4)","background-image":"","background-repeat":"repeat","background-position":"center center","background-size":"auto","background-attachment":"scroll","background-type":"","background-media":"","overlay-type":"","overlay-color":"","overlay-opacity":"","overlay-gradient":""},"mobile":{"background-color":"var(--ast-global-color-4)","background-image":"","background-repeat":"repeat","background-position":"center center","background-size":"auto","background-attachment":"scroll","background-type":"","background-media":"","overlay-type":"","overlay-color":"","overlay-opacity":"","overlay-gradient":""}}},"product_brand":[78],"product_cat":[669,651,650,652,653,654,655,657,658,661,673,660,664,663],"product_tag":[],"class_list":{"0":"post-2820","1":"product","2":"type-product","3":"status-publish","4":"has-post-thumbnail","6":"product_brand-powkiddy-rgb30","7":"product_cat-consoles-retro-portateis","8":"product_cat-arcade-systems","9":"product_cat-consoles-de-emulacao","10":"product_cat-dreamcast","11":"product_cat-game-boy-game-boy-color","12":"product_cat-game-boy-advance","13":"product_cat-nes","14":"product_cat-nintendo-64","15":"product_cat-nintendo-ds","16":"product_cat-playstation","17":"product_cat-powkiddy","18":"product_cat-psp","19":"product_cat-sega-mega-drive-sega-genesis","20":"product_cat-snes","21":"desktop-align-center","22":"tablet-align-left","23":"mobile-align-left","25":"first","26":"instock","27":"sale","28":"shipping-taxable","29":"purchasable","30":"product-type-variable","31":"has-default-attributes"},"uagb_featured_image_src":{"full":["https:\/\/thecoreplay.com\/wp-content\/uploads\/2025\/12\/POWKIDDY-RGB30.jpg",1080,1080,false],"thumbnail":["https:\/\/thecoreplay.com\/wp-content\/uploads\/2025\/12\/POWKIDDY-RGB30-150x150.jpg",150,150,true],"medium":["https:\/\/thecoreplay.com\/wp-content\/uploads\/2025\/12\/POWKIDDY-RGB30-300x300.jpg",300,300,true],"medium_large":["https:\/\/thecoreplay.com\/wp-content\/uploads\/2025\/12\/POWKIDDY-RGB30-768x768.jpg",768,768,true],"large":["https:\/\/thecoreplay.com\/wp-content\/uploads\/2025\/12\/POWKIDDY-RGB30-1024x1024.jpg",1024,1024,true],"1536x1536":["https:\/\/thecoreplay.com\/wp-content\/uploads\/2025\/12\/POWKIDDY-RGB30.jpg",1080,1080,false],"2048x2048":["https:\/\/thecoreplay.com\/wp-content\/uploads\/2025\/12\/POWKIDDY-RGB30.jpg",1080,1080,false],"woocommerce_thumbnail":["https:\/\/thecoreplay.com\/wp-content\/uploads\/2025\/12\/POWKIDDY-RGB30-300x300.jpg",300,300,true],"woocommerce_single":["https:\/\/thecoreplay.com\/wp-content\/uploads\/2025\/12\/POWKIDDY-RGB30-600x600.jpg",600,600,true],"woocommerce_gallery_thumbnail":["https:\/\/thecoreplay.com\/wp-content\/uploads\/2025\/12\/POWKIDDY-RGB30-100x100.jpg",100,100,true]},"uagb_author_info":{"display_name":"lluismayans83@gmail.com","author_link":"https:\/\/thecoreplay.com\/pt-br\/author\/"},"uagb_comment_info":47,"uagb_excerpt":"\ud83c\udfae Console Retr\u00f4 Port\u00e1til RGB30 \ud83d\udd27 Especifica\u00e7\u00f5es T\u00e9cnicas do Powkiddy RGB30 \u00a0 Modelo: RGB30 \u00a0 Sistema: Compat\u00edvel com m\u00faltiplos sistemas Linux de c\u00f3digo aberto \u00a0 CPU: ARM Quad-Core de 1.8 GHz de alto desempenho \u00a0 RAM: 1 GB LPDDR4 \u00a0 Armazenamento: \u00a0 TF1 (sistema): Suporta de 16 GB a 256 GB \u00a0 TF2 (jogos): Suporta&hellip;","_links":{"self":[{"href":"https:\/\/thecoreplay.com\/pt-br\/wp-json\/wp\/v2\/product\/2820","targetHints":{"allow":["GET"]}}],"collection":[{"href":"https:\/\/thecoreplay.com\/pt-br\/wp-json\/wp\/v2\/product"}],"about":[{"href":"https:\/\/thecoreplay.com\/pt-br\/wp-json\/wp\/v2\/types\/product"}],"replies":[{"embeddable":true,"href":"https:\/\/thecoreplay.com\/pt-br\/wp-json\/wp\/v2\/comments?post=2820"}],"wp:featuredmedia":[{"embeddable":true,"href":"https:\/\/thecoreplay.com\/pt-br\/wp-json\/wp\/v2\/media\/2814"}],"wp:attachment":[{"href":"https:\/\/thecoreplay.com\/pt-br\/wp-json\/wp\/v2\/media?parent=2820"}],"wp:term":[{"taxonomy":"product_brand","embeddable":true,"href":"https:\/\/thecoreplay.com\/pt-br\/wp-json\/wp\/v2\/product_brand?post=2820"},{"taxonomy":"product_cat","embeddable":true,"href":"https:\/\/thecoreplay.com\/pt-br\/wp-json\/wp\/v2\/product_cat?post=2820"},{"taxonomy":"product_tag","embeddable":true,"href":"https:\/\/thecoreplay.com\/pt-br\/wp-json\/wp\/v2\/product_tag?post=2820"}],"curies":[{"name":"wp","href":"https:\/\/api.w.org\/{rel}","templated":true}]}}