{"id":2775,"date":"2025-12-13T10:54:39","date_gmt":"2025-12-13T10:54:39","guid":{"rendered":"https:\/\/thecoreplay.com\/?post_type=product&#038;p=2775"},"modified":"2026-02-19T15:11:04","modified_gmt":"2026-02-19T15:11:04","slug":"anbernic-rg556","status":"publish","type":"product","link":"https:\/\/thecoreplay.com\/pt-br\/consoles-retro-portateis\/anbernic\/anbernic-rg556\/","title":{"rendered":"ANBERNIC RG556"},"content":{"rendered":"<h2><span data-sheets-root=\"1\">Anbernic RG556 \u2014 Console Retr\u00f4 Port\u00e1til com Tela OLED e Emula\u00e7\u00e3o de PS2 \ud83c\udfae<\/span><\/h2>\n<p><span style=\"font-size: 16px;\">O <\/span><strong style=\"font-size: 16px;\" data-start=\"268\" data-end=\"286\">Anbernic RG556<\/strong><span style=\"font-size: 16px;\"> \u00e9 um dos consoles retr\u00f4 port\u00e1teis mais potentes de 2025. Equipado com uma impressionante <\/span><strong style=\"font-size: 16px;\" data-start=\"380\" data-end=\"416\">tela AMOLED de 5,48 polegadas<\/strong><span style=\"font-size: 16px;\">, oferece uma experi\u00eancia visual vibrante e n\u00edtida. Gra\u00e7as ao seu <\/span><strong style=\"font-size: 16px;\" data-start=\"480\" data-end=\"506\">processador Unisoc T820<\/strong><span style=\"font-size: 16px;\"> e <\/span><strong style=\"font-size: 16px;\" data-start=\"509\" data-end=\"523\">8GB de RAM<\/strong><span style=\"font-size: 16px;\">, \u00e9 capaz de rodar a maioria dos jogos de PlayStation 2 em velocidade m\u00e1xima.<\/span><\/p>\n<div>\n<p class=\"\" data-start=\"603\" data-end=\"821\">Al\u00e9m da sua pot\u00eancia, destaca-se pela sua <strong>ergonomia e conforto<\/strong>. Possui <strong>joysticks e gatilhos de Efeito Hall<\/strong>, <strong>girosc\u00f3pio<\/strong>, <strong>vibra\u00e7\u00e3o h\u00e1ptica<\/strong> e um design que se adapta perfeitamente a longas sess\u00f5es de jogo.<\/p>\n<hr class=\"\" data-start=\"823\" data-end=\"826\" \/>\n<h2 class=\"\" data-start=\"828\" data-end=\"858\">Principais Caracter\u00edsticas<\/h2>\n<ul data-start=\"860\" data-end=\"1255\">\n\u00a0\t<\/p>\n<li class=\"\" data-start=\"860\" data-end=\"925\">\n<p class=\"\" data-start=\"862\" data-end=\"925\">Compat\u00edvel com jogos de Android e mais de <strong>30 emuladores retr\u00f4<\/strong>.<\/p>\n<\/li>\n<p>\u00a0\t<\/p>\n<li class=\"\" data-start=\"926\" data-end=\"978\">\n<p class=\"\" data-start=\"928\" data-end=\"978\">Suporta jogos em m\u00faltiplos formatos baix\u00e1veis.<\/p>\n<\/li>\n<p>\u00a0\t<\/p>\n<li class=\"\" data-start=\"979\" data-end=\"1040\">\n<p class=\"\" data-start=\"981\" data-end=\"1040\"><strong>Sistema operacional Android 13<\/strong>, com atualiza\u00e7\u00f5es FOTA.<\/p>\n<\/li>\n<p>\u00a0\t<\/p>\n<li class=\"\" data-start=\"1041\" data-end=\"1136\">\n<p class=\"\" data-start=\"1043\" data-end=\"1136\">Ilumina\u00e7\u00e3o nos joysticks, controle de brilho, configura\u00e7\u00f5es de energia, vibra\u00e7\u00e3o e muito mais.<\/p>\n<\/li>\n<p>\u00a0\t<\/p>\n<li class=\"\" data-start=\"1137\" data-end=\"1202\">\n<p class=\"\" data-start=\"1139\" data-end=\"1202\">Suporta <strong>netplay, streaming e screencast sem fio<\/strong>.<\/p>\n<\/li>\n<p>\u00a0\t<\/p>\n<li class=\"\" data-start=\"1203\" data-end=\"1255\">\n<p class=\"\" data-start=\"1205\" data-end=\"1255\"><strong>Sa\u00edda de v\u00eddeo DisplayPort 1080p<\/strong> via USB-C.<\/p>\n<\/li>\n<\/ul>\n<hr class=\"\" data-start=\"1257\" data-end=\"1260\" \/>\n<h2 class=\"\" data-start=\"1262\" data-end=\"1286\">Vers\u00f5es Dispon\u00edveis<\/h2>\n<ul data-start=\"1288\" data-end=\"1437\">\n\u00a0\t<\/p>\n<li class=\"\" data-start=\"1288\" data-end=\"1333\">\n<p class=\"\" data-start=\"1290\" data-end=\"1333\"><strong>Vers\u00e3o Padr\u00e3o<\/strong>: N\u00e3o inclui cart\u00e3o de jogos.<\/p>\n<\/li>\n<p>\u00a0\t<\/p>\n<li class=\"\" data-start=\"1334\" data-end=\"1385\">\n<p class=\"\" data-start=\"1336\" data-end=\"1385\"><strong>128GB<\/strong>: Inclui <strong>4.423 jogos pr\u00e9-instalados<\/strong>.<\/p>\n<\/li>\n<p>\u00a0\t<\/p>\n<li class=\"\" data-start=\"1386\" data-end=\"1437\">\n<p class=\"\" data-start=\"1388\" data-end=\"1437\"><strong>256GB<\/strong>: Inclui <strong>8.714 jogos pr\u00e9-instalados<\/strong>.<\/p>\n<\/li>\n<\/ul>\n<hr class=\"\" data-start=\"1439\" data-end=\"1442\" \/>\n<h2 class=\"\" data-start=\"1444\" data-end=\"1472\">Especifica\u00e7\u00f5es T\u00e9cnicas<\/h2>\n<ul data-start=\"1474\" data-end=\"2025\">\n\u00a0\t<\/p>\n<li class=\"\" data-start=\"1474\" data-end=\"1560\">\n<p class=\"\" data-start=\"1476\" data-end=\"1560\"><strong>Processador<\/strong>: Unisoc T820, 8 n\u00facleos (1*<em data-start=\"1517\" data-end=\"1533\"><a rel=\"noopener\" data-start=\"1518\" data-end=\"1528\">A76@2.7GHz<\/a> + 3*<\/em><a rel=\"noopener\" data-start=\"1533\" data-end=\"1543\">A76@2.3GHz<\/a> + 4*<a rel=\"noopener\" data-start=\"1548\" data-end=\"1558\">A55@2.1GHz<\/a>).<\/p>\n<\/li>\n<p>\u00a0\t<\/p>\n<li class=\"\" data-start=\"1561\" data-end=\"1584\">\n<p class=\"\" data-start=\"1563\" data-end=\"1584\"><strong>RAM<\/strong>: 8GB LPDDR4X.<\/p>\n<\/li>\n<p>\u00a0\t<\/p>\n<li class=\"\" data-start=\"1585\" data-end=\"1621\">\n<p class=\"\" data-start=\"1587\" data-end=\"1621\"><strong>Armazenamento<\/strong>: 128GB UFS 2.2.<\/p>\n<\/li>\n<p>\u00a0\t<\/p>\n<li class=\"\" data-start=\"1622\" data-end=\"1684\">\n<p class=\"\" data-start=\"1624\" data-end=\"1684\"><strong>Tela<\/strong>: AMOLED de 5,48&#8243; (1080&#215;1920), lamina\u00e7\u00e3o completa OCA.<\/p>\n<\/li>\n<p>\u00a0\t<\/p>\n<li class=\"\" data-start=\"1685\" data-end=\"1732\">\n<p class=\"\" data-start=\"1687\" data-end=\"1732\"><strong>GPU<\/strong>: Quad-core Mali-G57, 850 MHz.<\/p>\n<\/li>\n<p>\u00a0\t<\/p>\n<li class=\"\" data-start=\"1733\" data-end=\"1783\">\n<p class=\"\" data-start=\"1735\" data-end=\"1783\"><strong>Som<\/strong>: Alto-falantes est\u00e9reo de alta fidelidade.<\/p>\n<\/li>\n<p>\u00a0\t<\/p>\n<li class=\"\" data-start=\"1784\" data-end=\"1835\">\n<p class=\"\" data-start=\"1786\" data-end=\"1835\"><strong>Bateria<\/strong>: 5500mAh, at\u00e9 8 horas de autonomia.<\/p>\n<\/li>\n<p>\u00a0\t<\/p>\n<li class=\"\" data-start=\"1836\" data-end=\"1883\">\n<p class=\"\" data-start=\"1838\" data-end=\"1883\"><strong>Conectividade<\/strong>: WiFi 2.4\/5G, Bluetooth 5.0.<\/p>\n<\/li>\n<p>\u00a0\t<\/p>\n<li class=\"\" data-start=\"1884\" data-end=\"1933\">\n<p class=\"\" data-start=\"1886\" data-end=\"1933\"><strong>Carregamento<\/strong>: USB-C 5V\/2A, carga total em 3,5h.<\/p>\n<\/li>\n<p>\u00a0\t<\/p>\n<li class=\"\" data-start=\"1934\" data-end=\"1973\">\n<p class=\"\" data-start=\"1936\" data-end=\"1973\"><strong>Cor<\/strong>: Preto \/ Azul Transparente.<\/p>\n<\/li>\n<p>\u00a0\t<\/p>\n<li class=\"\" data-start=\"1974\" data-end=\"2025\">\n<p class=\"\" data-start=\"1976\" data-end=\"2025\"><strong>Expans\u00e3o<\/strong>: Suporte para cart\u00e3o TF de at\u00e9 2TB.<\/p>\n<\/li>\n<\/ul>\n<hr class=\"\" data-start=\"2027\" data-end=\"2030\" \/>\n<h2 class=\"\" data-start=\"2032\" data-end=\"2059\">O que vem na caixa?<\/h2>\n<ul data-start=\"2061\" data-end=\"2190\">\n\u00a0\t<\/p>\n<li class=\"\" data-start=\"2061\" data-end=\"2090\">\n<p class=\"\" data-start=\"2063\" data-end=\"2090\">1x Console Anbernic RG556<\/p>\n<\/li>\n<p>\u00a0\t<\/p>\n<li class=\"\" data-start=\"2091\" data-end=\"2119\">\n<p class=\"\" data-start=\"2093\" data-end=\"2119\">1x Protetor de tela<\/p>\n<\/li>\n<p>\u00a0\t<\/p>\n<li class=\"\" data-start=\"2120\" data-end=\"2143\">\n<p class=\"\" data-start=\"2122\" data-end=\"2143\">1x Cabo USB Tipo-C<\/p>\n<\/li>\n<p>\u00a0\t<\/p>\n<li class=\"\" data-start=\"2144\" data-end=\"2168\">\n<p class=\"\" data-start=\"2146\" data-end=\"2168\">1x Manual do usu\u00e1rio<\/p>\n<\/li>\n<p>\u00a0\t<\/p>\n<li class=\"\" data-start=\"2169\" data-end=\"2190\">\n<p class=\"\" data-start=\"2171\" data-end=\"2190\">1x Caixa de presente<\/p>\n<\/li>\n<\/ul>\n<p>&nbsp;<\/p>\n<p><img decoding=\"async\" src=\"\/\/ae01.alicdn.com\/kf\/S7983e4ae40734987aac943ecf9e14d432.jpg\" alt=\"\" title=\"\"><img decoding=\"async\" src=\"\/\/ae01.alicdn.com\/kf\/Sd33d6511d03a47128036e7551a009899s.jpg\" alt=\"\" title=\"\"><img decoding=\"async\" src=\"\/\/ae01.alicdn.com\/kf\/Sfce278d512d24427a757ede760803f131.jpg\" alt=\"\" title=\"\"><img decoding=\"async\" src=\"\/\/ae01.alicdn.com\/kf\/Sada5078d9fb748fb8356d45f4b688f0cz.jpg\" alt=\"\" title=\"\"><img decoding=\"async\" src=\"\/\/ae01.alicdn.com\/kf\/S82588379a2694879bd1bd790c0d4bad25.jpg\" alt=\"\" title=\"\"><img decoding=\"async\" src=\"\/\/ae01.alicdn.com\/kf\/Sd68bce445fc248aeb60ca037b397bdb6s.jpg\" alt=\"\" title=\"\"><img decoding=\"async\" src=\"\/\/ae01.alicdn.com\/kf\/S2e7399fe6c4f4c55920cf164882d00dd6.jpg\" alt=\"\" title=\"\"><img decoding=\"async\" src=\"\/\/ae01.alicdn.com\/kf\/S664688696c5b4fb685b4a913413a6f73q.jpg\" alt=\"\" title=\"\"><img decoding=\"async\" src=\"\/\/ae01.alicdn.com\/kf\/S2d80b75f38054112bae19143b870774eg.jpg\" alt=\"\" title=\"\"><img decoding=\"async\" src=\"\/\/ae01.alicdn.com\/kf\/Sb0b4768c07e04519b05d1e0a491cb5a9l.jpg\" alt=\"\" title=\"\"><img decoding=\"async\" src=\"\/\/ae01.alicdn.com\/kf\/Sf6178cc0b20345e2b06dff793f1171b9m.jpg\" alt=\"\" title=\"\"><img decoding=\"async\" src=\"\/\/ae01.alicdn.com\/kf\/Saf309ba029824544820966cc339985d7K.jpg\" alt=\"\" title=\"\"><\/p>\n<\/div>\n","protected":false},"excerpt":{"rendered":"<p>Anbernic RG556 \u2014 Console Retr\u00f4 Port\u00e1til com Tela OLED e Emula\u00e7\u00e3o de PS2 \ud83c\udfae O Anbernic RG556 \u00e9 um dos consoles retr\u00f4 port\u00e1teis mais potentes de 2025. Equipado com uma impressionante tela AMOLED de 5,48 polegadas, oferece uma experi\u00eancia visual vibrante e n\u00edtida. Gra\u00e7as ao seu processador Unisoc T820 e 8GB de RAM, \u00e9 capaz [&hellip;]<\/p>\n","protected":false},"featured_media":2769,"comment_status":"open","ping_status":"closed","template":"","meta":{"_uag_custom_page_level_css":"","site-sidebar-layout":"default","site-content-layout":"","ast-site-content-layout":"default","site-content-style":"default","site-sidebar-style":"default","ast-global-header-display":"","ast-banner-title-visibility":"","ast-main-header-display":"","ast-hfb-above-header-display":"","ast-hfb-below-header-display":"","ast-hfb-mobile-header-display":"","site-post-title":"","ast-breadcrumbs-content":"","ast-featured-img":"","footer-sml-layout":"","ast-disable-related-posts":"","theme-transparent-header-meta":"default","adv-header-id-meta":"","stick-header-meta":"","header-above-stick-meta":"","header-main-stick-meta":"","header-below-stick-meta":"","astra-migrate-meta-layouts":"set","ast-page-background-enabled":"default","ast-page-background-meta":{"desktop":{"background-color":"var(--ast-global-color-5)","background-image":"","background-repeat":"repeat","background-position":"center center","background-size":"auto","background-attachment":"scroll","background-type":"","background-media":"","overlay-type":"","overlay-color":"","overlay-opacity":"","overlay-gradient":""},"tablet":{"background-color":"","background-image":"","background-repeat":"repeat","background-position":"center center","background-size":"auto","background-attachment":"scroll","background-type":"","background-media":"","overlay-type":"","overlay-color":"","overlay-opacity":"","overlay-gradient":""},"mobile":{"background-color":"","background-image":"","background-repeat":"repeat","background-position":"center center","background-size":"auto","background-attachment":"scroll","background-type":"","background-media":"","overlay-type":"","overlay-color":"","overlay-opacity":"","overlay-gradient":""}},"ast-content-background-meta":{"desktop":{"background-color":"var(--ast-global-color-4)","background-image":"","background-repeat":"repeat","background-position":"center center","background-size":"auto","background-attachment":"scroll","background-type":"","background-media":"","overlay-type":"","overlay-color":"","overlay-opacity":"","overlay-gradient":""},"tablet":{"background-color":"var(--ast-global-color-4)","background-image":"","background-repeat":"repeat","background-position":"center center","background-size":"auto","background-attachment":"scroll","background-type":"","background-media":"","overlay-type":"","overlay-color":"","overlay-opacity":"","overlay-gradient":""},"mobile":{"background-color":"var(--ast-global-color-4)","background-image":"","background-repeat":"repeat","background-position":"center center","background-size":"auto","background-attachment":"scroll","background-type":"","background-media":"","overlay-type":"","overlay-color":"","overlay-opacity":"","overlay-gradient":""}}},"product_brand":[69],"product_cat":[669,670,651,650,652,653,654,655,656,657,658,659,661,662,660,664,665,663,666],"product_tag":[],"class_list":{"0":"post-2775","1":"product","2":"type-product","3":"status-publish","4":"has-post-thumbnail","6":"product_brand-rg556","7":"product_cat-consoles-retro-portateis","8":"product_cat-anbernic","9":"product_cat-arcade-systems","10":"product_cat-consoles-de-emulacao","11":"product_cat-dreamcast","12":"product_cat-game-boy-game-boy-color","13":"product_cat-game-boy-advance","14":"product_cat-nes","15":"product_cat-nintendo-3ds","16":"product_cat-nintendo-64","17":"product_cat-nintendo-ds","18":"product_cat-nintendo-gamecube","19":"product_cat-playstation","20":"product_cat-playstation-2","21":"product_cat-psp","22":"product_cat-sega-mega-drive-sega-genesis","23":"product_cat-sega-saturn","24":"product_cat-snes","25":"product_cat-wii","26":"desktop-align-center","27":"tablet-align-left","28":"mobile-align-left","30":"first","31":"instock","32":"sale","33":"shipping-taxable","34":"purchasable","35":"product-type-variable","36":"has-default-attributes"},"uagb_featured_image_src":{"full":["https:\/\/thecoreplay.com\/wp-content\/uploads\/2025\/12\/ANBERNIC-RG556.jpg",1080,1080,false],"thumbnail":["https:\/\/thecoreplay.com\/wp-content\/uploads\/2025\/12\/ANBERNIC-RG556-150x150.jpg",150,150,true],"medium":["https:\/\/thecoreplay.com\/wp-content\/uploads\/2025\/12\/ANBERNIC-RG556-300x300.jpg",300,300,true],"medium_large":["https:\/\/thecoreplay.com\/wp-content\/uploads\/2025\/12\/ANBERNIC-RG556-768x768.jpg",768,768,true],"large":["https:\/\/thecoreplay.com\/wp-content\/uploads\/2025\/12\/ANBERNIC-RG556-1024x1024.jpg",1024,1024,true],"1536x1536":["https:\/\/thecoreplay.com\/wp-content\/uploads\/2025\/12\/ANBERNIC-RG556.jpg",1080,1080,false],"2048x2048":["https:\/\/thecoreplay.com\/wp-content\/uploads\/2025\/12\/ANBERNIC-RG556.jpg",1080,1080,false],"woocommerce_thumbnail":["https:\/\/thecoreplay.com\/wp-content\/uploads\/2025\/12\/ANBERNIC-RG556-300x300.jpg",300,300,true],"woocommerce_single":["https:\/\/thecoreplay.com\/wp-content\/uploads\/2025\/12\/ANBERNIC-RG556-600x600.jpg",600,600,true],"woocommerce_gallery_thumbnail":["https:\/\/thecoreplay.com\/wp-content\/uploads\/2025\/12\/ANBERNIC-RG556-100x100.jpg",100,100,true]},"uagb_author_info":{"display_name":"lluismayans83@gmail.com","author_link":"https:\/\/thecoreplay.com\/pt-br\/author\/"},"uagb_comment_info":38,"uagb_excerpt":"Anbernic RG556 \u2014 Console Retr\u00f4 Port\u00e1til com Tela OLED e Emula\u00e7\u00e3o de PS2 \ud83c\udfae O Anbernic RG556 \u00e9 um dos consoles retr\u00f4 port\u00e1teis mais potentes de 2025. Equipado com uma impressionante tela AMOLED de 5,48 polegadas, oferece uma experi\u00eancia visual vibrante e n\u00edtida. Gra\u00e7as ao seu processador Unisoc T820 e 8GB de RAM, \u00e9 capaz&hellip;","_links":{"self":[{"href":"https:\/\/thecoreplay.com\/pt-br\/wp-json\/wp\/v2\/product\/2775","targetHints":{"allow":["GET"]}}],"collection":[{"href":"https:\/\/thecoreplay.com\/pt-br\/wp-json\/wp\/v2\/product"}],"about":[{"href":"https:\/\/thecoreplay.com\/pt-br\/wp-json\/wp\/v2\/types\/product"}],"replies":[{"embeddable":true,"href":"https:\/\/thecoreplay.com\/pt-br\/wp-json\/wp\/v2\/comments?post=2775"}],"wp:featuredmedia":[{"embeddable":true,"href":"https:\/\/thecoreplay.com\/pt-br\/wp-json\/wp\/v2\/media\/2769"}],"wp:attachment":[{"href":"https:\/\/thecoreplay.com\/pt-br\/wp-json\/wp\/v2\/media?parent=2775"}],"wp:term":[{"taxonomy":"product_brand","embeddable":true,"href":"https:\/\/thecoreplay.com\/pt-br\/wp-json\/wp\/v2\/product_brand?post=2775"},{"taxonomy":"product_cat","embeddable":true,"href":"https:\/\/thecoreplay.com\/pt-br\/wp-json\/wp\/v2\/product_cat?post=2775"},{"taxonomy":"product_tag","embeddable":true,"href":"https:\/\/thecoreplay.com\/pt-br\/wp-json\/wp\/v2\/product_tag?post=2775"}],"curies":[{"name":"wp","href":"https:\/\/api.w.org\/{rel}","templated":true}]}}