{"id":2732,"date":"2025-12-13T10:54:40","date_gmt":"2025-12-13T10:54:40","guid":{"rendered":"https:\/\/thecoreplay.com\/?post_type=product&#038;p=2732"},"modified":"2026-02-19T15:12:33","modified_gmt":"2026-02-19T15:12:33","slug":"powkiddy-x28","status":"publish","type":"product","link":"https:\/\/thecoreplay.com\/pt-br\/consoles-retro-portateis\/powkiddy\/powkiddy-x28\/","title":{"rendered":"Powkiddy X28"},"content":{"rendered":"<div>\n<h2 data-start=\"258\" data-end=\"333\">\ud83c\udfae Console Retr\u00f4 Port\u00e1til Powkiddy X28: Android 11 e M\u00e1ximo Desempenho Port\u00e1til<\/h2>\n<p class=\"\" data-start=\"335\" data-end=\"634\">O <strong>Powkiddy X28<\/strong> \u00e9 um dos consoles retr\u00f4 port\u00e1teis mais potentes do mercado atual. Equipado com <strong>Android 11<\/strong>, um processador octa-core e uma tela sens\u00edvel ao toque de 5,5 polegadas, este console permite que voc\u00ea desfrute de seus jogos cl\u00e1ssicos e modernos com fluidez, compatibilidade e total liberdade.<\/p>\n<p class=\"\" data-start=\"636\" data-end=\"832\">Gra\u00e7as ao seu design ergon\u00f4mico, controles f\u00edsicos completos e joysticks anal\u00f3gicos duplos, a experi\u00eancia de jogo \u00e9 confort\u00e1vel, intuitiva e pronta para todos os tipos de t\u00edtulos retr\u00f4 e emuladores avan\u00e7ados.<\/p>\n<hr class=\"\" data-start=\"834\" data-end=\"837\" \/>\n<h3 class=\"\" data-start=\"188\" data-end=\"228\">\u2b50 Principais Caracter\u00edsticas do Powkiddy X28<\/h3>\n<ul data-start=\"230\" data-end=\"930\">\n\u00a0\t<\/p>\n<li class=\"\" data-start=\"230\" data-end=\"301\">\n<p class=\"\" data-start=\"232\" data-end=\"301\">Sistema operacional <strong>Android 11<\/strong> com acesso total \u00e0 Google Play Store.<\/p>\n<\/li>\n<p>\u00a0\t<\/p>\n<li class=\"\" data-start=\"302\" data-end=\"399\">\n<p class=\"\" data-start=\"304\" data-end=\"399\">Interface t\u00e1til com <strong>tela IPS de 5,5 polegadas<\/strong> (720\u00d71280) e tecnologia G+G de 5 pontos.<\/p>\n<\/li>\n<p>\u00a0\t<\/p>\n<li class=\"\" data-start=\"400\" data-end=\"511\">\n<p class=\"\" data-start=\"402\" data-end=\"511\"><strong>18 bot\u00f5es f\u00edsicos<\/strong>: D-pad, bot\u00f5es A\/B\/X\/Y, R1\/R2\/L1\/L2, bot\u00f5es de sistema e 2 joysticks anal\u00f3gicos.<\/p>\n<\/li>\n<p>\u00a0\t<\/p>\n<li class=\"\" data-start=\"512\" data-end=\"569\">\n<p class=\"\" data-start=\"514\" data-end=\"569\">Compatibilidade total com emuladores e jogos de Android.<\/p>\n<\/li>\n<p>\u00a0\t<\/p>\n<li class=\"\" data-start=\"570\" data-end=\"801\">\n<p class=\"\" data-start=\"572\" data-end=\"594\">Fun\u00e7\u00f5es avan\u00e7adas:<\/p>\n<ul data-start=\"597\" data-end=\"801\">\n\u00a0\t<\/p>\n<li class=\"\" data-start=\"597\" data-end=\"636\">\n<p class=\"\" data-start=\"599\" data-end=\"636\"><strong>Sensor de movimento (G-sensor)<\/strong><\/p>\n<\/li>\n<p>\u00a0\t<\/p>\n<li class=\"\" data-start=\"639\" data-end=\"679\">\n<p class=\"\" data-start=\"641\" data-end=\"679\"><strong>B\u00fassola<\/strong>, <strong>girosc\u00f3pio<\/strong>, <strong>GPS<\/strong><\/p>\n<\/li>\n<p>\u00a0\t<\/p>\n<li class=\"\" data-start=\"682\" data-end=\"738\">\n<p class=\"\" data-start=\"684\" data-end=\"738\"><strong>Vibra\u00e7\u00e3o<\/strong>, <strong>microfone<\/strong> e <strong>alto-falantes est\u00e9reo<\/strong><\/p>\n<\/li>\n<p>\u00a0\t<\/p>\n<li class=\"\" data-start=\"741\" data-end=\"801\">\n<p class=\"\" data-start=\"743\" data-end=\"801\"><strong>Indicador de carga<\/strong>, sa\u00edda HDMI (Mini-HD) e modo OTG<\/p>\n<\/li>\n<\/ul>\n<\/li>\n<p>\u00a0\t<\/p>\n<li class=\"\" data-start=\"802\" data-end=\"849\">\n<p class=\"\" data-start=\"804\" data-end=\"849\">Suporta v\u00e1rios idiomas, incluindo portugu\u00eas, ingl\u00eas e espanhol.<\/p>\n<\/li>\n<p>\u00a0\t<\/p>\n<li class=\"\" data-start=\"850\" data-end=\"930\">\n<p class=\"\" data-start=\"852\" data-end=\"930\">Compat\u00edvel com entrada t\u00e1til, teclados f\u00edsicos e m\u00e9todos de escrita externos.<\/p>\n<\/li>\n<\/ul>\n<h3 class=\"\" data-start=\"937\" data-end=\"969\">\ud83d\udd27 Especifica\u00e7\u00f5es T\u00e9cnicas<\/h3>\n<ul data-start=\"971\" data-end=\"1741\">\n\u00a0\t<\/p>\n<li class=\"\" data-start=\"971\" data-end=\"1009\">\n<p class=\"\" data-start=\"973\" data-end=\"1009\"><strong>Tamanho<\/strong>: 207,6 \u00d7 80,7 \u00d7 26,9 mm<\/p>\n<\/li>\n<p>\u00a0\t<\/p>\n<li class=\"\" data-start=\"1010\" data-end=\"1071\">\n<p class=\"\" data-start=\"1012\" data-end=\"1071\"><strong>Tela<\/strong>: IPS MIPI de 5,5\u201d (720\u00d71280), t\u00e1til capacitiva<\/p>\n<\/li>\n<p>\u00a0\t<\/p>\n<li class=\"\" data-start=\"1072\" data-end=\"1200\">\n<p class=\"\" data-start=\"1074\" data-end=\"1097\"><strong>Processador (SoC)<\/strong>:<\/p>\n<ul data-start=\"1100\" data-end=\"1200\">\n\u00a0\t<\/p>\n<li class=\"\" data-start=\"1100\" data-end=\"1142\">\n<p class=\"\" data-start=\"1102\" data-end=\"1142\">ARM Cortex-A75 dual-core de at\u00e9 2,0 GHz<\/p>\n<\/li>\n<p>\u00a0\t<\/p>\n<li class=\"\" data-start=\"1145\" data-end=\"1200\">\n<p class=\"\" data-start=\"1147\" data-end=\"1200\">ARM Cortex-A55 de seis n\u00facleos de at\u00e9 1,8 GHz (Unisoc T618)<\/p>\n<\/li>\n<\/ul>\n<\/li>\n<p>\u00a0\t<\/p>\n<li class=\"\" data-start=\"1201\" data-end=\"1234\">\n<p class=\"\" data-start=\"1203\" data-end=\"1234\"><strong>Mem\u00f3ria RAM<\/strong>: 4 GB LPDDR4X<\/p>\n<\/li>\n<p>\u00a0\t<\/p>\n<li class=\"\" data-start=\"1235\" data-end=\"1277\">\n<p class=\"\" data-start=\"1237\" data-end=\"1277\"><strong>Armazenamento Interno<\/strong>: 64 GB eMMC<\/p>\n<\/li>\n<p>\u00a0\t<\/p>\n<li class=\"\" data-start=\"1278\" data-end=\"1332\">\n<p class=\"\" data-start=\"1280\" data-end=\"1332\"><strong>Armazenamento Externo<\/strong>: Slot para cart\u00e3o TF (microSD)<\/p>\n<\/li>\n<p>\u00a0\t<\/p>\n<li class=\"\" data-start=\"1333\" data-end=\"1389\">\n<p class=\"\" data-start=\"1335\" data-end=\"1389\"><strong>Bateria<\/strong>: 5000 mAh (autonomia m\u00e9dia de 4 a 5 horas)<\/p>\n<\/li>\n<p>\u00a0\t<\/p>\n<li class=\"\" data-start=\"1390\" data-end=\"1441\">\n<p class=\"\" data-start=\"1392\" data-end=\"1441\"><strong>Carregamento<\/strong>: 5V\/2A via cabo USB Tipo-C (x2)<\/p>\n<\/li>\n<p>\u00a0\t<\/p>\n<li class=\"\" data-start=\"1442\" data-end=\"1600\">\n<p class=\"\" data-start=\"1444\" data-end=\"1463\"><strong>Conectividade<\/strong>:<\/p>\n<ul data-start=\"1466\" data-end=\"1600\">\n\u00a0\t<\/p>\n<li class=\"\" data-start=\"1466\" data-end=\"1499\">\n<p class=\"\" data-start=\"1468\" data-end=\"1499\"><strong>WiFi<\/strong> IEEE 802.11 ac\/b\/g\/n<\/p>\n<\/li>\n<p>\u00a0\t<\/p>\n<li class=\"\" data-start=\"1502\" data-end=\"1523\">\n<p class=\"\" data-start=\"1504\" data-end=\"1523\"><strong>Bluetooth 5.0<\/strong><\/p>\n<\/li>\n<p>\u00a0\t<\/p>\n<li class=\"\" data-start=\"1526\" data-end=\"1555\">\n<p class=\"\" data-start=\"1528\" data-end=\"1555\"><strong>Sa\u00edda HDMI (Mini-HD)<\/strong><\/p>\n<\/li>\n<p>\u00a0\t<\/p>\n<li class=\"\" data-start=\"1558\" data-end=\"1600\">\n<p class=\"\" data-start=\"1560\" data-end=\"1600\"><strong>USB Tipo-C<\/strong>, <strong>entrada jack de 3,5 mm<\/strong><\/p>\n<\/li>\n<\/ul>\n<\/li>\n<p>\u00a0\t<\/p>\n<li class=\"\" data-start=\"1601\" data-end=\"1669\">\n<p class=\"\" data-start=\"1603\" data-end=\"1669\"><strong>\u00c1udio Suportado<\/strong>: MP3, FLAC, WAV, APE, M4A, OGG, entre outros<\/p>\n<\/li>\n<p>\u00a0\t<\/p>\n<li class=\"\" data-start=\"1670\" data-end=\"1741\">\n<p class=\"\" data-start=\"1672\" data-end=\"1741\"><strong>V\u00eddeo Suportado<\/strong>: MP4, MKV, AVI, 3GP, H.264, H.263, entre outros<\/p>\n<\/li>\n<\/ul>\n<hr class=\"\" data-start=\"1669\" data-end=\"1672\" \/>\n<\/div>\n<h3 class=\"\" data-start=\"1674\" data-end=\"1718\">\ud83d\udd79\ufe0f Quais consoles o Powkiddy X28 emula?<\/h3>\n<p>&nbsp;<\/p>\n<h4 class=\"\" data-start=\"287\" data-end=\"347\">\u2705 <strong>Consoles de sexta gera\u00e7\u00e3o (emula\u00e7\u00e3o avan\u00e7ada)<\/strong><\/h4>\n<ul data-start=\"348\" data-end=\"533\">\n\u00a0\t<\/p>\n<li class=\"\" data-start=\"348\" data-end=\"387\">\n<p class=\"\" data-start=\"350\" data-end=\"387\"><strong>PlayStation 2 (PS2)<\/strong> \u2192 AetherSX2<\/p>\n<\/li>\n<p>\u00a0\t<\/p>\n<li class=\"\" data-start=\"388\" data-end=\"432\">\n<p class=\"\" data-start=\"390\" data-end=\"432\"><strong>Nintendo GameCube<\/strong> \u2192 Dolphin Emulator<\/p>\n<\/li>\n<p>\u00a0\t<\/p>\n<li class=\"\" data-start=\"433\" data-end=\"472\">\n<p class=\"\" data-start=\"435\" data-end=\"472\"><strong>Nintendo Wii<\/strong> \u2192 Dolphin Emulator<\/p>\n<\/li>\n<p>\u00a0\t<\/p>\n<li class=\"\" data-start=\"473\" data-end=\"533\">\n<p class=\"\" data-start=\"475\" data-end=\"533\"><strong>Nintendo 3DS<\/strong> \u2192 Citra Emulator (desempenho moderado)<\/p>\n<\/li>\n<\/ul>\n<h4 class=\"\" data-start=\"535\" data-end=\"575\">\u2705 <strong>Consoles de quinta gera\u00e7\u00e3o<\/strong><\/h4>\n<ul data-start=\"576\" data-end=\"769\">\n\u00a0\t<\/p>\n<li class=\"\" data-start=\"576\" data-end=\"628\">\n<p class=\"\" data-start=\"578\" data-end=\"628\"><strong>Sony PlayStation (PS1)<\/strong> \u2192 DuckStation \/ ePSXe<\/p>\n<\/li>\n<p>\u00a0\t<\/p>\n<li class=\"\" data-start=\"629\" data-end=\"667\">\n<p class=\"\" data-start=\"631\" data-end=\"667\"><strong>Nintendo 64 (N64)<\/strong> \u2192 M64Plus FZ<\/p>\n<\/li>\n<p>\u00a0\t<\/p>\n<li class=\"\" data-start=\"668\" data-end=\"726\">\n<p class=\"\" data-start=\"670\" data-end=\"726\"><strong>Sega Saturn<\/strong> \u2192 Yaba Sanshiro (t\u00edtulos selecionados)<\/p>\n<\/li>\n<p>\u00a0\t<\/p>\n<li class=\"\" data-start=\"727\" data-end=\"769\">\n<p class=\"\" data-start=\"729\" data-end=\"769\"><strong>Sega Dreamcast<\/strong> \u2192 Reicast \/ Redream<\/p>\n<\/li>\n<\/ul>\n<h4 class=\"\" data-start=\"771\" data-end=\"798\">\u2705 <strong>Port\u00e1teis Retr\u00f4<\/strong><\/h4>\n<ul data-start=\"799\" data-end=\"872\">\n\u00a0\t<\/p>\n<li class=\"\" data-start=\"799\" data-end=\"842\">\n<p class=\"\" data-start=\"801\" data-end=\"842\"><strong>PlayStation Portable (PSP)<\/strong> \u2192 PPSSPP<\/p>\n<\/li>\n<p>\u00a0\t<\/p>\n<li class=\"\" data-start=\"843\" data-end=\"872\">\n<p class=\"\" data-start=\"845\" data-end=\"872\"><strong>Nintendo DS<\/strong> \u2192 DraStic<\/p>\n<\/li>\n<\/ul>\n<h4 class=\"\" data-start=\"874\" data-end=\"914\">\u2705 <strong>Consoles Cl\u00e1ssicos de 8 e 16 bits<\/strong><\/h4>\n<ul data-start=\"915\" data-end=\"1234\">\n\u00a0\t<\/p>\n<li class=\"\" data-start=\"915\" data-end=\"958\">\n<p class=\"\" data-start=\"917\" data-end=\"958\"><strong>Game Boy \/ Game Boy Color<\/strong> \u2192 GBC.emu<\/p>\n<\/li>\n<p>\u00a0\t<\/p>\n<li class=\"\" data-start=\"959\" data-end=\"1006\">\n<p class=\"\" data-start=\"961\" data-end=\"1006\"><strong>Game Boy Advance (GBA)<\/strong> \u2192 mGBA \/ GBA.emu<\/p>\n<\/li>\n<p>\u00a0\t<\/p>\n<li class=\"\" data-start=\"1007\" data-end=\"1038\">\n<p class=\"\" data-start=\"1009\" data-end=\"1038\"><strong>NES (Famicom)<\/strong> \u2192 NES.emu<\/p>\n<\/li>\n<p>\u00a0\t<\/p>\n<li class=\"\" data-start=\"1039\" data-end=\"1081\">\n<p class=\"\" data-start=\"1041\" data-end=\"1081\"><strong>SNES (Super Nintendo)<\/strong> \u2192 SNES9x EX+<\/p>\n<\/li>\n<p>\u00a0\t<\/p>\n<li class=\"\" data-start=\"1082\" data-end=\"1124\">\n<p class=\"\" data-start=\"1084\" data-end=\"1124\"><strong>Sega Mega Drive \/ Genesis<\/strong> \u2192 MD.emu<\/p>\n<\/li>\n<p>\u00a0\t<\/p>\n<li class=\"\" data-start=\"1125\" data-end=\"1164\">\n<p class=\"\" data-start=\"1127\" data-end=\"1164\"><strong>Sega Master System<\/strong> \u2192 MasterGear<\/p>\n<\/li>\n<p>\u00a0\t<\/p>\n<li class=\"\" data-start=\"1165\" data-end=\"1190\">\n<p class=\"\" data-start=\"1167\" data-end=\"1190\"><strong>Neo Geo<\/strong> \u2192 Neo.emu<\/p>\n<\/li>\n<p>\u00a0\t<\/p>\n<li class=\"\" data-start=\"1191\" data-end=\"1234\">\n<p class=\"\" data-start=\"1193\" data-end=\"1234\"><strong>PC Engine \/ TurboGrafx-16<\/strong> \u2192 PCE.emu<\/p>\n<\/li>\n<\/ul>\n<h4 class=\"\" data-start=\"1236\" data-end=\"1262\">\u2705 <strong>Sistemas Arcade<\/strong><\/h4>\n<ul data-start=\"1263\" data-end=\"1402\">\n\u00a0\t<\/p>\n<li class=\"\" data-start=\"1263\" data-end=\"1307\">\n<p class=\"\" data-start=\"1265\" data-end=\"1307\"><strong>MAME (Arcades Cl\u00e1ssicos)<\/strong> \u2192 MAME4droid<\/p>\n<\/li>\n<p>\u00a0\t<\/p>\n<li class=\"\" data-start=\"1308\" data-end=\"1357\">\n<p class=\"\" data-start=\"1310\" data-end=\"1357\"><strong>CPS1 \/ CPS2 \/ CPS3<\/strong> \u2192 FB Alpha \/ RetroArch<\/p>\n<\/li>\n<p>\u00a0\t<\/p>\n<li class=\"\" data-start=\"1358\" data-end=\"1402\">\n<p class=\"\" data-start=\"1360\" data-end=\"1402\"><strong>Neo Geo Arcade<\/strong> \u2192 RetroArch \/ Neo.emu<\/p>\n<\/li>\n<\/ul>\n<h4 class=\"\" data-start=\"1404\" data-end=\"1441\">\u2705 <strong>Outros Sistemas Compat\u00edveis<\/strong><\/h4>\n<ul data-start=\"1442\" data-end=\"1519\">\n\u00a0\t<\/p>\n<li class=\"\" data-start=\"1442\" data-end=\"1519\">\n<p class=\"\" data-start=\"1444\" data-end=\"1519\"><strong>MSX, Atari, Wonderswan, DOSBox, etc.<\/strong> (via RetroArch ou aplicativos espec\u00edficos)<\/p>\n<\/li>\n<\/ul>\n<hr class=\"\" data-start=\"1521\" data-end=\"1524\" \/>\n<p class=\"\" data-start=\"1526\" data-end=\"1716\">\ud83d\udca1 Gra\u00e7as ao sistema <strong>Android 11<\/strong>, voc\u00ea pode baixar e instalar facilmente todos esses emuladores da Google Play ou APKs externos, al\u00e9m de configurar controles f\u00edsicos, savestates, shaders e muito mais.<\/p>\n<div><img decoding=\"async\" src=\"\/\/ae01.alicdn.com\/kf\/S8b7a768b8bec4f97acf7fa8a580938b8u.jpg\" alt=\"\" title=\"\"><img decoding=\"async\" src=\"\/\/ae01.alicdn.com\/kf\/S800ae4ff13684de3a199d7e4f36bc057x.jpg\" alt=\"\" title=\"\"><img decoding=\"async\" src=\"\/\/ae01.alicdn.com\/kf\/S87a506ca4af84ddbaf936e9e51d00b86S.jpg\" alt=\"\" title=\"\"><img decoding=\"async\" src=\"\/\/ae01.alicdn.com\/kf\/S92be347b9148429da3ebe5c4bb8063e18.jpg\" alt=\"\" title=\"\"><img decoding=\"async\" src=\"\/\/ae01.alicdn.com\/kf\/S2c27c74f95ad42f48872ac9a2a998ed9M.jpg\" alt=\"\" title=\"\"><img decoding=\"async\" src=\"\/\/ae01.alicdn.com\/kf\/S76ab91629f4a4a04ab6872ac955ef634V.jpg\" alt=\"\" title=\"\"><img decoding=\"async\" src=\"\/\/ae01.alicdn.com\/kf\/S13523eed961649f3ae6e08919174b68f8.jpg\" alt=\"\" title=\"\"><img decoding=\"async\" src=\"\/\/ae01.alicdn.com\/kf\/S0d5568f4ce484d81a732ee0609d39263i.jpg\" alt=\"\" title=\"\"><img decoding=\"async\" src=\"\/\/ae01.alicdn.com\/kf\/S5a4d08c752ef42bfa5930625fdc6e4efS.jpg\" alt=\"\" title=\"\"><img decoding=\"async\" src=\"\/\/ae01.alicdn.com\/kf\/S424502e9d1894e0792c288a6af80d169y.jpg\" alt=\"\" title=\"\"><\/div>\n<div><img decoding=\"async\" src=\"\/\/ae01.alicdn.com\/kf\/S686b77f56fdd4fd59bb9314ddd1048dek.jpg\" alt=\"\" title=\"\"><img decoding=\"async\" src=\"\/\/ae01.alicdn.com\/kf\/S0c8fcc137a804176b4ab70b9d500c7e0D.jpg\" alt=\"\" title=\"\"><\/div>\n","protected":false},"excerpt":{"rendered":"<p>\ud83c\udfae Console Retr\u00f4 Port\u00e1til Powkiddy X28: Android 11 e M\u00e1ximo Desempenho Port\u00e1til O Powkiddy X28 \u00e9 um dos consoles retr\u00f4 port\u00e1teis mais potentes do mercado atual. Equipado com Android 11, um processador octa-core e uma tela sens\u00edvel ao toque de 5,5 polegadas, este console permite que voc\u00ea desfrute de seus jogos cl\u00e1ssicos e modernos com [&hellip;]<\/p>\n","protected":false},"featured_media":2726,"comment_status":"open","ping_status":"closed","template":"","meta":{"_uag_custom_page_level_css":"","site-sidebar-layout":"default","site-content-layout":"","ast-site-content-layout":"default","site-content-style":"default","site-sidebar-style":"default","ast-global-header-display":"","ast-banner-title-visibility":"","ast-main-header-display":"","ast-hfb-above-header-display":"","ast-hfb-below-header-display":"","ast-hfb-mobile-header-display":"","site-post-title":"","ast-breadcrumbs-content":"","ast-featured-img":"","footer-sml-layout":"","ast-disable-related-posts":"","theme-transparent-header-meta":"default","adv-header-id-meta":"","stick-header-meta":"","header-above-stick-meta":"","header-main-stick-meta":"","header-below-stick-meta":"","astra-migrate-meta-layouts":"set","ast-page-background-enabled":"default","ast-page-background-meta":{"desktop":{"background-color":"var(--ast-global-color-5)","background-image":"","background-repeat":"repeat","background-position":"center center","background-size":"auto","background-attachment":"scroll","background-type":"","background-media":"","overlay-type":"","overlay-color":"","overlay-opacity":"","overlay-gradient":""},"tablet":{"background-color":"","background-image":"","background-repeat":"repeat","background-position":"center center","background-size":"auto","background-attachment":"scroll","background-type":"","background-media":"","overlay-type":"","overlay-color":"","overlay-opacity":"","overlay-gradient":""},"mobile":{"background-color":"","background-image":"","background-repeat":"repeat","background-position":"center center","background-size":"auto","background-attachment":"scroll","background-type":"","background-media":"","overlay-type":"","overlay-color":"","overlay-opacity":"","overlay-gradient":""}},"ast-content-background-meta":{"desktop":{"background-color":"var(--ast-global-color-4)","background-image":"","background-repeat":"repeat","background-position":"center center","background-size":"auto","background-attachment":"scroll","background-type":"","background-media":"","overlay-type":"","overlay-color":"","overlay-opacity":"","overlay-gradient":""},"tablet":{"background-color":"var(--ast-global-color-4)","background-image":"","background-repeat":"repeat","background-position":"center center","background-size":"auto","background-attachment":"scroll","background-type":"","background-media":"","overlay-type":"","overlay-color":"","overlay-opacity":"","overlay-gradient":""},"mobile":{"background-color":"var(--ast-global-color-4)","background-image":"","background-repeat":"repeat","background-position":"center center","background-size":"auto","background-attachment":"scroll","background-type":"","background-media":"","overlay-type":"","overlay-color":"","overlay-opacity":"","overlay-gradient":""}}},"product_brand":[80],"product_cat":[669,651,650,652,653,654,655,656,657,658,659,661,662,673,660,664,665,663,666],"product_tag":[],"class_list":{"0":"post-2732","1":"product","2":"type-product","3":"status-publish","4":"has-post-thumbnail","6":"product_brand-powkiddy-x28","7":"product_cat-consoles-retro-portateis","8":"product_cat-arcade-systems","9":"product_cat-consoles-de-emulacao","10":"product_cat-dreamcast","11":"product_cat-game-boy-game-boy-color","12":"product_cat-game-boy-advance","13":"product_cat-nes","14":"product_cat-nintendo-3ds","15":"product_cat-nintendo-64","16":"product_cat-nintendo-ds","17":"product_cat-nintendo-gamecube","18":"product_cat-playstation","19":"product_cat-playstation-2","20":"product_cat-powkiddy","21":"product_cat-psp","22":"product_cat-sega-mega-drive-sega-genesis","23":"product_cat-sega-saturn","24":"product_cat-snes","25":"product_cat-wii","26":"desktop-align-center","27":"tablet-align-left","28":"mobile-align-left","30":"first","31":"instock","32":"sale","33":"shipping-taxable","34":"purchasable","35":"product-type-simple"},"uagb_featured_image_src":{"full":["https:\/\/thecoreplay.com\/wp-content\/uploads\/2025\/12\/Powkiddy-X28.jpg",1080,1080,false],"thumbnail":["https:\/\/thecoreplay.com\/wp-content\/uploads\/2025\/12\/Powkiddy-X28-150x150.jpg",150,150,true],"medium":["https:\/\/thecoreplay.com\/wp-content\/uploads\/2025\/12\/Powkiddy-X28-300x300.jpg",300,300,true],"medium_large":["https:\/\/thecoreplay.com\/wp-content\/uploads\/2025\/12\/Powkiddy-X28-768x768.jpg",768,768,true],"large":["https:\/\/thecoreplay.com\/wp-content\/uploads\/2025\/12\/Powkiddy-X28-1024x1024.jpg",1024,1024,true],"1536x1536":["https:\/\/thecoreplay.com\/wp-content\/uploads\/2025\/12\/Powkiddy-X28.jpg",1080,1080,false],"2048x2048":["https:\/\/thecoreplay.com\/wp-content\/uploads\/2025\/12\/Powkiddy-X28.jpg",1080,1080,false],"woocommerce_thumbnail":["https:\/\/thecoreplay.com\/wp-content\/uploads\/2025\/12\/Powkiddy-X28-300x300.jpg",300,300,true],"woocommerce_single":["https:\/\/thecoreplay.com\/wp-content\/uploads\/2025\/12\/Powkiddy-X28-600x600.jpg",600,600,true],"woocommerce_gallery_thumbnail":["https:\/\/thecoreplay.com\/wp-content\/uploads\/2025\/12\/Powkiddy-X28-100x100.jpg",100,100,true]},"uagb_author_info":{"display_name":"lluismayans83@gmail.com","author_link":"https:\/\/thecoreplay.com\/pt-br\/author\/"},"uagb_comment_info":15,"uagb_excerpt":"\ud83c\udfae Console Retr\u00f4 Port\u00e1til Powkiddy X28: Android 11 e M\u00e1ximo Desempenho Port\u00e1til O Powkiddy X28 \u00e9 um dos consoles retr\u00f4 port\u00e1teis mais potentes do mercado atual. Equipado com Android 11, um processador octa-core e uma tela sens\u00edvel ao toque de 5,5 polegadas, este console permite que voc\u00ea desfrute de seus jogos cl\u00e1ssicos e modernos com&hellip;","_links":{"self":[{"href":"https:\/\/thecoreplay.com\/pt-br\/wp-json\/wp\/v2\/product\/2732","targetHints":{"allow":["GET"]}}],"collection":[{"href":"https:\/\/thecoreplay.com\/pt-br\/wp-json\/wp\/v2\/product"}],"about":[{"href":"https:\/\/thecoreplay.com\/pt-br\/wp-json\/wp\/v2\/types\/product"}],"replies":[{"embeddable":true,"href":"https:\/\/thecoreplay.com\/pt-br\/wp-json\/wp\/v2\/comments?post=2732"}],"wp:featuredmedia":[{"embeddable":true,"href":"https:\/\/thecoreplay.com\/pt-br\/wp-json\/wp\/v2\/media\/2726"}],"wp:attachment":[{"href":"https:\/\/thecoreplay.com\/pt-br\/wp-json\/wp\/v2\/media?parent=2732"}],"wp:term":[{"taxonomy":"product_brand","embeddable":true,"href":"https:\/\/thecoreplay.com\/pt-br\/wp-json\/wp\/v2\/product_brand?post=2732"},{"taxonomy":"product_cat","embeddable":true,"href":"https:\/\/thecoreplay.com\/pt-br\/wp-json\/wp\/v2\/product_cat?post=2732"},{"taxonomy":"product_tag","embeddable":true,"href":"https:\/\/thecoreplay.com\/pt-br\/wp-json\/wp\/v2\/product_tag?post=2732"}],"curies":[{"name":"wp","href":"https:\/\/api.w.org\/{rel}","templated":true}]}}