{"id":2637,"date":"2025-12-16T16:22:54","date_gmt":"2025-12-16T16:22:54","guid":{"rendered":"https:\/\/thecoreplay.com\/?post_type=product&#038;p=2637"},"modified":"2026-02-19T15:10:50","modified_gmt":"2026-02-19T15:10:50","slug":"anbernic-rg40xx-h","status":"publish","type":"product","link":"https:\/\/thecoreplay.com\/pt-br\/consoles-retro-portateis\/anbernic\/anbernic-rg40xx-h\/","title":{"rendered":"ANBERNIC RG40XX H"},"content":{"rendered":"<h2 data-start=\"267\" data-end=\"301\">Como escolher a op\u00e7\u00e3o certa?<\/h2>\n<p class=\"\" data-start=\"303\" data-end=\"445\">Primeiro, selecione sua cor favorita: <strong>Cinza<\/strong>, <strong>Azul<\/strong> ou <strong>Preto<\/strong>.<br data-start=\"373\" data-end=\"376\" \/>Depois, escolha a capacidade de armazenamento que melhor se adapta a voc\u00ea:<\/p>\n<ul data-start=\"447\" data-end=\"596\">\n\u00a0\t<\/p>\n<li class=\"\" data-start=\"447\" data-end=\"495\"><strong>64 GB<\/strong> \u2013 Mais de <strong>5.000 jogos<\/strong> inclu\u00eddos.<\/li>\n<p>\u00a0\t<\/p>\n<li class=\"\" data-start=\"496\" data-end=\"545\"><strong>128 GB<\/strong> \u2013 Mais de <strong>8.000 jogos<\/strong> inclu\u00eddos.<\/li>\n<p>\u00a0\t<\/p>\n<li class=\"\" data-start=\"546\" data-end=\"596\"><strong>256 GB<\/strong> \u2013 Mais de <strong>11.000 jogos<\/strong> inclu\u00eddos.<\/li>\n<\/ul>\n<p class=\"\" data-start=\"598\" data-end=\"658\">\u00c9 assim t\u00e3o f\u00e1cil configurar o seu console retr\u00f4 port\u00e1til ideal!<\/p>\n<h2 data-start=\"155\" data-end=\"186\">\ud83d\udce6\ud83c\udfae O que vem na caixa?<\/h2>\n<p class=\"\" data-start=\"188\" data-end=\"302\">Ao adquirir o <strong>Anbernic RG40XX H<\/strong> na TheCorePlay, voc\u00ea receber\u00e1 tudo o que precisa para come\u00e7ar a jogar desde o primeiro momento:<\/p>\n<ul data-start=\"304\" data-end=\"681\">\n\u00a0\t<\/p>\n<li class=\"\" data-start=\"304\" data-end=\"386\">\ud83c\udfae <strong>1x Console Port\u00e1til Retr\u00f4 RG40XX H<\/strong> (Cor \u00e0 sua escolha: Cinza, Azul ou Preto)<\/li>\n<p>\u00a0\t<\/p>\n<li class=\"\" data-start=\"387\" data-end=\"473\">\ud83d\udcbe <strong>1x Cart\u00e3o TF de 64GB, 128GB ou 256GB<\/strong> (pr\u00e9-instalado com jogos retr\u00f4 cl\u00e1ssicos)<\/li>\n<p>\u00a0\t<\/p>\n<li class=\"\" data-start=\"474\" data-end=\"513\">\ud83d\udd0c <strong>1x Cabo de carregamento USB Tipo-C<\/strong><\/li>\n<p>\u00a0\t<\/p>\n<li class=\"\" data-start=\"514\" data-end=\"587\">\ud83e\udde9 <strong>1x Caixa<\/strong><\/li>\n<p>\u00a0\t<\/p>\n<li class=\"\" data-start=\"588\" data-end=\"681\">\ud83d\udcda <strong>1x Manual do Usu\u00e1rio<\/strong> (para configura\u00e7\u00e3o f\u00e1cil e divers\u00e3o sem complica\u00e7\u00f5es)<\/li>\n<\/ul>\n<p class=\"\" data-start=\"683\" data-end=\"783\">\u2705 Tudo perfeitamente embalado para que voc\u00ea possa aproveitar sua experi\u00eancia retr\u00f4 desde o primeiro minuto!<\/p>\n<hr class=\"\" data-start=\"660\" data-end=\"663\" \/>\n<h2 data-start=\"665\" data-end=\"691\">Caracter\u00edsticas do Produto \ud83c\udfae<\/h2>\n<p class=\"\" data-start=\"693\" data-end=\"972\">O novo <strong>Anbernic RG40XX H<\/strong> est\u00e1 dispon\u00edvel em tr\u00eas cores: <strong>Preto<\/strong>, <strong>Cinza<\/strong> e <strong>Azul<\/strong>.<br \/>\nEste modelo potente e compacto <strong>suporta o sistema operacional Linux de 64 bits<\/strong>, oferecendo uma experi\u00eancia de jogo fluida e emula\u00e7\u00e3o otimizada para seus jogos retr\u00f4 favoritos.<\/p>\n<p><img decoding=\"async\" src=\"\/\/ae01.alicdn.com\/kf\/S882083897203496d877d9579cff1e986m.jpg\" alt=\"\" title=\"\"><\/p>\n<h2 data-start=\"127\" data-end=\"181\">\ud83d\udcfa Tela de Alta Qualidade e Visualiza\u00e7\u00e3o Perfeita<\/h2>\n<p class=\"\" data-start=\"183\" data-end=\"591\">O <strong>console port\u00e1til RG40XX H<\/strong> possui uma <strong>tela IPS de 4,0 polegadas<\/strong> com \u00e2ngulo de vis\u00e3o total e <strong>lamina\u00e7\u00e3o completa OCA<\/strong>, garantindo uma exibi\u00e7\u00e3o n\u00edtida e sem reflexos.<br \/>\nSua <strong>resolu\u00e7\u00e3o de 640 \u00d7 480 pixels<\/strong> entrega <strong>imagens detalhadas e cores vibrantes<\/strong> para uma experi\u00eancia de jogo mais imersiva, permitindo que voc\u00ea aprecie cada cena e detalhe de seus jogos retr\u00f4 favoritos.<\/p>\n<p><img decoding=\"async\" src=\"\/\/ae01.alicdn.com\/kf\/Sb6b80b2d65204e7b98899b9c079b5e53e.jpg\" alt=\"\" title=\"\"><\/p>\n<h2 data-start=\"92\" data-end=\"145\">\ud83d\udd79\ufe0f Desempenho Potente para uma Experi\u00eancia Fluida<\/h2>\n<p class=\"\" data-start=\"147\" data-end=\"493\">O <strong>RG40XX H<\/strong> est\u00e1 equipado com um <strong>processador H700 quad-core ARM Cortex-A53<\/strong> de <strong>1.5GHz<\/strong>, emparelhado com uma <strong>GPU dual-core G31 MP2<\/strong> e <strong>1GB de RAM DDR4<\/strong>.<br \/>\nEsta combina\u00e7\u00e3o poderosa elimina problemas de queda de quadros (frame drop), oferecendo <strong>gr\u00e1ficos impressionantes<\/strong> e uma <strong>experi\u00eancia de jogo fluida<\/strong>.<\/p>\n<p><img decoding=\"async\" src=\"\/\/ae01.alicdn.com\/kf\/S21bd93ff77934994b34534ec0b8b76fc1.jpg\" alt=\"\" title=\"\"><\/p>\n<h2 data-start=\"133\" data-end=\"189\">\ud83c\udfae Milhares de Jogos Inclu\u00eddos e Suporte a Emuladores<\/h2>\n<p class=\"\" data-start=\"191\" data-end=\"543\">O <strong>console RG40XX H<\/strong> vem equipado com um <strong>cart\u00e3o TF de 64GB<\/strong> pr\u00e9-instalado, que inclui <strong>mais de 5.000 jogos cl\u00e1ssicos<\/strong> prontos para jogar.<br \/>\nAl\u00e9m disso, ele <strong>suporta expans\u00e3o dupla de TF<\/strong> at\u00e9 <strong>512GB<\/strong> e \u00e9 <strong>compat\u00edvel com mais de 20 emuladores<\/strong> e jogos portados.<br \/>\n\ud83c\udf1f Voc\u00ea tamb\u00e9m pode baixar e adicionar seus pr\u00f3prios jogos em formatos compat\u00edveis!<\/p>\n<hr class=\"\" data-start=\"545\" data-end=\"548\" \/>\n<h2 data-start=\"550\" data-end=\"605\">\ud83d\udd79\ufe0f Joystick de Alta Precis\u00e3o para Controle Ideal<\/h2>\n<p class=\"\" data-start=\"607\" data-end=\"919\">O <strong>joystick do RG40XX H<\/strong> foi projetado para oferecer um <strong>controle suave e extremamente preciso<\/strong>, permitindo que voc\u00ea jogue com <strong>exatid\u00e3o e conforto<\/strong>.<br \/>\n\u2728 Al\u00e9m disso, o console permite que voc\u00ea <strong>busque por jogos<\/strong>, <strong>veja jogos jogados recentemente<\/strong> e <strong>salve seus favoritos<\/strong> para acesso r\u00e1pido.<\/p>\n<p><img decoding=\"async\" src=\"\/\/ae01.alicdn.com\/kf\/S2da50c1e40ac4eb19c1e5bdc04557377Y.jpg\" alt=\"\" title=\"\"><\/p>\n<h2 data-start=\"81\" data-end=\"115\">\ud83d\udccf Design Compacto e Ultraleve<\/h2>\n<p class=\"\" data-start=\"117\" data-end=\"405\">O <strong>console RG40XX H<\/strong> mede <strong>16,3 cm de comprimento \u00d7 7,9 cm de largura \u00d7 1,6 cm de altura<\/strong> e pesa <strong>apenas 208 gramas<\/strong>.<br \/>\n\ud83c\udf92 Gra\u00e7as ao seu <strong>design compacto e port\u00e1til<\/strong>, voc\u00ea pode <strong>lev\u00e1-lo facilmente para qualquer lugar<\/strong> e desfrutar de seus jogos retr\u00f4 favoritos em movimento.<\/p>\n<p><img decoding=\"async\" src=\"\/\/ae01.alicdn.com\/kf\/S92737c3a05cc4a39aff57b251a6b3f82b.jpg\" alt=\"\" title=\"\"><\/p>\n<h2 data-start=\"70\" data-end=\"114\">\ud83c\udfa8 Joystick RGB com 16 Milh\u00f5es de Cores<\/h2>\n<p class=\"\" data-start=\"116\" data-end=\"508\">O <strong>RG40XX H<\/strong> est\u00e1 equipado com um <strong>joystick retroiluminado RGB<\/strong> que oferece <strong>mais de 16 milh\u00f5es de cores<\/strong>.<br \/>\n\u2728 Ele suporta m\u00faltiplos efeitos como <strong>luz constante<\/strong>, <strong>efeito de respira\u00e7\u00e3o<\/strong>, <strong>arco-\u00edris<\/strong>, <strong>marquee<\/strong>, <strong>efeito de persegui\u00e7\u00e3o<\/strong> e muito mais.<br \/>\n\ud83c\udf9b\ufe0f Voc\u00ea tamb\u00e9m pode <strong>personalizar as cores<\/strong> e <strong>ajustar o brilho<\/strong> para deixar seu console com um visual \u00fanico enquanto joga.<\/p>\n<p><img decoding=\"async\" src=\"\/\/ae01.alicdn.com\/kf\/Sdd8cb82d77184fb080f0378eab3af5baB.jpg\" alt=\"\" title=\"\"><\/p>\n<h2 data-start=\"82\" data-end=\"124\">\ud83d\udcfa Conecte-o \u00e0 sua TV e Jogue Grande!<\/h2>\n<p class=\"\" data-start=\"126\" data-end=\"463\">O <strong>RG40XX H<\/strong> permite <strong>conect\u00e1-lo \u00e0 sua televis\u00e3o<\/strong> via <strong>sa\u00edda HDMI<\/strong> para aproveitar seus jogos favoritos em uma tela grande.<br \/>\n\ud83c\udfae Ele suporta <strong>controles sem fio 2.4G e com fio<\/strong>, <strong>gamepads Bluetooth<\/strong> e <strong>pareamento online via WiFi<\/strong>, oferecendo infinitas op\u00e7\u00f5es para uma experi\u00eancia de jogo personalizada.<\/p>\n<p class=\"\" data-start=\"465\" data-end=\"746\">\ud83d\ude80 Possui <strong>WiFi 2.4\/5G (802.11a\/b\/g\/n\/ac)<\/strong> e <strong>Bluetooth 4.2<\/strong>, permitindo o <strong>jogo online entre dois consoles<\/strong>.<br \/>\n\ud83c\udf19 Compat\u00edvel com <strong>Moonlight Streaming<\/strong>! Voc\u00ea pode <strong>jogar seus jogos de PC<\/strong> diretamente no seu console retr\u00f4 port\u00e1til.<\/p>\n<p class=\"\" data-start=\"748\" data-end=\"840\">\ud83c\udfae Al\u00e9m disso, possui um <strong>motor de vibra\u00e7\u00e3o<\/strong> para tornar cada partida mais intensa e realista.<\/p>\n<p><img decoding=\"async\" src=\"\/\/ae01.alicdn.com\/kf\/S98f00879890e48f687374cd7a9fa8582U.jpg\" alt=\"\" title=\"\"><br \/>\n<img decoding=\"async\" src=\"\/\/ae01.alicdn.com\/kf\/S99690dfb94f640e98743e6bc9a8ab6cbp.jpg\" alt=\"\" title=\"\"><br \/>\n<img decoding=\"async\" src=\"\/\/ae01.alicdn.com\/kf\/S4b8b8cc690344af0ab919a89445e825dL.jpg\" alt=\"\" title=\"\"><\/p>\n<h2 data-start=\"100\" data-end=\"153\">\ud83d\udd0b Bateria de Longa Dura\u00e7\u00e3o para Aventuras Sem Fim<\/h2>\n<p class=\"\" data-start=\"155\" data-end=\"409\">O <strong>RG40XX H<\/strong> integra uma <strong>bateria de pol\u00edmero de l\u00edtio de 3200mAh<\/strong>, oferecendo at\u00e9 <strong>6 horas de jogo ininterrupto<\/strong>.<br \/>\n\u2708\ufe0f Perfeito para <strong>viagens longas<\/strong> ou <strong>tempo livre<\/strong>, leve a divers\u00e3o com voc\u00ea sem se preocupar em ficar sem energia.<\/p>\n<p class=\"\" data-start=\"411\" data-end=\"546\">\u26a1 <strong>Carregamento r\u00e1pido<\/strong> via <strong>carregador Tipo-C (5V\/1.5A)<\/strong> e compat\u00edvel com <strong>carregadores C2C<\/strong>, para voltar \u00e0 a\u00e7\u00e3o em pouco tempo.<\/p>\n<p><img decoding=\"async\" src=\"\/\/ae01.alicdn.com\/kf\/S01b84ccae4d340cbae27654b48a59447j.jpg\" alt=\"\" title=\"\"><\/p>\n<h2 data-start=\"101\" data-end=\"147\">\ud83d\udcfa\ud83c\udfb5\ud83d\udcda Mais do que apenas um console de jogos!<\/h2>\n<p class=\"\" data-start=\"149\" data-end=\"253\">O <strong>RG40XX H<\/strong> n\u00e3o \u00e9 apenas uma m\u00e1quina de videogame; \u00e9 tamb\u00e9m um <strong>centro multim\u00eddia port\u00e1til<\/strong>.<\/p>\n<ul data-start=\"255\" data-end=\"679\">\n\u00a0\t<\/p>\n<li class=\"\" data-start=\"255\" data-end=\"377\">\ud83c\udfac <strong>Reprodu\u00e7\u00e3o de V\u00eddeo<\/strong>: Suporta formatos como <code>wmv<\/code>, <code>avi<\/code>, <code>rmvb<\/code>, <code>flv<\/code>, <code>mp4<\/code>, <code>mkv<\/code> e mais.<\/li>\n<p>\u00a0\t<\/p>\n<li class=\"\" data-start=\"378\" data-end=\"498\">\ud83c\udfb5 <strong>Ouvir M\u00fasica<\/strong>: Suporta <code>flac<\/code>, <code>mp3<\/code>, <code>wav<\/code>, <code>ape<\/code>, <code>ogg<\/code>, <code>wma<\/code>, <code>aac<\/code>, <code>m4a<\/code>, etc.<\/li>\n<p>\u00a0\t<\/p>\n<li class=\"\" data-start=\"499\" data-end=\"573\">\ud83d\udcc1 <strong>Gerenciamento de Arquivos<\/strong>: Gerencie facilmente seus arquivos com o explorador integrado.<\/li>\n<p>\u00a0\t<\/p>\n<li class=\"\" data-start=\"574\" data-end=\"679\">\ud83d\udcd6 <strong>Leitor de E-books<\/strong>: Leia seus favoritos no formato <code>txt<\/code> em qualquer lugar.<\/li>\n<\/ul>\n<p class=\"\" data-start=\"681\" data-end=\"731\">Tudo o que voc\u00ea precisa na palma da sua m\u00e3o! \ud83c\udfae\u2728<\/p>\n<p><img decoding=\"async\" src=\"\/\/ae01.alicdn.com\/kf\/S767639e9d5f74d129e01e264a3c5bb8aN.jpg\" alt=\"\" title=\"\"><br \/>\n<img decoding=\"async\" src=\"\/\/ae01.alicdn.com\/kf\/S6e3e02242f0644c5893131210181fcccQ.jpg\" alt=\"\" title=\"\"><\/p>\n","protected":false},"excerpt":{"rendered":"<p>Como escolher a op\u00e7\u00e3o certa? Primeiro, selecione sua cor favorita: Cinza, Azul ou Preto.Depois, escolha a capacidade de armazenamento que melhor se adapta a voc\u00ea: \u00a0 64 GB \u2013 Mais de 5.000 jogos inclu\u00eddos. \u00a0 128 GB \u2013 Mais de 8.000 jogos inclu\u00eddos. \u00a0 256 GB \u2013 Mais de 11.000 jogos inclu\u00eddos. \u00c9 assim t\u00e3o [&hellip;]<\/p>\n","protected":false},"featured_media":2631,"comment_status":"open","ping_status":"closed","template":"","meta":{"_uag_custom_page_level_css":"","site-sidebar-layout":"default","site-content-layout":"","ast-site-content-layout":"default","site-content-style":"default","site-sidebar-style":"default","ast-global-header-display":"","ast-banner-title-visibility":"","ast-main-header-display":"","ast-hfb-above-header-display":"","ast-hfb-below-header-display":"","ast-hfb-mobile-header-display":"","site-post-title":"","ast-breadcrumbs-content":"","ast-featured-img":"","footer-sml-layout":"","ast-disable-related-posts":"","theme-transparent-header-meta":"default","adv-header-id-meta":"","stick-header-meta":"","header-above-stick-meta":"","header-main-stick-meta":"","header-below-stick-meta":"","astra-migrate-meta-layouts":"set","ast-page-background-enabled":"default","ast-page-background-meta":{"desktop":{"background-color":"var(--ast-global-color-5)","background-image":"","background-repeat":"repeat","background-position":"center center","background-size":"auto","background-attachment":"scroll","background-type":"","background-media":"","overlay-type":"","overlay-color":"","overlay-opacity":"","overlay-gradient":""},"tablet":{"background-color":"","background-image":"","background-repeat":"repeat","background-position":"center center","background-size":"auto","background-attachment":"scroll","background-type":"","background-media":"","overlay-type":"","overlay-color":"","overlay-opacity":"","overlay-gradient":""},"mobile":{"background-color":"","background-image":"","background-repeat":"repeat","background-position":"center center","background-size":"auto","background-attachment":"scroll","background-type":"","background-media":"","overlay-type":"","overlay-color":"","overlay-opacity":"","overlay-gradient":""}},"ast-content-background-meta":{"desktop":{"background-color":"var(--ast-global-color-4)","background-image":"","background-repeat":"repeat","background-position":"center center","background-size":"auto","background-attachment":"scroll","background-type":"","background-media":"","overlay-type":"","overlay-color":"","overlay-opacity":"","overlay-gradient":""},"tablet":{"background-color":"var(--ast-global-color-4)","background-image":"","background-repeat":"repeat","background-position":"center center","background-size":"auto","background-attachment":"scroll","background-type":"","background-media":"","overlay-type":"","overlay-color":"","overlay-opacity":"","overlay-gradient":""},"mobile":{"background-color":"var(--ast-global-color-4)","background-image":"","background-repeat":"repeat","background-position":"center center","background-size":"auto","background-attachment":"scroll","background-type":"","background-media":"","overlay-type":"","overlay-color":"","overlay-opacity":"","overlay-gradient":""}}},"product_brand":[68],"product_cat":[669,670,651,650,653,654,655,657,658,661,664,663],"product_tag":[],"class_list":{"0":"post-2637","1":"product","2":"type-product","3":"status-publish","4":"has-post-thumbnail","6":"product_brand-rg40xx-h","7":"product_cat-consoles-retro-portateis","8":"product_cat-anbernic","9":"product_cat-arcade-systems","10":"product_cat-consoles-de-emulacao","11":"product_cat-game-boy-game-boy-color","12":"product_cat-game-boy-advance","13":"product_cat-nes","14":"product_cat-nintendo-64","15":"product_cat-nintendo-ds","16":"product_cat-playstation","17":"product_cat-sega-mega-drive-sega-genesis","18":"product_cat-snes","19":"desktop-align-center","20":"tablet-align-left","21":"mobile-align-left","23":"first","24":"instock","25":"sale","26":"shipping-taxable","27":"product-type-variable","28":"has-default-attributes"},"uagb_featured_image_src":{"full":["https:\/\/thecoreplay.com\/wp-content\/uploads\/2025\/12\/ANBERNIC-RG40XX-H.jpg",1080,1080,false],"thumbnail":["https:\/\/thecoreplay.com\/wp-content\/uploads\/2025\/12\/ANBERNIC-RG40XX-H-150x150.jpg",150,150,true],"medium":["https:\/\/thecoreplay.com\/wp-content\/uploads\/2025\/12\/ANBERNIC-RG40XX-H-300x300.jpg",300,300,true],"medium_large":["https:\/\/thecoreplay.com\/wp-content\/uploads\/2025\/12\/ANBERNIC-RG40XX-H-768x768.jpg",768,768,true],"large":["https:\/\/thecoreplay.com\/wp-content\/uploads\/2025\/12\/ANBERNIC-RG40XX-H-1024x1024.jpg",1024,1024,true],"1536x1536":["https:\/\/thecoreplay.com\/wp-content\/uploads\/2025\/12\/ANBERNIC-RG40XX-H.jpg",1080,1080,false],"2048x2048":["https:\/\/thecoreplay.com\/wp-content\/uploads\/2025\/12\/ANBERNIC-RG40XX-H.jpg",1080,1080,false],"woocommerce_thumbnail":["https:\/\/thecoreplay.com\/wp-content\/uploads\/2025\/12\/ANBERNIC-RG40XX-H-300x300.jpg",300,300,true],"woocommerce_single":["https:\/\/thecoreplay.com\/wp-content\/uploads\/2025\/12\/ANBERNIC-RG40XX-H-600x600.jpg",600,600,true],"woocommerce_gallery_thumbnail":["https:\/\/thecoreplay.com\/wp-content\/uploads\/2025\/12\/ANBERNIC-RG40XX-H-100x100.jpg",100,100,true]},"uagb_author_info":{"display_name":"lluismayans83@gmail.com","author_link":"https:\/\/thecoreplay.com\/pt-br\/author\/"},"uagb_comment_info":57,"uagb_excerpt":"Como escolher a op\u00e7\u00e3o certa? Primeiro, selecione sua cor favorita: Cinza, Azul ou Preto.Depois, escolha a capacidade de armazenamento que melhor se adapta a voc\u00ea: \u00a0 64 GB \u2013 Mais de 5.000 jogos inclu\u00eddos. \u00a0 128 GB \u2013 Mais de 8.000 jogos inclu\u00eddos. \u00a0 256 GB \u2013 Mais de 11.000 jogos inclu\u00eddos. \u00c9 assim t\u00e3o&hellip;","_links":{"self":[{"href":"https:\/\/thecoreplay.com\/pt-br\/wp-json\/wp\/v2\/product\/2637","targetHints":{"allow":["GET"]}}],"collection":[{"href":"https:\/\/thecoreplay.com\/pt-br\/wp-json\/wp\/v2\/product"}],"about":[{"href":"https:\/\/thecoreplay.com\/pt-br\/wp-json\/wp\/v2\/types\/product"}],"replies":[{"embeddable":true,"href":"https:\/\/thecoreplay.com\/pt-br\/wp-json\/wp\/v2\/comments?post=2637"}],"wp:featuredmedia":[{"embeddable":true,"href":"https:\/\/thecoreplay.com\/pt-br\/wp-json\/wp\/v2\/media\/2631"}],"wp:attachment":[{"href":"https:\/\/thecoreplay.com\/pt-br\/wp-json\/wp\/v2\/media?parent=2637"}],"wp:term":[{"taxonomy":"product_brand","embeddable":true,"href":"https:\/\/thecoreplay.com\/pt-br\/wp-json\/wp\/v2\/product_brand?post=2637"},{"taxonomy":"product_cat","embeddable":true,"href":"https:\/\/thecoreplay.com\/pt-br\/wp-json\/wp\/v2\/product_cat?post=2637"},{"taxonomy":"product_tag","embeddable":true,"href":"https:\/\/thecoreplay.com\/pt-br\/wp-json\/wp\/v2\/product_tag?post=2637"}],"curies":[{"name":"wp","href":"https:\/\/api.w.org\/{rel}","templated":true}]}}