{"id":2593,"date":"2025-12-16T16:22:55","date_gmt":"2025-12-16T16:22:55","guid":{"rendered":"https:\/\/thecoreplay.com\/?post_type=product&#038;p=2593"},"modified":"2026-02-19T15:11:16","modified_gmt":"2026-02-19T15:11:16","slug":"anbernic-rg-406v","status":"publish","type":"product","link":"https:\/\/thecoreplay.com\/pt-br\/consoles-retro-portateis\/anbernic\/anbernic-rg-406v\/","title":{"rendered":"ANBERNIC RG 406V"},"content":{"rendered":"<h2 data-start=\"280\" data-end=\"311\">\ud83e\udde0 Especifica\u00e7\u00f5es T\u00e9cnicas<\/h2>\n<ul data-start=\"313\" data-end=\"1262\">\n\u00a0\t<\/p>\n<li class=\"\" data-start=\"313\" data-end=\"350\"><strong>Sistema Operacional:<\/strong> Android 13<\/li>\n<p>\u00a0\t<\/p>\n<li class=\"\" data-start=\"351\" data-end=\"437\"><strong>Processador:<\/strong> Unisoc T820 Octa-core (1\u00d7A76@2.7GHz + 3\u00d7A76@2.3GHz + 4\u00d7A55@2.1GHz)<\/li>\n<p>\u00a0\t<\/p>\n<li class=\"\" data-start=\"438\" data-end=\"478\"><strong>GPU:<\/strong> Mali-G57 Quad-core, 850 MHz<\/li>\n<p>\u00a0\t<\/p>\n<li class=\"\" data-start=\"479\" data-end=\"512\"><strong>Mem\u00f3ria RAM:<\/strong> 8 GB LPDDR4X<\/li>\n<p>\u00a0\t<\/p>\n<li class=\"\" data-start=\"513\" data-end=\"559\"><strong>Armazenamento Interno:<\/strong> 128 GB UFS 2.2<\/li>\n<p>\u00a0\t<\/p>\n<li class=\"\" data-start=\"560\" data-end=\"639\"><strong>Tela:<\/strong> Touchscreen IPS de 4 polegadas, 960\u00d7720 px, com lamina\u00e7\u00e3o completa<\/li>\n<p>\u00a0\t<\/p>\n<li class=\"\" data-start=\"640\" data-end=\"750\"><strong>Conectividade:<\/strong>\n<ul data-start=\"664\" data-end=\"750\">\n\u00a0\t<\/p>\n<li>WiFi 2.4G \/ 5G<\/li>\n<p>\u00a0\t<\/p>\n<li>Bluetooth 5.0<\/li>\n<p>\u00a0\t<\/p>\n<li>USB Tipo-C com sa\u00edda DisplayPort (1080p)<\/li>\n<\/ul>\n<\/li>\n<p>\u00a0\t<\/p>\n<li class=\"\" data-start=\"751\" data-end=\"831\"><strong>\u00c1udio:<\/strong> Alto-falantes est\u00e9reo de alta fidelidade + entrada jack 3.5mm para fones<\/li>\n<p>\u00a0\t<\/p>\n<li class=\"\" data-start=\"832\" data-end=\"905\"><strong>Sensores:<\/strong> Girosc\u00f3pio de 6 eixos, gatilhos de efeito Hall, motor de vibra\u00e7\u00e3o<\/li>\n<p>\u00a0\t<\/p>\n<li class=\"\" data-start=\"906\" data-end=\"1011\"><strong>Controles:<\/strong>\n<ul data-start=\"927\" data-end=\"1011\">\n\u00a0\t<\/p>\n<li>Joystick 3D Hall com ilumina\u00e7\u00e3o RGB personaliz\u00e1vel<\/li>\n<p>\u00a0\t<\/p>\n<li>Bot\u00f5es retr\u00f4 cl\u00e1ssicos<\/li>\n<\/ul>\n<\/li>\n<p>\u00a0\t<\/p>\n<li class=\"\" data-start=\"1012\" data-end=\"1094\"><strong>Resfriamento:<\/strong> Ventilador de alta velocidade + sistema de dissipa\u00e7\u00e3o ativa<\/li>\n<p>\u00a0\t<\/p>\n<li class=\"\" data-start=\"1095\" data-end=\"1147\"><strong>Bateria:<\/strong> 5500mAh, at\u00e9 8 horas de autonomia<\/li>\n<p>\u00a0\t<\/p>\n<li class=\"\" data-start=\"1148\" data-end=\"1215\"><strong>Carregamento:<\/strong> 5V\/2A (tempo estimado de carga total: 3.5 horas)<\/li>\n<p>\u00a0\t<\/p>\n<li class=\"\" data-start=\"1216\" data-end=\"1262\"><strong>Idiomas:<\/strong> Multil\u00edngue (inclui portugu\u00eas, ingl\u00eas e espanhol)<\/li>\n<\/ul>\n<h2 data-start=\"171\" data-end=\"217\">\ud83c\udfae Quais consoles o Anbernic RG406V emula?<\/h2>\n<p class=\"\" data-start=\"219\" data-end=\"423\">O <strong>Anbernic RG406V<\/strong> \u00e9 uma fera quando se trata de emula\u00e7\u00e3o. Gra\u00e7as ao seu potente processador Unisoc T820 e 8 GB de RAM, \u00e9 capaz de emular mais de <strong>30 sistemas retr\u00f4 cl\u00e1ssicos<\/strong> com grande fluidez.<\/p>\n<p class=\"\" data-start=\"425\" data-end=\"463\">Os principais consoles emulados incluem:<\/p>\n<p class=\"\" data-start=\"465\" data-end=\"983\">\ud83d\udd79\ufe0f <strong>Nintendo<\/strong>: <a href=\"https:\/\/thecoreplay.com\/pt-br\/consoles-de-emulacao\/nes\/\">NES<\/a>, <a href=\"https:\/\/thecoreplay.com\/pt-br\/consoles-de-emulacao\/snes\/\">SNES<\/a>, <a href=\"https:\/\/thecoreplay.com\/pt-br\/consoles-de-emulacao\/game-boy-game-boy-color\/\">Game Boy \/ Color<\/a>, <a href=\"https:\/\/thecoreplay.com\/pt-br\/consoles-de-emulacao\/game-boy-advance\/\">GBA<\/a>, <a href=\"https:\/\/thecoreplay.com\/pt-br\/consoles-de-emulacao\/nintendo-ds\/\">DS<\/a>, <a href=\"https:\/\/thecoreplay.com\/pt-br\/consoles-de-emulacao\/nintendo-64\/\">N64<\/a>, <a href=\"https:\/\/thecoreplay.com\/pt-br\/consoles-de-emulacao\/nintendo-3ds\/\">3DS<\/a><br \/>\n\ud83d\udcbd <strong>Sony<\/strong>: <a href=\"https:\/\/thecoreplay.com\/pt-br\/consoles-de-emulacao\/playstation\/\">PlayStation 1<\/a>, <a href=\"https:\/\/thecoreplay.com\/pt-br\/consoles-de-emulacao\/psp\/\">PSP<\/a>, <a href=\"https:\/\/thecoreplay.com\/pt-br\/consoles-de-emulacao\/playstation-2\/\">PlayStation 2<\/a> e PS Vita (limitado)<br \/>\n\ud83c\udf00 <strong>SEGA<\/strong>: Master System, <a href=\"https:\/\/thecoreplay.com\/pt-br\/consoles-de-emulacao\/sega-mega-drive-sega-genesis\/\">Mega Drive \/ Genesis<\/a>, Game Gear, <a href=\"https:\/\/thecoreplay.com\/pt-br\/consoles-de-emulacao\/dreamcast\/\">Dreamcast<\/a><br \/>\n\ud83d\udcfc <strong>Arcade<\/strong>: <a href=\"https:\/\/thecoreplay.com\/pt-br\/consoles-de-emulacao\/arcade-systems\/\">MAME<\/a>, FBA, NeoGeo<br \/>\n\ud83d\udcbb <strong>Outros sistemas<\/strong>: Atari, PC Engine, Wonderswan, MSX, ScummVM, DOSBox e mais<br \/>\n\ud83d\udcf1 <strong>Android Nativo<\/strong>: Jogos baix\u00e1veis da Google Play, incluindo t\u00edtulos 3D exigentes<\/p>\n<p class=\"\" data-start=\"985\" data-end=\"1140\">Al\u00e9m disso, <strong>suporta jogos portados<\/strong> e permite a instala\u00e7\u00e3o de novos emuladores compat\u00edveis. Uma escolha ideal para amantes do retr\u00f4 que n\u00e3o querem limites.<\/p>\n<div>\n<h2 data-start=\"100\" data-end=\"131\">\ud83d\udce6 O que vem na caixa?<\/h2>\n<p class=\"\" data-start=\"133\" data-end=\"243\">Ao adquirir o <strong>Anbernic RG406V<\/strong> na TheCorePlay, voc\u00ea recebe tudo o que \u00e9 necess\u00e1rio para come\u00e7ar a jogar desde o primeiro momento:<\/p>\n<ul data-start=\"245\" data-end=\"413\">\n\u00a0\t<\/p>\n<li class=\"\" data-start=\"245\" data-end=\"277\">\ud83c\udfae <strong>Console Anbernic RG406V<\/strong><\/li>\n<p>\u00a0\t<\/p>\n<li class=\"\" data-start=\"278\" data-end=\"310\">\ud83d\udcd8 <strong>Manual do Usu\u00e1rio<\/strong><\/li>\n<p>\u00a0\t<\/p>\n<li class=\"\" data-start=\"311\" data-end=\"341\">\ud83d\udd0c <strong>Cabo de Carregamento Tipo-C<\/strong><\/li>\n<p>\u00a0\t<\/p>\n<li class=\"\" data-start=\"342\" data-end=\"373\">\ud83d\udee1\ufe0f <strong>Protetor de Tela<\/strong><\/li>\n<p>\u00a0\t<\/p>\n<li class=\"\" data-start=\"374\" data-end=\"413\">\ud83c\udf81 <strong>Caixa de Apresenta\u00e7\u00e3o (Giftbox)<\/strong><\/li>\n<\/ul>\n<\/div>\n<h2 data-start=\"229\" data-end=\"265\">O Anbernic RG406V vale a pena?<\/h2>\n<p class=\"\" data-start=\"267\" data-end=\"555\">Sem d\u00favida! O <strong>Anbernic RG406V<\/strong> \u00e9 um dos consoles retr\u00f4 port\u00e1teis mais completos e equilibrados do mercado em 2025. Combina pot\u00eancia, portabilidade e uma experi\u00eancia de usu\u00e1rio impec\u00e1vel gra\u00e7as ao seu sistema Android 13, tela sens\u00edvel ao toque de alta resolu\u00e7\u00e3o e design ergon\u00f4mico.<\/p>\n<p class=\"\" data-start=\"557\" data-end=\"583\">Se voc\u00ea procura um console que:<\/p>\n<ul data-start=\"585\" data-end=\"801\">\n\u00a0\t<\/p>\n<li>\u2705 Rode jogos retr\u00f4 e de Android com fluidez<\/li>\n<p>\u00a0\t<\/p>\n<li>\u2705 Seja confort\u00e1vel para horas de jogo sem fadiga<\/li>\n<p>\u00a0\t<\/p>\n<li>\u2705 Permita conectar \u00e0 TV ou fazer streaming do seu PC<\/li>\n<p>\u00a0\t<\/p>\n<li>\u2705 Ofere\u00e7a qualidade premium a um pre\u00e7o competitivo<\/li>\n<\/ul>\n<p class=\"\" data-start=\"803\" data-end=\"972\">Ent\u00e3o <strong>sim, o Anbernic RG406V vale totalmente a pena<\/strong>. \u00c9 ideal tanto para jogadores nost\u00e1lgicos quanto para aqueles que desejam um console port\u00e1til moderno e vers\u00e1til.<\/p>\n<div>\n<h2 data-start=\"574\" data-end=\"630\">Recursos Adicionais do ANBERNIC RG 406V<\/h2>\n<p>&nbsp;<\/p>\n<h3 class=\"\" data-start=\"85\" data-end=\"135\">\ud83c\udfae RG406V: Quantos jogos est\u00e3o inclu\u00eddos?<\/h3>\n<p class=\"\" data-start=\"137\" data-end=\"224\">O Anbernic RG406V est\u00e1 dispon\u00edvel em tr\u00eas vers\u00f5es para todos os gostos:<\/p>\n<p>\ud83d\udda4 <strong>Preto Transparente<\/strong> \u2013 Estilo retr\u00f4 total<br \/>\n\ud83e\ude76 <strong>Cinza<\/strong> \u2013 Cl\u00e1ssico e elegante<br \/>\n\ud83e\udd0d <strong>Branco Bege<\/strong> \u2013 Um visual fresco e moderno<\/p>\n<p>Quantos jogos ele traz?<\/p>\n<p>\ud83d\udd38 Se voc\u00ea escolher a vers\u00e3o <strong>Standard<\/strong>, ele vem sem cart\u00e3o de mem\u00f3ria, ent\u00e3o voc\u00ea deve carregar seus pr\u00f3prios jogos manualmente.<br \/>\n\ud83d\udd38 A vers\u00e3o de <strong>128GB<\/strong> inclui <strong>mais de 4.000 jogos cl\u00e1ssicos pr\u00e9-instalados<\/strong>, prontos para jogar assim que sair da caixa.<br \/>\n\ud83d\udd38 A vers\u00e3o de <strong>256GB<\/strong> traz <strong>mais de 8.000 jogos cl\u00e1ssicos<\/strong> organizados por plataformas, desde NES, SNES, SEGA, PS1, GBA, Arcade e muitos outros.<\/p>\n<p>Seja voc\u00ea um f\u00e3 de jogos dos anos 80, 90 ou in\u00edcio dos anos 2000, <strong>o RG406V oferece um verdadeiro museu de videogames port\u00e1til<\/strong>.<\/p>\n<p>&nbsp;<\/p>\n<h3 data-start=\"574\" data-end=\"630\">Sistema Android 13: Jogos, apps e atualiza\u00e7\u00f5es<\/h3>\n<p>O RG406V est\u00e1 equipado com <strong>Android 13<\/strong>, permitindo que voc\u00ea:<\/p>\n<ul data-start=\"697\" data-end=\"839\">\n\u00a0\t<\/p>\n<li>Baixe novos aplicativos da Google Play<\/li>\n<p>\u00a0\t<\/p>\n<li>Atualize jogos e emuladores facilmente<\/li>\n<p>\u00a0\t<\/p>\n<li>Desfrute de uma interface fluida e moderna<\/li>\n<\/ul>\n<h3 data-start=\"841\" data-end=\"881\">Design retr\u00f4 com controles confort\u00e1veis<\/h3>\n<p>Seu <strong>estilo retr\u00f4 cl\u00e1ssico<\/strong> \u00e9 combinado com um design de bot\u00f5es ergon\u00f4mico e \u00fanico, tornando o jogo mais confort\u00e1vel e nost\u00e1lgico.<\/p>\n<p><img decoding=\"async\" src=\"\/\/ae01.alicdn.com\/kf\/S34e75f09304547599cfadfa91ed51a01s.jpg\" alt=\"\" title=\"\"><\/p>\n<\/div>\n<h3 data-start=\"115\" data-end=\"185\">\ud83d\udda5\ufe0f Tela Touchscreen IPS de 4&#8243; para uma Experi\u00eancia Visual Superior<\/h3>\n<p>O RG406V est\u00e1 equipado com uma <strong>tela IPS multitoque de 4 polegadas<\/strong> com uma resolu\u00e7\u00e3o de <strong>960\u00d7720 pixels<\/strong>.<br \/>\nGra\u00e7as \u00e0 sua tecnologia de <strong>lamina\u00e7\u00e3o completa<\/strong>, o painel \u00e9 mais sens\u00edvel ao toque, oferecendo uma resposta r\u00e1pida e precisa.<\/p>\n<div><img decoding=\"async\" src=\"\/\/ae01.alicdn.com\/kf\/S24ef338c76af4542b3edbf48f35f104dg.jpg\" alt=\"\" title=\"\"><\/div>\n<h3 data-start=\"105\" data-end=\"161\">\u2699\ufe0f Pot\u00eancia e Desempenho com Processador Unisoc T820<\/h3>\n<p>O console RG406V utiliza o potente <strong>processador Unisoc T820 de 8 n\u00facleos<\/strong> com tecnologia <strong>6nm EUV 5G SOC<\/strong>, combinado com uma <strong>GPU Mali-G57 quad-core de 850 MHz<\/strong>, oferecendo <strong>alto desempenho com baixo consumo de energia<\/strong>.<\/p>\n<p>Com seus <strong>128GB de armazenamento UFS 2.2<\/strong>, voc\u00ea desfrutar\u00e1 de uma experi\u00eancia de jogo fluida sem longos tempos de carregamento.<\/p>\n<div><img decoding=\"async\" src=\"\/\/ae01.alicdn.com\/kf\/S3b2942048861490ca2c5c66f044b468ai.jpg\" alt=\"\" title=\"\"><\/div>\n<h3 data-start=\"60\" data-end=\"120\">\ud83c\udfae Compatibilidade com Emuladores e Grande Facilidade de Uso<\/h3>\n<p>O <strong>Anbernic RG406V<\/strong> \u00e9 muito f\u00e1cil de usar e compat\u00edvel com uma ampla variedade de <strong>emuladores e estilos de interface<\/strong>. Voc\u00ea pode alternar entre diferentes menus visuais e mapear bot\u00f5es ao seu gosto gra\u00e7as \u00e0 sua <strong>fun\u00e7\u00e3o de mapeamento de teclas<\/strong>.<\/p>\n<div>\n<p><img decoding=\"async\" src=\"\/\/ae01.alicdn.com\/kf\/Sd0621ab1d18347fcb257c254aa2fc0bcw.jpg\" alt=\"\" title=\"\">O <strong>Anbernic RG406V<\/strong> adapta-se \u00e0 forma como voc\u00ea gosta de jogar. Gra\u00e7as \u00e0 sua <strong>porta USB Tipo-C com sa\u00edda Display Port 1080p<\/strong>, voc\u00ea pode conect\u00e1-lo facilmente a um monitor ou TV. Tamb\u00e9m <strong>suporta proje\u00e7\u00e3o sem fio via WiFi<\/strong>.<\/p>\n<\/div>\n<div><img decoding=\"async\" src=\"\/\/ae01.alicdn.com\/kf\/S9d388bfd720444db8a9777228544dd97A.jpg\" alt=\"\" title=\"\"><\/div>\n<h3 data-start=\"62\" data-end=\"109\">\ud83c\udfae Compat\u00edvel com Streaming de Jogos de PC<\/h3>\n<p>O <strong>Anbernic RG406V<\/strong> n\u00e3o se destaca apenas pelos jogos retr\u00f4: ele tamb\u00e9m <strong>suporta streaming<\/strong>, permitindo que voc\u00ea jogue t\u00edtulos de PC diretamente no seu console port\u00e1til.<\/p>\n<div><img decoding=\"async\" src=\"\/\/ae01.alicdn.com\/kf\/S810fcf96ef9c474eb7825ba210b2881av.jpg\" alt=\"\" title=\"\"><\/div>\n<h3 data-start=\"90\" data-end=\"149\">\ud83d\udd79\ufe0f Joystick Hall 3D com Ilumina\u00e7\u00e3o RGB Personaliz\u00e1vel<\/h3>\n<p>O <strong>Anbernic RG406V<\/strong> inclui um <strong>joystick Hall 3D de amplo \u00e2ngulo<\/strong>, proporcionando controle suave e preciso e excelente durabilidade. Tamb\u00e9m possui <strong>ilumina\u00e7\u00e3o RGB de 16 milh\u00f5es de cores<\/strong>, totalmente personaliz\u00e1vel em brilho e efeito.<\/p>\n<div><img decoding=\"async\" src=\"\/\/ae01.alicdn.com\/kf\/S34197584b1b946918c4f14f8c97f78f82.jpg\" alt=\"\" title=\"\"><br \/>\n<img decoding=\"async\" src=\"\/\/ae01.alicdn.com\/kf\/Sd71202e37d844573a487a1b2d9fcf3b8s.jpg\" alt=\"\" title=\"\"><\/div>\n<h3 class=\"\" data-start=\"103\" data-end=\"166\">\ud83c\udf10 Conectividade Avan\u00e7ada e Experi\u00eancia Multim\u00eddia Imersiva<\/h3>\n<p>O <strong>Anbernic RG406V<\/strong> vem equipado com <strong>WiFi 2.4G\/5G<\/strong> e <strong>Bluetooth 5.0<\/strong>, garantindo uma conex\u00e3o est\u00e1vel. Inclui <strong>alto-falantes duplos de alta fidelidade<\/strong> que oferecem som imersivo.<\/p>\n<ul data-start=\"491\" data-end=\"916\">\n\u00a0\t<\/p>\n<li>\ud83c\udfae <strong>Sensor de Girosc\u00f3pio de Seis Eixos<\/strong><\/li>\n<p>\u00a0\t<\/p>\n<li>\ud83c\udfaf <strong>Gatilhos Hall de Alta Precis\u00e3o<\/strong><\/li>\n<p>\u00a0\t<\/p>\n<li>\ud83d\udd04 <strong>Atualiza\u00e7\u00f5es Sem Fio FOTA<\/strong><\/li>\n<p>\u00a0\t<\/p>\n<li>\ud83e\udde9 <strong>Multijogador Online e Streaming<\/strong><\/li>\n<p>\u00a0\t<\/p>\n<li>\ud83d\udcfa <strong>Proje\u00e7\u00e3o Sem Fio para Tela Grande<\/strong><\/li>\n<p>\u00a0\t<\/p>\n<li>\ud83d\udca5 <strong>Motor de Vibra\u00e7\u00e3o<\/strong><\/li>\n<p>\u00a0\t<\/p>\n<li>\ud83c\udfa7 <strong>Entrada Jack Est\u00e9reo de 3.5mm<\/strong><\/li>\n<\/ul>\n<div><img decoding=\"async\" src=\"\/\/ae01.alicdn.com\/kf\/S1888eebead654ab4a315f1f3e61c7e5bC.jpg\" alt=\"\" title=\"\"><\/div>\n<h3 class=\"\" data-start=\"149\" data-end=\"206\">\ud83d\udd0b Bateria de Longa Dura\u00e7\u00e3o para Jogar em Qualquer Lugar<\/h3>\n<p>O <strong>Anbernic RG406V<\/strong> incorpora uma bateria de pol\u00edmero de l\u00edtio de <strong>5500mAh<\/strong>, proporcionando <strong>mais de 8 horas de jogo cont\u00ednuo<\/strong>. Suporta <strong>carregamento r\u00e1pido 5V\/2A<\/strong>, atingindo uma carga completa em aproximadamente 3,5 horas.<\/p>\n<div><img decoding=\"async\" src=\"\/\/ae01.alicdn.com\/kf\/S4a8eef9f23974def883a71cc9c1a33ac1.jpg\" alt=\"\" title=\"\"><\/div>\n<h3 data-start=\"132\" data-end=\"184\">\u2744\ufe0f Design Ergon\u00f4mico e Resfriamento Inteligente<\/h3>\n<p>O <strong>Anbernic RG406V<\/strong> incorpora um <strong>ventilador de alta velocidade<\/strong> que ativa a dissipa\u00e7\u00e3o autom\u00e1tica de calor. Seu <strong>design ergon\u00f4mico<\/strong> ajusta-se perfeitamente \u00e0 m\u00e3o, permitindo horas de jogo <strong>sem fadiga<\/strong> enquanto resgata a ess\u00eancia cl\u00e1ssica dos consoles retr\u00f4.<\/p>\n<div><img decoding=\"async\" src=\"\/\/ae01.alicdn.com\/kf\/S393bc3e516b246eeaca006453d2c86d3f.jpg\" alt=\"\" title=\"\"><br \/>\n<img decoding=\"async\" src=\"\/\/ae01.alicdn.com\/kf\/Sb1ffb9dff4c54cf4824882cb8503a327H.jpg\" alt=\"\" title=\"\"><\/div>\n<p><strong><span style=\"font-size: 26px; font-family: arial, helvetica, sans-serif;\">Capa\/Bolsa para RG406V<\/span><\/strong><br \/>\n<img decoding=\"async\" src=\"\/\/ae01.alicdn.com\/kf\/S8fb2e67e91824d5eb855894336d7d51bj.jpg\" alt=\"\" title=\"\"><\/p>\n","protected":false},"excerpt":{"rendered":"<p>\ud83e\udde0 Especifica\u00e7\u00f5es T\u00e9cnicas \u00a0 Sistema Operacional: Android 13 \u00a0 Processador: Unisoc T820 Octa-core (1\u00d7A76@2.7GHz + 3\u00d7A76@2.3GHz + 4\u00d7A55@2.1GHz) \u00a0 GPU: Mali-G57 Quad-core, 850 MHz \u00a0 Mem\u00f3ria RAM: 8 GB LPDDR4X \u00a0 Armazenamento Interno: 128 GB UFS 2.2 \u00a0 Tela: Touchscreen IPS de 4 polegadas, 960\u00d7720 px, com lamina\u00e7\u00e3o completa \u00a0 Conectividade: \u00a0 WiFi 2.4G \/ [&hellip;]<\/p>\n","protected":false},"featured_media":2587,"comment_status":"open","ping_status":"closed","template":"","meta":{"_uag_custom_page_level_css":"","site-sidebar-layout":"default","site-content-layout":"","ast-site-content-layout":"default","site-content-style":"default","site-sidebar-style":"default","ast-global-header-display":"","ast-banner-title-visibility":"","ast-main-header-display":"","ast-hfb-above-header-display":"","ast-hfb-below-header-display":"","ast-hfb-mobile-header-display":"","site-post-title":"","ast-breadcrumbs-content":"","ast-featured-img":"","footer-sml-layout":"","ast-disable-related-posts":"","theme-transparent-header-meta":"default","adv-header-id-meta":"","stick-header-meta":"","header-above-stick-meta":"","header-main-stick-meta":"","header-below-stick-meta":"","astra-migrate-meta-layouts":"set","ast-page-background-enabled":"default","ast-page-background-meta":{"desktop":{"background-color":"var(--ast-global-color-5)","background-image":"","background-repeat":"repeat","background-position":"center center","background-size":"auto","background-attachment":"scroll","background-type":"","background-media":"","overlay-type":"","overlay-color":"","overlay-opacity":"","overlay-gradient":""},"tablet":{"background-color":"","background-image":"","background-repeat":"repeat","background-position":"center center","background-size":"auto","background-attachment":"scroll","background-type":"","background-media":"","overlay-type":"","overlay-color":"","overlay-opacity":"","overlay-gradient":""},"mobile":{"background-color":"","background-image":"","background-repeat":"repeat","background-position":"center center","background-size":"auto","background-attachment":"scroll","background-type":"","background-media":"","overlay-type":"","overlay-color":"","overlay-opacity":"","overlay-gradient":""}},"ast-content-background-meta":{"desktop":{"background-color":"var(--ast-global-color-4)","background-image":"","background-repeat":"repeat","background-position":"center center","background-size":"auto","background-attachment":"scroll","background-type":"","background-media":"","overlay-type":"","overlay-color":"","overlay-opacity":"","overlay-gradient":""},"tablet":{"background-color":"var(--ast-global-color-4)","background-image":"","background-repeat":"repeat","background-position":"center center","background-size":"auto","background-attachment":"scroll","background-type":"","background-media":"","overlay-type":"","overlay-color":"","overlay-opacity":"","overlay-gradient":""},"mobile":{"background-color":"var(--ast-global-color-4)","background-image":"","background-repeat":"repeat","background-position":"center center","background-size":"auto","background-attachment":"scroll","background-type":"","background-media":"","overlay-type":"","overlay-color":"","overlay-opacity":"","overlay-gradient":""}}},"product_brand":[70],"product_cat":[669,670,651,650,652,653,654,655,656,657,658,659,661,662,660,664,665,663,666],"product_tag":[],"class_list":{"0":"post-2593","1":"product","2":"type-product","3":"status-publish","4":"has-post-thumbnail","6":"product_brand-rg-406v","7":"product_cat-consoles-retro-portateis","8":"product_cat-anbernic","9":"product_cat-arcade-systems","10":"product_cat-consoles-de-emulacao","11":"product_cat-dreamcast","12":"product_cat-game-boy-game-boy-color","13":"product_cat-game-boy-advance","14":"product_cat-nes","15":"product_cat-nintendo-3ds","16":"product_cat-nintendo-64","17":"product_cat-nintendo-ds","18":"product_cat-nintendo-gamecube","19":"product_cat-playstation","20":"product_cat-playstation-2","21":"product_cat-psp","22":"product_cat-sega-mega-drive-sega-genesis","23":"product_cat-sega-saturn","24":"product_cat-snes","25":"product_cat-wii","26":"desktop-align-center","27":"tablet-align-left","28":"mobile-align-left","30":"first","31":"instock","32":"sale","33":"shipping-taxable","34":"purchasable","35":"product-type-variable","36":"has-default-attributes"},"uagb_featured_image_src":{"full":["https:\/\/thecoreplay.com\/wp-content\/uploads\/2025\/12\/ANBERNIC-RG-406V.jpg",1080,1080,false],"thumbnail":["https:\/\/thecoreplay.com\/wp-content\/uploads\/2025\/12\/ANBERNIC-RG-406V-150x150.jpg",150,150,true],"medium":["https:\/\/thecoreplay.com\/wp-content\/uploads\/2025\/12\/ANBERNIC-RG-406V-300x300.jpg",300,300,true],"medium_large":["https:\/\/thecoreplay.com\/wp-content\/uploads\/2025\/12\/ANBERNIC-RG-406V-768x768.jpg",768,768,true],"large":["https:\/\/thecoreplay.com\/wp-content\/uploads\/2025\/12\/ANBERNIC-RG-406V-1024x1024.jpg",1024,1024,true],"1536x1536":["https:\/\/thecoreplay.com\/wp-content\/uploads\/2025\/12\/ANBERNIC-RG-406V.jpg",1080,1080,false],"2048x2048":["https:\/\/thecoreplay.com\/wp-content\/uploads\/2025\/12\/ANBERNIC-RG-406V.jpg",1080,1080,false],"woocommerce_thumbnail":["https:\/\/thecoreplay.com\/wp-content\/uploads\/2025\/12\/ANBERNIC-RG-406V-300x300.jpg",300,300,true],"woocommerce_single":["https:\/\/thecoreplay.com\/wp-content\/uploads\/2025\/12\/ANBERNIC-RG-406V-600x600.jpg",600,600,true],"woocommerce_gallery_thumbnail":["https:\/\/thecoreplay.com\/wp-content\/uploads\/2025\/12\/ANBERNIC-RG-406V-100x100.jpg",100,100,true]},"uagb_author_info":{"display_name":"lluismayans83@gmail.com","author_link":"https:\/\/thecoreplay.com\/pt-br\/author\/"},"uagb_comment_info":47,"uagb_excerpt":"\ud83e\udde0 Especifica\u00e7\u00f5es T\u00e9cnicas \u00a0 Sistema Operacional: Android 13 \u00a0 Processador: Unisoc T820 Octa-core (1\u00d7A76@2.7GHz + 3\u00d7A76@2.3GHz + 4\u00d7A55@2.1GHz) \u00a0 GPU: Mali-G57 Quad-core, 850 MHz \u00a0 Mem\u00f3ria RAM: 8 GB LPDDR4X \u00a0 Armazenamento Interno: 128 GB UFS 2.2 \u00a0 Tela: Touchscreen IPS de 4 polegadas, 960\u00d7720 px, com lamina\u00e7\u00e3o completa \u00a0 Conectividade: \u00a0 WiFi 2.4G \/&hellip;","_links":{"self":[{"href":"https:\/\/thecoreplay.com\/pt-br\/wp-json\/wp\/v2\/product\/2593","targetHints":{"allow":["GET"]}}],"collection":[{"href":"https:\/\/thecoreplay.com\/pt-br\/wp-json\/wp\/v2\/product"}],"about":[{"href":"https:\/\/thecoreplay.com\/pt-br\/wp-json\/wp\/v2\/types\/product"}],"replies":[{"embeddable":true,"href":"https:\/\/thecoreplay.com\/pt-br\/wp-json\/wp\/v2\/comments?post=2593"}],"wp:featuredmedia":[{"embeddable":true,"href":"https:\/\/thecoreplay.com\/pt-br\/wp-json\/wp\/v2\/media\/2587"}],"wp:attachment":[{"href":"https:\/\/thecoreplay.com\/pt-br\/wp-json\/wp\/v2\/media?parent=2593"}],"wp:term":[{"taxonomy":"product_brand","embeddable":true,"href":"https:\/\/thecoreplay.com\/pt-br\/wp-json\/wp\/v2\/product_brand?post=2593"},{"taxonomy":"product_cat","embeddable":true,"href":"https:\/\/thecoreplay.com\/pt-br\/wp-json\/wp\/v2\/product_cat?post=2593"},{"taxonomy":"product_tag","embeddable":true,"href":"https:\/\/thecoreplay.com\/pt-br\/wp-json\/wp\/v2\/product_tag?post=2593"}],"curies":[{"name":"wp","href":"https:\/\/api.w.org\/{rel}","templated":true}]}}