{"id":2486,"date":"2025-12-16T16:22:55","date_gmt":"2025-12-16T16:22:55","guid":{"rendered":"https:\/\/thecoreplay.com\/?post_type=product&#038;p=2486"},"modified":"2026-02-19T15:12:40","modified_gmt":"2026-02-19T15:12:40","slug":"anbernic-rg405v","status":"publish","type":"product","link":"https:\/\/thecoreplay.com\/pt-br\/consoles-retro-portateis\/anbernic\/anbernic-rg405v\/","title":{"rendered":"ANBERNIC RG405V"},"content":{"rendered":"<div>\n<h2 class=\"\" data-start=\"184\" data-end=\"226\">\u2705 Caracter\u00edsticas do Anbernic RG405V<\/h2>\n<p class=\"\" data-start=\"228\" data-end=\"632\">O <strong>Anbernic RG405V<\/strong> da TheCorePlay \u00e9 um console retr\u00f4 port\u00e1til que combina pot\u00eancia, conforto e um design cl\u00e1ssico. Seu formato vertical o torna perfeito para jogar com uma m\u00e3o ou para sess\u00f5es longas sem fadiga. Equipado com Android 12, este console permite n\u00e3o apenas emular uma ampla variedade de sistemas retr\u00f4, mas tamb\u00e9m instalar aplicativos, jogos m\u00f3veis e servi\u00e7os como Xbox Game Pass ou Steam Link.<\/p>\n<p class=\"\" data-start=\"634\" data-end=\"931\">Seu processador Unisoc T618, junto com 4 GB de RAM, garante um desempenho fluido tanto em emula\u00e7\u00e3o quanto em jogos de Android. Al\u00e9m disso, sua tela sens\u00edvel ao toque IPS de 4 polegadas oferece excelente qualidade visual e resposta t\u00e1til, ideal para desfrutar de seus jogos retr\u00f4 favoritos em alta resolu\u00e7\u00e3o.<\/p>\n<p class=\"\" data-start=\"933\" data-end=\"1117\">Entre suas vantagens est\u00e3o os joysticks anal\u00f3gicos duplos com efeito Hall, vibra\u00e7\u00e3o h\u00e1ptica, conectividade WiFi 5 e Bluetooth 5.0, e uma bateria de 5500 mAh para longas sess\u00f5es de jogo.<\/p>\n<hr class=\"\" data-start=\"1119\" data-end=\"1122\" \/>\n<h2 class=\"\" data-start=\"1124\" data-end=\"1168\">\u2699\ufe0f Especifica\u00e7\u00f5es T\u00e9cnicas do RG405V<\/h2>\n<ul data-start=\"1170\" data-end=\"1906\">\n<li class=\"\">\ud83e\udde0 <strong>Processador:<\/strong> Unisoc Tiger T618 (8 n\u00facleos, at\u00e9 2.0 GHz)<\/li>\n<li class=\"\">\ud83c\udfae <strong>GPU:<\/strong> Mali-G52 MP2<\/li>\n<li class=\"\">\ud83d\udca1 <strong>Sistema Operacional:<\/strong> Android 12<\/li>\n<li class=\"\">\ud83d\udcbe <strong>RAM:<\/strong> 4 GB LPDDR4X<\/li>\n<li class=\"\">\ud83d\udcbd <strong>Armazenamento Interno:<\/strong> 128 GB eMMC 5.1<\/li>\n<li class=\"\">\ud83d\udca1 <strong>Tela:<\/strong> Touchscreen IPS de 4,0 polegadas, 640&#215;480 pixels<\/li>\n<li class=\"\">\ud83d\udd0b <strong>Bateria:<\/strong> 5500 mAh (at\u00e9 9 horas de autonomia)<\/li>\n<li class=\"\">\ud83d\udcf6 <strong>Conectividade:<\/strong> Wi-Fi 5, Bluetooth 5.0<\/li>\n<li class=\"\">\ud83d\udd0a <strong>\u00c1udio:<\/strong> Alto-falantes est\u00e9reo e entrada jack 3.5 mm<\/li>\n<li class=\"\">\ud83c\udfae <strong>Controles:<\/strong> Joysticks anal\u00f3gicos duplos de efeito Hall, D-pad, bot\u00f5es ABXY, gatilhos L1\/L2\/R1\/R2<\/li>\n<li class=\"\">\ud83d\udcf7 <strong>OTG\/USB:<\/strong> Porta USB-C, sa\u00edda de v\u00eddeo USB-C<\/li>\n<li class=\"\">\ud83d\udcc1 <strong>Slot microSD:<\/strong> Compat\u00edvel com cart\u00f5es de at\u00e9 512 GB<\/li>\n<li class=\"\">\ud83d\udcd0 <strong>Dimens\u00f5es:<\/strong> 145 x 105 x 35 mm<\/li>\n<li class=\"\">\u2696\ufe0f <strong>Peso:<\/strong> 282 g<\/li>\n<\/ul>\n<h2 class=\"\" data-start=\"140\" data-end=\"189\">\ud83d\udce6 O que vem no pacote do Anbernic RG405V?<\/h2>\n<p class=\"\" data-start=\"191\" data-end=\"426\">Ao comprar o <strong>Anbernic RG405V<\/strong> na TheCorePlay, voc\u00ea recebe um pacote completo pronto para come\u00e7ar a jogar desde o primeiro minuto. Todos os acess\u00f3rios inclu\u00eddos foram projetados para oferecer uma experi\u00eancia premium, tanto em prote\u00e7\u00e3o quanto em carregamento.<\/p>\n<p><strong>Conte\u00fado da Embalagem:<\/strong><\/p>\n<ul data-start=\"456\" data-end=\"618\">\n<li>\ud83c\udfae 1x Console Port\u00e1til RG405V<\/li>\n<li>\ud83d\udd0c 1x Cabo de Carregamento USB<\/li>\n<li>\ud83d\udee1\ufe0f 1x Protetor de Tela<\/li>\n<li>\ud83d\udcd6 1x Manual do Usu\u00e1rio<\/li>\n<li>\ud83c\udf81 1x Caixa de Apresenta\u00e7\u00e3o (Giftbox)<\/li>\n<\/ul>\n<\/div>\n<h2 class=\"\" data-start=\"625\" data-end=\"670\">\ud83c\udfae Quais consoles o Anbernic RG405V emula?<\/h2>\n<p class=\"\" data-start=\"672\" data-end=\"1000\">Gra\u00e7as ao seu potente processador e ao sistema Android 12, o <strong>Anbernic RG405V<\/strong> \u00e9 capaz de emular com fluidez uma enorme variedade de consoles retr\u00f4, desde sistemas cl\u00e1ssicos at\u00e9 plataformas mais exigentes. Voc\u00ea tamb\u00e9m pode instalar emuladores adicionais ou usar plataformas como o RetroArch para expandir ainda mais a compatibilidade.<\/p>\n<p><strong>Consoles que pode emular:<\/strong><\/p>\n<ul data-start=\"1034\" data-end=\"1463\">\n<li>\ud83d\udd79\ufe0f <a href=\"https:\/\/thecoreplay.com\/pt-br\/consoles-de-emulacao\/nes\/\">NES<\/a>, <a href=\"https:\/\/thecoreplay.com\/pt-br\/consoles-de-emulacao\/snes\/\">SNES<\/a>, Famicom, Super Famicom<\/li>\n<li>\ud83c\udfae <a href=\"https:\/\/thecoreplay.com\/pt-br\/consoles-de-emulacao\/game-boy-game-boy-color\/\">Game Boy, Game Boy Color<\/a>, <a href=\"https:\/\/thecoreplay.com\/pt-br\/consoles-de-emulacao\/game-boy-advance\/\">Game Boy Advance<\/a><\/li>\n<li>\ud83d\udcfc <a href=\"https:\/\/thecoreplay.com\/pt-br\/consoles-de-emulacao\/sega-mega-drive-sega-genesis\/\">Sega Genesis<\/a>, Master System, Game Gear, <a href=\"https:\/\/thecoreplay.com\/pt-br\/consoles-de-emulacao\/dreamcast\/\">Dreamcast<\/a><\/li>\n<li>\ud83e\udde9 Neo Geo, Neo Geo Pocket<\/li>\n<li>\ud83d\udcbf <a href=\"https:\/\/thecoreplay.com\/pt-br\/consoles-de-emulacao\/playstation\/\">PlayStation 1<\/a>, <a href=\"https:\/\/thecoreplay.com\/pt-br\/consoles-de-emulacao\/psp\/\">PSP<\/a><\/li>\n<li>\ud83d\udcc0 <a href=\"https:\/\/thecoreplay.com\/pt-br\/consoles-de-emulacao\/playstation-2\/\">PlayStation 2<\/a> (jogos selecionados)<\/li>\n<li>\ud83d\udcbb <a href=\"https:\/\/thecoreplay.com\/pt-br\/consoles-de-emulacao\/nintendo-ds\/\">Nintendo DS<\/a>, <a href=\"https:\/\/thecoreplay.com\/pt-br\/consoles-de-emulacao\/nintendo-64\/\">Nintendo 64<\/a><\/li>\n<li>\ud83d\udcfc <a href=\"https:\/\/thecoreplay.com\/pt-br\/consoles-de-emulacao\/nintendo-gamecube\/\">Nintendo GameCube<\/a> (jogos selecionados)<\/li>\n<li>\ud83d\udcbd <a href=\"https:\/\/thecoreplay.com\/pt-br\/consoles-de-emulacao\/wii\/\">Wii<\/a> (jogos selecionados)<\/li>\n<li>\ud83d\udc7e <a href=\"https:\/\/thecoreplay.com\/pt-br\/consoles-de-emulacao\/arcade-systems\/\">Arcade<\/a> (MAME, Final Burn Alpha, etc.)<\/li>\n<\/ul>\n<p>A compatibilidade com consoles como <strong>GameCube, PS2 e Wii<\/strong> depende do t\u00edtulo e da configura\u00e7\u00e3o, mas muitos jogos rodam surpreendentemente bem neste console.<\/p>\n<h2 class=\"\" data-start=\"206\" data-end=\"259\">\ud83c\udfae Lista de jogos inclu\u00eddos no Anbernic RG405V<\/h2>\n<p class=\"\" data-start=\"261\" data-end=\"448\">O <strong>Anbernic RG405V<\/strong> com cart\u00e3o microSD pr\u00e9-carregado inclui milhares de jogos cl\u00e1ssicos organizados por console. Aqui est\u00e1 uma pequena amostra de t\u00edtulos de destaque que voc\u00ea pode encontrar:<\/p>\n<h3>\ud83d\udd79\ufe0f <a href=\"https:\/\/thecoreplay.com\/pt-br\/consoles-de-emulacao\/playstation\/\">PlayStation 1 (PS1)<\/a><\/h3>\n<ul>\n<li>Metal Gear Solid<\/li>\n<li>Castlevania: Symphony of the Night<\/li>\n<li>Crash Bandicoot 3<\/li>\n<li>Resident Evil 2<\/li>\n<\/ul>\n<h3>\ud83d\udd79\ufe0f <a href=\"https:\/\/thecoreplay.com\/pt-br\/consoles-de-emulacao\/game-boy-advance\/\">Game Boy Advance (GBA)<\/a><\/h3>\n<ul>\n<li>Pok\u00e9mon Emerald<\/li>\n<li>The Legend of Zelda: The Minish Cap<\/li>\n<li>Metroid Fusion<\/li>\n<li>Mario Kart: Super Circuit<\/li>\n<\/ul>\n<h3>\ud83d\udd79\ufe0f <a href=\"https:\/\/thecoreplay.com\/pt-br\/consoles-de-emulacao\/snes\/\">Super Nintendo (SNES)<\/a><\/h3>\n<ul>\n<li>Super Mario World<\/li>\n<li>Donkey Kong Country<\/li>\n<li>Chrono Trigger<\/li>\n<li>The Legend of Zelda: A Link to the Past<\/li>\n<\/ul>\n<h3>\ud83d\udd79\ufe0f <a href=\"https:\/\/thecoreplay.com\/pt-br\/consoles-de-emulacao\/nintendo-64\/\">Nintendo 64 (N64)<\/a><\/h3>\n<ul>\n<li>The Legend of Zelda: Ocarina of Time<\/li>\n<li>Mario Kart 64<\/li>\n<li>Super Smash Bros.<\/li>\n<li>GoldenEye 007<\/li>\n<\/ul>\n<h3>\ud83d\udd79\ufe0f <a href=\"https:\/\/thecoreplay.com\/pt-br\/consoles-de-emulacao\/psp\/\">PlayStation Portable (PSP)<\/a><\/h3>\n<ul>\n<li>God of War: Chains of Olympus<\/li>\n<li>Tekken 6<\/li>\n<li>Patapon<\/li>\n<li>Dragon Ball Z: Shin Budokai<\/li>\n<\/ul>\n<h2>\ud83d\uddbc\ufe0f Descubra o Anbernic RG405V em Detalhes<\/h2>\n<div>\n<p>O novo <strong>Anbernic RG405V<\/strong> est\u00e1 dispon\u00edvel em tr\u00eas cores exclusivas: <strong>Wood Grain (Madeira)<\/strong>, <strong>Roxo Transparente<\/strong> e <strong>Cinza Cl\u00e1ssico<\/strong>. Seu design retr\u00f4 cl\u00e1ssico, junto com um layout de bot\u00f5es cuidadosamente planejado, oferece uma experi\u00eancia de jogo confort\u00e1vel, fluida e muito intuitiva desde o primeiro momento.<img decoding=\"async\" src=\"\/\/ae01.alicdn.com\/kf\/Sc32a718ff6cd4260b377a1d07bfffdc2o.jpg\" alt=\"\" title=\"\"><\/p>\n<p>O <strong>RG405V<\/strong> \u00e9 um console port\u00e1til <strong>compacto e leve<\/strong>, ideal para jogar em qualquer lugar. Possui uma <strong>tela touchscreen IPS HD de 4 polegadas<\/strong> com resolu\u00e7\u00e3o de <strong>640&#215;480<\/strong>, utilizando tecnologia de <strong>lamina\u00e7\u00e3o completa<\/strong> para uma imagem mais n\u00edtida e uma resposta t\u00e1til muito <strong>mais sens\u00edvel e precisa<\/strong>.<\/p>\n<p><img decoding=\"async\" src=\"\/\/ae01.alicdn.com\/kf\/S8d9080a34e494f90bed11fcb15ca7922d.jpg\" alt=\"\" title=\"\"><\/p>\n<\/div>\n<p>O <strong>Anbernic RG405V<\/strong> est\u00e1 equipado com um <strong>processador Unisoc Tiger T618 de 64 bits<\/strong>, com <strong>8 n\u00facleos (2x Cortex-A75 @ 2.0 GHz + 6x Cortex-A55 @ 2.0 GHz)<\/strong>, oferecendo excelente desempenho com baixo consumo de energia. Junto com a <strong>GPU Mali-G52 @ 850 MHz<\/strong>, garante uma emula\u00e7\u00e3o fluida e jogos de Android exigentes.<\/p>\n<p>Possui <strong>128 GB de armazenamento interno eMMC de alta velocidade<\/strong> e suporta expans\u00e3o via <strong>cart\u00e3o microSD (TF) de at\u00e9 2 TB<\/strong>, permitindo que voc\u00ea leve milhares de jogos em um \u00fanico dispositivo.<\/p>\n<div><img decoding=\"async\" src=\"\/\/ae01.alicdn.com\/kf\/S98c557e412264a0e9e7c4c9f3458dca37.jpg\" alt=\"\" title=\"\"><\/div>\n<blockquote><p>\u26a0\ufe0f <strong>Importante:<\/strong> O pacote padr\u00e3o do <strong>RG405V<\/strong> n\u00e3o inclui jogos pr\u00e9-instalados. Se voc\u00ea deseja uma experi\u00eancia completa desde o in\u00edcio, pode adquirir cart\u00f5es microSD de <strong>128 GB<\/strong> ou <strong>256 GB<\/strong> com milhares de jogos pr\u00e9-carregados.<\/p>\n<ul>\n<li>O cart\u00e3o de <strong>128 GB<\/strong> inclui <strong>3.154 jogos cl\u00e1ssicos<\/strong>.<\/li>\n<li>O cart\u00e3o de <strong>256 GB<\/strong> inclui <strong>4.242 jogos cl\u00e1ssicos<\/strong>.<\/li>\n<\/ul>\n<p>O console suporta <strong>jogos de Android<\/strong> e mais de <strong>20 formatos de emula\u00e7\u00e3o<\/strong>, al\u00e9m de permitir que o usu\u00e1rio <strong>baixe e carregue seus pr\u00f3prios jogos<\/strong> em formatos compat\u00edveis.<\/p><\/blockquote>\n<blockquote><p>Al\u00e9m disso, o <strong>RG405V<\/strong> incorpora um <strong>sensor de girosc\u00f3pio de seis eixos<\/strong>, permitindo fun\u00e7\u00f5es de <strong>controle de movimento<\/strong> (sensor de gravidade) em jogos compat\u00edveis. Tamb\u00e9m suporta <strong>atualiza\u00e7\u00f5es sem fio (OTA)<\/strong> para melhorar o sistema com novas vers\u00f5es de software.<\/p><\/blockquote>\n<div><img decoding=\"async\" src=\"\/\/ae01.alicdn.com\/kf\/Sc1b0dfecb50b4e64828e88c5348c5381v.jpg\" alt=\"\" title=\"\"><\/div>\n<p>O <strong>RG405V<\/strong> possui <strong>joysticks com sensor Hall<\/strong>, que oferecem movimentos <strong>suaves, precisos e sem drift<\/strong>. Gra\u00e7as a esta tecnologia, o problema de &#8220;drift&#8221; \u00e9 eliminado, garantindo uma <strong>experi\u00eancia de controle mais delicada e precisa<\/strong>, ideal para jogos de plataforma, a\u00e7\u00e3o ou simula\u00e7\u00e3o.<\/p>\n<div><img decoding=\"async\" src=\"\/\/ae01.alicdn.com\/kf\/Sc7674ef8c1a945b5899407f00d6a4693a.jpg\" alt=\"\" title=\"\"><\/div>\n<p>O <strong>Anbernic RG405V<\/strong> vem equipado com uma <strong>bateria de alta capacidade de 5500 mAh<\/strong>, oferecendo <strong>mais de 9 horas de jogo cont\u00ednuo<\/strong> com uma \u00fanica carga. Tamb\u00e9m \u00e9 compat\u00edvel com <strong>carregamento r\u00e1pido via USB Tipo-C<\/strong>, permitindo que voc\u00ea volte \u00e0 a\u00e7\u00e3o rapidamente e aproveite seus jogos favoritos onde quer que esteja.<\/p>\n<div><img decoding=\"async\" src=\"\/\/ae01.alicdn.com\/kf\/S717cd13a732a48ab832b4a6e672ffe04k.jpg\" alt=\"\" title=\"\"><\/div>\n<p>O <strong>console retr\u00f4 port\u00e1til RG405V<\/strong> \u00e9 muito mais do que uma m\u00e1quina de emula\u00e7\u00e3o. Gra\u00e7as \u00e0 sua compatibilidade com o <strong>Moonlight Streaming<\/strong>, voc\u00ea pode jogar seus jogos de PC em quase qualquer lugar, diretamente da nuvem ou via streaming local. Tamb\u00e9m permite <strong>partidas online<\/strong>, <strong>proje\u00e7\u00e3o de tela sem fio<\/strong>, <strong>motor de vibra\u00e7\u00e3o<\/strong>, <strong>conex\u00e3o de fones de ouvido est\u00e9reo de 3,5 mm<\/strong> e m\u00faltiplas configura\u00e7\u00f5es como <strong>modo de economia de energia<\/strong> ou <strong>controle de brilho<\/strong> para personalizar totalmente sua experi\u00eancia.<\/p>\n<p>Equipada com <strong>WiFi dual 2.4G\/5G<\/strong> e <strong>Bluetooth 5.0<\/strong>, esta consola garante uma <strong>conex\u00e3o r\u00e1pida, est\u00e1vel e sem interrup\u00e7\u00f5es<\/strong>, oferecendo uma experi\u00eancia fluida tanto em jogos retr\u00f4 quanto em t\u00edtulos atuais via streaming.<\/p>\n<div><img decoding=\"async\" src=\"\/\/ae01.alicdn.com\/kf\/S96dc26654b534e8c8af5742a8e33ff64O.jpg\" alt=\"\" title=\"\"><\/div>\n<blockquote><p>O <strong>port\u00e1til retr\u00f4 RG405V<\/strong> incorpora um <strong>ventilador interno inteligente<\/strong> que se ativa automaticamente para <strong>dissipar o calor<\/strong> e melhorar o desempenho durante longas sess\u00f5es de jogo, mantendo a temperatura sob controle de forma eficiente.<\/p><\/blockquote>\n<blockquote><p>Al\u00e9m disso, possui um <strong>frontend de jogos integrado<\/strong>, compat\u00edvel com <strong>m\u00faltiplos emuladores<\/strong> e diferentes estilos de interface. Tamb\u00e9m permite o <strong>mapeamento de teclas<\/strong> de acordo com suas prefer\u00eancias. Este console retr\u00f4 foi projetado para ser <strong>intuitivo e f\u00e1cil de usar<\/strong>, permitindo que voc\u00ea <strong>adicione novos jogos<\/strong>, os organize por cole\u00e7\u00f5es, pesquise rapidamente e os acesse com facilidade.<\/p><\/blockquote>\n<div><img decoding=\"async\" src=\"\/\/ae01.alicdn.com\/kf\/Sa0d09f403b9d493094ed3758b8a972c1O.jpg\" alt=\"\" title=\"\"><\/div>\n<blockquote><p>O <strong>RG405V<\/strong> possui um <strong>alto-falante Hi-Fi de alta fidelidade<\/strong>, oferecendo um <strong>som rico e envolvente<\/strong>, ideal tanto para jogos quanto para desfrutar de filmes e s\u00e9ries diretamente no dispositivo.<\/p><\/blockquote>\n<blockquote><p>Ele roda o <strong>sistema operacional Android 12<\/strong>, permitindo que voc\u00ea <strong>baixe novos aplicativos e atualize os existentes<\/strong> para uma experi\u00eancia moderna e vers\u00e1til. Gra\u00e7as \u00e0 sua compatibilidade com uma quantidade massiva de <strong>emuladores e jogos retr\u00f4<\/strong>, este console \u00e9 <strong>muito f\u00e1cil de usar<\/strong> e se adapta a todos os tipos de jogadores.<\/p><\/blockquote>\n<div><img decoding=\"async\" src=\"\/\/ae01.alicdn.com\/kf\/S38883b8f3be74cb1bf10678194c2d99bZ.jpg\" alt=\"\" title=\"\"><\/div>\n<p>O <strong>Anbernic RG405V<\/strong> apresenta um <strong>design ergon\u00f4mico aprimorado<\/strong>, projetado para se ajustar \u00e0s m\u00e3os de todos os tipos de jogadores. Sua forma permite <strong>horas de jogo sem fadiga<\/strong>, oferecendo uma <strong>experi\u00eancia de pegada confort\u00e1vel e natural<\/strong>, ideal para longas sess\u00f5es de jogos retr\u00f4 ou modernos.<\/p>\n<p>Al\u00e9m disso, seu <strong>layout de bot\u00f5es foi cuidadosamente projetado<\/strong> para oferecer precis\u00e3o e uma sensa\u00e7\u00e3o cl\u00e1ssica, recuperando a ess\u00eancia dos consoles tradicionais com uma disposi\u00e7\u00e3o moderna e funcional.<\/p>\n<div>\n<p><img decoding=\"async\" src=\"\/\/ae01.alicdn.com\/kf\/S866eb5ae98d740089cf49df6cd17f10bw.jpg\" alt=\"\" title=\"\"><span style=\"font-size: 22px;\"><strong>Imagens do Produto<\/strong><\/span><\/p>\n<p><img decoding=\"async\" src=\"\/\/ae01.alicdn.com\/kf\/S486293d334df4a898384e92964cacde1h.png\" alt=\"\" title=\"\"><br \/>\n<img decoding=\"async\" src=\"\/\/ae01.alicdn.com\/kf\/S3054d0dc4c7e400fad453a2e6a9334fbY.jpg\" alt=\"\" title=\"\"><\/p>\n<\/div>\n","protected":false},"excerpt":{"rendered":"<p>\u2705 Caracter\u00edsticas do Anbernic RG405V O Anbernic RG405V da TheCorePlay \u00e9 um console retr\u00f4 port\u00e1til que combina pot\u00eancia, conforto e um design cl\u00e1ssico. Seu formato vertical o torna perfeito para jogar com uma m\u00e3o ou para sess\u00f5es longas sem fadiga. Equipado com Android 12, este console permite n\u00e3o apenas emular uma ampla variedade de sistemas [&hellip;]<\/p>\n","protected":false},"featured_media":2480,"comment_status":"open","ping_status":"closed","template":"","meta":{"_uag_custom_page_level_css":"","site-sidebar-layout":"default","site-content-layout":"","ast-site-content-layout":"default","site-content-style":"default","site-sidebar-style":"default","ast-global-header-display":"","ast-banner-title-visibility":"","ast-main-header-display":"","ast-hfb-above-header-display":"","ast-hfb-below-header-display":"","ast-hfb-mobile-header-display":"","site-post-title":"","ast-breadcrumbs-content":"","ast-featured-img":"","footer-sml-layout":"","ast-disable-related-posts":"","theme-transparent-header-meta":"default","adv-header-id-meta":"","stick-header-meta":"","header-above-stick-meta":"","header-main-stick-meta":"","header-below-stick-meta":"","astra-migrate-meta-layouts":"set","ast-page-background-enabled":"default","ast-page-background-meta":{"desktop":{"background-color":"var(--ast-global-color-5)","background-image":"","background-repeat":"repeat","background-position":"center center","background-size":"auto","background-attachment":"scroll","background-type":"","background-media":"","overlay-type":"","overlay-color":"","overlay-opacity":"","overlay-gradient":""},"tablet":{"background-color":"","background-image":"","background-repeat":"repeat","background-position":"center center","background-size":"auto","background-attachment":"scroll","background-type":"","background-media":"","overlay-type":"","overlay-color":"","overlay-opacity":"","overlay-gradient":""},"mobile":{"background-color":"","background-image":"","background-repeat":"repeat","background-position":"center center","background-size":"auto","background-attachment":"scroll","background-type":"","background-media":"","overlay-type":"","overlay-color":"","overlay-opacity":"","overlay-gradient":""}},"ast-content-background-meta":{"desktop":{"background-color":"var(--ast-global-color-4)","background-image":"","background-repeat":"repeat","background-position":"center center","background-size":"auto","background-attachment":"scroll","background-type":"","background-media":"","overlay-type":"","overlay-color":"","overlay-opacity":"","overlay-gradient":""},"tablet":{"background-color":"var(--ast-global-color-4)","background-image":"","background-repeat":"repeat","background-position":"center center","background-size":"auto","background-attachment":"scroll","background-type":"","background-media":"","overlay-type":"","overlay-color":"","overlay-opacity":"","overlay-gradient":""},"mobile":{"background-color":"var(--ast-global-color-4)","background-image":"","background-repeat":"repeat","background-position":"center center","background-size":"auto","background-attachment":"scroll","background-type":"","background-media":"","overlay-type":"","overlay-color":"","overlay-opacity":"","overlay-gradient":""}}},"product_brand":[81],"product_cat":[669,670,651,650,653,654,655,657,658,659,661,662,660,663,666],"product_tag":[],"class_list":{"0":"post-2486","1":"product","2":"type-product","3":"status-publish","4":"has-post-thumbnail","6":"product_brand-rg405v","7":"product_cat-consoles-retro-portateis","8":"product_cat-anbernic","9":"product_cat-arcade-systems","10":"product_cat-consoles-de-emulacao","11":"product_cat-game-boy-game-boy-color","12":"product_cat-game-boy-advance","13":"product_cat-nes","14":"product_cat-nintendo-64","15":"product_cat-nintendo-ds","16":"product_cat-nintendo-gamecube","17":"product_cat-playstation","18":"product_cat-playstation-2","19":"product_cat-psp","20":"product_cat-snes","21":"product_cat-wii","22":"desktop-align-center","23":"tablet-align-left","24":"mobile-align-left","26":"first","27":"instock","28":"sale","29":"shipping-taxable","30":"purchasable","31":"product-type-variable","32":"has-default-attributes"},"uagb_featured_image_src":{"full":["https:\/\/thecoreplay.com\/wp-content\/uploads\/2025\/12\/Anbernic-405V-1.jpg",1080,1080,false],"thumbnail":["https:\/\/thecoreplay.com\/wp-content\/uploads\/2025\/12\/Anbernic-405V-1-150x150.jpg",150,150,true],"medium":["https:\/\/thecoreplay.com\/wp-content\/uploads\/2025\/12\/Anbernic-405V-1-300x300.jpg",300,300,true],"medium_large":["https:\/\/thecoreplay.com\/wp-content\/uploads\/2025\/12\/Anbernic-405V-1-768x768.jpg",768,768,true],"large":["https:\/\/thecoreplay.com\/wp-content\/uploads\/2025\/12\/Anbernic-405V-1-1024x1024.jpg",1024,1024,true],"1536x1536":["https:\/\/thecoreplay.com\/wp-content\/uploads\/2025\/12\/Anbernic-405V-1.jpg",1080,1080,false],"2048x2048":["https:\/\/thecoreplay.com\/wp-content\/uploads\/2025\/12\/Anbernic-405V-1.jpg",1080,1080,false],"woocommerce_thumbnail":["https:\/\/thecoreplay.com\/wp-content\/uploads\/2025\/12\/Anbernic-405V-1-300x300.jpg",300,300,true],"woocommerce_single":["https:\/\/thecoreplay.com\/wp-content\/uploads\/2025\/12\/Anbernic-405V-1-600x600.jpg",600,600,true],"woocommerce_gallery_thumbnail":["https:\/\/thecoreplay.com\/wp-content\/uploads\/2025\/12\/Anbernic-405V-1-100x100.jpg",100,100,true]},"uagb_author_info":{"display_name":"lluismayans83@gmail.com","author_link":"https:\/\/thecoreplay.com\/pt-br\/author\/"},"uagb_comment_info":11,"uagb_excerpt":"\u2705 Caracter\u00edsticas do Anbernic RG405V O Anbernic RG405V da TheCorePlay \u00e9 um console retr\u00f4 port\u00e1til que combina pot\u00eancia, conforto e um design cl\u00e1ssico. Seu formato vertical o torna perfeito para jogar com uma m\u00e3o ou para sess\u00f5es longas sem fadiga. Equipado com Android 12, este console permite n\u00e3o apenas emular uma ampla variedade de sistemas&hellip;","_links":{"self":[{"href":"https:\/\/thecoreplay.com\/pt-br\/wp-json\/wp\/v2\/product\/2486","targetHints":{"allow":["GET"]}}],"collection":[{"href":"https:\/\/thecoreplay.com\/pt-br\/wp-json\/wp\/v2\/product"}],"about":[{"href":"https:\/\/thecoreplay.com\/pt-br\/wp-json\/wp\/v2\/types\/product"}],"replies":[{"embeddable":true,"href":"https:\/\/thecoreplay.com\/pt-br\/wp-json\/wp\/v2\/comments?post=2486"}],"wp:featuredmedia":[{"embeddable":true,"href":"https:\/\/thecoreplay.com\/pt-br\/wp-json\/wp\/v2\/media\/2480"}],"wp:attachment":[{"href":"https:\/\/thecoreplay.com\/pt-br\/wp-json\/wp\/v2\/media?parent=2486"}],"wp:term":[{"taxonomy":"product_brand","embeddable":true,"href":"https:\/\/thecoreplay.com\/pt-br\/wp-json\/wp\/v2\/product_brand?post=2486"},{"taxonomy":"product_cat","embeddable":true,"href":"https:\/\/thecoreplay.com\/pt-br\/wp-json\/wp\/v2\/product_cat?post=2486"},{"taxonomy":"product_tag","embeddable":true,"href":"https:\/\/thecoreplay.com\/pt-br\/wp-json\/wp\/v2\/product_tag?post=2486"}],"curies":[{"name":"wp","href":"https:\/\/api.w.org\/{rel}","templated":true}]}}