{"id":2441,"date":"2025-12-17T12:01:07","date_gmt":"2025-12-17T12:01:07","guid":{"rendered":"https:\/\/thecoreplay.com\/?page_id=2441"},"modified":"2026-02-17T11:52:34","modified_gmt":"2026-02-17T11:52:34","slug":"sobre-nos","status":"publish","type":"page","link":"https:\/\/thecoreplay.com\/pt-br\/sobre-nos\/","title":{"rendered":"Sobre N\u00f3s"},"content":{"rendered":"\n<div class=\"wp-block-uagb-container uagb-block-36737975 alignfull uagb-is-root-container\"><div class=\"uagb-container-inner-blocks-wrap\">\n<div class=\"wp-block-uagb-container uagb-block-a9e67b2c\">\n<div class=\"wp-block-uagb-container uagb-block-6d06a0a4\">\n<div class=\"wp-block-uagb-advanced-heading uagb-block-0ffb10e9\"><h2 class=\"uagb-heading-text\">Somos especialistas em consoles retr\u00f4 e eletr\u00f4nicos de alta qualidade a pre\u00e7os acess\u00edveis para todos os amantes da nostalgia.<\/h2><\/div>\n<\/div>\n\n\n\n<div class=\"wp-block-uagb-container uagb-block-52896290\">\n<div class=\"wp-block-uagb-info-box uagb-block-4a9c9434 uagb-infobox__content-wrap  uagb-infobox-icon-above-title uagb-infobox-image-valign-top\"><div class=\"uagb-ifb-content\"><div class=\"uagb-ifb-title-wrap\"><\/div><p class=\"uagb-ifb-desc\">Na <strong>TheCorePlay<\/strong>, somos uma loja online especializada em consoles retr\u00f4, emuladores e consoles projetores. Somos apaixonados por reviver a magia dos videogames cl\u00e1ssicos e oferecer uma experi\u00eancia \u00fanica a todos os amantes do universo retr\u00f4. Desde as nossas primeiras vendas, nosso objetivo tem sido levar mais do que apenas um produto para a casa de cada cliente; entregamos uma jornada de volta no tempo repleta de nostalgia, divers\u00e3o e qualidade.<\/p><\/div><\/div>\n<\/div>\n<\/div>\n\n\n\n<div class=\"wp-block-uagb-separator uagb-block-ad6243f3\"><div class=\"wp-block-uagb-separator__inner\" style=\"--my-background-image:\"><\/div><\/div>\n\n\n\n<div class=\"wp-block-uagb-container uagb-block-20a13b82\">\n<div class=\"wp-block-uagb-container uagb-block-1b711b36\">\n<div class=\"wp-block-uagb-advanced-heading uagb-block-c3314901\"><h3 class=\"uagb-heading-text\">\ud83c\udfae The Core Play<\/h3><\/div>\n\n\n\n<div class=\"wp-block-uagb-advanced-heading uagb-block-753f60b7\"><p class=\"uagb-heading-text\">\ud83d\uded2 Por que Escolher a Gente?<\/p><\/div>\n\n\n\n<div class=\"wp-block-uagb-info-box uagb-block-d38a5c41 uagb-infobox__content-wrap  uagb-infobox-icon-above-title uagb-infobox-image-valign-top\"><div class=\"uagb-ifb-content\"><div class=\"uagb-ifb-title-wrap\"><\/div><p class=\"uagb-ifb-desc\"><br>\u2705 Porque entendemos a sua nostalgia. Selecionamos cuidadosamente os consoles que transportar\u00e3o voc\u00ea diretamente de volta \u00e0 sua inf\u00e2ncia. <br>\u2705 Porque oferecemos a melhor rela\u00e7\u00e3o custo-benef\u00edcio. Fizemos uma curadoria dos melhores produtos para oferecer os pre\u00e7os mais competitivos do mercado, sem nunca sacrificar a qualidade. <br>\u2705 Porque estamos com voc\u00ea em cada etapa do caminho. Oferecemos suporte pessoal e dedicado antes, durante e ap\u00f3s a sua compra. Com a gente, reviver os cl\u00e1ssicos \u00e9 t\u00e3o f\u00e1cil quanto jog\u00e1-los.<\/p><\/div><\/div>\n\n\n\n<div class=\"wp-block-uagb-info-box uagb-block-11a64b4c uagb-infobox__content-wrap  uagb-infobox-icon-above-title uagb-infobox-image-valign-top\"><div class=\"uagb-ifb-content\"><div class=\"uagb-ifb-title-wrap\"><h3 class=\"uagb-ifb-title\">\ud83d\udce6 Envio de Fornecedores Globais<\/h3><\/div><p class=\"uagb-ifb-desc\"><strong>Compre com Confian\u00e7a<\/strong><br><br>\u2705 Qualidade Garantida: Selecionamos apenas os melhores produtos de fornecedores confi\u00e1veis para garantir que voc\u00ea receba equipamentos de alto n\u00edvel. <br>\u2705 Envio Seguro: Todos os seus pedidos s\u00e3o entregues \u00e0 sua porta com um n\u00famero de rastreamento, para que voc\u00ea sempre saiba onde eles est\u00e3o. <br>\u2705 Suporte Especializado: Nossa equipe est\u00e1 aqui para ajudar com qualquer d\u00favida, antes e depois da sua compra. Sua satisfa\u00e7\u00e3o \u00e9 nossa prioridade.<\/p><\/div><\/div>\n\n\n\n<div class=\"wp-block-uagb-info-box uagb-block-13a4b1fd uagb-infobox__content-wrap  uagb-infobox-icon-above-title uagb-infobox-image-valign-top\"><div class=\"uagb-ifb-content\"><div class=\"uagb-ifb-title-wrap\"><h3 class=\"uagb-ifb-title\">\ud83d\udcac Tem d\u00favidas ou quer recomendar algo?<\/h3><\/div><p class=\"uagb-ifb-desc\">Voc\u00ea pode entrar em contato conosco atrav\u00e9s do nosso formul\u00e1rio de contato ou nos enviar um e-mail para:<br>\ud83d\udce9 <strong>info@thecoreplay.com<\/strong><\/p><\/div><\/div>\n<\/div>\n\n\n\n<div class=\"wp-block-uagb-container uagb-block-132812da\">\n<div class=\"wp-block-uagb-advanced-heading uagb-block-224a18d1\"><h3 class=\"uagb-heading-text\">\ud83d\udc51 Os Melhores Consoles Retr\u00f4<\/h3><\/div>\n\n\n\n<p><strong>Oferecemos uma sele\u00e7\u00e3o criteriosa de:<\/strong><\/p>\n\n\n\n<ul class=\"wp-block-list\">\n<li><strong>Consoles Retr\u00f4 Port\u00e1teis:<\/strong> Port\u00e1teis de emula\u00e7\u00e3o e estilo arcade para jogar em qualquer lugar. <\/li>\n\n\n\n<li><strong>Consoles Projetores:<\/strong> Projetores com console integrado para uma verdadeira experi\u00eancia de jogo em tela gigante. <\/li>\n\n\n\n<li><strong>Game Sticks TV:<\/strong> Emuladores plug-and-play com centenas de jogos cl\u00e1ssicos pr\u00e9-instalados.<\/li>\n<\/ul>\n\n\n\n<ul class=\"wp-block-list\">\n<li>\u2705 Frete Gr\u00e1tis<\/li>\n\n\n\n<li> \u2705 Atendimento ao Cliente Dedicado <\/li>\n\n\n\n<li>\u2705 Garantia do Produto Inclusa <\/li>\n\n\n\n<li>\u2705 Suporte T\u00e9cnico Personalizado<\/li>\n<\/ul>\n\n\n\n<div class=\"wp-block-uagb-info-box uagb-block-91529e94 uagb-infobox__content-wrap  uagb-infobox-icon-above-title uagb-infobox-image-valign-top\"><div class=\"uagb-ifb-content\"><div class=\"uagb-ifb-title-wrap\"><h3 class=\"uagb-ifb-title\">\ud83d\udccd Nossa Localiza\u00e7\u00e3o<\/h3><\/div><p class=\"uagb-ifb-desc\">Operamos 100% online, oferecendo suporte e assist\u00eancia ao cliente em ingl\u00eas e espanhol. Embora n\u00e3o tenhamos uma loja f\u00edsica, estamos a apenas uma mensagem de dist\u00e2ncia e prontos para ajudar voc\u00ea com o que for necess\u00e1rio.<\/p><\/div><\/div>\n<\/div>\n<\/div>\n<\/div><\/div>\n","protected":false},"excerpt":{"rendered":"<p>Somos especialistas em consoles retr\u00f4 e eletr\u00f4nicos de alta qualidade a pre\u00e7os acess\u00edveis para todos os amantes da nostalgia. \ud83c\udfae The Core Play \ud83d\uded2 Por que Escolher a Gente? \ud83d\udc51 Os Melhores Consoles Retr\u00f4 Oferecemos uma sele\u00e7\u00e3o criteriosa de:<\/p>\n","protected":false},"author":1,"featured_media":0,"parent":0,"menu_order":0,"comment_status":"closed","ping_status":"closed","template":"","meta":{"_uag_custom_page_level_css":"","site-sidebar-layout":"default","site-content-layout":"","ast-site-content-layout":"default","site-content-style":"default","site-sidebar-style":"default","ast-global-header-display":"","ast-banner-title-visibility":"","ast-main-header-display":"","ast-hfb-above-header-display":"","ast-hfb-below-header-display":"","ast-hfb-mobile-header-display":"","site-post-title":"","ast-breadcrumbs-content":"","ast-featured-img":"","footer-sml-layout":"","ast-disable-related-posts":"","theme-transparent-header-meta":"","adv-header-id-meta":"","stick-header-meta":"","header-above-stick-meta":"","header-main-stick-meta":"","header-below-stick-meta":"","astra-migrate-meta-layouts":"default","ast-page-background-enabled":"default","ast-page-background-meta":{"desktop":{"background-color":"var(--ast-global-color-5)","background-image":"","background-repeat":"repeat","background-position":"center center","background-size":"auto","background-attachment":"scroll","background-type":"","background-media":"","overlay-type":"","overlay-color":"","overlay-opacity":"","overlay-gradient":""},"tablet":{"background-color":"","background-image":"","background-repeat":"repeat","background-position":"center center","background-size":"auto","background-attachment":"scroll","background-type":"","background-media":"","overlay-type":"","overlay-color":"","overlay-opacity":"","overlay-gradient":""},"mobile":{"background-color":"","background-image":"","background-repeat":"repeat","background-position":"center center","background-size":"auto","background-attachment":"scroll","background-type":"","background-media":"","overlay-type":"","overlay-color":"","overlay-opacity":"","overlay-gradient":""}},"ast-content-background-meta":{"desktop":{"background-color":"var(--ast-global-color-4)","background-image":"","background-repeat":"repeat","background-position":"center center","background-size":"auto","background-attachment":"scroll","background-type":"","background-media":"","overlay-type":"","overlay-color":"","overlay-opacity":"","overlay-gradient":""},"tablet":{"background-color":"var(--ast-global-color-4)","background-image":"","background-repeat":"repeat","background-position":"center center","background-size":"auto","background-attachment":"scroll","background-type":"","background-media":"","overlay-type":"","overlay-color":"","overlay-opacity":"","overlay-gradient":""},"mobile":{"background-color":"var(--ast-global-color-4)","background-image":"","background-repeat":"repeat","background-position":"center center","background-size":"auto","background-attachment":"scroll","background-type":"","background-media":"","overlay-type":"","overlay-color":"","overlay-opacity":"","overlay-gradient":""}},"footnotes":""},"class_list":["post-2441","page","type-page","status-publish","hentry"],"_hostinger_reach_plugin_has_subscription_block":false,"_hostinger_reach_plugin_is_elementor":false,"uagb_featured_image_src":{"full":false,"thumbnail":false,"medium":false,"medium_large":false,"large":false,"1536x1536":false,"2048x2048":false,"woocommerce_thumbnail":false,"woocommerce_single":false,"woocommerce_gallery_thumbnail":false},"uagb_author_info":{"display_name":"lluismayans83@gmail.com","author_link":"https:\/\/thecoreplay.com\/pt-br\/author\/lluismayans83gmail-com\/"},"uagb_comment_info":0,"uagb_excerpt":"Somos especialistas em consoles retr\u00f4 e eletr\u00f4nicos de alta qualidade a pre\u00e7os acess\u00edveis para todos os amantes da nostalgia. \ud83c\udfae The Core Play \ud83d\uded2 Por que Escolher a Gente? \ud83d\udc51 Os Melhores Consoles Retr\u00f4 Oferecemos uma sele\u00e7\u00e3o criteriosa de:","_links":{"self":[{"href":"https:\/\/thecoreplay.com\/pt-br\/wp-json\/wp\/v2\/pages\/2441","targetHints":{"allow":["GET"]}}],"collection":[{"href":"https:\/\/thecoreplay.com\/pt-br\/wp-json\/wp\/v2\/pages"}],"about":[{"href":"https:\/\/thecoreplay.com\/pt-br\/wp-json\/wp\/v2\/types\/page"}],"author":[{"embeddable":true,"href":"https:\/\/thecoreplay.com\/pt-br\/wp-json\/wp\/v2\/users\/1"}],"replies":[{"embeddable":true,"href":"https:\/\/thecoreplay.com\/pt-br\/wp-json\/wp\/v2\/comments?post=2441"}],"version-history":[{"count":1,"href":"https:\/\/thecoreplay.com\/pt-br\/wp-json\/wp\/v2\/pages\/2441\/revisions"}],"predecessor-version":[{"id":2442,"href":"https:\/\/thecoreplay.com\/pt-br\/wp-json\/wp\/v2\/pages\/2441\/revisions\/2442"}],"wp:attachment":[{"href":"https:\/\/thecoreplay.com\/pt-br\/wp-json\/wp\/v2\/media?parent=2441"}],"curies":[{"name":"wp","href":"https:\/\/api.w.org\/{rel}","templated":true}]}}