{"id":2366,"date":"2025-12-16T16:22:53","date_gmt":"2025-12-16T16:22:53","guid":{"rendered":"https:\/\/thecoreplay.com\/?post_type=product&#038;p=2366"},"modified":"2026-02-19T15:09:47","modified_gmt":"2026-02-19T15:09:47","slug":"game-stick-m15-pro","status":"publish","type":"product","link":"https:\/\/thecoreplay.com\/it\/console-retro-game-stick\/game-stick-m15-pro\/","title":{"rendered":"Game Stick M15 PRO"},"content":{"rendered":"<div>\n<div>\n<p class=\"\" data-start=\"355\" data-end=\"510\">La <strong>Retro Game Stick M15 PRO<\/strong> di TheCorePlay \u00e8 una console retro compatta e potente che ti permette di goderti pi\u00f9 di <strong>20.000 giochi classici<\/strong> in alta definizione.<\/p>\n<p class=\"\" data-start=\"512\" data-end=\"691\"><strong>La M15 PRO 4K Retro Game Stick<\/strong> \u00e8 progettata per il massimo comfort e divertimento, dotata di <strong>due controller wireless<\/strong> e <strong>uscita HDMI 4K 60fps<\/strong>, compatibile con TV, monitor e proiettori.<\/p>\n<hr class=\"\" data-start=\"693\" data-end=\"696\" \/>\n<h2 class=\"\" data-start=\"698\" data-end=\"730\">\u26a1 Caratteristiche Principali della M15 PRO Game Stick<\/h2>\n<ul data-start=\"732\" data-end=\"1253\">\n<li class=\"\" data-start=\"732\" data-end=\"795\">\ud83c\udfae <strong>Oltre 20.000 giochi pre-installati<\/strong> su 64GB di memoria.<\/li>\n<li class=\"\" data-start=\"796\" data-end=\"903\">\ud83d\udd79\ufe0f <strong>Compatibilit\u00e0 con 23 emulatori retro<\/strong>: PS1, NES, SNES, GBA, MegaDrive, MAME, Atari e molti altri.<\/li>\n<li class=\"\" data-start=\"904\" data-end=\"996\">\ud83d\udcfa <strong>Uscita video 4K UHD<\/strong> a 60fps per un&#8217;esperienza di gioco incredibilmente fluida.<\/li>\n<li class=\"\" data-start=\"997\" data-end=\"1084\">\ud83c\udfae <strong>Include 2 controller wireless<\/strong> per giocare in multiplayer comodamente senza cavi.<\/li>\n<li class=\"\" data-start=\"1085\" data-end=\"1253\">\ud83c\udf0d <strong>Supporto multilingua disponibile<\/strong>: Italiano, Inglese, Spagnolo, Giapponese, Tedesco, Francese, Portoghese e altri.<\/li>\n<\/ul>\n<hr class=\"\" data-start=\"1255\" data-end=\"1258\" \/>\n<h2 class=\"\" data-start=\"1260\" data-end=\"1290\">\ud83d\udce6 Cosa c&#8217;\u00e8 nella confezione della M15 PRO Game Stick?<\/h2>\n<ul data-start=\"1292\" data-end=\"1413\">\n<li class=\"\" data-start=\"1292\" data-end=\"1322\">1 x <strong>M15 Retro Game Stick<\/strong><\/li>\n<li class=\"\" data-start=\"1323\" data-end=\"1352\">2 x <strong>Controller Wireless<\/strong><\/li>\n<li class=\"\" data-start=\"1353\" data-end=\"1384\">1 x <strong>Cavo di estensione HD<\/strong><\/li>\n<li class=\"\" data-start=\"1385\" data-end=\"1413\">1 x <strong>Cavo di ricarica USB<\/strong><\/li>\n<\/ul>\n<p class=\"\" data-start=\"1415\" data-end=\"1457\"><em>(Batterie AAA per i controller non incluse)<\/em><\/p>\n<hr class=\"\" data-start=\"1459\" data-end=\"1462\" \/>\n<h2 class=\"\" data-start=\"1464\" data-end=\"1495\">\ud83e\udde0 Specifiche Tecniche della M15 Pro Game Stick<\/h2>\n<ul data-start=\"1497\" data-end=\"1825\">\n<li class=\"\" data-start=\"1497\" data-end=\"1552\">Processore: <strong>Dual-core Cortex-A7 fino a 1.0GHz<\/strong><\/li>\n<li class=\"\" data-start=\"1553\" data-end=\"1582\">Memoria: <strong>DDRIII 256MB<\/strong><\/li>\n<li class=\"\" data-start=\"1583\" data-end=\"1632\">Giochi inclusi: <strong>+20.000 giochi classici<\/strong><\/li>\n<li class=\"\" data-start=\"1633\" data-end=\"1679\">Uscita Video: <strong>4K UHD \/ 1080P \/ 720P<\/strong><\/li>\n<li class=\"\" data-start=\"1680\" data-end=\"1771\">Alimentazione: <strong>Ingresso 5V\/1A\/2A<\/strong> (per lo stick) e <strong>Controller a batterie AAA<\/strong><\/li>\n<li class=\"\" data-start=\"1772\" data-end=\"1807\">Dimensioni: <strong>24 \u00d7 18 \u00d7 7 cm<\/strong><\/li>\n<li class=\"\" data-start=\"1808\" data-end=\"1825\">Peso: <strong>530 g<\/strong><\/li>\n<\/ul>\n<h2 class=\"\" data-start=\"159\" data-end=\"202\">\ud83c\udfae Quali emulatori supporta la console M15 Pro?<\/h2>\n<p class=\"\" data-start=\"204\" data-end=\"548\">La <strong>Retro Game Stick M15<\/strong> \u00e8 dotata di una potente raccolta di emulatori classici che ti consentono di goderti migliaia di titoli retro attraverso una singola connessione HDMI.<br \/>\nI nostri test confermano che la M15 \u00e8 compatibile con oltre 20 sistemi iconici, tra cui:<\/p>\n<ul data-start=\"550\" data-end=\"874\">\n<li class=\"\" data-start=\"550\" data-end=\"636\">\ud83d\udd79\ufe0f <strong>Nintendo<\/strong>: <a href=\"https:\/\/thecoreplay.com\/it\/console-emulatore\/nes\/\">NES<\/a>, <a href=\"https:\/\/thecoreplay.com\/it\/console-emulatore\/snes\/\">SNES<\/a>, <a href=\"https:\/\/thecoreplay.com\/it\/console-emulatore\/game-boy-game-boy-color\/\">Game Boy \/ Color<\/a>, <a href=\"https:\/\/thecoreplay.com\/it\/console-emulatore\/game-boy-advance\/\">GBA<\/a>, <a href=\"https:\/\/thecoreplay.com\/it\/console-emulatore\/nintendo-64\/\">N64<\/a><\/li>\n<li class=\"\" data-start=\"637\" data-end=\"707\">\ud83c\udf00 <strong>SEGA<\/strong>: Master System, <a href=\"https:\/\/thecoreplay.com\/it\/console-emulatore\/sega-mega-drive-sega-genesis\/\">Mega Drive\/Genesis<\/a>, Game Gear, <a href=\"https:\/\/thecoreplay.com\/it\/console-emulatore\/dreamcast\/\">Dreamcast<\/a><\/li>\n<li class=\"\" data-start=\"708\" data-end=\"741\">\ud83d\udcc0 <strong>Sony<\/strong>: <a href=\"https:\/\/thecoreplay.com\/it\/console-emulatore\/playstation\/\">PlayStation 1<\/a>, <a href=\"https:\/\/thecoreplay.com\/it\/console-emulatore\/psp\/\">PSP<\/a><\/li>\n<li class=\"\" data-start=\"742\" data-end=\"796\">\ud83d\udd70\ufe0f <strong>Arcade<\/strong>: <a href=\"https:\/\/thecoreplay.com\/it\/console-emulatore\/arcade-systems\/\">MAME<\/a>, FBA, CPS1, CPS2, CPS3, Neo Geo<\/li>\n<li class=\"\" data-start=\"797\" data-end=\"874\">\ud83d\udcbe <strong>Altri<\/strong>: Atari 2600\/5200\/7800, MSX, Wonderswan, PC Engine e molti altri.<\/li>\n<\/ul>\n<p class=\"\" data-start=\"876\" data-end=\"1134\">La M15 ti permette di avviare i titoli di tutti questi sistemi facilmente, attraverso un&#8217;interfaccia intuitiva con categorie organizzate per piattaforma. Ideale sia per i nostalgici che per i nuovi giocatori che vogliono scoprire la storia dei videogiochi.<\/p>\n<h2 class=\"\" data-start=\"65\" data-end=\"116\">\ud83d\udd79\ufe0f Quali giochi sono inclusi nella Retro Game Stick M15 Pro?<\/h2>\n<p class=\"\" data-start=\"118\" data-end=\"379\">La <strong>Retro Game Stick M15 Pro<\/strong> viene fornita con una scheda di memoria pre-installata contenente tra <strong>10.000 e 40.000 giochi retro<\/strong>, a seconda della versione scelta. Questa selezione include titoli iconici delle console classiche che hanno definito intere generazioni.<\/p>\n<p class=\"\" data-start=\"381\" data-end=\"432\">Tra i giochi pi\u00f9 popolari inclusi troverai:<\/p>\n<ul data-start=\"434\" data-end=\"903\">\n<li class=\"\" data-start=\"434\" data-end=\"509\">\ud83c\udfae <em>Super Mario Bros<\/em>, <em>Donkey Kong<\/em> e <em>The Legend of Zelda<\/em> (NES\/SNES)<\/li>\n<li class=\"\" data-start=\"510\" data-end=\"588\">\ud83d\udd25 <em>Street Fighter II<\/em>, <em>King of Fighters<\/em> e <em>Metal Slug<\/em> (Arcade\/Neo Geo)<\/li>\n<li class=\"\" data-start=\"589\" data-end=\"638\">\ud83d\ude80 <em>Sonic the Hedgehog<\/em> e <em>Golden Axe<\/em> (SEGA)<\/li>\n<li class=\"\" data-start=\"639\" data-end=\"692\">\u2694\ufe0f <em>Castlevania<\/em>, <em>Contra<\/em> e <em>Mega Man<\/em> (NES\/GBA)<\/li>\n<li class=\"\" data-start=\"693\" data-end=\"746\">\ud83e\udde9 <em>Crash Bandicoot<\/em> e <em>Tekken 3<\/em> (PS1)<\/li>\n<li class=\"\" data-start=\"747\" data-end=\"823\">\ud83c\udfaf <em>Tetris<\/em>, <em>Pac-Man<\/em>, <em>Bomberman<\/em> e <em>Puzzle Bobble<\/em> (multi-piattaforma)<\/li>\n<li class=\"\" data-start=\"824\" data-end=\"903\">\u2699\ufe0f Oltre a numerosi RPG, platform, picchiaduro, giochi di corse e d&#8217;avventura.<\/li>\n<\/ul>\n<p class=\"\" data-start=\"905\" data-end=\"1133\">La libreria \u00e8 organizzata per piattaforma, con copertine digitali e un&#8217;interfaccia semplice che ti permette di trovare i tuoi giochi preferiti rapidamente. Puoi anche <strong>aggiungere nuovi giochi<\/strong> manualmente tramite la scheda microSD.<\/p>\n<hr class=\"\" data-start=\"1827\" data-end=\"1830\" \/>\n<h3 data-start=\"1832\" data-end=\"1882\">\ud83d\uded2 Divertimento Istantaneo e Senza Complicazioni!<\/h3>\n<p class=\"\" data-start=\"1884\" data-end=\"2109\">Basta collegare la <strong>M15 Pro Retro Game Stick<\/strong> alla tua TV tramite HDMI, accendere i controller wireless e iniziare a goderti migliaia di classici.<br \/>\n<strong>Ideale per raduni tra amici, feste retro o pomeriggi nostalgici in famiglia!<\/strong> \ud83c\udfae<\/p>\n<p align=\"start\"><img decoding=\"async\" src=\"\/\/ae01.alicdn.com\/kf\/S33bba3d199f144afa44f4f1184c3e776l.jpg\" alt=\"\" title=\"\"><br \/>\n<img decoding=\"async\" src=\"\/\/ae01.alicdn.com\/kf\/S168d2754a0c94314b7affb5b88c82f797.jpg\" alt=\"\" title=\"\"><br \/>\n<img decoding=\"async\" src=\"\/\/ae01.alicdn.com\/kf\/Sc484352292d34ec4a4ed0709e214852fU.jpg\" alt=\"\" title=\"\"><br \/>\n<img decoding=\"async\" src=\"\/\/ae01.alicdn.com\/kf\/Sf956b3fe72324239b42eea93e42ac13el.jpg\" alt=\"\" title=\"\"><br \/>\n<img decoding=\"async\" src=\"\/\/ae01.alicdn.com\/kf\/S7e010eee279f4ad3ac63933f97986cc8W.jpg\" alt=\"\" title=\"\"><br \/>\n<img decoding=\"async\" src=\"\/\/ae01.alicdn.com\/kf\/S5aab9086df0443c2a7a678a28728b7e0p.jpg\" alt=\"\" title=\"\"><br \/>\n<img decoding=\"async\" src=\"\/\/ae01.alicdn.com\/kf\/S8d338174622343d3821b345f41a50b92n.jpg\" alt=\"\" title=\"\"><br \/>\n<img decoding=\"async\" src=\"\/\/ae01.alicdn.com\/kf\/Sc36de2629a3b4f24a6fca5b9b112c384R.jpg\" alt=\"\" title=\"\"><br \/>\n<img decoding=\"async\" src=\"\/\/ae01.alicdn.com\/kf\/Sfe7ac39ab2ac4257a7292d0af03e0ef5y.jpg\" alt=\"\" title=\"\"><br \/>\n<img decoding=\"async\" src=\"\/\/ae01.alicdn.com\/kf\/Sf2f0c3440a6d40cd9ff51fbdf18c0b71y.jpg\" alt=\"\" title=\"\"><\/p>\n<div><\/div>\n<\/div>\n<\/div>\n","protected":false},"excerpt":{"rendered":"<p>La Retro Game Stick M15 PRO di TheCorePlay \u00e8 una console retro compatta e potente che ti permette di goderti pi\u00f9 di 20.000 giochi classici in alta definizione. La M15 PRO 4K Retro Game Stick \u00e8 progettata per il massimo comfort e divertimento, dotata di due controller wireless e uscita HDMI 4K 60fps, compatibile con [&hellip;]<\/p>\n","protected":false},"featured_media":2360,"comment_status":"open","ping_status":"closed","template":"","meta":{"_uag_custom_page_level_css":"","site-sidebar-layout":"default","site-content-layout":"","ast-site-content-layout":"default","site-content-style":"default","site-sidebar-style":"default","ast-global-header-display":"","ast-banner-title-visibility":"","ast-main-header-display":"","ast-hfb-above-header-display":"","ast-hfb-below-header-display":"","ast-hfb-mobile-header-display":"","site-post-title":"","ast-breadcrumbs-content":"","ast-featured-img":"","footer-sml-layout":"","ast-disable-related-posts":"","theme-transparent-header-meta":"default","adv-header-id-meta":"","stick-header-meta":"","header-above-stick-meta":"","header-main-stick-meta":"","header-below-stick-meta":"","astra-migrate-meta-layouts":"set","ast-page-background-enabled":"default","ast-page-background-meta":{"desktop":{"background-color":"var(--ast-global-color-5)","background-image":"","background-repeat":"repeat","background-position":"center center","background-size":"auto","background-attachment":"scroll","background-type":"","background-media":"","overlay-type":"","overlay-color":"","overlay-opacity":"","overlay-gradient":""},"tablet":{"background-color":"","background-image":"","background-repeat":"repeat","background-position":"center center","background-size":"auto","background-attachment":"scroll","background-type":"","background-media":"","overlay-type":"","overlay-color":"","overlay-opacity":"","overlay-gradient":""},"mobile":{"background-color":"","background-image":"","background-repeat":"repeat","background-position":"center center","background-size":"auto","background-attachment":"scroll","background-type":"","background-media":"","overlay-type":"","overlay-color":"","overlay-opacity":"","overlay-gradient":""}},"ast-content-background-meta":{"desktop":{"background-color":"var(--ast-global-color-4)","background-image":"","background-repeat":"repeat","background-position":"center center","background-size":"auto","background-attachment":"scroll","background-type":"","background-media":"","overlay-type":"","overlay-color":"","overlay-opacity":"","overlay-gradient":""},"tablet":{"background-color":"var(--ast-global-color-4)","background-image":"","background-repeat":"repeat","background-position":"center center","background-size":"auto","background-attachment":"scroll","background-type":"","background-media":"","overlay-type":"","overlay-color":"","overlay-opacity":"","overlay-gradient":""},"mobile":{"background-color":"var(--ast-global-color-4)","background-image":"","background-repeat":"repeat","background-position":"center center","background-size":"auto","background-attachment":"scroll","background-type":"","background-media":"","overlay-type":"","overlay-color":"","overlay-opacity":"","overlay-gradient":""}}},"product_brand":[56],"product_cat":[503,486,485,487,488,489,490,492,496,495,499,500,498],"product_tag":[],"class_list":{"0":"post-2366","1":"product","2":"type-product","3":"status-publish","4":"has-post-thumbnail","6":"product_brand-m15","7":"product_cat-console-retro-game-stick","8":"product_cat-arcade-systems","9":"product_cat-console-emulatore","10":"product_cat-dreamcast","11":"product_cat-game-boy-game-boy-color","12":"product_cat-game-boy-advance","13":"product_cat-nes","14":"product_cat-nintendo-64","15":"product_cat-playstation","16":"product_cat-psp","17":"product_cat-sega-mega-drive-sega-genesis","18":"product_cat-sega-saturn","19":"product_cat-snes","20":"desktop-align-center","21":"tablet-align-left","22":"mobile-align-left","24":"first","25":"instock","26":"sale","27":"shipping-taxable","28":"purchasable","29":"product-type-simple"},"uagb_featured_image_src":{"full":["https:\/\/thecoreplay.com\/wp-content\/uploads\/2025\/12\/Retro-Game-Stick-M15-PRO.jpg",1080,1080,false],"thumbnail":["https:\/\/thecoreplay.com\/wp-content\/uploads\/2025\/12\/Retro-Game-Stick-M15-PRO-150x150.jpg",150,150,true],"medium":["https:\/\/thecoreplay.com\/wp-content\/uploads\/2025\/12\/Retro-Game-Stick-M15-PRO-300x300.jpg",300,300,true],"medium_large":["https:\/\/thecoreplay.com\/wp-content\/uploads\/2025\/12\/Retro-Game-Stick-M15-PRO-768x768.jpg",768,768,true],"large":["https:\/\/thecoreplay.com\/wp-content\/uploads\/2025\/12\/Retro-Game-Stick-M15-PRO-1024x1024.jpg",1024,1024,true],"1536x1536":["https:\/\/thecoreplay.com\/wp-content\/uploads\/2025\/12\/Retro-Game-Stick-M15-PRO.jpg",1080,1080,false],"2048x2048":["https:\/\/thecoreplay.com\/wp-content\/uploads\/2025\/12\/Retro-Game-Stick-M15-PRO.jpg",1080,1080,false],"woocommerce_thumbnail":["https:\/\/thecoreplay.com\/wp-content\/uploads\/2025\/12\/Retro-Game-Stick-M15-PRO-300x300.jpg",300,300,true],"woocommerce_single":["https:\/\/thecoreplay.com\/wp-content\/uploads\/2025\/12\/Retro-Game-Stick-M15-PRO-600x600.jpg",600,600,true],"woocommerce_gallery_thumbnail":["https:\/\/thecoreplay.com\/wp-content\/uploads\/2025\/12\/Retro-Game-Stick-M15-PRO-100x100.jpg",100,100,true]},"uagb_author_info":{"display_name":"lluismayans83@gmail.com","author_link":"https:\/\/thecoreplay.com\/it\/author\/"},"uagb_comment_info":29,"uagb_excerpt":"La Retro Game Stick M15 PRO di TheCorePlay \u00e8 una console retro compatta e potente che ti permette di goderti pi\u00f9 di 20.000 giochi classici in alta definizione. La M15 PRO 4K Retro Game Stick \u00e8 progettata per il massimo comfort e divertimento, dotata di due controller wireless e uscita HDMI 4K 60fps, compatibile con&hellip;","_links":{"self":[{"href":"https:\/\/thecoreplay.com\/it\/wp-json\/wp\/v2\/product\/2366","targetHints":{"allow":["GET"]}}],"collection":[{"href":"https:\/\/thecoreplay.com\/it\/wp-json\/wp\/v2\/product"}],"about":[{"href":"https:\/\/thecoreplay.com\/it\/wp-json\/wp\/v2\/types\/product"}],"replies":[{"embeddable":true,"href":"https:\/\/thecoreplay.com\/it\/wp-json\/wp\/v2\/comments?post=2366"}],"wp:featuredmedia":[{"embeddable":true,"href":"https:\/\/thecoreplay.com\/it\/wp-json\/wp\/v2\/media\/2360"}],"wp:attachment":[{"href":"https:\/\/thecoreplay.com\/it\/wp-json\/wp\/v2\/media?parent=2366"}],"wp:term":[{"taxonomy":"product_brand","embeddable":true,"href":"https:\/\/thecoreplay.com\/it\/wp-json\/wp\/v2\/product_brand?post=2366"},{"taxonomy":"product_cat","embeddable":true,"href":"https:\/\/thecoreplay.com\/it\/wp-json\/wp\/v2\/product_cat?post=2366"},{"taxonomy":"product_tag","embeddable":true,"href":"https:\/\/thecoreplay.com\/it\/wp-json\/wp\/v2\/product_tag?post=2366"}],"curies":[{"name":"wp","href":"https:\/\/api.w.org\/{rel}","templated":true}]}}