{"id":2104,"date":"2025-12-16T16:22:54","date_gmt":"2025-12-16T16:22:54","guid":{"rendered":"https:\/\/thecoreplay.com\/?post_type=product&#038;p=2104"},"modified":"2026-02-19T15:10:50","modified_gmt":"2026-02-19T15:10:50","slug":"anbernic-rg40xx-h","status":"publish","type":"product","link":"https:\/\/thecoreplay.com\/it\/console-retro-portatili\/anbernic\/anbernic-rg40xx-h\/","title":{"rendered":"ANBERNIC RG40XX H"},"content":{"rendered":"<h2 data-start=\"267\" data-end=\"301\">Come scegliere l&#8217;opzione giusta?<\/h2>\n<p class=\"\" data-start=\"303\" data-end=\"445\">Innanzitutto, seleziona il tuo colore preferito: <strong>Grey<\/strong>, <strong>Blue<\/strong> o <strong>Black<\/strong>.<br data-start=\"373\" data-end=\"376\" \/>Quindi, scegli la capacit\u00e0 di archiviazione pi\u00f9 adatta a te:<\/p>\n<ul data-start=\"447\" data-end=\"596\">\n<li class=\"\" data-start=\"447\" data-end=\"495\"><strong>64 GB<\/strong> \u2013 Pi\u00f9 di <strong>5.000 giochi<\/strong> inclusi.<\/li>\n<li class=\"\" data-start=\"496\" data-end=\"545\"><strong>128 GB<\/strong> \u2013 Pi\u00f9 di <strong>8.000 giochi<\/strong> inclusi.<\/li>\n<li class=\"\" data-start=\"546\" data-end=\"596\"><strong>256 GB<\/strong> \u2013 Pi\u00f9 di <strong>11.000 giochi<\/strong> inclusi.<\/li>\n<\/ul>\n<p class=\"\" data-start=\"598\" data-end=\"658\">\u00c8 semplicissimo configurare la tua console portatile retr\u00f2 ideale!<\/p>\n<h2 data-start=\"155\" data-end=\"186\">\ud83d\udce6\ud83c\udfae Cosa c&#8217;\u00e8 nella confezione?<\/h2>\n<p class=\"\" data-start=\"188\" data-end=\"302\">Acquistando l&#8217;<strong>Anbernic RG40XX H<\/strong> su TheCorePlay, riceverai tutto il necessario per iniziare a giocare fin dal primo momento:<\/p>\n<ul data-start=\"304\" data-end=\"681\">\n<li class=\"\" data-start=\"304\" data-end=\"386\">\ud83c\udfae <strong>1x Console Portatile Retro RG40XX H<\/strong> (Colore a scelta: Grey, Blue o Black)<\/li>\n<li class=\"\" data-start=\"387\" data-end=\"473\">\ud83d\udcbe <strong>1x Scheda TF da 64GB, 128GB o 256GB<\/strong> (pre-installata con giochi retro classici)<\/li>\n<li class=\"\" data-start=\"474\" data-end=\"513\">\ud83d\udd0c <strong>1x Cavo di ricarica USB Type-C<\/strong><\/li>\n<li class=\"\" data-start=\"514\" data-end=\"587\">\ud83e\udde9 <strong>1x Scatola<\/strong><\/li>\n<li class=\"\" data-start=\"588\" data-end=\"681\">\ud83d\udcda <strong>1x Manuale Utente<\/strong> (per una configurazione semplice e senza problemi)<\/li>\n<\/ul>\n<p class=\"\" data-start=\"683\" data-end=\"783\">\u2705 Tutto perfettamente imballato per farti godere la tua esperienza retro dal primo minuto!<\/p>\n<hr class=\"\" data-start=\"660\" data-end=\"663\" \/>\n<h2 data-start=\"665\" data-end=\"691\">Caratteristiche del Prodotto \ud83c\udfae<\/h2>\n<p class=\"\" data-start=\"693\" data-end=\"972\">La nuova <strong>Anbernic RG40XX H<\/strong> \u00e8 disponibile in tre colori: <strong>Black<\/strong>, <strong>Grey<\/strong> e <strong>Blue<\/strong>.<br \/>\nQuesto modello potente e compatto <strong>supporta il sistema operativo Linux a 64 bit<\/strong>, offrendo un&#8217;esperienza di gioco fluida ed un&#8217;emulazione ottimizzata per i tuoi giochi retr\u00f2 preferiti.<\/p>\n<p><img decoding=\"async\" src=\"\/\/ae01.alicdn.com\/kf\/S882083897203496d877d9579cff1e986m.jpg\" alt=\"\" title=\"\"><\/p>\n<h2 data-start=\"127\" data-end=\"181\">\ud83d\udcfa Schermo di Alta Qualit\u00e0 e Visione Perfetta<\/h2>\n<p class=\"\" data-start=\"183\" data-end=\"591\">La <strong>console portatile RG40XX H<\/strong> \u00e8 dotata di uno <strong>schermo IPS da 4,0 pollici<\/strong> con angolo di visione totale e <strong>laminazione completa OCA<\/strong>, che garantisce una visualizzazione nitida senza riflessi.<br \/>\nLa sua <strong>risoluzione di 640 \u00d7 480 pixel<\/strong> offre <strong>immagini dettagliate e colori vivaci<\/strong> per un&#8217;esperienza di gioco pi\u00f9 immersiva, permettendoti di apprezzare ogni scena e dettaglio dei tuoi giochi retro preferiti.<\/p>\n<p><img decoding=\"async\" src=\"\/\/ae01.alicdn.com\/kf\/Sb6b80b2d65204e7b98899b9c079b5e53e.jpg\" alt=\"\" title=\"\"><\/p>\n<h2 data-start=\"92\" data-end=\"145\">\ud83d\udd79\ufe0f Prestazioni Potenti per un&#8217;Esperienza Fluida<\/h2>\n<p class=\"\" data-start=\"147\" data-end=\"493\">L&#8217;<strong>RG40XX H<\/strong> \u00e8 equipaggiata con un <strong>processore quad-core ARM Cortex-A53 H700<\/strong> a <strong>1,5GHz<\/strong>, abbinato a una <strong>GPU dual-core G31 MP2<\/strong> e <strong>1GB di RAM DDR4<\/strong>.<br \/>\nQuesta potente combinazione elimina i problemi di calo di frame, offrendo <strong>grafica mozzafiato<\/strong> e un&#8217;<strong>esperienza di gioco fluida<\/strong>.<\/p>\n<p><img decoding=\"async\" src=\"\/\/ae01.alicdn.com\/kf\/S21bd93ff77934994b34534ec0b8b76fc1.jpg\" alt=\"\" title=\"\"><\/p>\n<h2 data-start=\"133\" data-end=\"189\">\ud83c\udfae Migliaia di Giochi Inclusi e Supporto Emulatori<\/h2>\n<p class=\"\" data-start=\"191\" data-end=\"543\">La <strong>console RG40XX H<\/strong> viene fornita con una <strong>scheda TF da 64GB<\/strong> pre-installata, che include <strong>pi\u00f9 di 5.000 giochi classici<\/strong> pronti per essere giocati.<br \/>\nInoltre, <strong>supporta la doppia espansione TF<\/strong> fino a <strong>512GB<\/strong> ed \u00e8 <strong>compatibile con oltre 20 emulatori<\/strong> e giochi portati.<br \/>\n\ud83c\udf1f Puoi anche scaricare e aggiungere i tuoi giochi nei formati compatibili!<\/p>\n<hr class=\"\" data-start=\"545\" data-end=\"548\" \/>\n<h2 data-start=\"550\" data-end=\"605\">\ud83d\udd79\ufe0f Joystick ad Alta Precisione per un Controllo Ottimale<\/h2>\n<p class=\"\" data-start=\"607\" data-end=\"919\">Il <strong>joystick della RG40XX H<\/strong> \u00e8 progettato per offrire un <strong>controllo fluido ed estremamente preciso<\/strong>, permettendoti di giocare con <strong>accuratezza e comfort<\/strong>.<br \/>\n\u2728 Inoltre, la console ti permette di <strong>cercare giochi<\/strong>, <strong>visualizzare i giochi giocati di recente<\/strong> e <strong>salvare i tuoi preferiti<\/strong> per un accesso rapido.<\/p>\n<p><img decoding=\"async\" src=\"\/\/ae01.alicdn.com\/kf\/S2da50c1e40ac4eb19c1e5bdc04557377Y.jpg\" alt=\"\" title=\"\"><\/p>\n<h2 data-start=\"81\" data-end=\"115\">\ud83d\udccf Design Compatto e Ultraleggero<\/h2>\n<p class=\"\" data-start=\"117\" data-end=\"405\">La <strong>console RG40XX H<\/strong> misura <strong>16,3 cm di lunghezza \u00d7 7,9 cm di larghezza \u00d7 1,6 cm di altezza<\/strong> e pesa <strong>solo 208 grammi<\/strong>.<br \/>\n\ud83c\udf92 Grazie al suo <strong>design compatto e portatile<\/strong>, puoi <strong>portarla facilmente ovunque<\/strong> e goderti i tuoi giochi retro preferiti in movimento.<\/p>\n<p><img decoding=\"async\" src=\"\/\/ae01.alicdn.com\/kf\/S92737c3a05cc4a39aff57b251a6b3f82b.jpg\" alt=\"\" title=\"\"><\/p>\n<h2 data-start=\"70\" data-end=\"114\">\ud83c\udfa8 Joystick RGB con 16 Milioni di Colori<\/h2>\n<p class=\"\" data-start=\"116\" data-end=\"508\">L&#8217;<strong>RG40XX H<\/strong> \u00e8 dotata di un <strong>joystick retroilluminato RGB<\/strong> che offre <strong>pi\u00f9 di 16 milioni di colori<\/strong>.<br \/>\n\u2728 Supporta molteplici effetti come <strong>luce costante<\/strong>, <strong>effetto respiro<\/strong>, <strong>arcobaleno<\/strong>, <strong>marquee<\/strong>, <strong>effetto inseguimento<\/strong> e altro ancora.<br \/>\n\ud83c\udf9b\ufe0f Puoi anche <strong>personalizzare i colori<\/strong> e <strong>regolare la luminosit\u00e0<\/strong> per rendere la tua console unica mentre giochi.<\/p>\n<p><img decoding=\"async\" src=\"\/\/ae01.alicdn.com\/kf\/Sdd8cb82d77184fb080f0378eab3af5baB.jpg\" alt=\"\" title=\"\"><\/p>\n<h2 data-start=\"82\" data-end=\"124\">\ud83d\udcfa Collegala alla tua TV e Gioca in Grande!<\/h2>\n<p class=\"\" data-start=\"126\" data-end=\"463\">L&#8217;<strong>RG40XX H<\/strong> ti permette di <strong>collegarti alla televisione<\/strong> tramite <strong>uscita HDMI<\/strong> per goderti i tuoi giochi preferiti su un grande schermo.<br \/>\n\ud83c\udfae Supporta <strong>controller wireless 2.4G e cablati<\/strong>, <strong>gamepad Bluetooth<\/strong> e <strong>accoppiamento online tramite WiFi<\/strong>, offrendoti infinite opzioni per un&#8217;esperienza di gioco personalizzata.<\/p>\n<p class=\"\" data-start=\"465\" data-end=\"746\">\ud83d\ude80 Dispone di <strong>WiFi 2.4\/5G (802.11a\/b\/g\/n\/ac)<\/strong> e <strong>Bluetooth 4.2<\/strong>, consentendo il <strong>gioco online tra due console<\/strong>.<br \/>\n\ud83c\udf19 Compatibile con <strong>Moonlight Streaming<\/strong>! Puoi <strong>giocare ai tuoi titoli PC<\/strong> direttamente sulla tua console portatile retr\u00f2.<\/p>\n<p class=\"\" data-start=\"748\" data-end=\"840\">\ud83c\udfae Inoltre, ha un <strong>motore a vibrazione<\/strong> per rendere ogni partita pi\u00f9 intensa e realistica.<\/p>\n<p><img decoding=\"async\" src=\"\/\/ae01.alicdn.com\/kf\/S98f00879890e48f687374cd7a9fa8582U.jpg\" alt=\"\" title=\"\"><br \/>\n<img decoding=\"async\" src=\"\/\/ae01.alicdn.com\/kf\/S99690dfb94f640e98743e6bc9a8ab6cbp.jpg\" alt=\"\" title=\"\"><br \/>\n<img decoding=\"async\" src=\"\/\/ae01.alicdn.com\/kf\/S4b8b8cc690344af0ab919a89445e825dL.jpg\" alt=\"\" title=\"\"><\/p>\n<h2 data-start=\"100\" data-end=\"153\">\ud83d\udd0b Batteria a Lunga Durata per Avventure Infinite<\/h2>\n<p class=\"\" data-start=\"155\" data-end=\"409\">L&#8217;<strong>RG40XX H<\/strong> integra una <strong>batteria ai polimeri di litio da 3200mAh<\/strong>, che offre fino a <strong>6 ore di gioco ininterrotto<\/strong>.<br \/>\n\u2708\ufe0f Perfetta per <strong>lunghi viaggi<\/strong> o <strong>tempo libero<\/strong>, porta il divertimento con te senza preoccuparti di rimanere senza energia.<\/p>\n<p class=\"\" data-start=\"411\" data-end=\"546\">\u26a1 <strong>Ricarica rapida<\/strong> tramite <strong>caricatore Type-C (5V\/1.5A)<\/strong> e compatibile con <strong>caricatori C2C<\/strong>, per tornare in azione in pochissimo tempo.<\/p>\n<p><img decoding=\"async\" src=\"\/\/ae01.alicdn.com\/kf\/S01b84ccae4d340cbae27654b48a59447j.jpg\" alt=\"\" title=\"\"><\/p>\n<h2 data-start=\"101\" data-end=\"147\">\ud83d\udcfa\ud83c\udfb5\ud83d\udcda Molto Pi\u00f9 di una Semplice Console di Gioco!<\/h2>\n<p class=\"\" data-start=\"149\" data-end=\"253\">L&#8217;<strong>RG40XX H<\/strong> non \u00e8 solo una macchina da videogiochi; \u00e8 anche un <strong>centro multimediale portatile<\/strong>.<\/p>\n<ul data-start=\"255\" data-end=\"679\">\n<li class=\"\" data-start=\"255\" data-end=\"377\">\ud83c\udfac <strong>Riproduzione Video<\/strong>: Supporta formati come <code>wmv<\/code>, <code>avi<\/code>, <code>rmvb<\/code>, <code>flv<\/code>, <code>mp4<\/code>, <code>mkv<\/code> e altri.<\/li>\n<li class=\"\" data-start=\"378\" data-end=\"498\">\ud83c\udfb5 <strong>Ascolto Musica<\/strong>: Supporta <code>flac<\/code>, <code>mp3<\/code>, <code>wav<\/code>, <code>ape<\/code>, <code>ogg<\/code>, <code>wma<\/code>, <code>aac<\/code>, <code>m4a<\/code>, ecc.<\/li>\n<li class=\"\" data-start=\"499\" data-end=\"573\">\ud83d\udcc1 <strong>Gestione File<\/strong>: Gestisci facilmente i tuoi file con l&#8217;esplora risorse integrato.<\/li>\n<li class=\"\" data-start=\"574\" data-end=\"679\">\ud83d\udcd6 <strong>Lettore E-book<\/strong>: Leggi i tuoi preferiti in formato <code>txt<\/code> ovunque tu sia.<\/li>\n<\/ul>\n<p class=\"\" data-start=\"681\" data-end=\"731\">Tutto quello che ti serve nel palmo della tua mano! \ud83c\udfae\u2728<\/p>\n<p><img decoding=\"async\" src=\"\/\/ae01.alicdn.com\/kf\/S767639e9d5f74d129e01e264a3c5bb8aN.jpg\" alt=\"\" title=\"\"><br \/>\n<img decoding=\"async\" src=\"\/\/ae01.alicdn.com\/kf\/S6e3e02242f0644c5893131210181fcccQ.jpg\" alt=\"\" title=\"\"><\/p>\n","protected":false},"excerpt":{"rendered":"<p>Come scegliere l&#8217;opzione giusta? Innanzitutto, seleziona il tuo colore preferito: Grey, Blue o Black.Quindi, scegli la capacit\u00e0 di archiviazione pi\u00f9 adatta a te: 64 GB \u2013 Pi\u00f9 di 5.000 giochi inclusi. 128 GB \u2013 Pi\u00f9 di 8.000 giochi inclusi. 256 GB \u2013 Pi\u00f9 di 11.000 giochi inclusi. \u00c8 semplicissimo configurare la tua console portatile retr\u00f2 [&hellip;]<\/p>\n","protected":false},"featured_media":2098,"comment_status":"open","ping_status":"closed","template":"","meta":{"_uag_custom_page_level_css":"","site-sidebar-layout":"default","site-content-layout":"","ast-site-content-layout":"default","site-content-style":"default","site-sidebar-style":"default","ast-global-header-display":"","ast-banner-title-visibility":"","ast-main-header-display":"","ast-hfb-above-header-display":"","ast-hfb-below-header-display":"","ast-hfb-mobile-header-display":"","site-post-title":"","ast-breadcrumbs-content":"","ast-featured-img":"","footer-sml-layout":"","ast-disable-related-posts":"","theme-transparent-header-meta":"default","adv-header-id-meta":"","stick-header-meta":"","header-above-stick-meta":"","header-main-stick-meta":"","header-below-stick-meta":"","astra-migrate-meta-layouts":"set","ast-page-background-enabled":"default","ast-page-background-meta":{"desktop":{"background-color":"var(--ast-global-color-5)","background-image":"","background-repeat":"repeat","background-position":"center center","background-size":"auto","background-attachment":"scroll","background-type":"","background-media":"","overlay-type":"","overlay-color":"","overlay-opacity":"","overlay-gradient":""},"tablet":{"background-color":"","background-image":"","background-repeat":"repeat","background-position":"center center","background-size":"auto","background-attachment":"scroll","background-type":"","background-media":"","overlay-type":"","overlay-color":"","overlay-opacity":"","overlay-gradient":""},"mobile":{"background-color":"","background-image":"","background-repeat":"repeat","background-position":"center center","background-size":"auto","background-attachment":"scroll","background-type":"","background-media":"","overlay-type":"","overlay-color":"","overlay-opacity":"","overlay-gradient":""}},"ast-content-background-meta":{"desktop":{"background-color":"var(--ast-global-color-4)","background-image":"","background-repeat":"repeat","background-position":"center center","background-size":"auto","background-attachment":"scroll","background-type":"","background-media":"","overlay-type":"","overlay-color":"","overlay-opacity":"","overlay-gradient":""},"tablet":{"background-color":"var(--ast-global-color-4)","background-image":"","background-repeat":"repeat","background-position":"center center","background-size":"auto","background-attachment":"scroll","background-type":"","background-media":"","overlay-type":"","overlay-color":"","overlay-opacity":"","overlay-gradient":""},"mobile":{"background-color":"var(--ast-global-color-4)","background-image":"","background-repeat":"repeat","background-position":"center center","background-size":"auto","background-attachment":"scroll","background-type":"","background-media":"","overlay-type":"","overlay-color":"","overlay-opacity":"","overlay-gradient":""}}},"product_brand":[68],"product_cat":[505,506,486,485,488,489,490,492,493,496,499,498],"product_tag":[],"class_list":{"0":"post-2104","1":"product","2":"type-product","3":"status-publish","4":"has-post-thumbnail","6":"product_brand-rg40xx-h","7":"product_cat-console-retro-portatili","8":"product_cat-anbernic","9":"product_cat-arcade-systems","10":"product_cat-console-emulatore","11":"product_cat-game-boy-game-boy-color","12":"product_cat-game-boy-advance","13":"product_cat-nes","14":"product_cat-nintendo-64","15":"product_cat-nintendo-ds","16":"product_cat-playstation","17":"product_cat-sega-mega-drive-sega-genesis","18":"product_cat-snes","19":"desktop-align-center","20":"tablet-align-left","21":"mobile-align-left","23":"first","24":"instock","25":"sale","26":"shipping-taxable","27":"product-type-variable","28":"has-default-attributes"},"uagb_featured_image_src":{"full":["https:\/\/thecoreplay.com\/wp-content\/uploads\/2025\/12\/ANBERNIC-RG40XX-H.jpg",1080,1080,false],"thumbnail":["https:\/\/thecoreplay.com\/wp-content\/uploads\/2025\/12\/ANBERNIC-RG40XX-H-150x150.jpg",150,150,true],"medium":["https:\/\/thecoreplay.com\/wp-content\/uploads\/2025\/12\/ANBERNIC-RG40XX-H-300x300.jpg",300,300,true],"medium_large":["https:\/\/thecoreplay.com\/wp-content\/uploads\/2025\/12\/ANBERNIC-RG40XX-H-768x768.jpg",768,768,true],"large":["https:\/\/thecoreplay.com\/wp-content\/uploads\/2025\/12\/ANBERNIC-RG40XX-H-1024x1024.jpg",1024,1024,true],"1536x1536":["https:\/\/thecoreplay.com\/wp-content\/uploads\/2025\/12\/ANBERNIC-RG40XX-H.jpg",1080,1080,false],"2048x2048":["https:\/\/thecoreplay.com\/wp-content\/uploads\/2025\/12\/ANBERNIC-RG40XX-H.jpg",1080,1080,false],"woocommerce_thumbnail":["https:\/\/thecoreplay.com\/wp-content\/uploads\/2025\/12\/ANBERNIC-RG40XX-H-300x300.jpg",300,300,true],"woocommerce_single":["https:\/\/thecoreplay.com\/wp-content\/uploads\/2025\/12\/ANBERNIC-RG40XX-H-600x600.jpg",600,600,true],"woocommerce_gallery_thumbnail":["https:\/\/thecoreplay.com\/wp-content\/uploads\/2025\/12\/ANBERNIC-RG40XX-H-100x100.jpg",100,100,true]},"uagb_author_info":{"display_name":"lluismayans83@gmail.com","author_link":"https:\/\/thecoreplay.com\/it\/author\/"},"uagb_comment_info":57,"uagb_excerpt":"Come scegliere l&#8217;opzione giusta? Innanzitutto, seleziona il tuo colore preferito: Grey, Blue o Black.Quindi, scegli la capacit\u00e0 di archiviazione pi\u00f9 adatta a te: 64 GB \u2013 Pi\u00f9 di 5.000 giochi inclusi. 128 GB \u2013 Pi\u00f9 di 8.000 giochi inclusi. 256 GB \u2013 Pi\u00f9 di 11.000 giochi inclusi. \u00c8 semplicissimo configurare la tua console portatile retr\u00f2&hellip;","_links":{"self":[{"href":"https:\/\/thecoreplay.com\/it\/wp-json\/wp\/v2\/product\/2104","targetHints":{"allow":["GET"]}}],"collection":[{"href":"https:\/\/thecoreplay.com\/it\/wp-json\/wp\/v2\/product"}],"about":[{"href":"https:\/\/thecoreplay.com\/it\/wp-json\/wp\/v2\/types\/product"}],"replies":[{"embeddable":true,"href":"https:\/\/thecoreplay.com\/it\/wp-json\/wp\/v2\/comments?post=2104"}],"wp:featuredmedia":[{"embeddable":true,"href":"https:\/\/thecoreplay.com\/it\/wp-json\/wp\/v2\/media\/2098"}],"wp:attachment":[{"href":"https:\/\/thecoreplay.com\/it\/wp-json\/wp\/v2\/media?parent=2104"}],"wp:term":[{"taxonomy":"product_brand","embeddable":true,"href":"https:\/\/thecoreplay.com\/it\/wp-json\/wp\/v2\/product_brand?post=2104"},{"taxonomy":"product_cat","embeddable":true,"href":"https:\/\/thecoreplay.com\/it\/wp-json\/wp\/v2\/product_cat?post=2104"},{"taxonomy":"product_tag","embeddable":true,"href":"https:\/\/thecoreplay.com\/it\/wp-json\/wp\/v2\/product_tag?post=2104"}],"curies":[{"name":"wp","href":"https:\/\/api.w.org\/{rel}","templated":true}]}}