{"id":1952,"date":"2025-12-16T16:22:55","date_gmt":"2025-12-16T16:22:55","guid":{"rendered":"https:\/\/thecoreplay.com\/?post_type=product&#038;p=1952"},"modified":"2026-02-19T15:12:05","modified_gmt":"2026-02-19T15:12:05","slug":"miyoo-mini-plus","status":"publish","type":"product","link":"https:\/\/thecoreplay.com\/it\/console-retro-portatili\/miyoo\/miyoo-mini-plus\/","title":{"rendered":"MIYOO Mini Plus"},"content":{"rendered":"<div>\n<div>\n<div>\n<div>\n<h2 data-start=\"220\" data-end=\"270\">Specifiche Tecniche Miyoo Mini Plus<\/h2>\n<p class=\"\" data-start=\"272\" data-end=\"452\">La <strong>Miyoo Mini Plus<\/strong> di TheCorePlay si distingue per il suo design compatto, le prestazioni solide e un&#8217;esperienza retro ottimizzata per i giocatori pi\u00f9 esigenti. Ecco le sue specifiche principali:<\/p>\n<ul data-start=\"454\" data-end=\"1088\">\n<li class=\"\" data-start=\"454\" data-end=\"532\"><strong>Schermo<\/strong>: IPS da 3,5 pollici, con eccellente luminosit\u00e0 e angoli di visione.<\/li>\n<li class=\"\" data-start=\"533\" data-end=\"593\"><strong>Risoluzione<\/strong>: 640\u00d7480, ideale per i classici giochi retro.<\/li>\n<li class=\"\" data-start=\"594\" data-end=\"649\"><strong>Processore (CPU)<\/strong>: ARM Cortex-A7 Dual-Core 1.2GHz.<\/li>\n<li class=\"\" data-start=\"650\" data-end=\"675\"><strong>Memoria<\/strong>: 128MB RAM.<\/li>\n<li class=\"\" data-start=\"676\" data-end=\"707\"><strong>Sistema Operativo<\/strong>: Linux.<\/li>\n<li class=\"\" data-start=\"708\" data-end=\"803\"><strong>Memoria di archiviazione<\/strong>: Include scheda microSD da 32GB (versione base), espandibile fino a 128GB.<\/li>\n<li class=\"\" data-start=\"804\" data-end=\"854\"><strong>Connettivit\u00e0<\/strong>: Porta USB Type-C, jack da 3,5 mm.<\/li>\n<li class=\"\" data-start=\"855\" data-end=\"918\"><strong>Sensore<\/strong>: Motore a vibrazione integrato per un maggiore realismo.<\/li>\n<li class=\"\" data-start=\"919\" data-end=\"971\"><strong>Batteria<\/strong>: 3000 mAh, fino a 6 ore di autonomia.<\/li>\n<li class=\"\" data-start=\"972\" data-end=\"1029\"><strong>Colori Disponibili<\/strong>: Grey, White, Black e Purple.<\/li>\n<li class=\"\" data-start=\"1030\" data-end=\"1070\"><strong>Dimensioni<\/strong>: 108 \u00d7 78.5 \u00d7 22.3 mm.<\/li>\n<li class=\"\" data-start=\"1071\" data-end=\"1088\"><strong>Peso<\/strong>: 162g.<\/li>\n<\/ul>\n<h2 data-start=\"99\" data-end=\"130\">\ud83d\udce6 Cosa c&#8217;\u00e8 nella confezione?<\/h2>\n<p class=\"\" data-start=\"132\" data-end=\"306\">Acquistando la tua console portatile <strong>Miyoo Mini Plus<\/strong>, riceverai tutti gli accessori essenziali per iniziare a divertirti con i tuoi giochi retro preferiti fin dal primo momento:<\/p>\n<ul data-start=\"308\" data-end=\"554\">\n<li class=\"\" data-start=\"308\" data-end=\"340\">\ud83c\udfae <strong>Console Miyoo Mini Plus<\/strong><\/li>\n<li class=\"\" data-start=\"341\" data-end=\"399\">\ud83d\udcbe <strong>Scheda MicroSD (opzionale, a seconda della versione)<\/strong><\/li>\n<li class=\"\" data-start=\"400\" data-end=\"434\">\ud83d\udd0c <strong>Cavo di ricarica USB Type-C<\/strong><\/li>\n<li class=\"\" data-start=\"435\" data-end=\"461\">\ud83d\udcd8 <strong>Manuale utente<\/strong><\/li>\n<li class=\"\" data-start=\"462\" data-end=\"492\">\ud83e\uddfc <strong>Pellicola protettiva per lo schermo<\/strong><\/li>\n<li class=\"\" data-start=\"493\" data-end=\"524\">\ud83d\udcbb <strong>Lettore di schede USB<\/strong><\/li>\n<li class=\"\" data-start=\"525\" data-end=\"554\">\ud83c\udf81 <strong>Scatola di presentazione<\/strong><\/li>\n<\/ul>\n<p class=\"\" data-start=\"556\" data-end=\"699\">Compatta, pronta all&#8217;uso e perfettamente equipaggiata: l&#8217;ideale per chi cerca una console portatile retr\u00f2 che abbia tutto fin dal primo giorno.<\/p>\n<h2 data-start=\"171\" data-end=\"217\">\ud83c\udfae Quali giochi sono inclusi nella Miyoo Mini Plus?<\/h2>\n<p class=\"\" data-start=\"219\" data-end=\"386\">La <strong>Miyoo Mini Plus<\/strong> viene fornita con una scheda MicroSD (a seconda della versione) precaricata con <strong>migliaia di giochi retro classici<\/strong>. La <strong>Miyoo Mini Plus<\/strong> \u00e8 disponibile in diversi colori per adattarsi al tuo stile: <strong>Retro Grey<\/strong>, <strong>Crystal Purple<\/strong>, <strong>White<\/strong> e <strong>Crystal Black<\/strong>. Puoi acquistarla nelle versioni da <strong>64GB<\/strong>, che includono pi\u00f9 di <strong>15.000 giochi retro<\/strong>, o da <strong>128GB<\/strong>, che offrono un catalogo di oltre <strong>25.000 titoli classici<\/strong> pronti per essere giocati. Un vero gioiello del retrogaming nel palmo della tua mano!<\/p>\n<p>Tra questi, troverai titoli leggendari di:<\/p>\n<ul data-start=\"388\" data-end=\"700\">\n<li class=\"\">Super Mario, Donkey Kong, Zelda e Kirby (Nintendo)<\/li>\n<li class=\"\">Street Fighter, Metal Slug, Final Fantasy, Castlevania<\/li>\n<li class=\"\">Pok\u00e9mon Rosso, Verde, Giallo, Cristallo, Smeraldo, ecc.<\/li>\n<li class=\"\">Crash Bandicoot, Tekken, Resident Evil (PlayStation)<\/li>\n<li class=\"\">Golden Axe, Sonic, Mortal Kombat (SEGA)<\/li>\n<li class=\"\">Chrono Trigger, Mega Man, Tetris e molti altri<\/li>\n<\/ul>\n<p class=\"\" data-start=\"702\" data-end=\"826\">\ud83d\udd01 Inoltre, puoi <strong>aggiungere i tuoi giochi retro compatibili<\/strong> tramite la scheda MicroSD, ampliando ulteriormente il catalogo.<\/p>\n<hr class=\"\" data-start=\"828\" data-end=\"831\" \/>\n<h2 data-start=\"833\" data-end=\"880\">\ud83d\udd79\ufe0f Quali console emula la Miyoo Mini Plus?<\/h2>\n<p class=\"\" data-start=\"882\" data-end=\"1035\">Grazie al suo hardware potente e al sistema basato su Linux, la <strong>Miyoo Mini Plus<\/strong> \u00e8 in grado di emulare fluidamente pi\u00f9 di <strong>15 console retro<\/strong>, tra cui:<\/p>\n<ul data-start=\"1037\" data-end=\"1323\">\n<li class=\"\">\ud83e\uddf1 <strong><a href=\"https:\/\/thecoreplay.com\/it\/console-emulatore\/nes\/\">NES<\/a><\/strong>, <strong>Famicom<\/strong>, <strong><a href=\"https:\/\/thecoreplay.com\/it\/console-emulatore\/snes\/\">Super Nintendo (SNES)<\/a><\/strong><\/li>\n<li class=\"\">\ud83d\udc8e <strong><a href=\"https:\/\/thecoreplay.com\/it\/console-emulatore\/game-boy-game-boy-color\/\">Game Boy \/ Color<\/a><\/strong>, <strong><a href=\"https:\/\/thecoreplay.com\/it\/console-emulatore\/game-boy-advance\/\">Game Boy Advance<\/a><\/strong><\/li>\n<li class=\"\">\ud83c\udfae <strong><a href=\"https:\/\/thecoreplay.com\/it\/console-emulatore\/playstation\/\">PlayStation 1<\/a><\/strong><\/li>\n<li class=\"\">\ud83c\udf00 <strong>SEGA Genesis<\/strong>, <strong><a href=\"https:\/\/thecoreplay.com\/it\/console-emulatore\/sega-mega-drive-sega-genesis\/\">Mega Drive<\/a><\/strong>, <strong>Master System<\/strong><\/li>\n<li class=\"\">\ud83d\udd3a <strong>Neo Geo<\/strong>, <strong><a href=\"https:\/\/thecoreplay.com\/it\/console-emulatore\/arcade-systems\/\">MAME<\/a><\/strong>, <strong>CPS1\/CPS2<\/strong><\/li>\n<li class=\"\">\ud83c\udf10 <strong>WonderSwan<\/strong>, <strong>Atari<\/strong>, <strong>PC Engine<\/strong> e molte altre<\/li>\n<\/ul>\n<p class=\"\" data-start=\"1325\" data-end=\"1428\">Tutto in una console portatile ultra-leggera, ideale da tenere in tasca e giocare ovunque.<\/p>\n<p><img decoding=\"async\" src=\"\/\/ae01.alicdn.com\/kf\/Sfdc5523ff5c74bc8b4fadafffa96d9e8F.jpg\" alt=\"\" title=\"\"><img decoding=\"async\" src=\"\/\/ae01.alicdn.com\/kf\/S7e7cce77bf414ae7afa390b2cd531e58t.jpg\" alt=\"\" title=\"\"><img decoding=\"async\" src=\"\/\/ae01.alicdn.com\/kf\/S4f9a3e566e9a4902bd11cf31fe5b0b94G.jpg\" alt=\"\" title=\"\"><img decoding=\"async\" src=\"\/\/ae01.alicdn.com\/kf\/S9c6c9ecd49544dbaa93a6abf7251f44e7.jpg\" alt=\"\" title=\"\"><img decoding=\"async\" src=\"\/\/ae01.alicdn.com\/kf\/Se41fa487ac8148218dabe75e75830a55C.jpg\" alt=\"\" title=\"\"><img decoding=\"async\" src=\"\/\/ae01.alicdn.com\/kf\/S1cfd6f5b47ad491382c86a2238e49d15W.jpg\" alt=\"\" title=\"\"><img decoding=\"async\" src=\"\/\/ae01.alicdn.com\/kf\/Sa35f138877244a198a0e2c327ab47540g.jpg\" alt=\"\" title=\"\"><img decoding=\"async\" src=\"\/\/ae01.alicdn.com\/kf\/S8a2bf58a41b5436a989cb3edca1164488.jpg\" alt=\"\" title=\"\"><img decoding=\"async\" src=\"\/\/ae01.alicdn.com\/kf\/S69eab41223214772bd600a1b922ae384V.jpg\" alt=\"\" title=\"\"><\/p>\n<\/div>\n<div><img decoding=\"async\" src=\"\/\/ae01.alicdn.com\/kf\/S8a8b56790c1a47b7a8d2dac9e9f68d75A.jpg\" alt=\"\" title=\"\"><\/div>\n<\/div>\n<\/div>\n<\/div>\n","protected":false},"excerpt":{"rendered":"<p>Specifiche Tecniche Miyoo Mini Plus La Miyoo Mini Plus di TheCorePlay si distingue per il suo design compatto, le prestazioni solide e un&#8217;esperienza retro ottimizzata per i giocatori pi\u00f9 esigenti. Ecco le sue specifiche principali: Schermo: IPS da 3,5 pollici, con eccellente luminosit\u00e0 e angoli di visione. Risoluzione: 640\u00d7480, ideale per i classici giochi retro. [&hellip;]<\/p>\n","protected":false},"featured_media":1946,"comment_status":"open","ping_status":"closed","template":"","meta":{"_uag_custom_page_level_css":"","site-sidebar-layout":"default","site-content-layout":"","ast-site-content-layout":"default","site-content-style":"default","site-sidebar-style":"default","ast-global-header-display":"","ast-banner-title-visibility":"","ast-main-header-display":"","ast-hfb-above-header-display":"","ast-hfb-below-header-display":"","ast-hfb-mobile-header-display":"","site-post-title":"","ast-breadcrumbs-content":"","ast-featured-img":"","footer-sml-layout":"","ast-disable-related-posts":"","theme-transparent-header-meta":"default","adv-header-id-meta":"","stick-header-meta":"","header-above-stick-meta":"","header-main-stick-meta":"","header-below-stick-meta":"","astra-migrate-meta-layouts":"set","ast-page-background-enabled":"default","ast-page-background-meta":{"desktop":{"background-color":"var(--ast-global-color-5)","background-image":"","background-repeat":"repeat","background-position":"center center","background-size":"auto","background-attachment":"scroll","background-type":"","background-media":"","overlay-type":"","overlay-color":"","overlay-opacity":"","overlay-gradient":""},"tablet":{"background-color":"","background-image":"","background-repeat":"repeat","background-position":"center center","background-size":"auto","background-attachment":"scroll","background-type":"","background-media":"","overlay-type":"","overlay-color":"","overlay-opacity":"","overlay-gradient":""},"mobile":{"background-color":"","background-image":"","background-repeat":"repeat","background-position":"center center","background-size":"auto","background-attachment":"scroll","background-type":"","background-media":"","overlay-type":"","overlay-color":"","overlay-opacity":"","overlay-gradient":""}},"ast-content-background-meta":{"desktop":{"background-color":"var(--ast-global-color-4)","background-image":"","background-repeat":"repeat","background-position":"center center","background-size":"auto","background-attachment":"scroll","background-type":"","background-media":"","overlay-type":"","overlay-color":"","overlay-opacity":"","overlay-gradient":""},"tablet":{"background-color":"var(--ast-global-color-4)","background-image":"","background-repeat":"repeat","background-position":"center center","background-size":"auto","background-attachment":"scroll","background-type":"","background-media":"","overlay-type":"","overlay-color":"","overlay-opacity":"","overlay-gradient":""},"mobile":{"background-color":"var(--ast-global-color-4)","background-image":"","background-repeat":"repeat","background-position":"center center","background-size":"auto","background-attachment":"scroll","background-type":"","background-media":"","overlay-type":"","overlay-color":"","overlay-opacity":"","overlay-gradient":""}}},"product_brand":[76],"product_cat":[505,486,485,488,489,507,490,493,496,499,498],"product_tag":[],"class_list":{"0":"post-1952","1":"product","2":"type-product","3":"status-publish","4":"has-post-thumbnail","6":"product_brand-miyoo-mini-plus","7":"product_cat-console-retro-portatili","8":"product_cat-arcade-systems","9":"product_cat-console-emulatore","10":"product_cat-game-boy-game-boy-color","11":"product_cat-game-boy-advance","12":"product_cat-miyoo","13":"product_cat-nes","14":"product_cat-nintendo-ds","15":"product_cat-playstation","16":"product_cat-sega-mega-drive-sega-genesis","17":"product_cat-snes","18":"desktop-align-center","19":"tablet-align-left","20":"mobile-align-left","22":"first","23":"instock","24":"sale","25":"shipping-taxable","26":"product-type-variable","27":"has-default-attributes"},"uagb_featured_image_src":{"full":["https:\/\/thecoreplay.com\/wp-content\/uploads\/2025\/12\/MIYOO-Mini-Plus.jpg",1080,1080,false],"thumbnail":["https:\/\/thecoreplay.com\/wp-content\/uploads\/2025\/12\/MIYOO-Mini-Plus-150x150.jpg",150,150,true],"medium":["https:\/\/thecoreplay.com\/wp-content\/uploads\/2025\/12\/MIYOO-Mini-Plus-300x300.jpg",300,300,true],"medium_large":["https:\/\/thecoreplay.com\/wp-content\/uploads\/2025\/12\/MIYOO-Mini-Plus-768x768.jpg",768,768,true],"large":["https:\/\/thecoreplay.com\/wp-content\/uploads\/2025\/12\/MIYOO-Mini-Plus-1024x1024.jpg",1024,1024,true],"1536x1536":["https:\/\/thecoreplay.com\/wp-content\/uploads\/2025\/12\/MIYOO-Mini-Plus.jpg",1080,1080,false],"2048x2048":["https:\/\/thecoreplay.com\/wp-content\/uploads\/2025\/12\/MIYOO-Mini-Plus.jpg",1080,1080,false],"woocommerce_thumbnail":["https:\/\/thecoreplay.com\/wp-content\/uploads\/2025\/12\/MIYOO-Mini-Plus-300x300.jpg",300,300,true],"woocommerce_single":["https:\/\/thecoreplay.com\/wp-content\/uploads\/2025\/12\/MIYOO-Mini-Plus-600x600.jpg",600,600,true],"woocommerce_gallery_thumbnail":["https:\/\/thecoreplay.com\/wp-content\/uploads\/2025\/12\/MIYOO-Mini-Plus-100x100.jpg",100,100,true]},"uagb_author_info":{"display_name":"lluismayans83@gmail.com","author_link":"https:\/\/thecoreplay.com\/it\/author\/"},"uagb_comment_info":51,"uagb_excerpt":"Specifiche Tecniche Miyoo Mini Plus La Miyoo Mini Plus di TheCorePlay si distingue per il suo design compatto, le prestazioni solide e un&#8217;esperienza retro ottimizzata per i giocatori pi\u00f9 esigenti. Ecco le sue specifiche principali: Schermo: IPS da 3,5 pollici, con eccellente luminosit\u00e0 e angoli di visione. Risoluzione: 640\u00d7480, ideale per i classici giochi retro.&hellip;","_links":{"self":[{"href":"https:\/\/thecoreplay.com\/it\/wp-json\/wp\/v2\/product\/1952","targetHints":{"allow":["GET"]}}],"collection":[{"href":"https:\/\/thecoreplay.com\/it\/wp-json\/wp\/v2\/product"}],"about":[{"href":"https:\/\/thecoreplay.com\/it\/wp-json\/wp\/v2\/types\/product"}],"replies":[{"embeddable":true,"href":"https:\/\/thecoreplay.com\/it\/wp-json\/wp\/v2\/comments?post=1952"}],"wp:featuredmedia":[{"embeddable":true,"href":"https:\/\/thecoreplay.com\/it\/wp-json\/wp\/v2\/media\/1946"}],"wp:attachment":[{"href":"https:\/\/thecoreplay.com\/it\/wp-json\/wp\/v2\/media?parent=1952"}],"wp:term":[{"taxonomy":"product_brand","embeddable":true,"href":"https:\/\/thecoreplay.com\/it\/wp-json\/wp\/v2\/product_brand?post=1952"},{"taxonomy":"product_cat","embeddable":true,"href":"https:\/\/thecoreplay.com\/it\/wp-json\/wp\/v2\/product_cat?post=1952"},{"taxonomy":"product_tag","embeddable":true,"href":"https:\/\/thecoreplay.com\/it\/wp-json\/wp\/v2\/product_tag?post=1952"}],"curies":[{"name":"wp","href":"https:\/\/api.w.org\/{rel}","templated":true}]}}