{"id":1880,"date":"2025-12-17T12:04:08","date_gmt":"2025-12-17T12:04:08","guid":{"rendered":"https:\/\/thecoreplay.com\/?page_id=1880"},"modified":"2026-01-29T18:45:43","modified_gmt":"2026-01-29T18:45:43","slug":"condizioni-di-servizio","status":"publish","type":"page","link":"https:\/\/thecoreplay.com\/it\/condizioni-di-servizio\/","title":{"rendered":"Condizioni di servizio"},"content":{"rendered":"\n<h3 class=\"wp-block-heading\">PANORAMICA<\/h3>\n\n\n\n<p>Questo sito web \u00e8 gestito da <strong>TheCorePlay<\/strong>. All&#8217;interno del sito, i termini &#8220;noi&#8221;, &#8220;ci&#8221; e &#8220;nostro&#8221; si riferiscono a TheCorePlay. TheCorePlay offre questo sito web, comprese tutte le informazioni, gli strumenti e i servizi disponibili da questo sito per l&#8217;utente, a condizione che l&#8217;utente accetti tutti i termini, le condizioni, le politiche e le comunicazioni qui indicati.<\/p>\n\n\n\n<p>Visitando il nostro sito e\/o acquistando qualcosa da noi, l&#8217;utente usufruisce del nostro &#8220;Servizio&#8221; e accetta di essere vincolato dai seguenti termini e condizioni (&#8220;Termini di Servizio&#8221;, &#8220;Termini&#8221;), inclusi i termini, le condizioni e le politiche aggiuntive citati nel presente documento e\/o disponibili tramite collegamento ipertestuale. I presenti Termini di Servizio si applicano a tutti gli utenti del sito.<\/p>\n\n\n\n<p>Si prega di leggere attentamente i presenti Termini di Servizio prima di accedere o utilizzare il nostro sito web. Accedendo o utilizzando qualsiasi parte del sito, l&#8217;utente accetta di essere vincolato dai presenti Termini di Servizio.<\/p>\n\n\n\n<p>Il nostro negozio \u00e8 basato su <strong>WordPress<\/strong> e utilizza <strong>WooCommerce<\/strong> come piattaforma di e-commerce. L&#8217;hosting del sito web \u00e8 fornito da <strong>Hostinger<\/strong>, che ci consente di offrire i nostri prodotti e servizi online in modo sicuro ed efficiente.<\/p>\n\n\n\n<hr class=\"wp-block-separator has-alpha-channel-opacity\"\/>\n\n\n\n<h3 class=\"wp-block-heading\">SEZIONE 1 &#8211; TERMINI DEL NEGOZIO ONLINE<\/h3>\n\n\n\n<p>Accettando i presenti Termini di Servizio, l&#8217;utente dichiara di essere almeno maggiorenne nel proprio stato o provincia di residenza. L&#8217;utente non pu\u00f2 utilizzare i nostri prodotti per scopi illegali o non autorizzati, n\u00e9 pu\u00f2, nell&#8217;uso del Servizio, violare alcuna legge della propria giurisdizione (incluse, a titolo esemplificativo, le leggi sul copyright). La violazione di uno qualsiasi dei Termini comporter\u00e0 l&#8217;immediata cessazione dei Servizi.<\/p>\n\n\n\n<h3 class=\"wp-block-heading\">SEZIONE 2 &#8211; CONDIZIONI GENERALI<\/h3>\n\n\n\n<p>Ci riserviamo il diritto di rifiutare il servizio a chiunque, per qualsiasi motivo e in qualsiasi momento. L&#8217;utente \u00e8 consapevole che i propri contenuti (esclusi i dati della carta di credito) possono essere trasferiti in chiaro e comportare (a) trasmissioni su varie reti; e (b) modifiche per conformarsi ai requisiti tecnici delle reti o dei dispositivi di connessione. I dati delle carte di credito sono sempre criptati durante il trasferimento su rete.<\/p>\n\n\n\n<h3 class=\"wp-block-heading\">SEZIONE 3 &#8211; ACCURATEZZA, COMPLETEZZA E TEMPESTIVIT\u00c0 DELLE INFORMAZIONI<\/h3>\n\n\n\n<p>Non siamo responsabili se le informazioni rese disponibili su questo sito non sono accurate, complete o aggiornate. Il materiale contenuto in questo sito \u00e8 fornito solo a scopo informativo generale e non deve essere considerato come l&#8217;unica base per prendere decisioni senza consultare fonti di informazione primarie.<\/p>\n\n\n\n<h3 class=\"wp-block-heading\">SEZIONE 4 &#8211; MODIFICHE AL SERVIZIO E AI PREZZI<sup><\/sup><\/h3>\n\n\n\n<p>I prezzi dei nostri prodotti sono soggetti a modifiche senza preavviso. Ci riserviamo il diritto di modificare o interrompere il Servizio (o qualsiasi sua parte o cont<sup><\/sup>enuto) in qualsiasi momento senza preavviso.<\/p>\n\n\n\n<h3 class=\"wp-block-heading\">SEZIONE 5 &#8211; PRODOTTI O SERVIZI<\/h3>\n\n\n\n<p>Alcuni prodotti o servizi possono essere disponibili esclusivamente online attraverso il sito web. Questi prodotti possono avere quantit\u00e0 limitate e sono soggetti a reso o cambio solo in base alla nostra <strong>Politica di Reso<\/strong>. Abbiamo fatto ogni sforzo per visualizzare il pi\u00f9 accuratamente possibile i colori e le immagini dei nostri prodotti; tuttavia, non possiamo garantire che la visualizzazione dei colori sul monitor dell&#8217;utente sia accurata.<\/p>\n\n\n\n<h3 class=\"wp-block-heading\">SEZIONE 6 &#8211; ACCURATEZZA DELLA FATTURAZIONE E DELLE INFORMAZIONI SULL&#8217;ACCOUNT<\/h3>\n\n\n\n<p>Ci riserviamo il diritto di rifiutare qualsiasi ordine effettuato. Possiamo, a nostra esclusiva discrezione, limitare o annullare le quantit\u00e0 acquistate per persona, per nucleo familiare o per ordine. L&#8217;utente accetta di fornire informazioni sull&#8217;acquisto e sull&#8217;account aggiornate, complete e accurate per tutti gli acquisti effettuati nel nostro negozio.<\/p>\n\n\n\n<h3 class=\"wp-block-heading\">SEZIONE 7 &#8211; STRUMENTI OPZIONALI<\/h3>\n\n\n\n<p>Potremmo fornire all&#8217;utente l&#8217;accesso a strumenti di terze parti sui quali non monitoriamo n\u00e9 abbiamo alcun controllo. L&#8217;utente riconosce e accetta che forniamo l&#8217;accesso a tali strumenti &#8220;cos\u00ec come sono&#8221; e &#8220;come disponibili&#8221;.<\/p>\n\n\n\n<h3 class=\"wp-block-heading\">SEZIONE 8 &#8211; LINK DI TERZE PARTI<\/h3>\n\n\n\n<p>Alcuni contenuti, prodotti e servizi disponibili tramite il nostro Servizio possono includere materiali di terze parti. I link di terze parti su questo sito possono indirizzare l&#8217;utente a siti web di terze parti non affiliati con noi.<\/p>\n\n\n\n<h3 class=\"wp-block-heading\">SEZIONE 9 &#8211; COMMENTI DEGLI UTENTI, FEEDBACK E ALTRE SOTTOMISSIONI<\/h3>\n\n\n\n<p>Se, su nostra richiesta o senza di essa, l&#8217;utente invia idee creative, suggerimenti, proposte o altri materiali, l&#8217;utente accetta che possiamo, in qualsiasi momento e senza restrizioni, modificare, copiare, pubblicare e distribuire tali commenti.<\/p>\n\n\n\n<h3 class=\"wp-block-heading\">SEZIONE 10 &#8211; INFORMAZIONI PERSONALI<sup><\/sup><\/h3>\n\n\n\n<p>L&#8217;invio di informazioni personali attraverso il negozio \u00e8 regolato dalla nostra <strong>Informativa sulla Privacy<\/strong>.<sup><\/sup><\/p>\n\n\n\n<h3 class=\"wp-block-heading\">SEZIONE 11 &#8211; ERRORI, INESATTEZZE E OMISSIONI<sup><\/sup><\/h3>\n\n\n\n<p>Occasionalmente possono esse<sup><\/sup>rci informazioni sul nostro sito o nel Servizio che contengono errori tipografici, inesattezze o omissioni riguardanti descrizioni dei prodotti, prezzi, promozioni, spese di spedizione e disponibilit\u00e0. Ci riserviamo il diritto di correggere eventuali errori senza preavviso.<\/p>\n\n\n\n<h3 class=\"wp-block-heading\">SEZIONE 12 &#8211; USI VIETATI<\/h3>\n\n\n\n<p>Oltre agli altri divieti stabiliti nei Termini di Servizio, \u00e8 vietato utilizzare il sito o il suo contenuto: (a) per scopi illegali; (b) per sollecitare altri a compiere atti illegali; (c) per violare normative internazionali, federali, provinciali o statali; (d) per violare i nostri diritti di propriet\u00e0 intellettuale; (e) per molestare, abusare o discriminare.<\/p>\n\n\n\n<h3 class=\"wp-block-heading\">SEZIONE 13 &#8211; ESCLUSIONE DI GARANZIE; LIMITAZIONE DI RESPONSABILIT\u00c0<\/h3>\n\n\n\n<p>Non garantiamo che l&#8217;uso del nostro servizio sar\u00e0 ininterrotto, tempestivo, sicuro o privo di errori. In nessun caso <strong>TheCorePlay<\/strong>, i nostri direttori o dipendenti saranno responsabili per qualsiasi danno diretto, indiretto o incidentale derivante dall&#8217;uso del servizio o di qualsiasi prodotto acquistato.<\/p>\n\n\n\n<h3 class=\"wp-block-heading\">SEZIONE 14 &#8211; INDENNIZZO<\/h3>\n\n\n\n<p>L&#8217;utente accetta di indennizzare e tenere indenne TheCorePlay e le sue affiliate da qualsiasi reclamo o richiesta, incluse le ragionevoli spese legali, avanzate da terze parti a causa della violazione dei presenti Termini di Servizio.<\/p>\n\n\n\n<h3 class=\"wp-block-heading\">SEZIONE 15 &#8211; SEPARABILIT\u00c0<\/h3>\n\n\n\n<p>Nel caso in cui una qualsiasi disposizione dei presenti Termini di Servizio sia giudicata illegale, nulla o inapplicabile, tale disposizione sar\u00e0 comunque applicabile nella misura massima consentita dalla legge vigente.<\/p>\n\n\n\n<h3 class=\"wp-block-heading\">SEZIONE 16 &#8211; RISOLUZIONE<\/h3>\n\n\n\n<p>I presenti Termini di Servizio sono efficaci fino alla risoluzione da parte dell&#8217;utente o da parte nostra. L&#8217;utente pu\u00f2 risolvere i presenti Termini di Servizio in qualsiasi momento comunicandoci che non desidera pi\u00f9 utilizzare i nostri Servizi.<\/p>\n\n\n\n<h3 class=\"wp-block-heading\">SEZIONE 17 &#8211; INTERO ACCORDO<\/h3>\n\n\n\n<p>I presenti Termini di Servizio e le politiche pubblicate da noi su questo sito costituiscono l&#8217;intero accordo e intesa tra l&#8217;utente e noi e regolano l&#8217;uso del Servizio da parte dell&#8217;utente.<\/p>\n\n\n\n<h3 class=\"wp-block-heading\">SEZIONE 18 &#8211; LEGGE APPLICABILE<\/h3>\n\n\n\n<p>I presenti Termini di Servizio e ogni accordo separato in base al quale vi forniamo i Servizi saranno regolati e interpretati in conformit\u00e0 con le <strong>leggi della Spagna<\/strong>. Qualsiasi controversia sar\u00e0 soggetta alla giurisdizione dei tribunali di <strong>Formentera, Isole Baleari<\/strong>.<\/p>\n\n\n\n<h3 class=\"wp-block-heading\">SEZIONE 19 &#8211; MODIFICHE AI TERMINI DI SERVIZIO<\/h3>\n\n\n\n<p>\u00c8 possibile consultare la versione pi\u00f9 aggiornata dei Termini di Servizio in qualsiasi momento su questa pagina. Ci riserviamo il diritto di aggiornare, modificare o sostituire qualsiasi parte dei presenti Termini pubblicando aggiornamenti sul nostro sito.<\/p>\n\n\n\n<h3 class=\"wp-block-heading\">SEZIONE 20 &#8211; INFORMAZIONI DI CONTATTO<\/h3>\n\n\n\n<p>Le domande relative ai Termini di Servizio devono essere inviate a <strong>info@thecoreplay.com<\/strong>.<\/p>\n","protected":false},"excerpt":{"rendered":"<p>PANORAMICA Questo sito web \u00e8 gestito da TheCorePlay. All&#8217;interno del sito, i termini &#8220;noi&#8221;, &#8220;ci&#8221; e &#8220;nostro&#8221; si riferiscono a TheCorePlay. TheCorePlay offre questo sito web, comprese tutte le informazioni, gli strumenti e i servizi disponibili da questo sito per l&#8217;utente, a condizione che l&#8217;utente accetti tutti i termini, le condizioni, le politiche e le [&hellip;]<\/p>\n","protected":false},"author":1,"featured_media":0,"parent":0,"menu_order":0,"comment_status":"closed","ping_status":"closed","template":"","meta":{"_uag_custom_page_level_css":"","site-sidebar-layout":"default","site-content-layout":"","ast-site-content-layout":"default","site-content-style":"default","site-sidebar-style":"default","ast-global-header-display":"","ast-banner-title-visibility":"","ast-main-header-display":"","ast-hfb-above-header-display":"","ast-hfb-below-header-display":"","ast-hfb-mobile-header-display":"","site-post-title":"","ast-breadcrumbs-content":"","ast-featured-img":"","footer-sml-layout":"","ast-disable-related-posts":"","theme-transparent-header-meta":"","adv-header-id-meta":"","stick-header-meta":"","header-above-stick-meta":"","header-main-stick-meta":"","header-below-stick-meta":"","astra-migrate-meta-layouts":"default","ast-page-background-enabled":"default","ast-page-background-meta":{"desktop":{"background-color":"var(--ast-global-color-5)","background-image":"","background-repeat":"repeat","background-position":"center center","background-size":"auto","background-attachment":"scroll","background-type":"","background-media":"","overlay-type":"","overlay-color":"","overlay-opacity":"","overlay-gradient":""},"tablet":{"background-color":"","background-image":"","background-repeat":"repeat","background-position":"center center","background-size":"auto","background-attachment":"scroll","background-type":"","background-media":"","overlay-type":"","overlay-color":"","overlay-opacity":"","overlay-gradient":""},"mobile":{"background-color":"","background-image":"","background-repeat":"repeat","background-position":"center center","background-size":"auto","background-attachment":"scroll","background-type":"","background-media":"","overlay-type":"","overlay-color":"","overlay-opacity":"","overlay-gradient":""}},"ast-content-background-meta":{"desktop":{"background-color":"var(--ast-global-color-4)","background-image":"","background-repeat":"repeat","background-position":"center center","background-size":"auto","background-attachment":"scroll","background-type":"","background-media":"","overlay-type":"","overlay-color":"","overlay-opacity":"","overlay-gradient":""},"tablet":{"background-color":"var(--ast-global-color-4)","background-image":"","background-repeat":"repeat","background-position":"center center","background-size":"auto","background-attachment":"scroll","background-type":"","background-media":"","overlay-type":"","overlay-color":"","overlay-opacity":"","overlay-gradient":""},"mobile":{"background-color":"var(--ast-global-color-4)","background-image":"","background-repeat":"repeat","background-position":"center center","background-size":"auto","background-attachment":"scroll","background-type":"","background-media":"","overlay-type":"","overlay-color":"","overlay-opacity":"","overlay-gradient":""}},"footnotes":""},"class_list":["post-1880","page","type-page","status-publish","hentry"],"_hostinger_reach_plugin_has_subscription_block":false,"_hostinger_reach_plugin_is_elementor":false,"uagb_featured_image_src":{"full":false,"thumbnail":false,"medium":false,"medium_large":false,"large":false,"1536x1536":false,"2048x2048":false,"woocommerce_thumbnail":false,"woocommerce_single":false,"woocommerce_gallery_thumbnail":false},"uagb_author_info":{"display_name":"lluismayans83@gmail.com","author_link":"https:\/\/thecoreplay.com\/it\/author\/lluismayans83gmail-com\/"},"uagb_comment_info":0,"uagb_excerpt":"PANORAMICA Questo sito web \u00e8 gestito da TheCorePlay. All&#8217;interno del sito, i termini &#8220;noi&#8221;, &#8220;ci&#8221; e &#8220;nostro&#8221; si riferiscono a TheCorePlay. TheCorePlay offre questo sito web, comprese tutte le informazioni, gli strumenti e i servizi disponibili da questo sito per l&#8217;utente, a condizione che l&#8217;utente accetti tutti i termini, le condizioni, le politiche e le&hellip;","_links":{"self":[{"href":"https:\/\/thecoreplay.com\/it\/wp-json\/wp\/v2\/pages\/1880","targetHints":{"allow":["GET"]}}],"collection":[{"href":"https:\/\/thecoreplay.com\/it\/wp-json\/wp\/v2\/pages"}],"about":[{"href":"https:\/\/thecoreplay.com\/it\/wp-json\/wp\/v2\/types\/page"}],"author":[{"embeddable":true,"href":"https:\/\/thecoreplay.com\/it\/wp-json\/wp\/v2\/users\/1"}],"replies":[{"embeddable":true,"href":"https:\/\/thecoreplay.com\/it\/wp-json\/wp\/v2\/comments?post=1880"}],"version-history":[{"count":1,"href":"https:\/\/thecoreplay.com\/it\/wp-json\/wp\/v2\/pages\/1880\/revisions"}],"predecessor-version":[{"id":1881,"href":"https:\/\/thecoreplay.com\/it\/wp-json\/wp\/v2\/pages\/1880\/revisions\/1881"}],"wp:attachment":[{"href":"https:\/\/thecoreplay.com\/it\/wp-json\/wp\/v2\/media?parent=1880"}],"curies":[{"name":"wp","href":"https:\/\/api.w.org\/{rel}","templated":true}]}}