{"id":1876,"date":"2025-12-17T11:50:37","date_gmt":"2025-12-17T11:50:37","guid":{"rendered":"https:\/\/thecoreplay.com\/?page_id=1876"},"modified":"2026-01-29T18:42:41","modified_gmt":"2026-01-29T18:42:41","slug":"politica-di-rimborso-e-resi","status":"publish","type":"page","link":"https:\/\/thecoreplay.com\/it\/politica-di-rimborso-e-resi\/","title":{"rendered":"Politica di rimborso e resi"},"content":{"rendered":"\n<h1 class=\"wp-block-heading\">RESI E RIMBORSI<\/h1>\n\n\n\n<p>La nostra politica dura <strong>30 giorni<\/strong>. Se sono trascorsi 30 giorni dall&#8217;acquisto, purtroppo non possiamo offrirti un rimborso o un cambio.<\/p>\n\n\n\n<p>Per essere idoneo al reso, l&#8217;articolo deve essere inutilizzato e nelle stesse condizioni in cui lo hai ricevuto. Deve inoltre essere nella confezione originale.<\/p>\n\n\n\n<p>Diverse tipologie di beni sono esenti dal reso. I beni deperibili come cibo, fiori, giornali o riviste non possono essere restituiti. Inoltre, non accettiamo prodotti intimi o sanitari, materiali pericolosi o liquidi e gas infiammabili.<\/p>\n\n\n\n<p><strong>Ulteriori articoli non restituibili:<\/strong><\/p>\n\n\n\n<ul class=\"wp-block-list\">\n<li>Buoni regalo (Gift cards).<\/li>\n\n\n\n<li>Prodotti software scaricabili.<\/li>\n\n\n\n<li>Alcuni articoli per la salute e la cura della persona.<\/li>\n<\/ul>\n\n\n\n<p>Per completare il reso, richiediamo una ricevuta o una prova d&#8217;acquisto. Si prega di <strong>non<\/strong> rispedire l&#8217;acquisto al produttore.<\/p>\n\n\n\n<p>In determinate situazioni vengono concessi solo <strong>rimborsi parziali<\/strong> (se applicabile):<\/p>\n\n\n\n<ul class=\"wp-block-list\">\n<li>Qualsiasi libro con evidenti segni di utilizzo.<\/li>\n\n\n\n<li>CD, DVD, nastri VHS, software, videogiochi, cassette o dischi in vinile che siano stati aperti.<\/li>\n\n\n\n<li>Qualsiasi articolo non nelle sue condizioni originali, danneggiato o con parti mancanti per cause non dovute a un nostro errore.<\/li>\n\n\n\n<li>Qualsiasi articolo restituito pi\u00f9 di 30 giorni dopo la consegna.<\/li>\n<\/ul>\n\n\n\n<h2 class=\"wp-block-heading\">RIMBORSI (SE APPLICABILE)<\/h2>\n\n\n\n<p>Una volta ricevuto e ispezionato il reso, ti invieremo un&#8217;e-mail per notificarti l&#8217;avvenuta ricezione dell&#8217;articolo. Ti comunicheremo inoltre l&#8217;approvazione o il rifiuto del rimborso. Se approvato, il rimborso verr\u00e0 elaborato e un credito verr\u00e0 automaticamente applicato alla tua carta di credito o al metodo di pagamento originale entro un certo numero di giorni.<\/p>\n\n\n\n<h3 class=\"wp-block-heading\">RIMBORSI TARDIVI O MANCANTI (SE APPLICABILE)<\/h3>\n\n\n\n<p>Se non hai ancora ricevuto un rimborso, controlla di nuovo il tuo conto bancario. Quindi, contatta la societ\u00e0 della tua carta di credito; potrebbe volere del tempo prima che il rimborso venga formalmente registrato. Successivamente, contatta la tua banca. Spesso c&#8217;\u00e8 un tempo di elaborazione prima della registrazione di un rimborso. Se hai seguito tutti questi passaggi e non hai ancora ricevuto il rimborso, contattaci all&#8217;indirizzo <strong>info@thecoreplay.com<\/strong>.<\/p>\n\n\n\n<h3 class=\"wp-block-heading\">ARTICOLI IN SALDO (SE APPLICABILE)<\/h3>\n\n\n\n<p>Solo gli articoli a prezzo normale possono essere rimborsati. Purtroppo, gli articoli in saldo o in offerta non possono essere rimborsati.<\/p>\n\n\n\n<h2 class=\"wp-block-heading\">CAMBI (SE APPLICABILE)<\/h2>\n\n\n\n<p>Sostituiamo gli articoli solo se difettosi o danneggiati. Se hai bisogno di cambiarlo con lo stesso articolo, inviaci un&#8217;e-mail a <strong>info@thecoreplay.com<\/strong> e spedisci l&#8217;articolo a: <strong>Avenida Mediterranea 92, La Savina, Formentera, Baleares, 07870, Spagna<\/strong>.<\/p>\n\n\n\n<h2 class=\"wp-block-heading\">REGALI<\/h2>\n\n\n\n<p>Se l&#8217;articolo \u00e8 stato contrassegnato come regalo al momento dell&#8217;acquisto ed \u00e8 stato spedito direttamente a te, riceverai un buono regalo per il valore del reso. Una volta ricevuto l&#8217;articolo reso, ti verr\u00e0 inviato il buono regalo. Se l&#8217;articolo non \u00e8 stato contrassegnato come regalo, o se chi ha fatto il regalo si \u00e8 fatto spedire l&#8217;ordine per consegnartelo di persona, invieremo il rimborso a chi ha effettuato l&#8217;acquisto.<\/p>\n\n\n\n<h2 class=\"wp-block-heading\">SPEDIZIONE<\/h2>\n\n\n\n<p>Per restituire il prodotto, spediscilo a: <strong>Avenida Mediterranea 92, La Savina, Formentera, Baleares, 07870, Spagna<\/strong>.<\/p>\n\n\n\n<p>Le spese di spedizione per la restituzione dell&#8217;articolo saranno a tuo carico. Le spese di spedizione non sono rimborsabili. Se ricevi un rimborso, il costo della spedizione di ritorno verr\u00e0 detratto dal rimborso stesso.<\/p>\n\n\n\n<p>A seconda di dove vivi, il tempo necessario affinch\u00e9 il prodotto sostituito ti raggiunga pu\u00f2 variare.<\/p>\n\n\n\n<p>Se spedisci un articolo di valore superiore a <strong>$75<\/strong>, dovresti considerare l&#8217;utilizzo di un servizio di spedizione tracciabile o l&#8217;acquisto di un&#8217;assicurazione sulla spedizione. Non garantiamo di ricevere l&#8217;articolo reso.<\/p>\n","protected":false},"excerpt":{"rendered":"<p>RESI E RIMBORSI La nostra politica dura 30 giorni. Se sono trascorsi 30 giorni dall&#8217;acquisto, purtroppo non possiamo offrirti un rimborso o un cambio. Per essere idoneo al reso, l&#8217;articolo deve essere inutilizzato e nelle stesse condizioni in cui lo hai ricevuto. Deve inoltre essere nella confezione originale. Diverse tipologie di beni sono esenti dal [&hellip;]<\/p>\n","protected":false},"author":1,"featured_media":0,"parent":0,"menu_order":0,"comment_status":"closed","ping_status":"closed","template":"","meta":{"_uag_custom_page_level_css":"","site-sidebar-layout":"default","site-content-layout":"","ast-site-content-layout":"default","site-content-style":"default","site-sidebar-style":"default","ast-global-header-display":"","ast-banner-title-visibility":"","ast-main-header-display":"","ast-hfb-above-header-display":"","ast-hfb-below-header-display":"","ast-hfb-mobile-header-display":"","site-post-title":"","ast-breadcrumbs-content":"","ast-featured-img":"","footer-sml-layout":"","ast-disable-related-posts":"","theme-transparent-header-meta":"","adv-header-id-meta":"","stick-header-meta":"","header-above-stick-meta":"","header-main-stick-meta":"","header-below-stick-meta":"","astra-migrate-meta-layouts":"default","ast-page-background-enabled":"default","ast-page-background-meta":{"desktop":{"background-color":"var(--ast-global-color-5)","background-image":"","background-repeat":"repeat","background-position":"center center","background-size":"auto","background-attachment":"scroll","background-type":"","background-media":"","overlay-type":"","overlay-color":"","overlay-opacity":"","overlay-gradient":""},"tablet":{"background-color":"","background-image":"","background-repeat":"repeat","background-position":"center center","background-size":"auto","background-attachment":"scroll","background-type":"","background-media":"","overlay-type":"","overlay-color":"","overlay-opacity":"","overlay-gradient":""},"mobile":{"background-color":"","background-image":"","background-repeat":"repeat","background-position":"center center","background-size":"auto","background-attachment":"scroll","background-type":"","background-media":"","overlay-type":"","overlay-color":"","overlay-opacity":"","overlay-gradient":""}},"ast-content-background-meta":{"desktop":{"background-color":"var(--ast-global-color-4)","background-image":"","background-repeat":"repeat","background-position":"center center","background-size":"auto","background-attachment":"scroll","background-type":"","background-media":"","overlay-type":"","overlay-color":"","overlay-opacity":"","overlay-gradient":""},"tablet":{"background-color":"var(--ast-global-color-4)","background-image":"","background-repeat":"repeat","background-position":"center center","background-size":"auto","background-attachment":"scroll","background-type":"","background-media":"","overlay-type":"","overlay-color":"","overlay-opacity":"","overlay-gradient":""},"mobile":{"background-color":"var(--ast-global-color-4)","background-image":"","background-repeat":"repeat","background-position":"center center","background-size":"auto","background-attachment":"scroll","background-type":"","background-media":"","overlay-type":"","overlay-color":"","overlay-opacity":"","overlay-gradient":""}},"footnotes":""},"class_list":["post-1876","page","type-page","status-publish","hentry"],"_hostinger_reach_plugin_has_subscription_block":false,"_hostinger_reach_plugin_is_elementor":false,"uagb_featured_image_src":{"full":false,"thumbnail":false,"medium":false,"medium_large":false,"large":false,"1536x1536":false,"2048x2048":false,"woocommerce_thumbnail":false,"woocommerce_single":false,"woocommerce_gallery_thumbnail":false},"uagb_author_info":{"display_name":"lluismayans83@gmail.com","author_link":"https:\/\/thecoreplay.com\/it\/author\/lluismayans83gmail-com\/"},"uagb_comment_info":0,"uagb_excerpt":"RESI E RIMBORSI La nostra politica dura 30 giorni. Se sono trascorsi 30 giorni dall&#8217;acquisto, purtroppo non possiamo offrirti un rimborso o un cambio. Per essere idoneo al reso, l&#8217;articolo deve essere inutilizzato e nelle stesse condizioni in cui lo hai ricevuto. Deve inoltre essere nella confezione originale. Diverse tipologie di beni sono esenti dal&hellip;","_links":{"self":[{"href":"https:\/\/thecoreplay.com\/it\/wp-json\/wp\/v2\/pages\/1876","targetHints":{"allow":["GET"]}}],"collection":[{"href":"https:\/\/thecoreplay.com\/it\/wp-json\/wp\/v2\/pages"}],"about":[{"href":"https:\/\/thecoreplay.com\/it\/wp-json\/wp\/v2\/types\/page"}],"author":[{"embeddable":true,"href":"https:\/\/thecoreplay.com\/it\/wp-json\/wp\/v2\/users\/1"}],"replies":[{"embeddable":true,"href":"https:\/\/thecoreplay.com\/it\/wp-json\/wp\/v2\/comments?post=1876"}],"version-history":[{"count":1,"href":"https:\/\/thecoreplay.com\/it\/wp-json\/wp\/v2\/pages\/1876\/revisions"}],"predecessor-version":[{"id":1877,"href":"https:\/\/thecoreplay.com\/it\/wp-json\/wp\/v2\/pages\/1876\/revisions\/1877"}],"wp:attachment":[{"href":"https:\/\/thecoreplay.com\/it\/wp-json\/wp\/v2\/media?parent=1876"}],"curies":[{"name":"wp","href":"https:\/\/api.w.org\/{rel}","templated":true}]}}