{"id":1871,"date":"2025-12-17T10:32:19","date_gmt":"2025-12-17T10:32:19","guid":{"rendered":"https:\/\/thecoreplay.com\/?page_id=1871"},"modified":"2026-01-29T18:38:59","modified_gmt":"2026-01-29T18:38:59","slug":"avviso-legale","status":"publish","type":"page","link":"https:\/\/thecoreplay.com\/it\/avviso-legale\/","title":{"rendered":"Avviso legale"},"content":{"rendered":"\n<h1 class=\"wp-block-heading\">NOTE LEGALI E CONDIZIONI GENERALI D&#8217;USO<\/h1>\n\n\n\n<h2 class=\"wp-block-heading\">I. INFORMAZIONI GENERALI<\/h2>\n\n\n\n<p>In conformit\u00e0 con l&#8217;obbligo di informazione sancito dalla Legge 34\/2002 sui Servizi della Societ\u00e0 dell&#8217;Informazione e del Commercio Elettronico (LSSI-CE) dell&#8217;11 luglio, si forniscono di seguito i dati informativi generali di questo sito web:<\/p>\n\n\n\n<p>La titolarit\u00e0 di questo sito web, <a target=\"_blank\" rel=\"noreferrer noopener\" href=\"https:\/\/thecoreplay.com\">https:\/\/thecoreplay.com<\/a> (di seguito, Sito Web), \u00e8 detenuta da: <strong>Lluis Mayans Mayans<\/strong>, con codice fiscale (NIF): <strong>46955361-X<\/strong>, i cui dati di contatto sono:<\/p>\n\n\n\n<ul class=\"wp-block-list\">\n<li><strong>Indirizzo:<\/strong> Avenida Mediterranea 92, La Savina<\/li>\n\n\n\n<li><strong>Telefono di contatto:<\/strong> +34 626950875<\/li>\n\n\n\n<li><strong>Email di contatto:<\/strong> info@thecoreplay.com<\/li>\n<\/ul>\n\n\n\n<hr class=\"wp-block-separator has-alpha-channel-opacity\"\/>\n\n\n\n<h2 class=\"wp-block-heading\">II. TERMINI E CONDIZIONI GENERALI D&#8217;USO<\/h2>\n\n\n\n<h3 class=\"wp-block-heading\">L&#8217;oggetto delle condizioni: Il Sito Web<\/h3>\n\n\n\n<p>L&#8217;obiettivo delle presenti Condizioni Generali d&#8217;Uso (di seguito, Condizioni) \u00e8 regolare l&#8217;accesso e l&#8217;utilizzo del Sito Web. Ai fini delle presenti Condizioni, per Sito Web si intende: l&#8217;aspetto esterno delle interfacce dello schermo, sia in modo statico che dinamico (l&#8217;albero di navigazione); e tutti gli elementi integrati sia nelle interfacce dello schermo che nell&#8217;albero di navigazione (di seguito, Contenuti) e qualsiasi servizio o risorsa online che possa offrire agli Utenti (di seguito, Servizi).<\/p>\n\n\n\n<p><strong>TheCorePlay<\/strong> si riserva il diritto di modificare, in qualsiasi momento e senza preavviso, la presentazione e la configurazione del Sito Web, nonch\u00e9 i Contenuti e i Servizi in esso incorporati. L&#8217;Utente riconosce e accetta che in qualsiasi momento TheCorePlay possa interrompere, disattivare e\/o cancellare uno qualsiasi di questi elementi integrati nel Sito Web o l&#8217;accesso ad essi.<sup><\/sup><\/p>\n\n\n\n<p>L&#8217;accesso al Sito Web da parte dell&#8217;Utente \u00e8 libero e, di norma, gratuito, senza che l<sup><\/sup>&#8216;Utente debba fornire un corrispettivo per usufruirne, salvo per quanto riguarda il costo della connessione attraverso la rete di telecomunicazioni fornita dal provider di accesso contrattato dall&#8217;Utente.<\/p>\n\n\n\n<h3 class=\"wp-block-heading\">L&#8217;Utente<\/h3>\n\n\n\n<p>L&#8217;accesso, la navigazione e l&#8217;uso del Sito Web conferiscono la qualifica di Utente. Pertanto, dal momento in cui inizia la navigazione sul Sito Web, si accettano tutte le Condizioni qui stabilite, cos\u00ec come le loro successive modifiche, fatti salvi i regolamenti legali obbligatori corrispondenti a seconda dei casi. Data la rilevanza di quanto sopra, si raccomanda all&#8217;Utente di leggerle ogni volta che visita il Sito Web.<\/p>\n\n\n\n<p>Il Sito Web di TheCorePlay fornisce una grande diversit\u00e0 di informazioni, servizi e dati. L&#8217;Utente si assume la responsabilit\u00e0 di fare un uso corretto del Sito Web. Tale responsabilit\u00e0 si estender\u00e0 a:<\/p>\n\n\n\n<ol start=\"1\" class=\"wp-block-list\">\n<li>Un uso delle informazioni, dei Contenuti e\/o dei Servizi e dei dati offerti da TheCorePlay che non sia contrario alle disposizioni delle presenti Condizioni, alla Legge, alla morale o all&#8217;ordine pubblico, o che in qualsiasi altro modo possa comportare una lesione dei diritti di terzi o del funzionamento del Sito Web stesso.<\/li>\n\n\n\n<li>La veridicit\u00e0 e la liceit\u00e0 delle informazioni fornite dall&#8217;Utente nei moduli emessi da TheCorePlay per l&#8217;accesso a determinati Contenuti o Servizi offerti dal Sito Web. In ogni caso, l&#8217;Utente dovr\u00e0 notificare immediatamente a TheCorePlay qualsiasi evento che consenta l&#8217;uso improprio delle informazioni registrate in tali moduli, come, a titolo esemplificativo ma non esaustivo, il furto, lo smarrimento o l&#8217;accesso non autorizzato a identificativi e\/o password, al fine di procedere alla loro immediata cancellazione.<\/li>\n<\/ol>\n\n\n\n<p>Il semplice accesso a questo Sito Web non implica alcun tipo di relazione commerciale tra TheCorePlay e l&#8217;Utente.<\/p>\n\n\n\n<p>In conformit\u00e0 con la legislazione vigente, questo Sito Web di TheCorePlay si rivolge a tutte le persone, indipendentemente dalla loro et\u00e0, che possono accedere e\/o navigare nelle pagine del Sito Web.<\/p>\n\n\n\n<p>Il Sito Web \u00e8 diretto principalmente agli Utenti residenti negli USA. TheCorePlay non garantisce che il Sito Web sia conforme alle leggi di altri paesi, n\u00e9 totalmente n\u00e9 parzialmente. Se l&#8217;Utente risiede o \u00e8 domiciliato altrove e decide di accedere e\/o navigare sul Sito Web, lo far\u00e0 sotto la propria responsabilit\u00e0 e dovr\u00e0 assicurarsi che tale accesso e navigazione siano conformi alla legislazione locale applicabile, non assumendo TheCorePlay alcuna responsabilit\u00e0 che possa derivare da detto accesso.<\/p>\n\n\n\n<hr class=\"wp-block-separator has-alpha-channel-opacity\"\/>\n\n\n\n<h2 class=\"wp-block-heading\">III. ACCESSO E NAVIGAZIONE SUL SITO WEB: ESCLUSIONE DI GARANZIE E RESPONSABILIT\u00c0<\/h2>\n\n\n\n<p>TheCorePlay non garantisce la continuit\u00e0, la disponibilit\u00e0 e l&#8217;utilit\u00e0 del Sito Web, n\u00e9 dei Contenuti o dei Servizi. TheCorePlay far\u00e0 tutto il possibile per il corretto funzionamento del Sito Web; tuttavia, non \u00e8 responsabile e non garantisce che l&#8217;accesso a questo Sito Web sia ininterrotto o privo di errori.<\/p>\n\n\n\n<p>Allo stesso modo, non \u00e8 responsabile n\u00e9 garantisce che il contenuto o il software a cui si pu\u00f2 accedere tramite questo Sito Web sia privo di errori o causi danni al sistema informatico (software e hardware) dell&#8217;Utente. In nessun caso TheCorePlay sar\u00e0 responsabile per perdite o danni di qualsiasi tipo derivanti dall&#8217;accesso, dalla navigazione e dall&#8217;uso del Sito Web, inclusi, a titolo esemplificativo, quelli causati ai sistemi informatici o quelli causati dall&#8217;introduzione di virus.<\/p>\n\n\n\n<p>TheCorePlay non \u00e8 inoltre responsabile per eventuali danni che potrebbero essere causati agli utenti da un uso improprio di questo Sito Web. In particolare, non \u00e8 responsabile in alcun modo per cadute, interruzioni, mancanza o difetto delle telecomunicazioni che potrebbero verificarsi.<\/p>\n\n\n\n<hr class=\"wp-block-separator has-alpha-channel-opacity\"\/>\n\n\n\n<h2 class=\"wp-block-heading\">IV. POLITICA DEI LINK<\/h2>\n\n\n\n<p>TheCorePlay non offre n\u00e9 commercializza, direttamente o tramite terzi, i prodotti e\/o servizi disponibili su tali siti collegati.<\/p>\n\n\n\n<p>L&#8217;Utente o il terzo che effettua un collegamento ipertestuale da una pagina web di un altro sito web al Sito Web di TheCorePlay deve sapere che:<\/p>\n\n\n\n<ul class=\"wp-block-list\">\n<li>Non \u00e8 consentita la riproduzione \u2014 totale o parziale \u2014 di alcuno dei Contenuti e\/o Servizi del Sito Web senza l&#8217;espressa autorizzazione di TheCorePlay.<\/li>\n\n\n\n<li>Non \u00e8 consentita alcuna dichiarazione falsa, inesatta o errata sul Sito Web di TheCorePlay, n\u00e9 sui suoi Contenuti e\/o Servizi.<\/li>\n\n\n\n<li>Ad eccezione del collegamento ipertestuale, il sito web in cui viene stabilito tale collegamento non conterr\u00e0 alcun elemento di questo Sito Web protetto come propriet\u00e0 intellettuale dalla legge spagnola, a meno che non sia espressamente autorizzato da TheCorePlay.<\/li>\n\n\n\n<li>La creazione del collegamento ipertestuale non implica l&#8217;esistenza di una relazione tra TheCorePlay e il proprietario del sito web da cui viene effettuato, n\u00e9 la conoscenza e l&#8217;accettazione da parte di TheCorePlay dei contenuti, servizi e\/o attivit\u00e0 offerti su detto sito web, e viceversa.<\/li>\n<\/ul>\n\n\n\n<hr class=\"wp-block-separator has-alpha-channel-opacity\"\/>\n\n\n\n<h2 class=\"wp-block-heading\">V. PROPRIET\u00c0 INTELLETTUALE E INDUSTRIALE<\/h2>\n\n\n\n<p>TheCorePlay, direttamente o come cessionario, \u00e8 titolare di tutti i diritti di propriet\u00e0 intellettuale e industriale del Sito Web, nonch\u00e9 degli elementi in esso contenuti (a titolo esemplificativo e non esaustivo: immagini, suoni, audio, video, software o testi, marchi o loghi, combinazioni di colori, struttura e design, selezione dei materiali utilizzati, programmi informatici necessari per il suo funzionamento, accesso e<sup><\/sup> utilizzo, ecc.). Si tratter\u00e0, pertanto, di opere protette come propriet\u00e0 intellettuale dall&#8217;ordinamento giuridico spagnolo, essendo applicabili sia le normative spagnole che quelle comunitarie in materia, nonch\u00e9 i trattati internazionali relativi all&#8217;argomento e firmati dalla Spagna.<\/p>\n\n\n\n<p>Tutti i diritti riservati. In virt\u00f9 delle disposizioni della Legge sulla Propriet\u00e0 Intellettuale, sono espressamente vietate la riproduzione, la distribuzione e la comunicazione pubblica, inclusa la modalit\u00e0 di messa a disposizione, di tutti o parte dei contenuti di questo sito web, per scopi commerciali, su qualsiasi supporto e con qualsiasi mezzo tecnico, senza l&#8217;autorizzazione di TheCorePlay.<\/p>\n\n\n\n<p>L&#8217;Utente si impegna a rispettare i diritti di propriet\u00e0 intellettuale e industriale di TheCorePlay. \u00c8 possibile visualizzare gli elementi del Sito Web o anche stamparli, copiarli e memorizzarli sul disco rigido del proprio computer o su qualsiasi altro supporto fisico, purch\u00e9 sia esclusivamente per uso personale. L&#8217;Ute<sup><\/sup>nte, <sup><\/sup>tuttavia, non pu\u00f2 eliminare, alterare o manipolare alcun dispositivo di protezione o sistema di sicurezza in<sup><\/sup>stallato sul Sito Web.<\/p>\n\n\n\n<p>Nel caso in cui l&#8217;Utente o un terzo ritenga che uno qualsiasi dei Contenuti del Sito Web comporti una violazione dei diritti di protezione della propriet\u00e0 intellettuale, deve comunicarlo immediatamente a TheCorePlay utilizzando i dati di contatto nella sezione INFORMAZIONI GENERALI di questo Avviso Legale e Condizioni Generali d&#8217;Uso.<\/p>\n\n\n\n<hr class=\"wp-block-separator has-alpha-channel-opacity\"\/>\n\n\n\n<h2 class=\"wp-block-heading\">VI. AZIONI LEGALI, LEGISLAZIONE APPLICABILE E GIURISDIZIONE<\/h2>\n\n\n\n<p>TheCorePlay si riserva il diritto di intentare le azioni civili o penali che riterr\u00e0 necessarie per l&#8217;uso improprio del Sito Web e dei Contenuti, o per la violazione delle presenti Condizioni.<\/p>\n\n\n\n<p>Il rapporto tra l&#8217;Utente e TheCorePlay sar\u00e0 regolato dalle normative vigenti e applicabili nel territorio spagnolo. In caso di controversie relative all&#8217;interpretazione e\/o all&#8217;applicazione delle presenti Condizioni, le parti sottoporranno i loro conflitti alla giurisdizione ordinaria, rimettendosi ai giudici e ai tribunali corrispondenti secondo la legge.<\/p>\n","protected":false},"excerpt":{"rendered":"<p>NOTE LEGALI E CONDIZIONI GENERALI D&#8217;USO I. INFORMAZIONI GENERALI In conformit\u00e0 con l&#8217;obbligo di informazione sancito dalla Legge 34\/2002 sui Servizi della Societ\u00e0 dell&#8217;Informazione e del Commercio Elettronico (LSSI-CE) dell&#8217;11 luglio, si forniscono di seguito i dati informativi generali di questo sito web: La titolarit\u00e0 di questo sito web, https:\/\/thecoreplay.com (di seguito, Sito Web), \u00e8 [&hellip;]<\/p>\n","protected":false},"author":1,"featured_media":0,"parent":0,"menu_order":0,"comment_status":"closed","ping_status":"closed","template":"","meta":{"_uag_custom_page_level_css":"","site-sidebar-layout":"default","site-content-layout":"","ast-site-content-layout":"default","site-content-style":"default","site-sidebar-style":"default","ast-global-header-display":"","ast-banner-title-visibility":"","ast-main-header-display":"","ast-hfb-above-header-display":"","ast-hfb-below-header-display":"","ast-hfb-mobile-header-display":"","site-post-title":"","ast-breadcrumbs-content":"","ast-featured-img":"","footer-sml-layout":"","ast-disable-related-posts":"","theme-transparent-header-meta":"","adv-header-id-meta":"","stick-header-meta":"","header-above-stick-meta":"","header-main-stick-meta":"","header-below-stick-meta":"","astra-migrate-meta-layouts":"default","ast-page-background-enabled":"default","ast-page-background-meta":{"desktop":{"background-color":"var(--ast-global-color-5)","background-image":"","background-repeat":"repeat","background-position":"center center","background-size":"auto","background-attachment":"scroll","background-type":"","background-media":"","overlay-type":"","overlay-color":"","overlay-opacity":"","overlay-gradient":""},"tablet":{"background-color":"","background-image":"","background-repeat":"repeat","background-position":"center center","background-size":"auto","background-attachment":"scroll","background-type":"","background-media":"","overlay-type":"","overlay-color":"","overlay-opacity":"","overlay-gradient":""},"mobile":{"background-color":"","background-image":"","background-repeat":"repeat","background-position":"center center","background-size":"auto","background-attachment":"scroll","background-type":"","background-media":"","overlay-type":"","overlay-color":"","overlay-opacity":"","overlay-gradient":""}},"ast-content-background-meta":{"desktop":{"background-color":"var(--ast-global-color-4)","background-image":"","background-repeat":"repeat","background-position":"center center","background-size":"auto","background-attachment":"scroll","background-type":"","background-media":"","overlay-type":"","overlay-color":"","overlay-opacity":"","overlay-gradient":""},"tablet":{"background-color":"var(--ast-global-color-4)","background-image":"","background-repeat":"repeat","background-position":"center center","background-size":"auto","background-attachment":"scroll","background-type":"","background-media":"","overlay-type":"","overlay-color":"","overlay-opacity":"","overlay-gradient":""},"mobile":{"background-color":"var(--ast-global-color-4)","background-image":"","background-repeat":"repeat","background-position":"center center","background-size":"auto","background-attachment":"scroll","background-type":"","background-media":"","overlay-type":"","overlay-color":"","overlay-opacity":"","overlay-gradient":""}},"footnotes":""},"class_list":["post-1871","page","type-page","status-publish","hentry"],"_hostinger_reach_plugin_has_subscription_block":false,"_hostinger_reach_plugin_is_elementor":false,"uagb_featured_image_src":{"full":false,"thumbnail":false,"medium":false,"medium_large":false,"large":false,"1536x1536":false,"2048x2048":false,"woocommerce_thumbnail":false,"woocommerce_single":false,"woocommerce_gallery_thumbnail":false},"uagb_author_info":{"display_name":"lluismayans83@gmail.com","author_link":"https:\/\/thecoreplay.com\/it\/author\/lluismayans83gmail-com\/"},"uagb_comment_info":0,"uagb_excerpt":"NOTE LEGALI E CONDIZIONI GENERALI D&#8217;USO I. INFORMAZIONI GENERALI In conformit\u00e0 con l&#8217;obbligo di informazione sancito dalla Legge 34\/2002 sui Servizi della Societ\u00e0 dell&#8217;Informazione e del Commercio Elettronico (LSSI-CE) dell&#8217;11 luglio, si forniscono di seguito i dati informativi generali di questo sito web: La titolarit\u00e0 di questo sito web, https:\/\/thecoreplay.com (di seguito, Sito Web), \u00e8&hellip;","_links":{"self":[{"href":"https:\/\/thecoreplay.com\/it\/wp-json\/wp\/v2\/pages\/1871","targetHints":{"allow":["GET"]}}],"collection":[{"href":"https:\/\/thecoreplay.com\/it\/wp-json\/wp\/v2\/pages"}],"about":[{"href":"https:\/\/thecoreplay.com\/it\/wp-json\/wp\/v2\/types\/page"}],"author":[{"embeddable":true,"href":"https:\/\/thecoreplay.com\/it\/wp-json\/wp\/v2\/users\/1"}],"replies":[{"embeddable":true,"href":"https:\/\/thecoreplay.com\/it\/wp-json\/wp\/v2\/comments?post=1871"}],"version-history":[{"count":1,"href":"https:\/\/thecoreplay.com\/it\/wp-json\/wp\/v2\/pages\/1871\/revisions"}],"predecessor-version":[{"id":1872,"href":"https:\/\/thecoreplay.com\/it\/wp-json\/wp\/v2\/pages\/1871\/revisions\/1872"}],"wp:attachment":[{"href":"https:\/\/thecoreplay.com\/it\/wp-json\/wp\/v2\/media?parent=1871"}],"curies":[{"name":"wp","href":"https:\/\/api.w.org\/{rel}","templated":true}]}}