{"id":1859,"date":"2025-12-17T12:01:07","date_gmt":"2025-12-17T12:01:07","guid":{"rendered":"https:\/\/thecoreplay.com\/chi-siamo\/"},"modified":"2026-01-29T18:10:54","modified_gmt":"2026-01-29T18:10:54","slug":"chi-siamo","status":"publish","type":"page","link":"https:\/\/thecoreplay.com\/it\/chi-siamo\/","title":{"rendered":"Chi Siamo"},"content":{"rendered":"\n<div class=\"wp-block-uagb-container uagb-block-36737975 alignfull uagb-is-root-container\"><div class=\"uagb-container-inner-blocks-wrap\">\n<div class=\"wp-block-uagb-container uagb-block-a9e67b2c\">\n<div class=\"wp-block-uagb-container uagb-block-6d06a0a4\">\n<div class=\"wp-block-uagb-advanced-heading uagb-block-0ffb10e9\"><h2 class=\"uagb-heading-text\">Siamo specializzati in console retro ed elettronica di alta qualit\u00e0 a prezzi accessibili per tutti gli amanti della nostalgia.<\/h2><\/div>\n<\/div>\n\n\n\n<div class=\"wp-block-uagb-container uagb-block-52896290\">\n<div class=\"wp-block-uagb-info-box uagb-block-4a9c9434 uagb-infobox__content-wrap  uagb-infobox-icon-above-title uagb-infobox-image-valign-top\"><div class=\"uagb-ifb-content\"><div class=\"uagb-ifb-title-wrap\"><\/div><p class=\"uagb-ifb-desc\">Noi di <strong>TheCorePlay<\/strong> siamo un negozio online specializzato in console retr\u00f2, emulatori e console con proiettore. La nostra passione \u00e8 far rivivere la magia dei videogiochi classici e offrire un&#8217;esperienza unica a tutti gli amanti del retr\u00f2. <br\/>Fin dalle nostre prime vendite, il nostro obiettivo \u00e8 stato quello di portare nelle case di ogni cliente qualcosa di pi\u00f9 di un semplice prodotto; offriamo un viaggio indietro nel tempo pieno di nostalgia, divertimento e qualit\u00e0.<\/p><\/div><\/div>\n<\/div>\n<\/div>\n\n\n\n<div class=\"wp-block-uagb-separator uagb-block-ad6243f3\"><div class=\"wp-block-uagb-separator__inner\" style=\"--my-background-image:\"><\/div><\/div>\n\n\n\n<div class=\"wp-block-uagb-container uagb-block-20a13b82\">\n<div class=\"wp-block-uagb-container uagb-block-1b711b36\">\n<div class=\"wp-block-uagb-advanced-heading uagb-block-c3314901\"><h3 class=\"uagb-heading-text\">\ud83c\udfae The Core Play<\/h3><\/div>\n\n\n\n<div class=\"wp-block-uagb-advanced-heading uagb-block-753f60b7\"><p class=\"uagb-heading-text\">\ud83d\uded2 Perch\u00e9 sceglierci?<\/p><\/div>\n\n\n\n<div class=\"wp-block-uagb-info-box uagb-block-d38a5c41 uagb-infobox__content-wrap  uagb-infobox-icon-above-title uagb-infobox-image-valign-top\"><div class=\"uagb-ifb-content\"><div class=\"uagb-ifb-title-wrap\"><\/div><p class=\"uagb-ifb-desc\"><br\/>\u2705 <strong>Perch\u00e9 comprendiamo la tua nostalgia<\/strong>. Selezioniamo con cura le console che ti riporteranno direttamente alla tua infanzia.<br\/>\u2705 <strong>Perch\u00e9 offriamo il miglior rapporto qualit\u00e0-prezzo<\/strong>. Abbiamo selezionato i migliori prodotti per offrire i prezzi pi\u00f9 competitivi sul mercato, senza mai sacrificare la qualit\u00e0.<br\/>\u2705 <strong>Perch\u00e9 siamo con te in ogni passo<\/strong>. Offriamo un supporto personale e dedicato prima, durante e dopo l&#8217;acquisto.<br\/><strong>Con noi, rivivere i classici \u00e8 semplice come giocarci.<\/strong><\/p><\/div><\/div>\n\n\n\n<div class=\"wp-block-uagb-info-box uagb-block-11a64b4c uagb-infobox__content-wrap  uagb-infobox-icon-above-title uagb-infobox-image-valign-top\"><div class=\"uagb-ifb-content\"><div class=\"uagb-ifb-title-wrap\"><h3 class=\"uagb-ifb-title\">\ud83d\udce6 Spedizione da fornitori globali<\/h3><\/div><p class=\"uagb-ifb-desc\"><strong>Acquista con fiducia<\/strong><br\/><br\/>\u2705 <strong>Qualit\u00e0 garantita:<\/strong> Selezioniamo solo i migliori prodotti da fornitori affidabili per assicurarti di ricevere dispositivi di altissimo livello.<br\/>\u2705 <strong>Spedizione sicura:<\/strong> Tutti i tuoi ordini vengono consegnati a casa tua con un numero di tracciamento, cos\u00ec sai sempre dove si trovano.<br\/>\u2705 <strong>Supporto esperto:<\/strong> Il nostro team \u00e8 qui per aiutarti con qualsiasi domanda, prima e dopo l&#8217;acquisto. La tua soddisfazione \u00e8 la nostra priorit\u00e0.<\/p><\/div><\/div>\n\n\n\n<div class=\"wp-block-uagb-info-box uagb-block-13a4b1fd uagb-infobox__content-wrap  uagb-infobox-icon-above-title uagb-infobox-image-valign-top\"><div class=\"uagb-ifb-content\"><div class=\"uagb-ifb-title-wrap\"><h3 class=\"uagb-ifb-title\">\ud83d\udcac Hai domande o vuoi consigliarci qualcosa?<\/h3><\/div><p class=\"uagb-ifb-desc\">Puoi contattarci tramite il nostro modulo di contatto o inviarci un&#8217;e-mail a: \ud83d\udce9 <strong>info@thecoreplay.com<\/strong><\/p><\/div><\/div>\n<\/div>\n\n\n\n<div class=\"wp-block-uagb-container uagb-block-132812da\">\n<div class=\"wp-block-uagb-advanced-heading uagb-block-224a18d1\"><h3 class=\"uagb-heading-text\">\ud83d\udc51 Le migliori console retr\u00f2<\/h3><\/div>\n\n\n\n<p><strong>Offriamo una selezione curata di:<\/strong><\/p>\n\n\n\n<ul class=\"wp-block-list\">\n<li><strong>Console portatili retr\u00f2:<\/strong> palmari in stile arcade ed emulatori per giocare ovunque ti trovi.<\/li>\n\n\n\n<li><strong>Proiettori con console integrata:<\/strong> proiettori con sistema integrato per una vera esperienza di gioco sul grande schermo.<\/li>\n\n\n\n<li><strong>Game Stick TV:<\/strong> emulatori plug-and-play con centinaia di giochi classici preinstallati.<\/li>\n<\/ul>\n\n\n\n<ul class=\"wp-block-list\">\n<li>\u2705 <strong>Spedizione gratuita<\/strong> <\/li>\n\n\n\n<li>\u2705 <strong>Servizio clienti dedicato<\/strong> <\/li>\n\n\n\n<li>\u2705 <strong>Garanzia del prodotto inclusa<\/strong> <\/li>\n\n\n\n<li>\u2705 <strong>Supporto tecnico personalizzato<\/strong><\/li>\n<\/ul>\n\n\n\n<div class=\"wp-block-uagb-info-box uagb-block-91529e94 uagb-infobox__content-wrap  uagb-infobox-icon-above-title uagb-infobox-image-valign-top\"><div class=\"uagb-ifb-content\"><div class=\"uagb-ifb-title-wrap\"><h3 class=\"uagb-ifb-title\">\ud83d\udccd La nostra posizione<\/h3><\/div><p class=\"uagb-ifb-desc\">Operiamo al <strong>100% online<\/strong>, offrendo assistenza e supporto ai clienti sia in <strong>inglese che in Italiano<\/strong>. Sebbene non abbiamo un negozio fisico, siamo a portata di messaggio e pronti ad aiutarti per qualsiasi necessit\u00e0. <\/p><\/div><\/div>\n<\/div>\n<\/div>\n<\/div><\/div>\n","protected":false},"excerpt":{"rendered":"<p>Siamo specializzati in console retro ed elettronica di alta qualit\u00e0 a prezzi accessibili per tutti gli amanti della nostalgia. \ud83c\udfae The Core Play \ud83d\uded2 Perch\u00e9 sceglierci? \ud83d\udc51 Le migliori console retr\u00f2 Offriamo una selezione curata di:<\/p>\n","protected":false},"author":1,"featured_media":0,"parent":0,"menu_order":0,"comment_status":"closed","ping_status":"closed","template":"","meta":{"_uag_custom_page_level_css":"","site-sidebar-layout":"default","site-content-layout":"","ast-site-content-layout":"default","site-content-style":"default","site-sidebar-style":"default","ast-global-header-display":"","ast-banner-title-visibility":"","ast-main-header-display":"","ast-hfb-above-header-display":"","ast-hfb-below-header-display":"","ast-hfb-mobile-header-display":"","site-post-title":"","ast-breadcrumbs-content":"","ast-featured-img":"","footer-sml-layout":"","ast-disable-related-posts":"","theme-transparent-header-meta":"","adv-header-id-meta":"","stick-header-meta":"","header-above-stick-meta":"","header-main-stick-meta":"","header-below-stick-meta":"","astra-migrate-meta-layouts":"default","ast-page-background-enabled":"default","ast-page-background-meta":{"desktop":{"background-color":"var(--ast-global-color-5)","background-image":"","background-repeat":"repeat","background-position":"center center","background-size":"auto","background-attachment":"scroll","background-type":"","background-media":"","overlay-type":"","overlay-color":"","overlay-opacity":"","overlay-gradient":""},"tablet":{"background-color":"","background-image":"","background-repeat":"repeat","background-position":"center center","background-size":"auto","background-attachment":"scroll","background-type":"","background-media":"","overlay-type":"","overlay-color":"","overlay-opacity":"","overlay-gradient":""},"mobile":{"background-color":"","background-image":"","background-repeat":"repeat","background-position":"center center","background-size":"auto","background-attachment":"scroll","background-type":"","background-media":"","overlay-type":"","overlay-color":"","overlay-opacity":"","overlay-gradient":""}},"ast-content-background-meta":{"desktop":{"background-color":"var(--ast-global-color-4)","background-image":"","background-repeat":"repeat","background-position":"center center","background-size":"auto","background-attachment":"scroll","background-type":"","background-media":"","overlay-type":"","overlay-color":"","overlay-opacity":"","overlay-gradient":""},"tablet":{"background-color":"var(--ast-global-color-4)","background-image":"","background-repeat":"repeat","background-position":"center center","background-size":"auto","background-attachment":"scroll","background-type":"","background-media":"","overlay-type":"","overlay-color":"","overlay-opacity":"","overlay-gradient":""},"mobile":{"background-color":"var(--ast-global-color-4)","background-image":"","background-repeat":"repeat","background-position":"center center","background-size":"auto","background-attachment":"scroll","background-type":"","background-media":"","overlay-type":"","overlay-color":"","overlay-opacity":"","overlay-gradient":""}},"footnotes":""},"class_list":["post-1859","page","type-page","status-publish","hentry"],"_hostinger_reach_plugin_has_subscription_block":false,"_hostinger_reach_plugin_is_elementor":false,"uagb_featured_image_src":{"full":false,"thumbnail":false,"medium":false,"medium_large":false,"large":false,"1536x1536":false,"2048x2048":false,"woocommerce_thumbnail":false,"woocommerce_single":false,"woocommerce_gallery_thumbnail":false},"uagb_author_info":{"display_name":"lluismayans83@gmail.com","author_link":"https:\/\/thecoreplay.com\/it\/author\/lluismayans83gmail-com\/"},"uagb_comment_info":0,"uagb_excerpt":"Siamo specializzati in console retro ed elettronica di alta qualit\u00e0 a prezzi accessibili per tutti gli amanti della nostalgia. \ud83c\udfae The Core Play \ud83d\uded2 Perch\u00e9 sceglierci? \ud83d\udc51 Le migliori console retr\u00f2 Offriamo una selezione curata di:","_links":{"self":[{"href":"https:\/\/thecoreplay.com\/it\/wp-json\/wp\/v2\/pages\/1859","targetHints":{"allow":["GET"]}}],"collection":[{"href":"https:\/\/thecoreplay.com\/it\/wp-json\/wp\/v2\/pages"}],"about":[{"href":"https:\/\/thecoreplay.com\/it\/wp-json\/wp\/v2\/types\/page"}],"author":[{"embeddable":true,"href":"https:\/\/thecoreplay.com\/it\/wp-json\/wp\/v2\/users\/1"}],"replies":[{"embeddable":true,"href":"https:\/\/thecoreplay.com\/it\/wp-json\/wp\/v2\/comments?post=1859"}],"version-history":[{"count":1,"href":"https:\/\/thecoreplay.com\/it\/wp-json\/wp\/v2\/pages\/1859\/revisions"}],"predecessor-version":[{"id":1860,"href":"https:\/\/thecoreplay.com\/it\/wp-json\/wp\/v2\/pages\/1859\/revisions\/1860"}],"wp:attachment":[{"href":"https:\/\/thecoreplay.com\/it\/wp-json\/wp\/v2\/media?parent=1859"}],"curies":[{"name":"wp","href":"https:\/\/api.w.org\/{rel}","templated":true}]}}