{"id":2410,"date":"2025-12-13T10:54:39","date_gmt":"2025-12-13T10:54:39","guid":{"rendered":"https:\/\/thecoreplay.com\/?post_type=product&#038;p=2410"},"modified":"2026-02-19T15:11:04","modified_gmt":"2026-02-19T15:11:04","slug":"anbernic-rg556","status":"publish","type":"product","link":"https:\/\/thecoreplay.com\/fr\/consoles-portables-retro\/anbernic\/anbernic-rg556\/","title":{"rendered":"ANBERNIC RG556"},"content":{"rendered":"<h2><span data-sheets-root=\"1\">Anbernic RG556 \u2014 Console R\u00e9tro Portable avec \u00c9cran OLED et \u00c9mulation PS2 \ud83c\udfae<\/span><\/h2>\n<p><span style=\"font-size: 16px;\">L&rsquo;<\/span><strong style=\"font-size: 16px;\" data-start=\"268\" data-end=\"286\">Anbernic RG556<\/strong><span style=\"font-size: 16px;\"> est l&rsquo;une des consoles r\u00e9tro portables les plus puissantes de 2025. \u00c9quip\u00e9e d&rsquo;un superbe <\/span><strong style=\"font-size: 16px;\" data-start=\"380\" data-end=\"416\">\u00e9cran AMOLED de 5,48 pouces<\/strong><span style=\"font-size: 16px;\">, elle offre une exp\u00e9rience visuelle vibrante et ultra-nette. Gr\u00e2ce \u00e0 son <\/span><strong style=\"font-size: 16px;\" data-start=\"480\" data-end=\"506\">processeur Unisoc T820<\/strong><span style=\"font-size: 16px;\"> et ses <\/span><strong style=\"font-size: 16px;\" data-start=\"509\" data-end=\"523\">8 Go de RAM<\/strong><span style=\"font-size: 16px;\">, elle est capable de faire tourner la plupart des jeux PlayStation 2 \u00e0 pleine vitesse.<\/span><\/p>\n<div>\n<p class=\"\" data-start=\"603\" data-end=\"821\">En plus de sa puissance, elle se distingue par son <strong>ergonomie et son confort<\/strong>. Elle dispose de <strong>joysticks et g\u00e2chettes \u00e0 effet Hall<\/strong>, d&rsquo;un <strong>gyroscope<\/strong>, de <strong>vibrations haptiques<\/strong> et d&rsquo;un design parfaitement adapt\u00e9 aux longues sessions de jeu.<\/p>\n<hr class=\"\" data-start=\"823\" data-end=\"826\" \/>\n<h2 class=\"\" data-start=\"828\" data-end=\"858\">Caract\u00e9ristiques Principales<\/h2>\n<ul data-start=\"860\" data-end=\"1255\">\n<li class=\"\" data-start=\"860\" data-end=\"925\">\n<p class=\"\" data-start=\"862\" data-end=\"925\">Compatible avec les jeux Android et plus de <strong>30 \u00e9mulateurs r\u00e9tro<\/strong>.<\/p>\n<\/li>\n<li class=\"\" data-start=\"926\" data-end=\"978\">\n<p class=\"\" data-start=\"928\" data-end=\"978\">Prend en charge les jeux dans de nombreux formats t\u00e9l\u00e9chargeables.<\/p>\n<\/li>\n<li class=\"\" data-start=\"979\" data-end=\"1040\">\n<p class=\"\" data-start=\"981\" data-end=\"1040\"><strong>Syst\u00e8me d&rsquo;exploitation Android 13<\/strong>, avec mises \u00e0 jour FOTA.<\/p>\n<\/li>\n<li class=\"\" data-start=\"1041\" data-end=\"1136\">\n<p class=\"\" data-start=\"1043\" data-end=\"1136\">\u00c9clairage des joysticks, contr\u00f4le de la luminosit\u00e9, param\u00e8tres d&rsquo;\u00e9nergie, vibrations, et plus encore.<\/p>\n<\/li>\n<li class=\"\" data-start=\"1137\" data-end=\"1202\">\n<p class=\"\" data-start=\"1139\" data-end=\"1202\">Supporte le <strong>netplay, le streaming et le screencast sans fil<\/strong>.<\/p>\n<\/li>\n<li class=\"\" data-start=\"1203\" data-end=\"1255\">\n<p class=\"\" data-start=\"1205\" data-end=\"1255\"><strong>Sortie vid\u00e9o DisplayPort 1080p<\/strong> via USB-C.<\/p>\n<\/li>\n<\/ul>\n<hr class=\"\" data-start=\"1257\" data-end=\"1260\" \/>\n<h2 class=\"\" data-start=\"1262\" data-end=\"1286\">Versions Disponibles<\/h2>\n<ul data-start=\"1288\" data-end=\"1437\">\n<li class=\"\" data-start=\"1288\" data-end=\"1333\">\n<p class=\"\" data-start=\"1290\" data-end=\"1333\"><strong>Version Standard<\/strong> : Aucune carte de jeux incluse.<\/p>\n<\/li>\n<li class=\"\" data-start=\"1334\" data-end=\"1385\">\n<p class=\"\" data-start=\"1336\" data-end=\"1385\"><strong>128 Go<\/strong> : Inclut <strong>4423 jeux pr\u00e9-install\u00e9s<\/strong>.<\/p>\n<\/li>\n<li class=\"\" data-start=\"1386\" data-end=\"1437\">\n<p class=\"\" data-start=\"1388\" data-end=\"1437\"><strong>256 Go<\/strong> : Inclut <strong>8714 jeux pr\u00e9-install\u00e9s<\/strong>.<\/p>\n<\/li>\n<\/ul>\n<hr class=\"\" data-start=\"1439\" data-end=\"1442\" \/>\n<h2 class=\"\" data-start=\"1444\" data-end=\"1472\">Sp\u00e9cifications Techniques<\/h2>\n<ul data-start=\"1474\" data-end=\"2025\">\n<li class=\"\" data-start=\"1474\" data-end=\"1560\">\n<p class=\"\" data-start=\"1476\" data-end=\"1560\"><strong>Processeur<\/strong> : Unisoc T820, 8 c\u0153urs (1*A76@2.7GHz + 3*A76@2.3GHz + 4*A55@2.1GHz).<\/p>\n<\/li>\n<li class=\"\" data-start=\"1561\" data-end=\"1584\">\n<p class=\"\" data-start=\"1563\" data-end=\"1584\"><strong>RAM<\/strong> : 8 Go LPDDR4X.<\/p>\n<\/li>\n<li class=\"\" data-start=\"1585\" data-end=\"1621\">\n<p class=\"\" data-start=\"1587\" data-end=\"1621\"><strong>Stockage<\/strong> : 128 Go UFS 2.2.<\/p>\n<\/li>\n<li class=\"\" data-start=\"1622\" data-end=\"1684\">\n<p class=\"\" data-start=\"1624\" data-end=\"1684\"><strong>\u00c9cran<\/strong> : 5,48&Prime; AMOLED (1080&#215;1920), lamination compl\u00e8te OCA.<\/p>\n<\/li>\n<li class=\"\" data-start=\"1685\" data-end=\"1732\">\n<p class=\"\" data-start=\"1687\" data-end=\"1732\"><strong>GPU<\/strong> : Quad-core Mali-G57, 850 MHz.<\/p>\n<\/li>\n<li class=\"\" data-start=\"1733\" data-end=\"1783\">\n<p class=\"\" data-start=\"1735\" data-end=\"1783\"><strong>Son<\/strong> : Haut-parleurs st\u00e9r\u00e9o haute fid\u00e9lit\u00e9.<\/p>\n<\/li>\n<li class=\"\" data-start=\"1784\" data-end=\"1835\">\n<p class=\"\" data-start=\"1786\" data-end=\"1835\"><strong>Batterie<\/strong> : 5500 mAh, jusqu&rsquo;\u00e0 8 heures d&rsquo;autonomie.<\/p>\n<\/li>\n<li class=\"\" data-start=\"1836\" data-end=\"1883\">\n<p class=\"\" data-start=\"1838\" data-end=\"1883\"><strong>Connectivit\u00e9<\/strong> : WiFi 2.4\/5G, Bluetooth 5.0.<\/p>\n<\/li>\n<li class=\"\" data-start=\"1884\" data-end=\"1933\">\n<p class=\"\" data-start=\"1886\" data-end=\"1933\"><strong>Charge<\/strong> : USB-C 5V\/2A, charge compl\u00e8te en 3,5h.<\/p>\n<\/li>\n<li class=\"\" data-start=\"1934\" data-end=\"1973\">\n<p class=\"\" data-start=\"1936\" data-end=\"1973\"><strong>Couleurs<\/strong> : Noir \/ Bleu Transparent.<\/p>\n<\/li>\n<li class=\"\" data-start=\"1974\" data-end=\"2025\">\n<p class=\"\" data-start=\"1976\" data-end=\"2025\"><strong>Extension<\/strong> : Support carte TF jusqu&rsquo;\u00e0 2 To.<\/p>\n<\/li>\n<\/ul>\n<hr class=\"\" data-start=\"2027\" data-end=\"2030\" \/>\n<h2 class=\"\" data-start=\"2032\" data-end=\"2059\">Contenu de la bo\u00eete<\/h2>\n<ul data-start=\"2061\" data-end=\"2190\">\n<li class=\"\" data-start=\"2061\" data-end=\"2090\">\n<p class=\"\" data-start=\"2063\" data-end=\"2090\">1x Console Anbernic RG556<\/p>\n<\/li>\n<li class=\"\" data-start=\"2091\" data-end=\"2119\">\n<p class=\"\" data-start=\"2093\" data-end=\"2119\">1x Protection d&rsquo;\u00e9cran<\/p>\n<\/li>\n<li class=\"\" data-start=\"2120\" data-end=\"2143\">\n<p class=\"\" data-start=\"2122\" data-end=\"2143\">1x C\u00e2ble USB Type-C<\/p>\n<\/li>\n<li class=\"\" data-start=\"2144\" data-end=\"2168\">\n<p class=\"\" data-start=\"2146\" data-end=\"2168\">1x Manuel d&rsquo;utilisation<\/p>\n<\/li>\n<li class=\"\" data-start=\"2169\" data-end=\"2190\">\n<p class=\"\" data-start=\"2171\" data-end=\"2190\">1x Bo\u00eete cadeau<\/p>\n<\/li>\n<\/ul>\n<p>&nbsp;<\/p>\n<p><img decoding=\"async\" src=\"\/\/ae01.alicdn.com\/kf\/S7983e4ae40734987aac943ecf9e14d432.jpg\" alt=\"\" title=\"\"><img decoding=\"async\" src=\"\/\/ae01.alicdn.com\/kf\/Sd33d6511d03a47128036e7551a009899s.jpg\" alt=\"\" title=\"\"><img decoding=\"async\" src=\"\/\/ae01.alicdn.com\/kf\/Sfce278d512d24427a757ede760803f131.jpg\" alt=\"\" title=\"\"><img decoding=\"async\" src=\"\/\/ae01.alicdn.com\/kf\/Sada5078d9fb748fb8356d45f4b688f0cz.jpg\" alt=\"\" title=\"\"><img decoding=\"async\" src=\"\/\/ae01.alicdn.com\/kf\/S82588379a2694879bd1bd790c0d4bad25.jpg\" alt=\"\" title=\"\"><img decoding=\"async\" src=\"\/\/ae01.alicdn.com\/kf\/Sd68bce445fc248aeb60ca037b397bdb6s.jpg\" alt=\"\" title=\"\"><img decoding=\"async\" src=\"\/\/ae01.alicdn.com\/kf\/S2e7399fe6c4f4c55920cf164882d00dd6.jpg\" alt=\"\" title=\"\"><img decoding=\"async\" src=\"\/\/ae01.alicdn.com\/kf\/S664688696c5b4fb685b4a913413a6f73q.jpg\" alt=\"\" title=\"\"><img decoding=\"async\" src=\"\/\/ae01.alicdn.com\/kf\/S2d80b75f38054112bae19143b870774eg.jpg\" alt=\"\" title=\"\"><img decoding=\"async\" src=\"\/\/ae01.alicdn.com\/kf\/Sb0b4768c07e04519b05d1e0a491cb5a9l.jpg\" alt=\"\" title=\"\"><img decoding=\"async\" src=\"\/\/ae01.alicdn.com\/kf\/Sf6178cc0b20345e2b06dff793f1171b9m.jpg\" alt=\"\" title=\"\"><img decoding=\"async\" src=\"\/\/ae01.alicdn.com\/kf\/Saf309ba029824544820966cc339985d7K.jpg\" alt=\"\" title=\"\"><\/p>\n<\/div>\n","protected":false},"excerpt":{"rendered":"<p>Anbernic RG556 \u2014 Console R\u00e9tro Portable avec \u00c9cran OLED et \u00c9mulation PS2 \ud83c\udfae L&rsquo;Anbernic RG556 est l&rsquo;une des consoles r\u00e9tro portables les plus puissantes de 2025. \u00c9quip\u00e9e d&rsquo;un superbe \u00e9cran AMOLED de 5,48 pouces, elle offre une exp\u00e9rience visuelle vibrante et ultra-nette. Gr\u00e2ce \u00e0 son processeur Unisoc T820 et ses 8 Go de RAM, elle [&hellip;]<\/p>\n","protected":false},"featured_media":1799,"comment_status":"open","ping_status":"closed","template":"","meta":{"_uag_custom_page_level_css":"","site-sidebar-layout":"default","site-content-layout":"","ast-site-content-layout":"default","site-content-style":"default","site-sidebar-style":"default","ast-global-header-display":"","ast-banner-title-visibility":"","ast-main-header-display":"","ast-hfb-above-header-display":"","ast-hfb-below-header-display":"","ast-hfb-mobile-header-display":"","site-post-title":"","ast-breadcrumbs-content":"","ast-featured-img":"","footer-sml-layout":"","ast-disable-related-posts":"","theme-transparent-header-meta":"default","adv-header-id-meta":"","stick-header-meta":"","header-above-stick-meta":"","header-main-stick-meta":"","header-below-stick-meta":"","astra-migrate-meta-layouts":"set","ast-page-background-enabled":"default","ast-page-background-meta":{"desktop":{"background-color":"var(--ast-global-color-5)","background-image":"","background-repeat":"repeat","background-position":"center center","background-size":"auto","background-attachment":"scroll","background-type":"","background-media":"","overlay-type":"","overlay-color":"","overlay-opacity":"","overlay-gradient":""},"tablet":{"background-color":"","background-image":"","background-repeat":"repeat","background-position":"center center","background-size":"auto","background-attachment":"scroll","background-type":"","background-media":"","overlay-type":"","overlay-color":"","overlay-opacity":"","overlay-gradient":""},"mobile":{"background-color":"","background-image":"","background-repeat":"repeat","background-position":"center center","background-size":"auto","background-attachment":"scroll","background-type":"","background-media":"","overlay-type":"","overlay-color":"","overlay-opacity":"","overlay-gradient":""}},"ast-content-background-meta":{"desktop":{"background-color":"var(--ast-global-color-4)","background-image":"","background-repeat":"repeat","background-position":"center center","background-size":"auto","background-attachment":"scroll","background-type":"","background-media":"","overlay-type":"","overlay-color":"","overlay-opacity":"","overlay-gradient":""},"tablet":{"background-color":"var(--ast-global-color-4)","background-image":"","background-repeat":"repeat","background-position":"center center","background-size":"auto","background-attachment":"scroll","background-type":"","background-media":"","overlay-type":"","overlay-color":"","overlay-opacity":"","overlay-gradient":""},"mobile":{"background-color":"var(--ast-global-color-4)","background-image":"","background-repeat":"repeat","background-position":"center center","background-size":"auto","background-attachment":"scroll","background-type":"","background-media":"","overlay-type":"","overlay-color":"","overlay-opacity":"","overlay-gradient":""}}},"product_brand":[69],"product_cat":[282,283,263,265,266,267,268,269,270,271,272,274,275,273,277,278,276,264,279],"product_tag":[],"class_list":{"0":"post-2410","1":"product","2":"type-product","3":"status-publish","4":"has-post-thumbnail","6":"product_brand-rg556","7":"product_cat-consoles-portables-retro","8":"product_cat-anbernic","9":"product_cat-consoles-emulation","10":"product_cat-dreamcast","11":"product_cat-game-boy-game-boy-color","12":"product_cat-game-boy-advance","13":"product_cat-nes","14":"product_cat-nintendo-3ds","15":"product_cat-nintendo-64","16":"product_cat-nintendo-ds","17":"product_cat-nintendo-gamecube","18":"product_cat-playstation","19":"product_cat-playstation-2","20":"product_cat-psp","21":"product_cat-sega-mega-drive-sega-genesis","22":"product_cat-sega-saturn","23":"product_cat-snes","24":"product_cat-systemes-arcade","25":"product_cat-wii","26":"desktop-align-center","27":"tablet-align-left","28":"mobile-align-left","30":"first","31":"instock","32":"sale","33":"shipping-taxable","34":"purchasable","35":"product-type-variable","36":"has-default-attributes"},"uagb_featured_image_src":{"full":["https:\/\/thecoreplay.com\/wp-content\/uploads\/2025\/12\/ANBERNIC-RG556.jpg",1080,1080,false],"thumbnail":["https:\/\/thecoreplay.com\/wp-content\/uploads\/2025\/12\/ANBERNIC-RG556-150x150.jpg",150,150,true],"medium":["https:\/\/thecoreplay.com\/wp-content\/uploads\/2025\/12\/ANBERNIC-RG556-300x300.jpg",300,300,true],"medium_large":["https:\/\/thecoreplay.com\/wp-content\/uploads\/2025\/12\/ANBERNIC-RG556-768x768.jpg",768,768,true],"large":["https:\/\/thecoreplay.com\/wp-content\/uploads\/2025\/12\/ANBERNIC-RG556-1024x1024.jpg",1024,1024,true],"1536x1536":["https:\/\/thecoreplay.com\/wp-content\/uploads\/2025\/12\/ANBERNIC-RG556.jpg",1080,1080,false],"2048x2048":["https:\/\/thecoreplay.com\/wp-content\/uploads\/2025\/12\/ANBERNIC-RG556.jpg",1080,1080,false],"woocommerce_thumbnail":["https:\/\/thecoreplay.com\/wp-content\/uploads\/2025\/12\/ANBERNIC-RG556-300x300.jpg",300,300,true],"woocommerce_single":["https:\/\/thecoreplay.com\/wp-content\/uploads\/2025\/12\/ANBERNIC-RG556-600x600.jpg",600,600,true],"woocommerce_gallery_thumbnail":["https:\/\/thecoreplay.com\/wp-content\/uploads\/2025\/12\/ANBERNIC-RG556-100x100.jpg",100,100,true]},"uagb_author_info":{"display_name":"lluismayans83@gmail.com","author_link":"https:\/\/thecoreplay.com\/fr\/author\/"},"uagb_comment_info":0,"uagb_excerpt":"Anbernic RG556 \u2014 Console R\u00e9tro Portable avec \u00c9cran OLED et \u00c9mulation PS2 \ud83c\udfae L&rsquo;Anbernic RG556 est l&rsquo;une des consoles r\u00e9tro portables les plus puissantes de 2025. \u00c9quip\u00e9e d&rsquo;un superbe \u00e9cran AMOLED de 5,48 pouces, elle offre une exp\u00e9rience visuelle vibrante et ultra-nette. Gr\u00e2ce \u00e0 son processeur Unisoc T820 et ses 8 Go de RAM, elle\u2026","_links":{"self":[{"href":"https:\/\/thecoreplay.com\/fr\/wp-json\/wp\/v2\/product\/2410","targetHints":{"allow":["GET"]}}],"collection":[{"href":"https:\/\/thecoreplay.com\/fr\/wp-json\/wp\/v2\/product"}],"about":[{"href":"https:\/\/thecoreplay.com\/fr\/wp-json\/wp\/v2\/types\/product"}],"replies":[{"embeddable":true,"href":"https:\/\/thecoreplay.com\/fr\/wp-json\/wp\/v2\/comments?post=2410"}],"wp:featuredmedia":[{"embeddable":true,"href":"https:\/\/thecoreplay.com\/fr\/wp-json\/wp\/v2\/media\/1799"}],"wp:attachment":[{"href":"https:\/\/thecoreplay.com\/fr\/wp-json\/wp\/v2\/media?parent=2410"}],"wp:term":[{"taxonomy":"product_brand","embeddable":true,"href":"https:\/\/thecoreplay.com\/fr\/wp-json\/wp\/v2\/product_brand?post=2410"},{"taxonomy":"product_cat","embeddable":true,"href":"https:\/\/thecoreplay.com\/fr\/wp-json\/wp\/v2\/product_cat?post=2410"},{"taxonomy":"product_tag","embeddable":true,"href":"https:\/\/thecoreplay.com\/fr\/wp-json\/wp\/v2\/product_tag?post=2410"}],"curies":[{"name":"wp","href":"https:\/\/api.w.org\/{rel}","templated":true}]}}