{"id":1457,"date":"2025-12-16T16:22:54","date_gmt":"2025-12-16T16:22:54","guid":{"rendered":"https:\/\/thecoreplay.com\/?post_type=product&#038;p=1457"},"modified":"2026-02-19T15:10:49","modified_gmt":"2026-02-19T15:10:49","slug":"anbernic-rg40xx-h","status":"publish","type":"product","link":"https:\/\/thecoreplay.com\/fr\/consoles-portables-retro\/anbernic\/anbernic-rg40xx-h\/","title":{"rendered":"ANBERNIC RG40XX H"},"content":{"rendered":"<h2 data-start=\"267\" data-end=\"301\">Comment choisir la bonne option ?<\/h2>\n<p class=\"\" data-start=\"303\" data-end=\"445\">Tout d&rsquo;abord, s\u00e9lectionnez votre couleur pr\u00e9f\u00e9r\u00e9e : <strong>Gris<\/strong>, <strong>Bleu<\/strong> ou <strong>Noir<\/strong>.<br \/>Ensuite, choisissez la capacit\u00e9 de stockage qui vous convient le mieux :<\/p>\n<ul data-start=\"447\" data-end=\"596\">\n<li class=\"\" data-start=\"447\" data-end=\"495\"><strong>64 Go<\/strong> \u2013 Plus de <strong>5 000 jeux<\/strong> inclus.<\/li>\n<li class=\"\" data-start=\"496\" data-end=\"545\"><strong>128 Go<\/strong> \u2013 Plus de <strong>8 000 jeux<\/strong> inclus.<\/li>\n<li class=\"\" data-start=\"546\" data-end=\"596\"><strong>256 Go<\/strong> \u2013 Plus de <strong>11 000 jeux<\/strong> inclus.<\/li>\n<\/ul>\n<p class=\"\" data-start=\"598\" data-end=\"658\">C&rsquo;est aussi simple que cela de configurer votre console r\u00e9tro portable id\u00e9ale !<\/p>\n<h2 data-start=\"155\" data-end=\"186\">\ud83d\udce6\ud83c\udfae Qu&rsquo;y a-t-il dans la bo\u00eete ?<\/h2>\n<p class=\"\" data-start=\"188\" data-end=\"302\">Lorsque vous achetez l&rsquo;<strong>Anbernic RG40XX H<\/strong> chez TheCorePlay, vous recevez tout ce dont vous avez besoin pour commencer \u00e0 jouer d\u00e8s le premier instant :<\/p>\n<ul data-start=\"304\" data-end=\"681\">\n<li class=\"\" data-start=\"304\" data-end=\"386\">\ud83c\udfae <strong>1x Console portable r\u00e9tro RG40XX H<\/strong> (Couleur au choix : Gris, Bleu ou Noir)<\/li>\n<li class=\"\" data-start=\"387\" data-end=\"473\">\ud83d\udcbe <strong>1x Carte TF de 64 Go, 128 Go ou 256 Go<\/strong> (pr\u00e9-install\u00e9e avec des jeux r\u00e9tro classiques)<\/li>\n<li class=\"\" data-start=\"474\" data-end=\"513\">\ud83d\udd0c <strong>1x C\u00e2ble de charge USB Type-C<\/strong><\/li>\n<li class=\"\" data-start=\"514\" data-end=\"587\">\ud83e\udde9 <strong>1x Bo\u00eete de protection<\/strong><\/li>\n<li class=\"\" data-start=\"588\" data-end=\"681\">\ud83d\udcda <strong>1x Manuel d&rsquo;utilisation<\/strong> (pour une configuration facile et sans tracas)<\/li>\n<\/ul>\n<p class=\"\" data-start=\"683\" data-end=\"783\">\u2705 Tout est parfaitement emball\u00e9 pour que vous puissiez profiter de votre exp\u00e9rience r\u00e9tro d\u00e8s la premi\u00e8re minute !<\/p>\n<hr class=\"\" data-start=\"660\" data-end=\"663\" \/>\n<h2 data-start=\"665\" data-end=\"691\">Caract\u00e9ristiques du produit \ud83c\udfae<\/h2>\n<p class=\"\" data-start=\"693\" data-end=\"972\">La nouvelle <strong>Anbernic RG40XX H<\/strong> est disponible en trois coloris : <strong>Noir<\/strong>, <strong>Gris<\/strong> et <strong>Bleu<\/strong>. Ce mod\u00e8le puissant et compact <strong>prend en charge un syst\u00e8me d&rsquo;exploitation Linux 64 bits<\/strong>, offrant une exp\u00e9rience de jeu fluide et une \u00e9mulation optimis\u00e9e pour vos jeux r\u00e9tro pr\u00e9f\u00e9r\u00e9s.<\/p>\n<p><img decoding=\"async\" src=\"\/\/ae01.alicdn.com\/kf\/S882083897203496d877d9579cff1e986m.jpg\" alt=\"\" title=\"\"><\/p>\n<h2 data-start=\"127\" data-end=\"181\">\ud83d\udcfa \u00c9cran de haute qualit\u00e9 et vision parfaite<\/h2>\n<p class=\"\" data-start=\"183\" data-end=\"591\">La <strong>console portable RG40XX H<\/strong> dispose d&rsquo;un <strong>\u00e9cran IPS de 4,0 pouces<\/strong> avec un angle de vision complet et une <strong>lamination OCA compl\u00e8te<\/strong>, garantissant un affichage net sans reflets. Sa <strong>r\u00e9solution de 640 \u00d7 480 pixels<\/strong> offre des <strong>images d\u00e9taill\u00e9es et des couleurs \u00e9clatantes<\/strong> pour une exp\u00e9rience de jeu plus immersive, vous permettant d&rsquo;appr\u00e9cier chaque sc\u00e8ne et d\u00e9tail de vos jeux r\u00e9tro favoris.<\/p>\n<p><img decoding=\"async\" src=\"\/\/ae01.alicdn.com\/kf\/Sb6b80b2d65204e7b98899b9c079b5e53e.jpg\" alt=\"\" title=\"\"><\/p>\n<h2 data-start=\"92\" data-end=\"145\">\ud83d\udd79\ufe0f Performances puissantes pour une exp\u00e9rience fluide<\/h2>\n<p class=\"\" data-start=\"147\" data-end=\"493\">La <strong>RG40XX H<\/strong> est \u00e9quip\u00e9e d&rsquo;un <strong>processeur quad-core H700 ARM Cortex-A53<\/strong> cadenc\u00e9 \u00e0 <strong>1,5 GHz<\/strong>, associ\u00e9 \u00e0 un <strong>GPU dual-core G31 MP2<\/strong> et <strong>1 Go de RAM DDR4<\/strong>. Cette combinaison puissante \u00e9limine les probl\u00e8mes de chute de fps, offrant des <strong>graphismes impressionnants<\/strong> et une <strong>exp\u00e9rience de jeu fluide<\/strong>.<\/p>\n<p><img decoding=\"async\" src=\"\/\/ae01.alicdn.com\/kf\/S21bd93ff77934994b34534ec0b8b76fc1.jpg\" alt=\"\" title=\"\"><\/p>\n<h2 data-start=\"133\" data-end=\"189\">\ud83c\udfae Des milliers de jeux inclus et support d&rsquo;\u00e9mulateurs<\/h2>\n<p class=\"\" data-start=\"191\" data-end=\"543\">La <strong>console RG40XX H<\/strong> est \u00e9quip\u00e9e d&rsquo;une <strong>carte TF de 64 Go<\/strong> pr\u00e9-install\u00e9e, qui comprend <strong>plus de 5 000 jeux classiques<\/strong> pr\u00eats \u00e0 l&#8217;emploi. De plus, elle <strong>prend en charge l&rsquo;extension double TF<\/strong> jusqu&rsquo;\u00e0 <strong>512 Go<\/strong> et est <strong>compatible avec plus de 20 \u00e9mulateurs<\/strong> et portages de jeux. \ud83c\udf1f Vous pouvez \u00e9galement t\u00e9l\u00e9charger et ajouter vos propres jeux dans des formats compatibles !<\/p>\n<hr class=\"\" data-start=\"545\" data-end=\"548\" \/>\n<h2 data-start=\"550\" data-end=\"605\">\ud83d\udd79\ufe0f Joystick de haute pr\u00e9cision pour un contr\u00f4le optimal<\/h2>\n<p class=\"\" data-start=\"607\" data-end=\"919\">Le <strong>joystick de la RG40XX H<\/strong> est con\u00e7u pour offrir un <strong>contr\u00f4le fluide et extr\u00eamement pr\u00e9cis<\/strong>, vous permettant de jouer avec <strong>exactitude et confort<\/strong>. \u2728 De plus, la console vous permet de <strong>rechercher des jeux<\/strong>, de <strong>consulter les jeux r\u00e9cemment jou\u00e9s<\/strong> et de <strong>sauvegarder vos favoris<\/strong> pour un acc\u00e8s rapide.<\/p>\n<p><img decoding=\"async\" src=\"\/\/ae01.alicdn.com\/kf\/S2da50c1e40ac4eb19c1e5bdc04557377Y.jpg\" alt=\"\" title=\"\"><\/p>\n<h2 data-start=\"81\" data-end=\"115\">\ud83d\udccf Design compact et ultra-l\u00e9ger<\/h2>\n<p class=\"\" data-start=\"117\" data-end=\"405\">La <strong>console RG40XX H<\/strong> mesure <strong>16,3 cm de long \u00d7 7,9 cm de large \u00d7 1,6 cm de haut<\/strong> et p\u00e8se <strong>seulement 208 grammes<\/strong>. \ud83c\udf92 Gr\u00e2ce \u00e0 son <strong>design compact et portable<\/strong>, vous pouvez <strong>facilement l&#8217;emporter partout<\/strong> et profiter de vos jeux r\u00e9tro pr\u00e9f\u00e9r\u00e9s lors de vos d\u00e9placements.<\/p>\n<p><img decoding=\"async\" src=\"\/\/ae01.alicdn.com\/kf\/S92737c3a05cc4a39aff57b251a6b3f82b.jpg\" alt=\"\" title=\"\"><\/p>\n<h2 data-start=\"70\" data-end=\"114\">\ud83c\udfa8 Joystick RGB avec 16 millions de couleurs<\/h2>\n<p class=\"\" data-start=\"116\" data-end=\"508\">La <strong>RG40XX H<\/strong> est \u00e9quip\u00e9e d&rsquo;un <strong>joystick r\u00e9tro\u00e9clair\u00e9 RGB<\/strong> offrant <strong>plus de 16 millions de couleurs<\/strong>. \u2728 Elle prend en charge plusieurs effets tels que la <strong>lumi\u00e8re constante<\/strong>, l&rsquo;<strong>effet de respiration<\/strong>, l&rsquo;<strong>arc-en-ciel<\/strong>, le <strong>chapiteau<\/strong>, l&rsquo;<strong>effet de poursuite<\/strong>, et plus encore. \ud83c\udf9b\ufe0f Vous pouvez \u00e9galement <strong>personnaliser les couleurs<\/strong> et <strong>ajuster la luminosit\u00e9<\/strong> pour que votre console soit unique pendant que vous jouez.<\/p>\n<p><img decoding=\"async\" src=\"\/\/ae01.alicdn.com\/kf\/Sdd8cb82d77184fb080f0378eab3af5baB.jpg\" alt=\"\" title=\"\"><\/p>\n<h2 data-start=\"82\" data-end=\"124\">\ud83d\udcfa Connectez-la \u00e0 votre t\u00e9l\u00e9viseur et jouez en grand !<\/h2>\n<p class=\"\" data-start=\"126\" data-end=\"463\">La <strong>RG40XX H<\/strong> vous permet de vous <strong>connecter \u00e0 votre t\u00e9l\u00e9viseur<\/strong> via la <strong>sortie HDMI<\/strong> pour profiter de vos jeux pr\u00e9f\u00e9r\u00e9s sur grand \u00e9cran. \ud83c\udfae Elle prend en charge les <strong>manettes sans fil 2.4G et filaires<\/strong>, les <strong>gamepads Bluetooth<\/strong> et le <strong>couplage en ligne via WiFi<\/strong>, vous offrant des options infinies pour une exp\u00e9rience de jeu personnalis\u00e9e.<\/p>\n<p class=\"\" data-start=\"465\" data-end=\"746\">\ud83d\ude80 Elle dispose du <strong>WiFi 2.4\/5G (802.11a\/b\/g\/n\/ac)<\/strong> et du <strong>Bluetooth 4.2<\/strong>, permettant le <strong>jeu en ligne entre deux consoles<\/strong>. \ud83c\udf19 Compatible avec le <strong>Moonlight Streaming<\/strong> ! Vous pouvez <strong>jouer \u00e0 vos jeux PC<\/strong> directement sur votre console portable r\u00e9tro.<\/p>\n<p class=\"\" data-start=\"748\" data-end=\"840\">\ud83c\udfae De plus, elle poss\u00e8de un <strong>moteur de vibration<\/strong> pour rendre chaque partie plus intense et r\u00e9aliste.<\/p>\n<p><img decoding=\"async\" src=\"\/\/ae01.alicdn.com\/kf\/S98f00879890e48f687374cd7a9fa8582U.jpg\" alt=\"\" title=\"\"><br \/>\n<img decoding=\"async\" src=\"\/\/ae01.alicdn.com\/kf\/S99690dfb94f640e98743e6bc9a8ab6cbp.jpg\" alt=\"\" title=\"\"><br \/>\n<img decoding=\"async\" src=\"\/\/ae01.alicdn.com\/kf\/S4b8b8cc690344af0ab919a89445e825dL.jpg\" alt=\"\" title=\"\"><\/p>\n<h2 data-start=\"100\" data-end=\"153\">\ud83d\udd0b Batterie longue dur\u00e9e pour des aventures infinies<\/h2>\n<p class=\"\" data-start=\"155\" data-end=\"409\">La <strong>RG40XX H<\/strong> int\u00e8gre une <strong>batterie au lithium polym\u00e8re de 3200 mAh<\/strong>, offrant jusqu&rsquo;\u00e0 <strong>6 heures de jeu ininterrompu<\/strong>. \u2708\ufe0f Parfait pour les <strong>longs trajets<\/strong> ou le <strong>temps libre<\/strong>, emportez le plaisir avec vous sans vous soucier de manquer d&rsquo;\u00e9nergie.<\/p>\n<p class=\"\" data-start=\"411\" data-end=\"546\">\u26a1 <strong>Charge rapide<\/strong> via <strong>chargeur Type-C (5V\/1.5A)<\/strong> et compatible avec les <strong>chargeurs C2C<\/strong>, pour retourner \u00e0 l&rsquo;action en un rien de temps.<\/p>\n<p><img decoding=\"async\" src=\"\/\/ae01.alicdn.com\/kf\/S01b84ccae4d340cbae27654b48a59447j.jpg\" alt=\"\" title=\"\"><\/p>\n<h2 data-start=\"101\" data-end=\"147\">\ud83d\udcfa\ud83c\udfb5\ud83d\udcda Plus qu&rsquo;une simple console de jeu !<\/h2>\n<p class=\"\" data-start=\"149\" data-end=\"253\">La <strong>RG40XX H<\/strong> n&rsquo;est pas seulement une machine de jeux vid\u00e9o ; c&rsquo;est aussi un <strong>centre multim\u00e9dia portable<\/strong>.<\/p>\n<ul data-start=\"255\" data-end=\"679\">\n<li class=\"\" data-start=\"255\" data-end=\"377\">\ud83c\udfac <strong>Lecture vid\u00e9o<\/strong> : Prend en charge des formats tels que <code>wmv<\/code>, <code>avi<\/code>, <code>rmvb<\/code>, <code>flv<\/code>, <code>mp4<\/code>, <code>mkv<\/code>, et plus encore.<\/li>\n<li class=\"\" data-start=\"378\" data-end=\"498\">\ud83c\udfb5 <strong>\u00c9coute musicale<\/strong> : Prend en charge <code>flac<\/code>, <code>mp3<\/code>, <code>wav<\/code>, <code>ape<\/code>, <code>ogg<\/code>, <code>wma<\/code>, <code>aac<\/code>, <code>m4a<\/code>, etc.<\/li>\n<li class=\"\" data-start=\"499\" data-end=\"573\">\ud83d\udcc1 <strong>Gestion de fichiers<\/strong> : G\u00e9rez facilement vos fichiers avec l&rsquo;explorateur int\u00e9gr\u00e9.<\/li>\n<li class=\"\" data-start=\"574\" data-end=\"679\">\ud83d\udcd6 <strong>Lecteur d&rsquo;e-books<\/strong> : Lisez vos favoris au format <code>txt<\/code> n&rsquo;importe o\u00f9.<\/li>\n<\/ul>\n<p class=\"\" data-start=\"681\" data-end=\"731\">Tout ce dont vous avez besoin au creux de votre main ! \ud83c\udfae\u2728<\/p>\n<p><img decoding=\"async\" src=\"\/\/ae01.alicdn.com\/kf\/S767639e9d5f74d129e01e264a3c5bb8aN.jpg\" alt=\"\" title=\"\"><br \/>\n<img decoding=\"async\" src=\"\/\/ae01.alicdn.com\/kf\/S6e3e02242f0644c5893131210181fcccQ.jpg\" alt=\"\" title=\"\"><\/p>\n","protected":false},"excerpt":{"rendered":"<p>Comment choisir la bonne option ? Tout d&rsquo;abord, s\u00e9lectionnez votre couleur pr\u00e9f\u00e9r\u00e9e : Gris, Bleu ou Noir.Ensuite, choisissez la capacit\u00e9 de stockage qui vous convient le mieux : 64 Go \u2013 Plus de 5 000 jeux inclus. 128 Go \u2013 Plus de 8 000 jeux inclus. 256 Go \u2013 Plus de 11 000 jeux inclus. [&hellip;]<\/p>\n","protected":false},"featured_media":1623,"comment_status":"open","ping_status":"closed","template":"","meta":{"_uag_custom_page_level_css":"","site-sidebar-layout":"default","site-content-layout":"","ast-site-content-layout":"default","site-content-style":"default","site-sidebar-style":"default","ast-global-header-display":"","ast-banner-title-visibility":"","ast-main-header-display":"","ast-hfb-above-header-display":"","ast-hfb-below-header-display":"","ast-hfb-mobile-header-display":"","site-post-title":"","ast-breadcrumbs-content":"","ast-featured-img":"","footer-sml-layout":"","ast-disable-related-posts":"","theme-transparent-header-meta":"default","adv-header-id-meta":"","stick-header-meta":"","header-above-stick-meta":"","header-main-stick-meta":"","header-below-stick-meta":"","astra-migrate-meta-layouts":"set","ast-page-background-enabled":"default","ast-page-background-meta":{"desktop":{"background-color":"var(--ast-global-color-5)","background-image":"","background-repeat":"repeat","background-position":"center center","background-size":"auto","background-attachment":"scroll","background-type":"","background-media":"","overlay-type":"","overlay-color":"","overlay-opacity":"","overlay-gradient":""},"tablet":{"background-color":"","background-image":"","background-repeat":"repeat","background-position":"center center","background-size":"auto","background-attachment":"scroll","background-type":"","background-media":"","overlay-type":"","overlay-color":"","overlay-opacity":"","overlay-gradient":""},"mobile":{"background-color":"","background-image":"","background-repeat":"repeat","background-position":"center center","background-size":"auto","background-attachment":"scroll","background-type":"","background-media":"","overlay-type":"","overlay-color":"","overlay-opacity":"","overlay-gradient":""}},"ast-content-background-meta":{"desktop":{"background-color":"var(--ast-global-color-4)","background-image":"","background-repeat":"repeat","background-position":"center center","background-size":"auto","background-attachment":"scroll","background-type":"","background-media":"","overlay-type":"","overlay-color":"","overlay-opacity":"","overlay-gradient":""},"tablet":{"background-color":"var(--ast-global-color-4)","background-image":"","background-repeat":"repeat","background-position":"center center","background-size":"auto","background-attachment":"scroll","background-type":"","background-media":"","overlay-type":"","overlay-color":"","overlay-opacity":"","overlay-gradient":""},"mobile":{"background-color":"var(--ast-global-color-4)","background-image":"","background-repeat":"repeat","background-position":"center center","background-size":"auto","background-attachment":"scroll","background-type":"","background-media":"","overlay-type":"","overlay-color":"","overlay-opacity":"","overlay-gradient":""}}},"product_brand":[68],"product_cat":[282,283,263,266,267,268,270,271,274,277,276,264],"product_tag":[],"class_list":{"0":"post-1457","1":"product","2":"type-product","3":"status-publish","4":"has-post-thumbnail","6":"product_brand-rg40xx-h","7":"product_cat-consoles-portables-retro","8":"product_cat-anbernic","9":"product_cat-consoles-emulation","10":"product_cat-game-boy-game-boy-color","11":"product_cat-game-boy-advance","12":"product_cat-nes","13":"product_cat-nintendo-64","14":"product_cat-nintendo-ds","15":"product_cat-playstation","16":"product_cat-sega-mega-drive-sega-genesis","17":"product_cat-snes","18":"product_cat-systemes-arcade","19":"desktop-align-center","20":"tablet-align-left","21":"mobile-align-left","23":"first","24":"instock","25":"sale","26":"shipping-taxable","27":"product-type-variable","28":"has-default-attributes"},"uagb_featured_image_src":{"full":["https:\/\/thecoreplay.com\/wp-content\/uploads\/2025\/12\/ANBERNIC-RG40XX-H.jpg",1080,1080,false],"thumbnail":["https:\/\/thecoreplay.com\/wp-content\/uploads\/2025\/12\/ANBERNIC-RG40XX-H-150x150.jpg",150,150,true],"medium":["https:\/\/thecoreplay.com\/wp-content\/uploads\/2025\/12\/ANBERNIC-RG40XX-H-300x300.jpg",300,300,true],"medium_large":["https:\/\/thecoreplay.com\/wp-content\/uploads\/2025\/12\/ANBERNIC-RG40XX-H-768x768.jpg",768,768,true],"large":["https:\/\/thecoreplay.com\/wp-content\/uploads\/2025\/12\/ANBERNIC-RG40XX-H-1024x1024.jpg",1024,1024,true],"1536x1536":["https:\/\/thecoreplay.com\/wp-content\/uploads\/2025\/12\/ANBERNIC-RG40XX-H.jpg",1080,1080,false],"2048x2048":["https:\/\/thecoreplay.com\/wp-content\/uploads\/2025\/12\/ANBERNIC-RG40XX-H.jpg",1080,1080,false],"woocommerce_thumbnail":["https:\/\/thecoreplay.com\/wp-content\/uploads\/2025\/12\/ANBERNIC-RG40XX-H-300x300.jpg",300,300,true],"woocommerce_single":["https:\/\/thecoreplay.com\/wp-content\/uploads\/2025\/12\/ANBERNIC-RG40XX-H-600x600.jpg",600,600,true],"woocommerce_gallery_thumbnail":["https:\/\/thecoreplay.com\/wp-content\/uploads\/2025\/12\/ANBERNIC-RG40XX-H-100x100.jpg",100,100,true]},"uagb_author_info":{"display_name":"lluismayans83@gmail.com","author_link":"https:\/\/thecoreplay.com\/fr\/author\/"},"uagb_comment_info":57,"uagb_excerpt":"Comment choisir la bonne option ? Tout d&rsquo;abord, s\u00e9lectionnez votre couleur pr\u00e9f\u00e9r\u00e9e : Gris, Bleu ou Noir.Ensuite, choisissez la capacit\u00e9 de stockage qui vous convient le mieux : 64 Go \u2013 Plus de 5 000 jeux inclus. 128 Go \u2013 Plus de 8 000 jeux inclus. 256 Go \u2013 Plus de 11 000 jeux inclus.\u2026","_links":{"self":[{"href":"https:\/\/thecoreplay.com\/fr\/wp-json\/wp\/v2\/product\/1457","targetHints":{"allow":["GET"]}}],"collection":[{"href":"https:\/\/thecoreplay.com\/fr\/wp-json\/wp\/v2\/product"}],"about":[{"href":"https:\/\/thecoreplay.com\/fr\/wp-json\/wp\/v2\/types\/product"}],"replies":[{"embeddable":true,"href":"https:\/\/thecoreplay.com\/fr\/wp-json\/wp\/v2\/comments?post=1457"}],"wp:featuredmedia":[{"embeddable":true,"href":"https:\/\/thecoreplay.com\/fr\/wp-json\/wp\/v2\/media\/1623"}],"wp:attachment":[{"href":"https:\/\/thecoreplay.com\/fr\/wp-json\/wp\/v2\/media?parent=1457"}],"wp:term":[{"taxonomy":"product_brand","embeddable":true,"href":"https:\/\/thecoreplay.com\/fr\/wp-json\/wp\/v2\/product_brand?post=1457"},{"taxonomy":"product_cat","embeddable":true,"href":"https:\/\/thecoreplay.com\/fr\/wp-json\/wp\/v2\/product_cat?post=1457"},{"taxonomy":"product_tag","embeddable":true,"href":"https:\/\/thecoreplay.com\/fr\/wp-json\/wp\/v2\/product_tag?post=1457"}],"curies":[{"name":"wp","href":"https:\/\/api.w.org\/{rel}","templated":true}]}}