{"id":1414,"date":"2025-12-16T16:22:55","date_gmt":"2025-12-16T16:22:55","guid":{"rendered":"https:\/\/thecoreplay.com\/?post_type=product&#038;p=1414"},"modified":"2026-02-19T15:12:39","modified_gmt":"2026-02-19T15:12:39","slug":"anbernic-rg405v","status":"publish","type":"product","link":"https:\/\/thecoreplay.com\/fr\/consoles-portables-retro\/anbernic\/anbernic-rg405v\/","title":{"rendered":"ANBERNIC RG405V"},"content":{"rendered":"<div>\n<h2 class=\"\" data-start=\"184\" data-end=\"226\">\u2705 Caract\u00e9ristiques de l&rsquo;Anbernic RG405V<\/h2>\n<p class=\"\" data-start=\"228\" data-end=\"632\">L&rsquo;<strong>Anbernic RG405V<\/strong> de TheCorePlay est une console portable r\u00e9tro qui allie puissance, confort et design classique. Son format vertical la rend parfaite pour jouer d&rsquo;une seule main ou pour de longues sessions sans fatigue. \u00c9quip\u00e9e d&rsquo;Android 12, cette console vous permet non seulement d&rsquo;\u00e9muler une grande vari\u00e9t\u00e9 de syst\u00e8mes r\u00e9tro, mais aussi d&rsquo;installer des applications, des jeux mobiles et des services comme Xbox Game Pass ou Steam Link.<\/p>\n<p class=\"\" data-start=\"634\" data-end=\"931\">Son processeur Unisoc T618 associ\u00e9 \u00e0 4 Go de RAM garantit des performances fluides tant pour l&rsquo;\u00e9mulation que pour les jeux Android. De plus, son \u00e9cran tactile IPS de 4 pouces offre une excellente qualit\u00e9 visuelle et une r\u00e9ponse tactile id\u00e9ale pour profiter de vos jeux r\u00e9tro pr\u00e9f\u00e9r\u00e9s en haute r\u00e9solution.<\/p>\n<p class=\"\" data-start=\"933\" data-end=\"1117\">Parmi ses avantages, on trouve les doubles joysticks analogiques \u00e0 effet Hall, la vibration haptique, la connectivit\u00e9 WiFi 5 et Bluetooth 5.0, ainsi qu&rsquo;une batterie de 5500 mAh pour de longues sessions de jeu.<\/p>\n<hr class=\"\" data-start=\"1119\" data-end=\"1122\" \/>\n<h2 class=\"\" data-start=\"1124\" data-end=\"1168\">\u2699\ufe0f Sp\u00e9cifications techniques de la RG405V<\/h2>\n<ul data-start=\"1170\" data-end=\"1906\">\n<li class=\"\">\ud83e\udde0 <strong>Processeur :<\/strong> Unisoc Tiger T618 (8 c\u0153urs, jusqu&rsquo;\u00e0 2,0 GHz)<\/li>\n<li class=\"\">\ud83c\udfae <strong>GPU :<\/strong> Mali-G52 MP2<\/li>\n<li class=\"\">\ud83d\udcf1 <strong>Syst\u00e8me d&rsquo;exploitation :<\/strong> Android 12<\/li>\n<li class=\"\">\ud83d\udcbe <strong>RAM :<\/strong> 4 Go LPDDR4X<\/li>\n<li class=\"\">\ud83d\udcbd <strong>Stockage interne :<\/strong> 128 Go eMMC 5.1<\/li>\n<li class=\"\">\ud83d\udca1 <strong>\u00c9cran :<\/strong> \u00c9cran tactile IPS de 4,0 pouces, 640&#215;480 pixels<\/li>\n<li class=\"\">\ud83d\udd0b <strong>Batterie :<\/strong> 5500 mAh (jusqu&rsquo;\u00e0 9 heures d&rsquo;autonomie)<\/li>\n<li class=\"\">\ud83d\udcf6 <strong>Connectivit\u00e9 :<\/strong> Wi-Fi 5, Bluetooth 5.0<\/li>\n<li class=\"\">\ud83d\udd0a <strong>Audio :<\/strong> Haut-parleurs st\u00e9r\u00e9o et prise jack 3,5 mm<\/li>\n<li class=\"\">\ud83c\udfae <strong>Contr\u00f4les :<\/strong> Doubles joysticks analogiques \u00e0 effet Hall, croix directionnelle, boutons ABXY, g\u00e2chettes L1\/L2\/R1\/R2<\/li>\n<li class=\"\">\ud83d\udcf7 <strong>OTG\/USB :<\/strong> Port USB-C, sortie vid\u00e9o USB-C<\/li>\n<li class=\"\">\ud83d\udcc1 <strong>Emplacement microSD :<\/strong> Compatible avec les cartes jusqu&rsquo;\u00e0 512 Go<\/li>\n<li class=\"\">\ud83d\udcd0 <strong>Dimensions :<\/strong> 145 x 105 x 35 mm<\/li>\n<li class=\"\">\u2696\ufe0f <strong>Poids :<\/strong> 282 g<\/li>\n<\/ul>\n<h2 class=\"\" data-start=\"140\" data-end=\"189\">\ud83d\udce6 Contenu du pack Anbernic RG405V<\/h2>\n<p class=\"\" data-start=\"191\" data-end=\"426\">En achetant l&rsquo;<strong>Anbernic RG405V<\/strong> chez TheCorePlay, vous recevez un pack complet pr\u00eat \u00e0 l&#8217;emploi. Tous les accessoires inclus sont con\u00e7us pour offrir une exp\u00e9rience premium, tant pour la protection que pour la charge.<\/p>\n<p><strong>Contenu du colis :<\/strong><\/p>\n<ul data-start=\"456\" data-end=\"618\">\n<li>\ud83c\udfae 1x Console portable RG405V<\/li>\n<li>\ud83d\udd0c 1x C\u00e2ble de charge USB<\/li>\n<li>\ud83d\udee1\ufe0f 1x Protecteur d&rsquo;\u00e9cran<\/li>\n<li>\ud83d\udcd6 1x Manuel d&rsquo;utilisation<\/li>\n<li>\ud83c\udf81 1x Bo\u00eete de pr\u00e9sentation (Giftbox)<\/li>\n<\/ul>\n<\/div>\n<h2 class=\"\" data-start=\"625\" data-end=\"670\">\ud83c\udfae Quelles consoles l&rsquo;Anbernic RG405V \u00e9mule-t-elle ?<\/h2>\n<p class=\"\" data-start=\"672\" data-end=\"1000\">Gr\u00e2ce \u00e0 son processeur puissant et \u00e0 son syst\u00e8me Android 12, l&rsquo;<strong>Anbernic RG405V<\/strong> est capable d&rsquo;\u00e9muler avec fluidit\u00e9 une immense vari\u00e9t\u00e9 de consoles r\u00e9tro, des syst\u00e8mes classiques aux plateformes plus exigeantes. Vous pouvez \u00e9galement installer des \u00e9mulateurs suppl\u00e9mentaires ou utiliser des plateformes comme RetroArch pour \u00e9tendre la compatibilit\u00e9.<\/p>\n<p><strong>Consoles \u00e9mul\u00e9es :<\/strong><\/p>\n<ul data-start=\"1034\" data-end=\"1463\">\n<li>\ud83d\udd79\ufe0f <a href=\"https:\/\/thecoreplay.com\/fr\/consoles-emulation\/nes\/\">NES<\/a>, <a href=\"https:\/\/thecoreplay.com\/fr\/consoles-emulation\/snes\/\">SNES<\/a>, Famicom, Super Famicom<\/li>\n<li>\ud83c\udfae <a href=\"https:\/\/thecoreplay.com\/fr\/consoles-emulation\/game-boy-game-boy-color\/\">Game Boy, Game Boy Color<\/a>, <a href=\"https:\/\/thecoreplay.com\/fr\/consoles-emulation\/game-boy-advance\/\">Game Boy Advance<\/a><\/li>\n<li>\ud83d\udcfc <a href=\"https:\/\/thecoreplay.com\/fr\/consoles-emulation\/sega-mega-drive-sega-genesis\/\">Sega Genesis<\/a>, Master System, Game Gear, <a href=\"https:\/\/thecoreplay.com\/fr\/consoles-emulation\/dreamcast\/\">Dreamcast<\/a><\/li>\n<li>\ud83e\udde9 Neo Geo, Neo Geo Pocket<\/li>\n<li>\ud83d\udcbf <a href=\"https:\/\/thecoreplay.com\/fr\/consoles-emulation\/playstation\/\">PlayStation 1<\/a>, <a href=\"https:\/\/thecoreplay.com\/fr\/consoles-emulation\/psp\/\">PSP<\/a><\/li>\n<li>\ud83d\udcc0 <a href=\"https:\/\/thecoreplay.com\/fr\/consoles-emulation\/playstation-2\/\">PlayStation 2<\/a> (jeux s\u00e9lectionn\u00e9s)<\/li>\n<li>\ud83d\udcbb <a href=\"https:\/\/thecoreplay.com\/fr\/consoles-emulation\/nintendo-ds\/\">Nintendo DS<\/a>, <a href=\"https:\/\/thecoreplay.com\/fr\/consoles-emulation\/nintendo-64\/\">Nintendo 64<\/a><\/li>\n<li>\ud83d\udcfc <a href=\"https:\/\/thecoreplay.com\/fr\/consoles-emulation\/nintendo-gamecube\/\">Nintendo GameCube<\/a> (jeux s\u00e9lectionn\u00e9s)<\/li>\n<li>\ud83d\udcbd <a href=\"https:\/\/thecoreplay.com\/fr\/consoles-emulation\/wii\/\">Wii<\/a> (jeux s\u00e9lectionn\u00e9s)<\/li>\n<li>\ud83d\udc7e <a href=\"https:\/\/thecoreplay.com\/fr\/consoles-emulation\/systemes-arcade\/\">Arcade<\/a> (MAME, Final Burn Alpha, etc.)<\/li>\n<\/ul>\n<p>La compatibilit\u00e9 avec des consoles comme la <strong>GameCube, la PS2 et la Wii<\/strong> d\u00e9pend du titre et de la configuration, mais de nombreux jeux fonctionnent \u00e9tonnamment bien sur cette console.<\/p>\n<h2 class=\"\" data-start=\"206\" data-end=\"259\">\ud83c\udfae Liste des jeux inclus dans l&rsquo;Anbernic RG405V<\/h2>\n<p class=\"\" data-start=\"261\" data-end=\"448\">L&rsquo;<strong>Anbernic RG405V<\/strong> avec carte microSD pr\u00e9-charg\u00e9e comprend des milliers de jeux classiques organis\u00e9s par console. Voici un petit \u00e9chantillon des titres phares que vous pourrez trouver :<\/p>\n<p>\ud83d\udd79\ufe0f <strong>PlayStation 1 (PS1)<\/strong><\/p>\n<ul>\n<li>Metal Gear Solid<\/li>\n<li>Castlevania: Symphony of the Night<\/li>\n<li>Crash Bandicoot 3<\/li>\n<li>Resident Evil 2<\/li>\n<\/ul>\n<p><strong>\ud83d\udd79\ufe0f Game Boy Advance (GBA)<\/strong><\/p>\n<ul>\n<li>Pok\u00e9mon \u00c9meraude<\/li>\n<li>The Legend of Zelda: The Minish Cap<\/li>\n<li>Metroid Fusion<\/li>\n<li>Mario Kart: Super Circuit<\/li>\n<\/ul>\n<p><strong>\ud83d\udd79\ufe0f Super Nintendo (SNES)<\/strong><\/p>\n<ul>\n<li>Super Mario World<\/li>\n<li>Donkey Kong Country<\/li>\n<li>Chrono Trigger<\/li>\n<li>The Legend of Zelda: A Link to the Past<\/li>\n<\/ul>\n<p><strong>\ud83d\udd79\ufe0f Nintendo 64 (N64)<\/strong><\/p>\n<ul>\n<li>The Legend of Zelda: Ocarina of Time<\/li>\n<li>Mario Kart 64<\/li>\n<li>Super Smash Bros.<\/li>\n<li>GoldenEye 007<\/li>\n<\/ul>\n<p><strong>\ud83d\udd79\ufe0f PlayStation Portable (PSP)<\/strong><\/p>\n<ul>\n<li>God of War: Chains of Olympus<\/li>\n<li>Tekken 6<\/li>\n<li>Patapon<\/li>\n<li>Dragon Ball Z: Shin Budokai<\/li>\n<\/ul>\n<h2>\ud83d\uddbc\ufe0f D\u00e9couvrez l&rsquo;Anbernic RG405V en d\u00e9tail<\/h2>\n<div>\n<p>La nouvelle <strong>Anbernic RG405V<\/strong> est disponible en trois coloris uniques : <strong>Grain de Bois<\/strong>, <strong>Violet Transparent<\/strong> et <strong>Gris Classique<\/strong>. Son design r\u00e9tro classique, associ\u00e9 \u00e0 une disposition des boutons soigneusement \u00e9tudi\u00e9e, offre une exp\u00e9rience de jeu confortable, fluide et tr\u00e8s intuitive d\u00e8s le premier instant.<img decoding=\"async\" src=\"\/\/ae01.alicdn.com\/kf\/Sc32a718ff6cd4260b377a1d07bfffdc2o.jpg\" alt=\"\" title=\"\"><\/p>\n<p>La <strong>RG405V<\/strong> est une console portable <strong>compacte et l\u00e9g\u00e8re<\/strong>, id\u00e9ale pour jouer partout. Elle dispose d&rsquo;un <strong>\u00e9cran tactile HD IPS de 4 pouces<\/strong> avec une r\u00e9solution de <strong>640&#215;480<\/strong>, utilisant la technologie de <strong>laminage complet<\/strong> pour une image plus nette et une r\u00e9ponse tactile <strong>beaucoup plus sensible et pr\u00e9cise<\/strong>.<\/p>\n<p><img decoding=\"async\" src=\"\/\/ae01.alicdn.com\/kf\/S8d9080a34e494f90bed11fcb15ca7922d.jpg\" alt=\"\" title=\"\"><\/p>\n<\/div>\n<p>L&rsquo;<strong>Anbernic RG405V<\/strong> est \u00e9quip\u00e9e d&rsquo;un processeur <strong>64 bits Unisoc Tiger T618<\/strong>, avec <strong>8 c\u0153urs (2x Cortex-A75 @ 2.0 GHz + 6x Cortex-A55 @ 2.0 GHz)<\/strong>, offrant d&rsquo;excellentes performances avec une faible consommation d&rsquo;\u00e9nergie. Associ\u00e9 au <strong>GPU Mali-G52 @ 850 MHz<\/strong>, il garantit une \u00e9mulation fluide et des jeux Android exigeants.<\/p>\n<p>Elle dispose de <strong>128 Go de stockage interne eMMC haute vitesse<\/strong> et prend en charge l&rsquo;extension via <strong>carte microSD (TF) jusqu&rsquo;\u00e0 2 To<\/strong>, vous permettant d&#8217;emporter des milliers de jeux sur un seul appareil.<\/p>\n<div><img decoding=\"async\" src=\"\/\/ae01.alicdn.com\/kf\/S98c557e412264a0e9e7c4c9f3458dca37.jpg\" alt=\"\" title=\"\"><\/div>\n<blockquote><p>\u26a0\ufe0f <strong>Important :<\/strong> Le pack standard de la <strong>RG405V<\/strong> n&rsquo;inclut pas de jeux pr\u00e9-install\u00e9s. Si vous souhaitez une exp\u00e9rience compl\u00e8te d\u00e8s le d\u00e9part, vous pouvez acheter des cartes microSD de <strong>128 Go<\/strong> ou <strong>256 Go<\/strong> avec des milliers de jeux pr\u00e9-charg\u00e9s.<\/p>\n<ul>\n<li>La carte de <strong>128 Go<\/strong> comprend <strong>3 154 jeux classiques<\/strong>.<\/li>\n<li>La carte de <strong>256 Go<\/strong> comprend <strong>4 242 jeux classiques<\/strong>.<\/li>\n<\/ul>\n<p>La console prend en charge les <strong>jeux Android<\/strong> et plus de <strong>20 formats d&rsquo;\u00e9mulation<\/strong>, et permet \u00e9galement \u00e0 l&rsquo;utilisateur de <strong>t\u00e9l\u00e9charger et charger ses propres jeux<\/strong> dans des formats compatibles.<\/p><\/blockquote>\n<blockquote><p>De plus, la <strong>RG405V<\/strong> int\u00e8gre un <strong>capteur gyroscope \u00e0 six axes<\/strong>, permettant des fonctions de <strong>contr\u00f4le de mouvement<\/strong> dans les jeux compatibles. Elle prend \u00e9galement en charge les <strong>mises \u00e0 jour sans fil (OTA)<\/strong> pour am\u00e9liorer le syst\u00e8me avec de nouvelles versions logicielles.<\/p><\/blockquote>\n<div><img decoding=\"async\" src=\"\/\/ae01.alicdn.com\/kf\/Sc1b0dfecb50b4e64828e88c5348c5381v.jpg\" alt=\"\" title=\"\"><\/div>\n<p>La <strong>RG405V<\/strong> dispose de <strong>joysticks \u00e0 capteur Hall<\/strong>, qui offrent un mouvement <strong>fluide, pr\u00e9cis et sans d\u00e9rive (drift)<\/strong>. Gr\u00e2ce \u00e0 cette technologie, le probl\u00e8me de \u00ab\u00a0drift\u00a0\u00bb est \u00e9limin\u00e9, garantissant une <strong>exp\u00e9rience de contr\u00f4le plus d\u00e9licate et pr\u00e9cise<\/strong>, id\u00e9ale pour les jeux de plateforme, d&rsquo;action ou de simulation.<\/p>\n<div><img decoding=\"async\" src=\"\/\/ae01.alicdn.com\/kf\/Sc7674ef8c1a945b5899407f00d6a4693a.jpg\" alt=\"\" title=\"\"><\/div>\n<p>L&rsquo;<strong>Anbernic RG405V<\/strong> est \u00e9quip\u00e9e d&rsquo;une <strong>batterie haute capacit\u00e9 de 5500 mAh<\/strong>, offrant <strong>plus de 9 heures de jeu continu<\/strong> sur une seule charge. Elle est \u00e9galement compatible avec la <strong>charge rapide via USB Type-C<\/strong>, vous permettant de retourner rapidement \u00e0 l&rsquo;action et de profiter de vos jeux pr\u00e9f\u00e9r\u00e9s o\u00f9 que vous soyez.<\/p>\n<div><img decoding=\"async\" src=\"\/\/ae01.alicdn.com\/kf\/S717cd13a732a48ab832b4a6e672ffe04k.jpg\" alt=\"\" title=\"\"><\/div>\n<p>La <strong>console portable r\u00e9tro RG405V<\/strong> est bien plus qu&rsquo;une machine d&rsquo;\u00e9mulation. Gr\u00e2ce \u00e0 sa compatibilit\u00e9 avec le <strong>Moonlight Streaming<\/strong>, vous pouvez jouer \u00e0 vos jeux PC presque n&rsquo;importe o\u00f9, directement depuis le cloud ou en streaming local. Elle permet \u00e9galement les <strong>matchs en ligne<\/strong>, la <strong>projection d&rsquo;\u00e9cran sans fil<\/strong>, le <strong>moteur de vibration<\/strong>, la <strong>connexion casque st\u00e9r\u00e9o 3,5 mm<\/strong> et de multiples r\u00e9glages comme le <strong>mode \u00e9conomie d&rsquo;\u00e9nergie<\/strong> ou le <strong>contr\u00f4le de la luminosit\u00e9<\/strong> pour personnaliser enti\u00e8rement votre exp\u00e9rience.<\/p>\n<p>\u00c9quip\u00e9e du <strong>double WiFi 2.4G\/5G<\/strong> et du <strong>Bluetooth 5.0<\/strong>, cette console garantit une <strong>connexion rapide, stable et ininterrompue<\/strong>, offrant une exp\u00e9rience fluide tant dans les jeux r\u00e9tro que dans les titres actuels via streaming.<\/p>\n<div><img decoding=\"async\" src=\"\/\/ae01.alicdn.com\/kf\/S96dc26654b534e8c8af5742a8e33ff64O.jpg\" alt=\"\" title=\"\"><\/div>\n<blockquote><p>La <strong>console portable RG405V<\/strong> int\u00e8gre un <strong>ventilateur interne intelligent<\/strong> qui s&rsquo;active automatiquement pour <strong>dissiper la chaleur<\/strong> et am\u00e9liorer les performances lors de longues sessions de jeu, maintenant la temp\u00e9rature efficacement sous contr\u00f4le.<\/p><\/blockquote>\n<blockquote><p>De plus, elle dispose d&rsquo;un <strong>frontend de jeu int\u00e9gr\u00e9<\/strong>, compatible avec de <strong>multiples \u00e9mulateurs<\/strong> et diff\u00e9rents styles d&rsquo;interface. Elle permet \u00e9galement le <strong>mappage des touches<\/strong> selon vos pr\u00e9f\u00e9rences. Cette console r\u00e9tro est con\u00e7ue pour \u00eatre <strong>intuitive et facile \u00e0 utiliser<\/strong>, vous permettant d&rsquo;<strong>ajouter de nouveaux jeux<\/strong>, de les organiser par collections, de faire des recherches rapides et d&rsquo;y acc\u00e9der facilement.<\/p><\/blockquote>\n<div><img decoding=\"async\" src=\"\/\/ae01.alicdn.com\/kf\/Sa0d09f403b9d493094ed3758b8a972c1O.jpg\" alt=\"\" title=\"\"><\/div>\n<blockquote><p>La <strong>RG405V<\/strong> dispose d&rsquo;un <strong>haut-parleur Hi-Fi haute fid\u00e9lit\u00e9<\/strong>, offrant un <strong>son riche et immersif<\/strong>, id\u00e9al pour les jeux ainsi que pour regarder des films et des s\u00e9ries directement sur l&rsquo;appareil.<\/p><\/blockquote>\n<blockquote><p>Elle fonctionne sous le <strong>syst\u00e8me d&rsquo;exploitation Android 12<\/strong>, vous permettant de <strong>t\u00e9l\u00e9charger de nouvelles applications et de mettre \u00e0 jour les existantes<\/strong> pour une exp\u00e9rience moderne et polyvalente. Gr\u00e2ce \u00e0 sa compatibilit\u00e9 avec une quantit\u00e9 massive d&rsquo;<strong>\u00e9mulateurs et de jeux r\u00e9tro<\/strong>, cette console est <strong>tr\u00e8s facile \u00e0 utiliser<\/strong> et s&rsquo;adapte \u00e0 tous les types de joueurs.<\/p><\/blockquote>\n<div><img decoding=\"async\" src=\"\/\/ae01.alicdn.com\/kf\/S38883b8f3be74cb1bf10678194c2d99bZ.jpg\" alt=\"\" title=\"\"><\/div>\n<p>L&rsquo;<strong>Anbernic RG405V<\/strong> pr\u00e9sente un <strong>design ergonomique am\u00e9lior\u00e9<\/strong>, con\u00e7u pour s&rsquo;adapter aux mains de tous les types de joueurs. Sa forme permet de <strong>jouer pendant des heures sans fatigue<\/strong>, offrant une <strong>exp\u00e9rience de prise en main confortable et naturelle<\/strong>, id\u00e9ale pour les longues sessions de jeu r\u00e9tro ou moderne.<\/p>\n<p>De plus, la <strong>disposition de ses boutons est soigneusement con\u00e7ue<\/strong> pour offrir pr\u00e9cision et sensation classique, retrouvant l&rsquo;essence des consoles traditionnelles avec un agencement moderne et fonctionnel.<\/p>\n<div>\n<p><img decoding=\"async\" src=\"\/\/ae01.alicdn.com\/kf\/S866eb5ae98d740089cf49df6cd17f10bw.jpg\" alt=\"\" title=\"\"><span style=\"font-size: 22px;\"><strong>Images du produit<\/strong><\/span><\/p>\n<p><img decoding=\"async\" src=\"\/\/ae01.alicdn.com\/kf\/S486293d334df4a898384e92964cacde1h.png\" alt=\"\" title=\"\"><br \/>\n<img decoding=\"async\" src=\"\/\/ae01.alicdn.com\/kf\/S3054d0dc4c7e400fad453a2e6a9334fbY.jpg\" alt=\"\" title=\"\"><\/p>\n<\/div>\n","protected":false},"excerpt":{"rendered":"<p>\u2705 Caract\u00e9ristiques de l&rsquo;Anbernic RG405V L&rsquo;Anbernic RG405V de TheCorePlay est une console portable r\u00e9tro qui allie puissance, confort et design classique. Son format vertical la rend parfaite pour jouer d&rsquo;une seule main ou pour de longues sessions sans fatigue. \u00c9quip\u00e9e d&rsquo;Android 12, cette console vous permet non seulement d&rsquo;\u00e9muler une grande vari\u00e9t\u00e9 de syst\u00e8mes r\u00e9tro, [&hellip;]<\/p>\n","protected":false},"featured_media":1635,"comment_status":"open","ping_status":"closed","template":"","meta":{"_uag_custom_page_level_css":"","site-sidebar-layout":"default","site-content-layout":"","ast-site-content-layout":"default","site-content-style":"default","site-sidebar-style":"default","ast-global-header-display":"","ast-banner-title-visibility":"","ast-main-header-display":"","ast-hfb-above-header-display":"","ast-hfb-below-header-display":"","ast-hfb-mobile-header-display":"","site-post-title":"","ast-breadcrumbs-content":"","ast-featured-img":"","footer-sml-layout":"","ast-disable-related-posts":"","theme-transparent-header-meta":"default","adv-header-id-meta":"","stick-header-meta":"","header-above-stick-meta":"","header-main-stick-meta":"","header-below-stick-meta":"","astra-migrate-meta-layouts":"set","ast-page-background-enabled":"default","ast-page-background-meta":{"desktop":{"background-color":"var(--ast-global-color-5)","background-image":"","background-repeat":"repeat","background-position":"center center","background-size":"auto","background-attachment":"scroll","background-type":"","background-media":"","overlay-type":"","overlay-color":"","overlay-opacity":"","overlay-gradient":""},"tablet":{"background-color":"","background-image":"","background-repeat":"repeat","background-position":"center center","background-size":"auto","background-attachment":"scroll","background-type":"","background-media":"","overlay-type":"","overlay-color":"","overlay-opacity":"","overlay-gradient":""},"mobile":{"background-color":"","background-image":"","background-repeat":"repeat","background-position":"center center","background-size":"auto","background-attachment":"scroll","background-type":"","background-media":"","overlay-type":"","overlay-color":"","overlay-opacity":"","overlay-gradient":""}},"ast-content-background-meta":{"desktop":{"background-color":"var(--ast-global-color-4)","background-image":"","background-repeat":"repeat","background-position":"center center","background-size":"auto","background-attachment":"scroll","background-type":"","background-media":"","overlay-type":"","overlay-color":"","overlay-opacity":"","overlay-gradient":""},"tablet":{"background-color":"var(--ast-global-color-4)","background-image":"","background-repeat":"repeat","background-position":"center center","background-size":"auto","background-attachment":"scroll","background-type":"","background-media":"","overlay-type":"","overlay-color":"","overlay-opacity":"","overlay-gradient":""},"mobile":{"background-color":"var(--ast-global-color-4)","background-image":"","background-repeat":"repeat","background-position":"center center","background-size":"auto","background-attachment":"scroll","background-type":"","background-media":"","overlay-type":"","overlay-color":"","overlay-opacity":"","overlay-gradient":""}}},"product_brand":[81],"product_cat":[282,283,263,266,267,268,270,271,272,274,275,273,276,264,279],"product_tag":[],"class_list":{"0":"post-1414","1":"product","2":"type-product","3":"status-publish","4":"has-post-thumbnail","6":"product_brand-rg405v","7":"product_cat-consoles-portables-retro","8":"product_cat-anbernic","9":"product_cat-consoles-emulation","10":"product_cat-game-boy-game-boy-color","11":"product_cat-game-boy-advance","12":"product_cat-nes","13":"product_cat-nintendo-64","14":"product_cat-nintendo-ds","15":"product_cat-nintendo-gamecube","16":"product_cat-playstation","17":"product_cat-playstation-2","18":"product_cat-psp","19":"product_cat-snes","20":"product_cat-systemes-arcade","21":"product_cat-wii","22":"desktop-align-center","23":"tablet-align-left","24":"mobile-align-left","26":"first","27":"instock","28":"sale","29":"shipping-taxable","30":"purchasable","31":"product-type-variable","32":"has-default-attributes"},"uagb_featured_image_src":{"full":["https:\/\/thecoreplay.com\/wp-content\/uploads\/2025\/12\/Anbernic-405V-1.jpg",1080,1080,false],"thumbnail":["https:\/\/thecoreplay.com\/wp-content\/uploads\/2025\/12\/Anbernic-405V-1-150x150.jpg",150,150,true],"medium":["https:\/\/thecoreplay.com\/wp-content\/uploads\/2025\/12\/Anbernic-405V-1-300x300.jpg",300,300,true],"medium_large":["https:\/\/thecoreplay.com\/wp-content\/uploads\/2025\/12\/Anbernic-405V-1-768x768.jpg",768,768,true],"large":["https:\/\/thecoreplay.com\/wp-content\/uploads\/2025\/12\/Anbernic-405V-1-1024x1024.jpg",1024,1024,true],"1536x1536":["https:\/\/thecoreplay.com\/wp-content\/uploads\/2025\/12\/Anbernic-405V-1.jpg",1080,1080,false],"2048x2048":["https:\/\/thecoreplay.com\/wp-content\/uploads\/2025\/12\/Anbernic-405V-1.jpg",1080,1080,false],"woocommerce_thumbnail":["https:\/\/thecoreplay.com\/wp-content\/uploads\/2025\/12\/Anbernic-405V-1-300x300.jpg",300,300,true],"woocommerce_single":["https:\/\/thecoreplay.com\/wp-content\/uploads\/2025\/12\/Anbernic-405V-1-600x600.jpg",600,600,true],"woocommerce_gallery_thumbnail":["https:\/\/thecoreplay.com\/wp-content\/uploads\/2025\/12\/Anbernic-405V-1-100x100.jpg",100,100,true]},"uagb_author_info":{"display_name":"lluismayans83@gmail.com","author_link":"https:\/\/thecoreplay.com\/fr\/author\/"},"uagb_comment_info":11,"uagb_excerpt":"\u2705 Caract\u00e9ristiques de l&rsquo;Anbernic RG405V L&rsquo;Anbernic RG405V de TheCorePlay est une console portable r\u00e9tro qui allie puissance, confort et design classique. Son format vertical la rend parfaite pour jouer d&rsquo;une seule main ou pour de longues sessions sans fatigue. \u00c9quip\u00e9e d&rsquo;Android 12, cette console vous permet non seulement d&rsquo;\u00e9muler une grande vari\u00e9t\u00e9 de syst\u00e8mes r\u00e9tro,\u2026","_links":{"self":[{"href":"https:\/\/thecoreplay.com\/fr\/wp-json\/wp\/v2\/product\/1414","targetHints":{"allow":["GET"]}}],"collection":[{"href":"https:\/\/thecoreplay.com\/fr\/wp-json\/wp\/v2\/product"}],"about":[{"href":"https:\/\/thecoreplay.com\/fr\/wp-json\/wp\/v2\/types\/product"}],"replies":[{"embeddable":true,"href":"https:\/\/thecoreplay.com\/fr\/wp-json\/wp\/v2\/comments?post=1414"}],"wp:featuredmedia":[{"embeddable":true,"href":"https:\/\/thecoreplay.com\/fr\/wp-json\/wp\/v2\/media\/1635"}],"wp:attachment":[{"href":"https:\/\/thecoreplay.com\/fr\/wp-json\/wp\/v2\/media?parent=1414"}],"wp:term":[{"taxonomy":"product_brand","embeddable":true,"href":"https:\/\/thecoreplay.com\/fr\/wp-json\/wp\/v2\/product_brand?post=1414"},{"taxonomy":"product_cat","embeddable":true,"href":"https:\/\/thecoreplay.com\/fr\/wp-json\/wp\/v2\/product_cat?post=1414"},{"taxonomy":"product_tag","embeddable":true,"href":"https:\/\/thecoreplay.com\/fr\/wp-json\/wp\/v2\/product_tag?post=1414"}],"curies":[{"name":"wp","href":"https:\/\/api.w.org\/{rel}","templated":true}]}}