{"id":1395,"date":"2025-12-16T16:22:55","date_gmt":"2025-12-16T16:22:55","guid":{"rendered":"https:\/\/thecoreplay.com\/?post_type=product&#038;p=1395"},"modified":"2026-02-19T15:12:05","modified_gmt":"2026-02-19T15:12:05","slug":"miyoo-mini-plus","status":"publish","type":"product","link":"https:\/\/thecoreplay.com\/fr\/consoles-portables-retro\/miyoo\/miyoo-mini-plus\/","title":{"rendered":"MIYOO Mini Plus"},"content":{"rendered":"<div>\n<div>\n<div>\n<div>\n<h2 data-start=\"220\" data-end=\"270\">Sp\u00e9cifications techniques de la Miyoo Mini Plus<\/h2>\n<p class=\"\" data-start=\"272\" data-end=\"452\">La <strong>Miyoo Mini Plus<\/strong> de TheCorePlay se distingue par son design compact, ses performances solides et une exp\u00e9rience r\u00e9tro optimis\u00e9e pour les joueurs exigeants. Voici ses principales sp\u00e9cifications :<\/p>\n<ul data-start=\"454\" data-end=\"1088\">\n<li class=\"\" data-start=\"454\" data-end=\"532\"><strong>\u00c9cran<\/strong> : IPS de 3,5 pouces, avec une excellente luminosit\u00e9 et de superbes angles de vision.<\/li>\n<li class=\"\" data-start=\"533\" data-end=\"593\"><strong>R\u00e9solution<\/strong> : 640\u00d7480, id\u00e9ale pour les jeux r\u00e9tro classiques.<\/li>\n<li class=\"\" data-start=\"594\" data-end=\"649\"><strong>Processeur (CPU)<\/strong> : ARM Cortex-A7 Dual-Core 1,2 GHz.<\/li>\n<li class=\"\" data-start=\"650\" data-end=\"675\"><strong>M\u00e9moire<\/strong> : 128 Mo de RAM.<\/li>\n<li class=\"\" data-start=\"676\" data-end=\"707\"><strong>Syst\u00e8me d&rsquo;exploitation<\/strong> : Linux.<\/li>\n<li class=\"\" data-start=\"708\" data-end=\"803\"><strong>Stockage<\/strong> : Comprend une carte microSD de 32 Go (version de base), extensible jusqu&rsquo;\u00e0 128 Go.<\/li>\n<li class=\"\" data-start=\"804\" data-end=\"854\"><strong>Connectivit\u00e9<\/strong> : Port USB Type-C, prise jack 3,5 mm.<\/li>\n<li class=\"\" data-start=\"855\" data-end=\"918\"><strong>Capteur<\/strong> : Moteur de vibration int\u00e9gr\u00e9 pour plus de r\u00e9alisme.<\/li>\n<li class=\"\" data-start=\"919\" data-end=\"971\"><strong>Batterie<\/strong> : 3000 mAh, jusqu&rsquo;\u00e0 6 heures d&rsquo;autonomie.<\/li>\n<li class=\"\" data-start=\"972\" data-end=\"1029\"><strong>Coloris disponibles<\/strong> : Gris, Blanc, Noir et Violet.<\/li>\n<li class=\"\" data-start=\"1030\" data-end=\"1070\"><strong>Dimensions<\/strong> : 108 \u00d7 78,5 \u00d7 22,3 mm.<\/li>\n<li class=\"\" data-start=\"1071\" data-end=\"1088\"><strong>Poids<\/strong> : 162g.<\/li>\n<\/ul>\n<h2 data-start=\"99\" data-end=\"130\">\ud83d\udce6 Qu&rsquo;y a-t-il dans la bo\u00eete ?<\/h2>\n<p class=\"\" data-start=\"132\" data-end=\"306\">Lorsque vous achetez votre console portable <strong>Miyoo Mini Plus<\/strong>, vous recevez tous les accessoires essentiels pour commencer \u00e0 profiter de vos jeux r\u00e9tro pr\u00e9f\u00e9r\u00e9s d\u00e8s le premier instant :<\/p>\n<ul data-start=\"308\" data-end=\"554\">\n<li class=\"\" data-start=\"308\" data-end=\"340\">\ud83c\udfae <strong>Console Miyoo Mini Plus<\/strong><\/li>\n<li class=\"\" data-start=\"341\" data-end=\"399\">\ud83d\udcbe <strong>Carte MicroSD (en option, selon la version)<\/strong><\/li>\n<li class=\"\" data-start=\"400\" data-end=\"434\">\ud83d\udd0c <strong>C\u00e2ble de charge USB Type-C<\/strong><\/li>\n<li class=\"\" data-start=\"435\" data-end=\"461\">\ud83d\udcd8 <strong>Manuel d&rsquo;utilisation<\/strong><\/li>\n<li class=\"\" data-start=\"462\" data-end=\"492\">\ud83e\uddfc <strong>Protecteur d&rsquo;\u00e9cran<\/strong><\/li>\n<li class=\"\" data-start=\"493\" data-end=\"524\">\ud83d\udcbb <strong>Lecteur de carte USB<\/strong><\/li>\n<li class=\"\" data-start=\"525\" data-end=\"554\">\ud83c\udf81 <strong>Bo\u00eete de pr\u00e9sentation<\/strong><\/li>\n<\/ul>\n<p class=\"\" data-start=\"556\" data-end=\"699\">Compacte, pr\u00eate \u00e0 l&#8217;emploi et parfaitement \u00e9quip\u00e9e \u2014 id\u00e9ale pour ceux qui recherchent une console r\u00e9tro portable compl\u00e8te d\u00e8s le premier jour.<\/p>\n<h2 data-start=\"171\" data-end=\"217\">\ud83c\udfae Quels jeux sont inclus avec la Miyoo Mini Plus ?<\/h2>\n<p class=\"\" data-start=\"219\" data-end=\"386\">La <strong>Miyoo Mini Plus<\/strong> est livr\u00e9e avec une carte MicroSD (selon la version) pr\u00e9-charg\u00e9e avec des <strong>milliers de jeux r\u00e9tro classiques<\/strong>. La <strong>Miyoo Mini Plus<\/strong> est disponible en plusieurs coloris pour s&rsquo;adapter \u00e0 votre style : <strong>Gris R\u00e9tro<\/strong>, <strong>Violet Cristal<\/strong>, <strong>Blanc<\/strong> et <strong>Noir Cristal<\/strong>. Vous pouvez l&rsquo;acheter en versions <strong>64 Go<\/strong>, qui incluent plus de <strong>15 000 jeux r\u00e9tro<\/strong>, ou en versions <strong>128 Go<\/strong>, offrant un catalogue de plus de <strong>25 000 titres classiques<\/strong> pr\u00eats \u00e0 jouer. Un v\u00e9ritable bijou du retrogaming au creux de votre main !<\/p>\n<p>Parmi eux, vous trouverez des titres l\u00e9gendaires de :<\/p>\n<ul data-start=\"388\" data-end=\"700\">\n<li class=\"\">Super Mario, Donkey Kong, Zelda et Kirby (Nintendo)<\/li>\n<li class=\"\">Street Fighter, Metal Slug, Final Fantasy, Castlevania<\/li>\n<li class=\"\">Pok\u00e9mon Rouge, Vert, Jaune, Cristal, \u00c9meraude, etc.<\/li>\n<li class=\"\">Crash Bandicoot, Tekken, Resident Evil (PlayStation)<\/li>\n<li class=\"\">Golden Axe, Sonic, Mortal Kombat (SEGA)<\/li>\n<li class=\"\">Chrono Trigger, Mega Man, Tetris et bien d&rsquo;autres encore<\/li>\n<\/ul>\n<p class=\"\" data-start=\"702\" data-end=\"826\">\ud83d\udd01 De plus, vous pouvez <strong>ajouter vos propres jeux r\u00e9tro compatibles<\/strong> via carte MicroSD, \u00e9largissant ainsi encore plus votre catalogue.<\/p>\n<hr class=\"\" data-start=\"828\" data-end=\"831\" \/>\n<h2 data-start=\"833\" data-end=\"880\">\ud83d\udd79\ufe0f Quelles consoles la Miyoo Mini Plus \u00e9mule-t-elle ?<\/h2>\n<p class=\"\" data-start=\"882\" data-end=\"1035\">Gr\u00e2ce \u00e0 son mat\u00e9riel puissant et son syst\u00e8me bas\u00e9 sur Linux, la <strong>Miyoo Mini Plus<\/strong> est capable d&rsquo;\u00e9muler avec fluidit\u00e9 plus de <strong>15 consoles r\u00e9tro<\/strong>, notamment :<\/p>\n<ul data-start=\"1037\" data-end=\"1323\">\n<li class=\"\">\ud83e\uddf1 <strong><a href=\"https:\/\/thecoreplay.com\/fr\/consoles-emulation\/nes\/\">NES<\/a><\/strong>, <strong>Famicom<\/strong>, <strong><a href=\"https:\/\/thecoreplay.com\/fr\/consoles-emulation\/snes\/\">Super Nintendo (SNES)<\/a><\/strong><\/li>\n<li class=\"\">\ud83d\udc8e <strong><a href=\"https:\/\/thecoreplay.com\/fr\/consoles-emulation\/game-boy-game-boy-color\/\">Game Boy \/ Color<\/a><\/strong>, <strong><a href=\"https:\/\/thecoreplay.com\/fr\/consoles-emulation\/game-boy-advance\/\">Game Boy Advance<\/a><\/strong><\/li>\n<li class=\"\">\ud83c\udfae <strong><a href=\"https:\/\/thecoreplay.com\/fr\/consoles-emulation\/playstation\/\">PlayStation 1<\/a><\/strong><\/li>\n<li class=\"\">\ud83c\udf00 <strong>SEGA Genesis<\/strong>, <strong><a href=\"https:\/\/thecoreplay.com\/fr\/consoles-emulation\/sega-mega-drive-sega-genesis\/\">Mega Drive<\/a><\/strong>, <strong>Master System<\/strong><\/li>\n<li class=\"\">\ud83d\udd3a <strong>Neo Geo<\/strong>, <strong><a href=\"https:\/\/thecoreplay.com\/fr\/consoles-emulation\/systemes-arcade\/\">MAME<\/a><\/strong>, <strong>CPS1\/CPS2<\/strong><\/li>\n<li class=\"\">\ud83c\udf10 <strong>WonderSwan<\/strong>, <strong>Atari<\/strong>, <strong>PC Engine<\/strong> et plus<\/li>\n<\/ul>\n<p class=\"\" data-start=\"1325\" data-end=\"1428\">Le tout dans une console ultra-l\u00e9g\u00e8re, id\u00e9ale pour \u00eatre emport\u00e9e dans votre poche et jouer n&rsquo;importe o\u00f9.<\/p>\n<p><img decoding=\"async\" src=\"\/\/ae01.alicdn.com\/kf\/Sfdc5523ff5c74bc8b4fadafffa96d9e8F.jpg\" alt=\"\" title=\"\"><img decoding=\"async\" src=\"\/\/ae01.alicdn.com\/kf\/S7e7cce77bf414ae7afa390b2cd531e58t.jpg\" alt=\"\" title=\"\"><img decoding=\"async\" src=\"\/\/ae01.alicdn.com\/kf\/S4f9a3e566e9a4902bd11cf31fe5b0b94G.jpg\" alt=\"\" title=\"\"><img decoding=\"async\" src=\"\/\/ae01.alicdn.com\/kf\/S9c6c9ecd49544dbaa93a6abf7251f44e7.jpg\" alt=\"\" title=\"\"><img decoding=\"async\" src=\"\/\/ae01.alicdn.com\/kf\/Se41fa487ac8148218dabe75e75830a55C.jpg\" alt=\"\" title=\"\"><img decoding=\"async\" src=\"\/\/ae01.alicdn.com\/kf\/S1cfd6f5b47ad491382c86a2238e49d15W.jpg\" alt=\"\" title=\"\"><img decoding=\"async\" src=\"\/\/ae01.alicdn.com\/kf\/Sa35f138877244a198a0e2c327ab47540g.jpg\" alt=\"\" title=\"\"><img decoding=\"async\" src=\"\/\/ae01.alicdn.com\/kf\/S8a2bf58a41b5436a989cb3edca1164488.jpg\" alt=\"\" title=\"\"><img decoding=\"async\" src=\"\/\/ae01.alicdn.com\/kf\/S69eab41223214772bd600a1b922ae384V.jpg\" alt=\"\" title=\"\"><\/p>\n<\/div>\n<div><img decoding=\"async\" src=\"\/\/ae01.alicdn.com\/kf\/S8a8b56790c1a47b7a8d2dac9e9f68d75A.jpg\" alt=\"\" title=\"\"><\/div>\n<\/div>\n<\/div>\n<\/div>\n","protected":false},"excerpt":{"rendered":"<p>Sp\u00e9cifications techniques de la Miyoo Mini Plus La Miyoo Mini Plus de TheCorePlay se distingue par son design compact, ses performances solides et une exp\u00e9rience r\u00e9tro optimis\u00e9e pour les joueurs exigeants. Voici ses principales sp\u00e9cifications : \u00c9cran : IPS de 3,5 pouces, avec une excellente luminosit\u00e9 et de superbes angles de vision. R\u00e9solution : 640\u00d7480, [&hellip;]<\/p>\n","protected":false},"featured_media":1614,"comment_status":"open","ping_status":"closed","template":"","meta":{"_uag_custom_page_level_css":"","site-sidebar-layout":"default","site-content-layout":"","ast-site-content-layout":"default","site-content-style":"default","site-sidebar-style":"default","ast-global-header-display":"","ast-banner-title-visibility":"","ast-main-header-display":"","ast-hfb-above-header-display":"","ast-hfb-below-header-display":"","ast-hfb-mobile-header-display":"","site-post-title":"","ast-breadcrumbs-content":"","ast-featured-img":"","footer-sml-layout":"","ast-disable-related-posts":"","theme-transparent-header-meta":"default","adv-header-id-meta":"","stick-header-meta":"","header-above-stick-meta":"","header-main-stick-meta":"","header-below-stick-meta":"","astra-migrate-meta-layouts":"set","ast-page-background-enabled":"default","ast-page-background-meta":{"desktop":{"background-color":"var(--ast-global-color-5)","background-image":"","background-repeat":"repeat","background-position":"center center","background-size":"auto","background-attachment":"scroll","background-type":"","background-media":"","overlay-type":"","overlay-color":"","overlay-opacity":"","overlay-gradient":""},"tablet":{"background-color":"","background-image":"","background-repeat":"repeat","background-position":"center center","background-size":"auto","background-attachment":"scroll","background-type":"","background-media":"","overlay-type":"","overlay-color":"","overlay-opacity":"","overlay-gradient":""},"mobile":{"background-color":"","background-image":"","background-repeat":"repeat","background-position":"center center","background-size":"auto","background-attachment":"scroll","background-type":"","background-media":"","overlay-type":"","overlay-color":"","overlay-opacity":"","overlay-gradient":""}},"ast-content-background-meta":{"desktop":{"background-color":"var(--ast-global-color-4)","background-image":"","background-repeat":"repeat","background-position":"center center","background-size":"auto","background-attachment":"scroll","background-type":"","background-media":"","overlay-type":"","overlay-color":"","overlay-opacity":"","overlay-gradient":""},"tablet":{"background-color":"var(--ast-global-color-4)","background-image":"","background-repeat":"repeat","background-position":"center center","background-size":"auto","background-attachment":"scroll","background-type":"","background-media":"","overlay-type":"","overlay-color":"","overlay-opacity":"","overlay-gradient":""},"mobile":{"background-color":"var(--ast-global-color-4)","background-image":"","background-repeat":"repeat","background-position":"center center","background-size":"auto","background-attachment":"scroll","background-type":"","background-media":"","overlay-type":"","overlay-color":"","overlay-opacity":"","overlay-gradient":""}}},"product_brand":[76],"product_cat":[282,263,266,267,284,268,271,274,277,276,264],"product_tag":[],"class_list":{"0":"post-1395","1":"product","2":"type-product","3":"status-publish","4":"has-post-thumbnail","6":"product_brand-miyoo-mini-plus","7":"product_cat-consoles-portables-retro","8":"product_cat-consoles-emulation","9":"product_cat-game-boy-game-boy-color","10":"product_cat-game-boy-advance","11":"product_cat-miyoo","12":"product_cat-nes","13":"product_cat-nintendo-ds","14":"product_cat-playstation","15":"product_cat-sega-mega-drive-sega-genesis","16":"product_cat-snes","17":"product_cat-systemes-arcade","18":"desktop-align-center","19":"tablet-align-left","20":"mobile-align-left","22":"first","23":"instock","24":"sale","25":"shipping-taxable","26":"product-type-variable","27":"has-default-attributes"},"uagb_featured_image_src":{"full":["https:\/\/thecoreplay.com\/wp-content\/uploads\/2025\/12\/MIYOO-Mini-Plus.jpg",1080,1080,false],"thumbnail":["https:\/\/thecoreplay.com\/wp-content\/uploads\/2025\/12\/MIYOO-Mini-Plus-150x150.jpg",150,150,true],"medium":["https:\/\/thecoreplay.com\/wp-content\/uploads\/2025\/12\/MIYOO-Mini-Plus-300x300.jpg",300,300,true],"medium_large":["https:\/\/thecoreplay.com\/wp-content\/uploads\/2025\/12\/MIYOO-Mini-Plus-768x768.jpg",768,768,true],"large":["https:\/\/thecoreplay.com\/wp-content\/uploads\/2025\/12\/MIYOO-Mini-Plus-1024x1024.jpg",1024,1024,true],"1536x1536":["https:\/\/thecoreplay.com\/wp-content\/uploads\/2025\/12\/MIYOO-Mini-Plus.jpg",1080,1080,false],"2048x2048":["https:\/\/thecoreplay.com\/wp-content\/uploads\/2025\/12\/MIYOO-Mini-Plus.jpg",1080,1080,false],"woocommerce_thumbnail":["https:\/\/thecoreplay.com\/wp-content\/uploads\/2025\/12\/MIYOO-Mini-Plus-300x300.jpg",300,300,true],"woocommerce_single":["https:\/\/thecoreplay.com\/wp-content\/uploads\/2025\/12\/MIYOO-Mini-Plus-600x600.jpg",600,600,true],"woocommerce_gallery_thumbnail":["https:\/\/thecoreplay.com\/wp-content\/uploads\/2025\/12\/MIYOO-Mini-Plus-100x100.jpg",100,100,true]},"uagb_author_info":{"display_name":"lluismayans83@gmail.com","author_link":"https:\/\/thecoreplay.com\/fr\/author\/"},"uagb_comment_info":51,"uagb_excerpt":"Sp\u00e9cifications techniques de la Miyoo Mini Plus La Miyoo Mini Plus de TheCorePlay se distingue par son design compact, ses performances solides et une exp\u00e9rience r\u00e9tro optimis\u00e9e pour les joueurs exigeants. Voici ses principales sp\u00e9cifications : \u00c9cran : IPS de 3,5 pouces, avec une excellente luminosit\u00e9 et de superbes angles de vision. R\u00e9solution : 640\u00d7480,\u2026","_links":{"self":[{"href":"https:\/\/thecoreplay.com\/fr\/wp-json\/wp\/v2\/product\/1395","targetHints":{"allow":["GET"]}}],"collection":[{"href":"https:\/\/thecoreplay.com\/fr\/wp-json\/wp\/v2\/product"}],"about":[{"href":"https:\/\/thecoreplay.com\/fr\/wp-json\/wp\/v2\/types\/product"}],"replies":[{"embeddable":true,"href":"https:\/\/thecoreplay.com\/fr\/wp-json\/wp\/v2\/comments?post=1395"}],"wp:featuredmedia":[{"embeddable":true,"href":"https:\/\/thecoreplay.com\/fr\/wp-json\/wp\/v2\/media\/1614"}],"wp:attachment":[{"href":"https:\/\/thecoreplay.com\/fr\/wp-json\/wp\/v2\/media?parent=1395"}],"wp:term":[{"taxonomy":"product_brand","embeddable":true,"href":"https:\/\/thecoreplay.com\/fr\/wp-json\/wp\/v2\/product_brand?post=1395"},{"taxonomy":"product_cat","embeddable":true,"href":"https:\/\/thecoreplay.com\/fr\/wp-json\/wp\/v2\/product_cat?post=1395"},{"taxonomy":"product_tag","embeddable":true,"href":"https:\/\/thecoreplay.com\/fr\/wp-json\/wp\/v2\/product_tag?post=1395"}],"curies":[{"name":"wp","href":"https:\/\/api.w.org\/{rel}","templated":true}]}}