{"id":1372,"date":"2025-12-16T16:22:55","date_gmt":"2025-12-16T16:22:55","guid":{"rendered":"https:\/\/thecoreplay.com\/?post_type=product&#038;p=1372"},"modified":"2026-02-19T15:11:41","modified_gmt":"2026-02-19T15:11:41","slug":"trimui-brick","status":"publish","type":"product","link":"https:\/\/thecoreplay.com\/fr\/consoles-portables-retro\/trimui\/trimui-brick\/","title":{"rendered":"Trimui Brick"},"content":{"rendered":"<h2 data-start=\"171\" data-end=\"218\">Sp\u00e9cifications techniques de la Trimui Brick<\/h2>\n<p class=\"\" data-start=\"220\" data-end=\"425\">La console r\u00e9tro portable <strong>Trimui Brick<\/strong> de TheCorePlay se distingue par son design compact et puissant, id\u00e9al pour les passionn\u00e9s de jeux r\u00e9tro qui souhaitent jouer n&rsquo;importe o\u00f9. Voici ses principales sp\u00e9cifications :<\/p>\n<ul data-start=\"427\" data-end=\"1136\">\n<li class=\"\" data-start=\"427\" data-end=\"481\"><strong>Processeur :<\/strong> Allwinner A133P Quad-Core \u00e0 1,8 GHz<\/li>\n<li class=\"\" data-start=\"482\" data-end=\"530\"><strong>GPU :<\/strong> Imagination PowerVR GE8300 \u00e0 660 MHz<\/li>\n<li class=\"\" data-start=\"531\" data-end=\"555\"><strong>RAM :<\/strong> 1 Go LPDDR3<\/li>\n<li class=\"\" data-start=\"556\" data-end=\"597\"><strong>Stockage interne :<\/strong> 8 Go eMMC<\/li>\n<li class=\"\" data-start=\"598\" data-end=\"676\"><strong>Stockage externe :<\/strong> Emplacement pour carte TF (MicroSD) jusqu&rsquo;\u00e0 1 To<\/li>\n<li class=\"\" data-start=\"677\" data-end=\"755\"><strong>\u00c9cran :<\/strong> IPS de 3,2 pouces enti\u00e8rement lamin\u00e9, r\u00e9solution 1024&#215;768<\/li>\n<li class=\"\" data-start=\"756\" data-end=\"805\"><strong>Batterie :<\/strong> 3000 mAh, jusqu&rsquo;\u00e0 5 heures de jeu<\/li>\n<li class=\"\" data-start=\"806\" data-end=\"867\"><strong>Connectivit\u00e9 :<\/strong> Wi-Fi, Bluetooth 4.2, port USB Type-C<\/li>\n<li class=\"\" data-start=\"868\" data-end=\"939\"><strong>Audio :<\/strong> Haut-parleurs st\u00e9r\u00e9o et prise casque 3,5 mm<\/li>\n<li class=\"\" data-start=\"940\" data-end=\"995\"><strong>Syst\u00e8me d&rsquo;exploitation :<\/strong> Linux avec interface Trimui UI<\/li>\n<li class=\"\" data-start=\"996\" data-end=\"1064\"><strong>Lumi\u00e8res RGB :<\/strong> Barre LED d&rsquo;ambiance sup\u00e9rieure et boutons r\u00e9tro\u00e9clair\u00e9s<\/li>\n<li class=\"\" data-start=\"1065\" data-end=\"1136\"><strong>Extras :<\/strong> Microphone int\u00e9gr\u00e9, vibration, prise en charge du jeu en r\u00e9seau<\/li>\n<\/ul>\n<hr class=\"\" data-start=\"1138\" data-end=\"1141\" \/>\n<h2 data-start=\"1143\" data-end=\"1171\">Qu&rsquo;y a-t-il dans la bo\u00eete ?<\/h2>\n<p class=\"\" data-start=\"1173\" data-end=\"1280\">Lorsque vous achetez la <strong>Trimui Brick<\/strong>, vous recevez tout ce dont vous avez besoin pour commencer \u00e0 jouer d\u00e8s le premier instant :<\/p>\n<ul data-start=\"1282\" data-end=\"1395\">\n<li class=\"\" data-start=\"1282\" data-end=\"1309\">\ud83c\udfae Console Trimui Brick<\/li>\n<li class=\"\" data-start=\"1310\" data-end=\"1342\">\ud83d\udd0c C\u00e2ble de charge USB Type-C<\/li>\n<li class=\"\" data-start=\"1343\" data-end=\"1367\">\ud83d\udcd8 Manuel d&rsquo;utilisation<\/li>\n<li class=\"\" data-start=\"1368\" data-end=\"1395\">\ud83c\udf81 Bo\u00eete de pr\u00e9sentation<\/li>\n<\/ul>\n<h3 data-start=\"236\" data-end=\"276\">Quels jeux sont inclus avec la Trimui Brick ?<\/h3>\n<p class=\"\" data-start=\"142\" data-end=\"364\">La console portable <strong>Trimui Brick<\/strong> ne se distingue pas seulement par son design compact et son \u00e9cran haute r\u00e9solution, mais aussi par son <strong>vaste catalogue de jeux classiques<\/strong>. Selon la version que vous choisissez, vous aurez acc\u00e8s \u00e0 :<\/p>\n<ul data-start=\"366\" data-end=\"545\">\n<li class=\"\" data-start=\"366\" data-end=\"425\">\ud83d\udd79\ufe0f <strong>Version 64 Go<\/strong> : plus de <strong>12 000 jeux r\u00e9tro<\/strong><\/li>\n<li class=\"\" data-start=\"426\" data-end=\"486\">\ud83d\udd79\ufe0f <strong>Version 128 Go<\/strong> : plus de <strong>14 000 jeux r\u00e9tro<\/strong><\/li>\n<li class=\"\" data-start=\"487\" data-end=\"545\">\ud83d\udd79\ufe0f <strong>Version 256 Go<\/strong> : plus de <strong>17 000 jeux r\u00e9tro<\/strong><\/li>\n<\/ul>\n<p class=\"\" data-start=\"547\" data-end=\"799\">Les titres sont organis\u00e9s par plateformes et \u00e9mulateurs, incluant des consoles telles que la NES, SNES, PS1, GBA, PSP, Dreamcast et N64. Cela fait de la <strong>Trimui Brick<\/strong> l&rsquo;une des consoles les plus compl\u00e8tes pour les fans de jeux r\u00e9tro.<\/p>\n<p class=\"\" data-start=\"657\" data-end=\"771\">Voici une s\u00e9lection de quelques-uns des jeux les plus populaires inclus avec la <strong>Trimui Brick<\/strong> :<\/p>\n<h4>\ud83c\udfae <a href=\"https:\/\/thecoreplay.com\/fr\/consoles-emulation\/snes\/\">Super Nintendo (SNES)<\/a><\/h4>\n<ul data-start=\"803\" data-end=\"910\">\n<li class=\"\">Aladdin<\/li>\n<li class=\"\">The Lion King<\/li>\n<li class=\"\">Chrono Trigger<\/li>\n<li class=\"\">Donkey Kong Country (1, 2 et 3)<\/li>\n<li class=\"\">TMNT: Turtles In Time<\/li>\n<\/ul>\n<h4 class=\"\" data-start=\"912\" data-end=\"937\">\ud83c\udfae <a href=\"https:\/\/thecoreplay.com\/fr\/consoles-emulation\/playstation\/\">PlayStation (PSX)<\/a><\/h4>\n<ul data-start=\"938\" data-end=\"1161\">\n<li class=\"\">Hercules<\/li>\n<li class=\"\">Toy Story 2<\/li>\n<li class=\"\">Crash Bandicoot 1 et 2<\/li>\n<li class=\"\">Crash Team Racing (CTR)<\/li>\n<li class=\"\">Final Fantasy (plusieurs \u00e9pisodes)<\/li>\n<li class=\"\">Kingdom Hearts<\/li>\n<li class=\"\">Devil May Cry<\/li>\n<li class=\"\">Resident Evil<\/li>\n<li class=\"\">The Adventures of Lomax<\/li>\n<li class=\"\">Tekken<\/li>\n<li class=\"\">Street Fighter<\/li>\n<\/ul>\n<h4 class=\"\" data-start=\"1163\" data-end=\"1206\">\ud83c\udfae <a href=\"https:\/\/thecoreplay.com\/fr\/consoles-emulation\/game-boy-game-boy-color\/\">Game Boy \/ Color<\/a> \/ <a href=\"https:\/\/thecoreplay.com\/fr\/consoles-emulation\/game-boy-advance\/\">Advance<\/a><\/h4>\n<ul data-start=\"1207\" data-end=\"1473\">\n<li class=\"\">Pok\u00e9mon Or, Rouge Feu, Vert Feuille et Jaune<\/li>\n<li class=\"\">Tetris DX<\/li>\n<li class=\"\">Super Mario Advance<\/li>\n<li class=\"\">Donkey Kong Land<\/li>\n<li class=\"\">Zelda: The Minish Cap<\/li>\n<li class=\"\">Metroid Zero Mission<\/li>\n<li class=\"\">Final Fantasy Advance<\/li>\n<li class=\"\">Oracle of Ages \/ Seasons<\/li>\n<li class=\"\">Link\u2019s Awakening DX<\/li>\n<li class=\"\">Advance Wars<\/li>\n<\/ul>\n<h4 class=\"\" data-start=\"1475\" data-end=\"1500\">\ud83c\udfae <a href=\"https:\/\/thecoreplay.com\/fr\/consoles-emulation\/nintendo-64\/\">Nintendo 64 (N64)<\/a><\/h4>\n<ul data-start=\"1501\" data-end=\"1592\">\n<li class=\"\">Star Wars Episode I: Racer<\/li>\n<li class=\"\">The Legend of Zelda: Ocarina of Time<\/li>\n<li class=\"\">Super Mario 64<\/li>\n<\/ul>\n<h4 class=\"\" data-start=\"1594\" data-end=\"1611\">\ud83c\udfae <a href=\"https:\/\/thecoreplay.com\/fr\/consoles-emulation\/dreamcast\/\">Dreamcast<\/a><\/h4>\n<ul data-start=\"1612\" data-end=\"1632\">\n<li class=\"\">Worms Armageddon<\/li>\n<\/ul>\n<h4 class=\"\" data-start=\"1634\" data-end=\"1653\">\ud83c\udfae <a href=\"https:\/\/thecoreplay.com\/fr\/consoles-emulation\/nintendo-ds\/\">Nintendo DS<\/a><\/h4>\n<ul data-start=\"1654\" data-end=\"1766\">\n<li class=\"\">Pok\u00e9mon (plusieurs \u00e9ditions)<\/li>\n<li class=\"\">Final Fantasy (plusieurs \u00e9pisodes)<\/li>\n<li class=\"\">The Legend of Zelda<\/li>\n<li class=\"\">Metroid<\/li>\n<li class=\"\">Brain Age<\/li>\n<\/ul>\n<h4 class=\"\" data-start=\"1768\" data-end=\"1779\">\ud83c\udfae <a href=\"https:\/\/thecoreplay.com\/fr\/consoles-emulation\/psp\/\">PSP<\/a><\/h4>\n<ul data-start=\"1780\" data-end=\"1904\">\n<li class=\"\">Final Fantasy<\/li>\n<li class=\"\">Tactics Ogre<\/li>\n<li class=\"\">Monster Hunter<\/li>\n<li class=\"\">God of War<\/li>\n<li class=\"\">Ratchet &amp; Clank<\/li>\n<li class=\"\">Grand Theft Auto<\/li>\n<li class=\"\">Fifa \/ NBA<\/li>\n<\/ul>\n<p class=\"\" data-start=\"1906\" data-end=\"2124\">Cette liste n&rsquo;est qu&rsquo;un \u00e9chantillon de l&rsquo;immense catalogue disponible. La <strong>Trimui Brick<\/strong> est con\u00e7ue pour offrir une exp\u00e9rience portable compl\u00e8te, id\u00e9ale aussi bien pour les fans nostalgiques que pour les nouveaux venus dans le monde du r\u00e9tro.<\/p>\n<p style=\"margin: 0; width: 100%;\"><img decoding=\"async\" src=\"\/\/ae01.alicdn.com\/kf\/Sa8296cc3bf844ff5a0d938f18960e15cq.png\" alt=\"\" title=\"\"><img decoding=\"async\" src=\"\/\/ae01.alicdn.com\/kf\/Sd032cc3f4c71413689f889d5da30ab3f8.png\" alt=\"\" title=\"\"><img decoding=\"async\" src=\"\/\/ae01.alicdn.com\/kf\/Sc8aad69ac809403d811af4afbdea8074o.png\" alt=\"\" title=\"\"><img decoding=\"async\" src=\"\/\/ae01.alicdn.com\/kf\/S35a79f97d42946e18f624fd1a23e7764v.png\" alt=\"\" title=\"\"><img decoding=\"async\" src=\"\/\/ae01.alicdn.com\/kf\/Se2f4bbcaed7e412691f71fc41ff9482dN.png\" alt=\"\" title=\"\"><img decoding=\"async\" src=\"\/\/ae01.alicdn.com\/kf\/Sa042904c9339489282f1bc345a4921cah.png\" alt=\"\" title=\"\"><img decoding=\"async\" src=\"\/\/ae01.alicdn.com\/kf\/S942b19b09e37422bbb0f242cdc4198fbj.png\" alt=\"\" title=\"\"><img decoding=\"async\" src=\"\/\/ae01.alicdn.com\/kf\/S08e55226dabf43cc9b775937541c6d7dN.png\" alt=\"\" title=\"\"><img decoding=\"async\" src=\"\/\/ae01.alicdn.com\/kf\/S6df05b7a03784fe48bf5fd13eb7664a4I.jpg\" alt=\"\" title=\"\"><img decoding=\"async\" src=\"\/\/ae01.alicdn.com\/kf\/S2dfc518fa8e84d80b69e7864bfad01a5D.png\" alt=\"\" title=\"\"><img decoding=\"async\" src=\"\/\/ae01.alicdn.com\/kf\/S75bb1cf82149419091b933117bb8a561h.png\" alt=\"\" title=\"\"><img decoding=\"async\" src=\"\/\/ae01.alicdn.com\/kf\/Sd6af83f22a42487dac58f2824b5eb5e6H.png\" alt=\"\" title=\"\"><\/p>\n","protected":false},"excerpt":{"rendered":"<p>Sp\u00e9cifications techniques de la Trimui Brick La console r\u00e9tro portable Trimui Brick de TheCorePlay se distingue par son design compact et puissant, id\u00e9al pour les passionn\u00e9s de jeux r\u00e9tro qui souhaitent jouer n&rsquo;importe o\u00f9. Voici ses principales sp\u00e9cifications : Processeur : Allwinner A133P Quad-Core \u00e0 1,8 GHz GPU : Imagination PowerVR GE8300 \u00e0 660 MHz [&hellip;]<\/p>\n","protected":false},"featured_media":1612,"comment_status":"open","ping_status":"closed","template":"","meta":{"_uag_custom_page_level_css":"","site-sidebar-layout":"default","site-content-layout":"","ast-site-content-layout":"default","site-content-style":"default","site-sidebar-style":"default","ast-global-header-display":"","ast-banner-title-visibility":"","ast-main-header-display":"","ast-hfb-above-header-display":"","ast-hfb-below-header-display":"","ast-hfb-mobile-header-display":"","site-post-title":"","ast-breadcrumbs-content":"","ast-featured-img":"","footer-sml-layout":"","ast-disable-related-posts":"","theme-transparent-header-meta":"default","adv-header-id-meta":"","stick-header-meta":"","header-above-stick-meta":"","header-main-stick-meta":"","header-below-stick-meta":"","astra-migrate-meta-layouts":"set","ast-page-background-enabled":"default","ast-page-background-meta":{"desktop":{"background-color":"var(--ast-global-color-5)","background-image":"","background-repeat":"repeat","background-position":"center center","background-size":"auto","background-attachment":"scroll","background-type":"","background-media":"","overlay-type":"","overlay-color":"","overlay-opacity":"","overlay-gradient":""},"tablet":{"background-color":"","background-image":"","background-repeat":"repeat","background-position":"center center","background-size":"auto","background-attachment":"scroll","background-type":"","background-media":"","overlay-type":"","overlay-color":"","overlay-opacity":"","overlay-gradient":""},"mobile":{"background-color":"","background-image":"","background-repeat":"repeat","background-position":"center center","background-size":"auto","background-attachment":"scroll","background-type":"","background-media":"","overlay-type":"","overlay-color":"","overlay-opacity":"","overlay-gradient":""}},"ast-content-background-meta":{"desktop":{"background-color":"var(--ast-global-color-4)","background-image":"","background-repeat":"repeat","background-position":"center center","background-size":"auto","background-attachment":"scroll","background-type":"","background-media":"","overlay-type":"","overlay-color":"","overlay-opacity":"","overlay-gradient":""},"tablet":{"background-color":"var(--ast-global-color-4)","background-image":"","background-repeat":"repeat","background-position":"center center","background-size":"auto","background-attachment":"scroll","background-type":"","background-media":"","overlay-type":"","overlay-color":"","overlay-opacity":"","overlay-gradient":""},"mobile":{"background-color":"var(--ast-global-color-4)","background-image":"","background-repeat":"repeat","background-position":"center center","background-size":"auto","background-attachment":"scroll","background-type":"","background-media":"","overlay-type":"","overlay-color":"","overlay-opacity":"","overlay-gradient":""}}},"product_brand":[73],"product_cat":[282,263,265,266,267,268,270,271,274,273,277,276,264,286],"product_tag":[],"class_list":{"0":"post-1372","1":"product","2":"type-product","3":"status-publish","4":"has-post-thumbnail","6":"product_brand-trimui-brick","7":"product_cat-consoles-portables-retro","8":"product_cat-consoles-emulation","9":"product_cat-dreamcast","10":"product_cat-game-boy-game-boy-color","11":"product_cat-game-boy-advance","12":"product_cat-nes","13":"product_cat-nintendo-64","14":"product_cat-nintendo-ds","15":"product_cat-playstation","16":"product_cat-psp","17":"product_cat-sega-mega-drive-sega-genesis","18":"product_cat-snes","19":"product_cat-systemes-arcade","20":"product_cat-trimui","21":"desktop-align-center","22":"tablet-align-left","23":"mobile-align-left","25":"first","26":"instock","27":"sale","28":"shipping-taxable","29":"purchasable","30":"product-type-variable","31":"has-default-attributes"},"uagb_featured_image_src":{"full":["https:\/\/thecoreplay.com\/wp-content\/uploads\/2025\/12\/Trimui-Brick.jpg",1080,1080,false],"thumbnail":["https:\/\/thecoreplay.com\/wp-content\/uploads\/2025\/12\/Trimui-Brick-150x150.jpg",150,150,true],"medium":["https:\/\/thecoreplay.com\/wp-content\/uploads\/2025\/12\/Trimui-Brick-300x300.jpg",300,300,true],"medium_large":["https:\/\/thecoreplay.com\/wp-content\/uploads\/2025\/12\/Trimui-Brick-768x768.jpg",768,768,true],"large":["https:\/\/thecoreplay.com\/wp-content\/uploads\/2025\/12\/Trimui-Brick-1024x1024.jpg",1024,1024,true],"1536x1536":["https:\/\/thecoreplay.com\/wp-content\/uploads\/2025\/12\/Trimui-Brick.jpg",1080,1080,false],"2048x2048":["https:\/\/thecoreplay.com\/wp-content\/uploads\/2025\/12\/Trimui-Brick.jpg",1080,1080,false],"woocommerce_thumbnail":["https:\/\/thecoreplay.com\/wp-content\/uploads\/2025\/12\/Trimui-Brick-300x300.jpg",300,300,true],"woocommerce_single":["https:\/\/thecoreplay.com\/wp-content\/uploads\/2025\/12\/Trimui-Brick-600x600.jpg",600,600,true],"woocommerce_gallery_thumbnail":["https:\/\/thecoreplay.com\/wp-content\/uploads\/2025\/12\/Trimui-Brick-100x100.jpg",100,100,true]},"uagb_author_info":{"display_name":"lluismayans83@gmail.com","author_link":"https:\/\/thecoreplay.com\/fr\/author\/"},"uagb_comment_info":46,"uagb_excerpt":"Sp\u00e9cifications techniques de la Trimui Brick La console r\u00e9tro portable Trimui Brick de TheCorePlay se distingue par son design compact et puissant, id\u00e9al pour les passionn\u00e9s de jeux r\u00e9tro qui souhaitent jouer n&rsquo;importe o\u00f9. Voici ses principales sp\u00e9cifications : Processeur : Allwinner A133P Quad-Core \u00e0 1,8 GHz GPU : Imagination PowerVR GE8300 \u00e0 660 MHz\u2026","_links":{"self":[{"href":"https:\/\/thecoreplay.com\/fr\/wp-json\/wp\/v2\/product\/1372","targetHints":{"allow":["GET"]}}],"collection":[{"href":"https:\/\/thecoreplay.com\/fr\/wp-json\/wp\/v2\/product"}],"about":[{"href":"https:\/\/thecoreplay.com\/fr\/wp-json\/wp\/v2\/types\/product"}],"replies":[{"embeddable":true,"href":"https:\/\/thecoreplay.com\/fr\/wp-json\/wp\/v2\/comments?post=1372"}],"wp:featuredmedia":[{"embeddable":true,"href":"https:\/\/thecoreplay.com\/fr\/wp-json\/wp\/v2\/media\/1612"}],"wp:attachment":[{"href":"https:\/\/thecoreplay.com\/fr\/wp-json\/wp\/v2\/media?parent=1372"}],"wp:term":[{"taxonomy":"product_brand","embeddable":true,"href":"https:\/\/thecoreplay.com\/fr\/wp-json\/wp\/v2\/product_brand?post=1372"},{"taxonomy":"product_cat","embeddable":true,"href":"https:\/\/thecoreplay.com\/fr\/wp-json\/wp\/v2\/product_cat?post=1372"},{"taxonomy":"product_tag","embeddable":true,"href":"https:\/\/thecoreplay.com\/fr\/wp-json\/wp\/v2\/product_tag?post=1372"}],"curies":[{"name":"wp","href":"https:\/\/api.w.org\/{rel}","templated":true}]}}