{"id":1367,"date":"2025-12-16T16:22:53","date_gmt":"2025-12-16T16:22:53","guid":{"rendered":"https:\/\/thecoreplay.com\/?post_type=product&#038;p=1367"},"modified":"2026-02-19T15:10:09","modified_gmt":"2026-02-19T15:10:09","slug":"projecteur-de-console-p30-max-%f0%9f%8e%ae%f0%9f%8e%ac","status":"publish","type":"product","link":"https:\/\/thecoreplay.com\/fr\/consoles-projecteurs\/projecteur-de-console-p30-max\/","title":{"rendered":"Projecteur de console P30 Max \ud83c\udfae\ud83c\udfac"},"content":{"rendered":"<h2 data-start=\"201\" data-end=\"287\">\ud83c\udfae Console Projecteur Salange P30 Max \u2014 Console R\u00e9tro + Cin\u00e9ma Haute D\u00e9finition Portable<\/h2>\n<p class=\"\" data-start=\"289\" data-end=\"567\">Pouvez-vous imaginer emporter la <strong>magie du cin\u00e9ma et l&rsquo;excitation de vos jeux vid\u00e9o r\u00e9tro pr\u00e9f\u00e9r\u00e9s<\/strong> partout et les projeter sur un \u00e9cran g\u00e9ant ? La <strong>Console Projecteur Salange P30 Max<\/strong> de TheCorePlay fait de ce fantasme une r\u00e9alit\u00e9. Cet appareil innovant n&rsquo;est pas seulement un <strong>projecteur haute d\u00e9finition<\/strong>, mais aussi une <strong>console r\u00e9tro compl\u00e8te<\/strong> qui vous plongera dans la nostalgie de milliers de classiques, le tout dans un format compact et facile \u00e0 transporter.<\/p>\n<hr class=\"\" data-start=\"569\" data-end=\"572\" \/>\n<h2 data-sourcepos=\"5:1-5:68\"><strong>Principales caract\u00e9ristiques de la console projecteur P30 Max<\/strong> \ud83d\ude80<\/h2>\n<p data-sourcepos=\"7:1-7:109\">La console projecteur P30 Max, c&rsquo;est du pur plaisir et de la nostalgie dans un seul gadget. Regardez tout ce qu&rsquo;elle offre ! \ud83d\udc47<\/p>\n<ul data-sourcepos=\"9:1-18:0\">\n<li data-sourcepos=\"9:1-9:179\"><strong>\ud83d\udd79\ufe0f Large compatibilit\u00e9 r\u00e9tro :<\/strong> Jouez \u00e0 vos classiques pr\u00e9f\u00e9r\u00e9s de <strong>plus de 10 plateformes d&rsquo;\u00e9mulation<\/strong>, y compris des ic\u00f4nes comme la <strong>PS1, NES, SNES, GBA<\/strong>, et bien d&rsquo;autres.<\/li>\n<li data-sourcepos=\"10:1-10:170\"><strong>\ud83c\udfae Deux manettes sans fil :<\/strong> Comprend <strong>deux manettes sans fil<\/strong>, id\u00e9ales pour ces <strong>matchs coop\u00e9ratifs<\/strong> \u00e9piques avec vos amis ou votre famille d\u00e8s la premi\u00e8re minute !<\/li>\n<li data-sourcepos=\"11:1-11:201\"><strong>\ud83e\udd16 Syst\u00e8me Android 11 complet :<\/strong> Connectez-vous, naviguez et t\u00e9l\u00e9chargez ce que vous voulez. Son puissant <strong>Android 11<\/strong> vous donne acc\u00e8s \u00e0 <strong>des milliers d&rsquo;applications<\/strong> pour maximiser votre divertissement (Netflix, YouTube, et plus encore !).<\/li>\n<li data-sourcepos=\"12:1-12:185\"><strong>\u26a1 Connectivit\u00e9 haute vitesse :<\/strong> Profitez d&rsquo;une connexion <strong>ultra-rapide et stable<\/strong> avec le <strong>WiFi 6 et le Bluetooth 5.4<\/strong>. Streaming fluide et appairage d&rsquo;accessoires sans encombre !<\/li>\n<li data-sourcepos=\"13:1-13:202\"><strong>\ud83c\udfac Projection HD nette :<\/strong> Projetez votre contenu avec une <strong>qualit\u00e9 native 720P<\/strong> (1280&#215;720) et une prise en charge des r\u00e9solutions jusqu&rsquo;\u00e0 <strong>1080P et 4K<\/strong>. Des images claires et d\u00e9taill\u00e9es pour ne rien rater !<\/li>\n<li data-sourcepos=\"14:1-14:183\"><strong>\u2600\ufe0f Luminosit\u00e9 impressionnante :<\/strong> Avec <strong>8000 lumens<\/strong>, vos images seront <strong>claires et \u00e9clatantes<\/strong> m\u00eame en ext\u00e9rieur ou dans des pi\u00e8ces avec un peu de lumi\u00e8re ambiante. Le plaisir ne s&rsquo;arr\u00eate jamais !<\/li>\n<li data-sourcepos=\"15:1-15:184\"><strong>\ud83d\udcd0 Correction automatique de l&rsquo;image :<\/strong> Oubliez les r\u00e9glages manuels. La <strong>correction trap\u00e9zo\u00efdale automatique (keystone)<\/strong> garantit une <strong>projection parfaitement carr\u00e9e instantan\u00e9ment<\/strong>, o\u00f9 que vous soyez.<\/li>\n<li data-sourcepos=\"16:1-16:172\"><strong>\ud83c\udfa7 Sortie audio flexible :<\/strong> Connectez vos <strong>casques ou syst\u00e8mes sonores externes<\/strong> via son port <strong>3,5 mm<\/strong>. Immersion totale dans vos jeux et films !<\/li>\n<li data-sourcepos=\"17:1-18:0\"><strong>\ud83c\udf92 Design portable et l\u00e9ger :<\/strong> Emmenez-le partout ! Son format <strong>compact et facile \u00e0 transporter<\/strong> est id\u00e9al pour les f\u00eates, le camping, les voyages ou pour transformer n&rsquo;importe quel coin en centre de divertissement.<\/li>\n<\/ul>\n<h2 data-sourcepos=\"7:1-7:66\"><strong>Sp\u00e9cifications techniques de la console projecteur P30 Max<\/strong> \ud83d\udd0d<\/h2>\n<p data-sourcepos=\"9:1-9:132\">Voici un aper\u00e7u d\u00e9taill\u00e9 des caract\u00e9ristiques techniques qui font du P30 Max une console projecteur si puissante et polyvalente :<\/p>\n<ul data-sourcepos=\"11:1-31:0\">\n<li data-sourcepos=\"11:1-11:38\"><strong>Syst\u00e8me d&rsquo;exploitation :<\/strong> \ud83e\udd16 Android 11<\/li>\n<li data-sourcepos=\"12:1-12:52\"><strong>CPU :<\/strong> Allwinner H713 (Quad-core ARM Cortex-A53)<\/li>\n<li data-sourcepos=\"13:1-13:73\"><strong>GPU :<\/strong> Mali-G31 (compatible OpenGL ES3.2, Vulkan 1.1 et OpenCL2.0)<\/li>\n<li data-sourcepos=\"14:1-14:30\"><strong>RAM :<\/strong> \ud83d\udca1 1 Go DDR3<\/li>\n<li data-sourcepos=\"15:1-15:85\"><strong>Stockage interne :<\/strong> \ud83d\udcbe 8 Go eMMC (Extensible via carte TF\/SD, jusqu&rsquo;\u00e0 128 Go)<\/li>\n<li data-sourcepos=\"16:1-16:43\"><strong>R\u00e9solution native :<\/strong> \ud83c\udfac 720P (1280&#215;720)<\/li>\n<li data-sourcepos=\"17:1-17:62\"><strong>R\u00e9solution support\u00e9e :<\/strong> \ud83d\ude80 Jusqu&rsquo;\u00e0 1080P et 4K (via mise \u00e0 l&rsquo;\u00e9chelle)<\/li>\n<li data-sourcepos=\"18:1-18:34\"><strong>Luminosit\u00e9 :<\/strong> \u2600\ufe0f 8000 lumens ANSI<\/li>\n<li data-sourcepos=\"19:1-19:35\"><strong>Contraste :<\/strong> \u26a1\ufe0f 1000:1 &#8211; 2000:1<\/li>\n<li data-sourcepos=\"20:1-20:77\"><strong>Connectivit\u00e9 sans fil :<\/strong> \ud83d\udcf6 WiFi 6 (Double bande 2.4G\/5G) et Bluetooth 5.4<\/li>\n<li data-sourcepos=\"21:1-21:134\"><strong>Ports :<\/strong> \ud83d\udd0c 1 x HDMI (entr\u00e9e), 1 x USB, 1 x sortie audio 3,5 mm, 1 x emplacement carte TF\/SD, 1 x entr\u00e9e d&rsquo;alimentation DC<\/li>\n<li data-sourcepos=\"22:1-22:84\"><strong>Correction trap\u00e9zo\u00efdale :<\/strong> \ud83d\udcd0 Automatique et Manuelle (pour une image parfaite \u00e0 chaque fois)<\/li>\n<li data-sourcepos=\"23:1-23:66\"><strong>Angle de projection :<\/strong> \ud83d\udd04 180\u00b0 (Projetez sur les murs ou les plafonds)<\/li>\n<li data-sourcepos=\"24:1-24:51\"><strong>Distance de projection :<\/strong> \ud83d\udccf De 1,2 \u00e0 4 m\u00e8tres<\/li>\n<li data-sourcepos=\"25:1-25:52\"><strong>Taille de projection :<\/strong> \ud83d\uddbc\ufe0f De 40 \u00e0 130 pouces<\/li>\n<li data-sourcepos=\"26:1-26:219\"><strong>Formats de fichiers support\u00e9s :<\/strong> \ud83c\udf9e\ufe0f D\u00e9codage vid\u00e9o : VP9-2, H.264, MPEG1\/2\/4, VC-1, VP6\/8 ; Formats audio : MP3, WMA, MP2, OGG, AAC, M4A, FLAC, APE, 3GP, WAV, M3U, RM, WM ; Formats d&rsquo;image : JPG, PNG, BMP<\/li>\n<li data-sourcepos=\"27:1-27:27\"><strong>Haut-parleur :<\/strong> \ud83d\udd0a Int\u00e9gr\u00e9<\/li>\n<li data-sourcepos=\"28:1-28:57\"><strong>Dimensions :<\/strong> \ud83d\udccf 10,3 x 10,3 x 11,3 cm (approximatif)<\/li>\n<li data-sourcepos=\"29:1-29:38\"><strong>Poids :<\/strong> \u2696\ufe0f 500 grammes (approximatif)<\/li>\n<li data-sourcepos=\"30:1-31:0\"><strong>Alimentation :<\/strong> \u26a1\ufe0f DC 12V 2A<\/li>\n<\/ul>\n<h2 data-sourcepos=\"5:1-5:57\"><strong>Consoles r\u00e9tro et syst\u00e8mes \u00e9mul\u00e9s par le P30 Max<\/strong> \ud83c\udfae<\/h2>\n<p data-sourcepos=\"7:1-7:225\">La console projecteur P30 Max est votre machine \u00e0 remonter le temps personnelle pour revivre l&rsquo;histoire du jeu vid\u00e9o. Elle est compatible avec une large gamme de plateformes classiques, vous permettant de profiter de milliers de titres embl\u00e9matiques.<\/p>\n<hr data-sourcepos=\"9:1-9:3\" \/>\n<h3 data-sourcepos=\"11:1-11:40\"><strong>Consoles et syst\u00e8mes support\u00e9s :<\/strong><\/h3>\n<ul>\n<li style=\"list-style-type: none;\">\n<ul data-sourcepos=\"9:1-11:0\">\n<li data-sourcepos=\"9:1-9:793\"><strong>\ud83d\udd79\ufe0f Classiques des consoles :<\/strong> \u00c9mule des syst\u00e8mes l\u00e9gendaires comme la <strong><a href=\"https:\/\/thecoreplay.com\/fr\/consoles-emulation\/playstation\/\" target=\"_blank\" rel=\"noopener\">PlayStation 1 (PS1)<\/a><\/strong>, <strong><a href=\"https:\/\/thecoreplay.com\/fr\/consoles-emulation\/nes\/\" target=\"_blank\" rel=\"noopener\">NES<\/a><\/strong>, <strong><a href=\"https:\/\/thecoreplay.com\/fr\/consoles-emulation\/snes\/\" target=\"_blank\" rel=\"noopener\">SNES<\/a><\/strong>, <strong><a href=\"https:\/\/thecoreplay.com\/fr\/consoles-emulation\/game-boy-advance\/\" target=\"_blank\" rel=\"noopener\">Game Boy Advance (GBA)<\/a><\/strong>, <strong><a href=\"https:\/\/thecoreplay.com\/fr\/consoles-emulation\/game-boy-game-boy-color\/\" target=\"_blank\" rel=\"noopener\">Game Boy \/ Game Boy Color<\/a><\/strong>, <strong><a href=\"https:\/\/thecoreplay.com\/fr\/consoles-emulation\/sega-mega-drive-sega-genesis\/\" target=\"_blank\" rel=\"noopener\">Sega Mega Drive \/ Genesis<\/a><\/strong>, <strong><a href=\"https:\/\/thecoreplay.com\/fr\/consoles-emulation\/nintendo-64\/\" target=\"_blank\" rel=\"noopener\">Nintendo 64 (N64)<\/a><\/strong>, <strong><a href=\"https:\/\/thecoreplay.com\/fr\/consoles-emulation\/dreamcast\/\" target=\"_blank\" rel=\"noopener\">Dreamcast<\/a><\/strong> et bien d&rsquo;autres.<\/li>\n<li data-sourcepos=\"10:1-11:0\"><strong>\ud83d\udc7e P\u00e9pites de l&rsquo;Arcade :<\/strong> Acc\u00e9dez \u00e0 une vaste biblioth\u00e8que de jeux de <strong><a href=\"https:\/\/thecoreplay.com\/fr\/consoles-emulation\/systemes-arcade\/\" target=\"_blank\" rel=\"noopener\">machines d&rsquo;arcade (MAME) et Neo Geo<\/a><\/strong>, apportant l&rsquo;exp\u00e9rience de l&rsquo;arcade directement chez vous.<\/li>\n<\/ul>\n<\/li>\n<\/ul>\n<hr data-sourcepos=\"16:1-16:3\" \/>\n<h3 data-sourcepos=\"18:1-18:61\"><strong>Des milliers de jeux r\u00e9tro pr\u00e9-install\u00e9s : \u00e0 quoi s&rsquo;attendre ?<\/strong> \ud83c\udfb2<\/h3>\n<p data-sourcepos=\"20:1-20:133\">Votre console projecteur P30 Max est livr\u00e9e avec une collection massive de jeux pour que le plaisir commence d\u00e8s le premier instant.<\/p>\n<hr data-sourcepos=\"22:1-22:3\" \/>\n<h4 data-sourcepos=\"24:1-24:38\"><strong>Contenu des jeux inclus :<\/strong><\/h4>\n<ul data-sourcepos=\"26:1-29:0\">\n<li data-sourcepos=\"26:1-26:221\"><strong>\ud83d\udce6 Pr\u00eat \u00e0 jouer :<\/strong> Des milliers de titres classiques de toutes les plateformes \u00e9mul\u00e9es sont <strong>pr\u00e9-install\u00e9s<\/strong> sur la carte m\u00e9moire. Pas de t\u00e9l\u00e9chargements ni de configurations compliqu\u00e9es \u2014 branchez et jouez !<\/li>\n<li data-sourcepos=\"27:1-27:278\"><strong>\ud83c\udf1f S\u00e9lection vari\u00e9e et soign\u00e9e :<\/strong> Bien que la liste exacte puisse varier selon la version du firmware et de la carte m\u00e9moire, vous trouverez des p\u00e9pites dans les genres RPG, action, plateforme, sport et combat qui ont marqu\u00e9 des \u00e9poques. Pr\u00e9parez-vous \u00e0 revivre vos favoris et \u00e0 d\u00e9couvrir de nouveaux classiques.<\/li>\n<li data-sourcepos=\"28:1-29:0\"><strong>\u2795 Expansion facile :<\/strong> Si vous souhaitez ajouter plus de jeux \u00e0 votre collection, le P30 Max permet de charger facilement des ROM suppl\u00e9mentaires via sa carte SD, vous permettant de personnaliser votre biblioth\u00e8que.<\/li>\n<\/ul>\n<h2 data-sourcepos=\"7:1-7:60\"><strong>Quels jeux sont inclus dans la console projecteur P30 Max ?<\/strong><\/h2>\n<p data-sourcepos=\"9:1-9:410\">La <strong>Console Projecteur P30 Max<\/strong> est \u00e9quip\u00e9e d&rsquo;une carte m\u00e9moire pr\u00e9-charg\u00e9e contenant <strong>des dizaines de milliers de jeux r\u00e9tro<\/strong>. Selon la version, vous pouvez trouver entre <strong>30 000 et plus de 40 000 titres<\/strong> pr\u00eats \u00e0 l&#8217;emploi. Cette immense collection couvre le meilleur des consoles les plus embl\u00e9matiques, des classiques 8 bits aux exp\u00e9riences 3D.<\/p>\n<p data-sourcepos=\"11:1-11:68\">Voici quelques exemples de types de jeux que vous trouverez :<\/p>\n<ul data-sourcepos=\"13:1-29:0\">\n<li><strong>Arcade \/ Neo Geo :<\/strong>\n<ul>\n<li><code>Street Fighter II<\/code>, <code>Metal Slug<\/code>, <code>King of Fighters<\/code>, <code>Cadillacs and Dinosaurs<\/code><\/li>\n<\/ul>\n<\/li>\n<li><strong>PlayStation 1 (PS1) :<\/strong>\n<ul>\n<li><code>Castlevania: Symphony of the Night<\/code>, <code>Tekken 3<\/code>, <code>Crash Bandicoot<\/code>, <code>Final Fantasy VII<\/code><\/li>\n<\/ul>\n<\/li>\n<li><strong>Super Nintendo (SNES) :<\/strong>\n<ul>\n<li><code>Super Mario World<\/code>, <code>The Legend of Zelda: A Link to the Past<\/code>, <code>Donkey Kong Country<\/code>, <code>Street Fighter II Turbo<\/code><\/li>\n<\/ul>\n<\/li>\n<li><strong>NES :<\/strong>\n<ul>\n<li><code>Super Mario Bros.<\/code>, <code>Contra<\/code>, <code>Mega Man<\/code>, <code>Castlevania<\/code><\/li>\n<\/ul>\n<\/li>\n<li><strong>Game Boy \/ Game Boy Color \/ Game Boy Advance (GBA) :<\/strong>\n<ul>\n<li><code>Pok\u00e9mon \u00c9meraude<\/code>, <code>Advance Wars<\/code>, <code>Fire Emblem<\/code>, <code>Mario &amp; Luigi: Superstar Saga<\/code><\/li>\n<\/ul>\n<\/li>\n<li><strong>Sega Mega Drive \/ Genesis :<\/strong>\n<ul>\n<li><code>Sonic the Hedgehog<\/code>, <code>Golden Axe<\/code>, <code>Streets of Rage<\/code>, <code>Mortal Kombat<\/code><\/li>\n<\/ul>\n<\/li>\n<li><strong>Nintendo 64 (N64) :<\/strong>\n<ul>\n<li><code>Super Mario 64<\/code>, <code>The Legend of Zelda: Ocarina of Time<\/code>, <code>Mario Kart 64<\/code><\/li>\n<\/ul>\n<\/li>\n<li><strong>Dreamcast :<\/strong>\n<ul>\n<li><code>Crazy Taxi<\/code>, <code>Soulcalibur<\/code>, <code>Shenmue<\/code><\/li>\n<\/ul>\n<\/li>\n<\/ul>\n<p data-sourcepos=\"30:1-30:195\">Tous les jeux sont intuitivement organis\u00e9s par console, ce qui facilite la navigation. De plus, si vous le souhaitez, vous pouvez facilement <strong>ajouter vos propres jeux<\/strong> via la carte microSD.<\/p>\n<h2 class=\"\" data-start=\"1731\" data-end=\"1770\">\ud83d\ude80 Conseils pour un jeu fluide<\/h2>\n<p class=\"\" data-start=\"1772\" data-end=\"1850\">Pour profiter d&rsquo;une exp\u00e9rience de jeu optimale sur votre <strong>P30 Max<\/strong>, n&rsquo;oubliez pas de :<\/p>\n<ol data-start=\"1852\" data-end=\"2099\">\n<li class=\"\" data-start=\"1852\" data-end=\"1921\">Connecter le r\u00e9cepteur des manettes <strong>avant d&rsquo;allumer<\/strong> le projecteur.<\/li>\n<li class=\"\" data-start=\"1922\" data-end=\"1991\">V\u00e9rifier que la <strong>carte TF<\/strong> des jeux est correctement ins\u00e9r\u00e9e.<\/li>\n<li class=\"\" data-start=\"1992\" data-end=\"2033\">Placer des <strong>piles AAA<\/strong> dans les deux manettes.<\/li>\n<li class=\"\" data-start=\"2034\" data-end=\"2099\">Utiliser la <strong>manette principale<\/strong> pour naviguer dans le menu des jeux.<\/li>\n<\/ol>\n<p class=\"\" data-start=\"2101\" data-end=\"2174\">\u2705 En suivant ces \u00e9tapes, vous profiterez de <strong>sessions de jeu sans interruption<\/strong>.<\/p>\n<hr class=\"\" data-start=\"2176\" data-end=\"2179\" \/>\n<h2 data-sourcepos=\"29:5-29:83\"><strong>\u00c0 qui s&rsquo;adresse la console projecteur P30 Max ? Votre divertissement id\u00e9al<\/strong> \u2728<\/h2>\n<p data-sourcepos=\"31:5-31:185\">La console projecteur P30 Max est con\u00e7ue pour \u00eatre le centre de divertissement parfait pour une grande vari\u00e9t\u00e9 d&rsquo;utilisateurs. Vous reconnaissez-vous dans l&rsquo;un de ces profils ?<\/p>\n<hr data-sourcepos=\"33:5-33:7\" \/>\n<ul data-sourcepos=\"35:5-39:0\">\n<li data-sourcepos=\"35:5-35:217\"><strong>\ud83d\udd79\ufe0f Joueurs r\u00e9tro et modernes :<\/strong> Si vous recherchez une exp\u00e9rience de jeu immersive et portable, ce projecteur vous permet de revivre des milliers de classiques et de profiter des jeux Android sur un \u00e9cran g\u00e9ant, o\u00f9 que vous soyez.<\/li>\n<li data-sourcepos=\"36:5-36:200\"><strong>\ud83c\udf7f Amateurs de films et de s\u00e9ries :<\/strong> Transformez n&rsquo;importe quel mur en votre cin\u00e9ma personnel. Id\u00e9al pour les soir\u00e9es cin\u00e9ma \u00e0 la maison, les marathons de s\u00e9ries en plein air ou les pr\u00e9sentations impromptues.<\/li>\n<li data-sourcepos=\"37:5-37:163\"><strong>\ud83c\udf81 Le cadeau parfait :<\/strong> Surprenez les joueurs, les enfants ou les adultes nostalgiques avec un cadeau unique qui combine la technologie moderne et la magie du jeu r\u00e9tro.<\/li>\n<li data-sourcepos=\"38:5-39:0\"><strong>\ud83c\udfd5\ufe0f Aventuriers et f\u00eatards :<\/strong> Son design portable en fait le compagnon id\u00e9al pour le camping, les f\u00eates dans le jardin, les r\u00e9unions entre amis ou les soir\u00e9es cin\u00e9 sous les \u00e9toiles.<\/li>\n<\/ul>\n<h2 class=\"\" data-start=\"1463\" data-end=\"1493\">\ud83d\udce6 Qu&rsquo;y a-t-il dans la bo\u00eete ?<\/h2>\n<ul data-start=\"1495\" data-end=\"1679\">\n<li class=\"\" data-start=\"1495\" data-end=\"1537\">1 x <strong>Projecteur de jeu Salange P30 Max<\/strong><\/li>\n<li class=\"\" data-start=\"1538\" data-end=\"1575\">2 x <strong>Manettes r\u00e9tro sans fil<\/strong><\/li>\n<li class=\"\" data-start=\"1576\" data-end=\"1609\">1 x <strong>C\u00e2ble d&rsquo;alimentation<\/strong><\/li>\n<li class=\"\" data-start=\"1610\" data-end=\"1645\">1 x <strong>Rallonge HDMI<\/strong><\/li>\n<li class=\"\" data-start=\"1646\" data-end=\"1679\">1 x <strong>Manuel d&rsquo;utilisation<\/strong><\/li>\n<\/ul>\n<p class=\"\" data-start=\"1681\" data-end=\"1724\"><em>(Piles AAA non incluses pour les manettes.)<\/em><\/p>\n","protected":false},"excerpt":{"rendered":"<p>\ud83c\udfae Console Projecteur Salange P30 Max \u2014 Console R\u00e9tro + Cin\u00e9ma Haute D\u00e9finition Portable Pouvez-vous imaginer emporter la magie du cin\u00e9ma et l&rsquo;excitation de vos jeux vid\u00e9o r\u00e9tro pr\u00e9f\u00e9r\u00e9s partout et les projeter sur un \u00e9cran g\u00e9ant ? La Console Projecteur Salange P30 Max de TheCorePlay fait de ce fantasme une r\u00e9alit\u00e9. Cet appareil innovant [&hellip;]<\/p>\n","protected":false},"featured_media":1629,"comment_status":"open","ping_status":"closed","template":"","meta":{"_uag_custom_page_level_css":"","site-sidebar-layout":"default","site-content-layout":"","ast-site-content-layout":"default","site-content-style":"default","site-sidebar-style":"default","ast-global-header-display":"","ast-banner-title-visibility":"","ast-main-header-display":"","ast-hfb-above-header-display":"","ast-hfb-below-header-display":"","ast-hfb-mobile-header-display":"","site-post-title":"","ast-breadcrumbs-content":"","ast-featured-img":"","footer-sml-layout":"","ast-disable-related-posts":"","theme-transparent-header-meta":"default","adv-header-id-meta":"","stick-header-meta":"","header-above-stick-meta":"","header-main-stick-meta":"","header-below-stick-meta":"","astra-migrate-meta-layouts":"set","ast-page-background-enabled":"default","ast-page-background-meta":{"desktop":{"background-color":"var(--ast-global-color-5)","background-image":"","background-repeat":"repeat","background-position":"center center","background-size":"auto","background-attachment":"scroll","background-type":"","background-media":"","overlay-type":"","overlay-color":"","overlay-opacity":"","overlay-gradient":""},"tablet":{"background-color":"","background-image":"","background-repeat":"repeat","background-position":"center center","background-size":"auto","background-attachment":"scroll","background-type":"","background-media":"","overlay-type":"","overlay-color":"","overlay-opacity":"","overlay-gradient":""},"mobile":{"background-color":"","background-image":"","background-repeat":"repeat","background-position":"center center","background-size":"auto","background-attachment":"scroll","background-type":"","background-media":"","overlay-type":"","overlay-color":"","overlay-opacity":"","overlay-gradient":""}},"ast-content-background-meta":{"desktop":{"background-color":"var(--ast-global-color-4)","background-image":"","background-repeat":"repeat","background-position":"center center","background-size":"auto","background-attachment":"scroll","background-type":"","background-media":"","overlay-type":"","overlay-color":"","overlay-opacity":"","overlay-gradient":""},"tablet":{"background-color":"var(--ast-global-color-4)","background-image":"","background-repeat":"repeat","background-position":"center center","background-size":"auto","background-attachment":"scroll","background-type":"","background-media":"","overlay-type":"","overlay-color":"","overlay-opacity":"","overlay-gradient":""},"mobile":{"background-color":"var(--ast-global-color-4)","background-image":"","background-repeat":"repeat","background-position":"center center","background-size":"auto","background-attachment":"scroll","background-type":"","background-media":"","overlay-type":"","overlay-color":"","overlay-opacity":"","overlay-gradient":""}}},"product_brand":[51],"product_cat":[262,263,265,266,267,268,270,271,274,273,277,276,264],"product_tag":[],"class_list":{"0":"post-1367","1":"product","2":"type-product","3":"status-publish","4":"has-post-thumbnail","6":"product_brand-p30-max","7":"product_cat-consoles-projecteurs","8":"product_cat-consoles-emulation","9":"product_cat-dreamcast","10":"product_cat-game-boy-game-boy-color","11":"product_cat-game-boy-advance","12":"product_cat-nes","13":"product_cat-nintendo-64","14":"product_cat-nintendo-ds","15":"product_cat-playstation","16":"product_cat-psp","17":"product_cat-sega-mega-drive-sega-genesis","18":"product_cat-snes","19":"product_cat-systemes-arcade","20":"desktop-align-center","21":"tablet-align-left","22":"mobile-align-left","24":"first","25":"instock","26":"sale","27":"shipping-taxable","28":"purchasable","29":"product-type-variable","30":"has-default-attributes"},"uagb_featured_image_src":{"full":["https:\/\/thecoreplay.com\/wp-content\/uploads\/2025\/12\/Proyector-Consola-P30-Max.jpg",1080,1080,false],"thumbnail":["https:\/\/thecoreplay.com\/wp-content\/uploads\/2025\/12\/Proyector-Consola-P30-Max-150x150.jpg",150,150,true],"medium":["https:\/\/thecoreplay.com\/wp-content\/uploads\/2025\/12\/Proyector-Consola-P30-Max-300x300.jpg",300,300,true],"medium_large":["https:\/\/thecoreplay.com\/wp-content\/uploads\/2025\/12\/Proyector-Consola-P30-Max-768x768.jpg",768,768,true],"large":["https:\/\/thecoreplay.com\/wp-content\/uploads\/2025\/12\/Proyector-Consola-P30-Max-1024x1024.jpg",1024,1024,true],"1536x1536":["https:\/\/thecoreplay.com\/wp-content\/uploads\/2025\/12\/Proyector-Consola-P30-Max.jpg",1080,1080,false],"2048x2048":["https:\/\/thecoreplay.com\/wp-content\/uploads\/2025\/12\/Proyector-Consola-P30-Max.jpg",1080,1080,false],"woocommerce_thumbnail":["https:\/\/thecoreplay.com\/wp-content\/uploads\/2025\/12\/Proyector-Consola-P30-Max-300x300.jpg",300,300,true],"woocommerce_single":["https:\/\/thecoreplay.com\/wp-content\/uploads\/2025\/12\/Proyector-Consola-P30-Max-600x600.jpg",600,600,true],"woocommerce_gallery_thumbnail":["https:\/\/thecoreplay.com\/wp-content\/uploads\/2025\/12\/Proyector-Consola-P30-Max-100x100.jpg",100,100,true]},"uagb_author_info":{"display_name":"lluismayans83@gmail.com","author_link":"https:\/\/thecoreplay.com\/fr\/author\/"},"uagb_comment_info":40,"uagb_excerpt":"\ud83c\udfae Console Projecteur Salange P30 Max \u2014 Console R\u00e9tro + Cin\u00e9ma Haute D\u00e9finition Portable Pouvez-vous imaginer emporter la magie du cin\u00e9ma et l&rsquo;excitation de vos jeux vid\u00e9o r\u00e9tro pr\u00e9f\u00e9r\u00e9s partout et les projeter sur un \u00e9cran g\u00e9ant ? La Console Projecteur Salange P30 Max de TheCorePlay fait de ce fantasme une r\u00e9alit\u00e9. Cet appareil innovant\u2026","_links":{"self":[{"href":"https:\/\/thecoreplay.com\/fr\/wp-json\/wp\/v2\/product\/1367","targetHints":{"allow":["GET"]}}],"collection":[{"href":"https:\/\/thecoreplay.com\/fr\/wp-json\/wp\/v2\/product"}],"about":[{"href":"https:\/\/thecoreplay.com\/fr\/wp-json\/wp\/v2\/types\/product"}],"replies":[{"embeddable":true,"href":"https:\/\/thecoreplay.com\/fr\/wp-json\/wp\/v2\/comments?post=1367"}],"wp:featuredmedia":[{"embeddable":true,"href":"https:\/\/thecoreplay.com\/fr\/wp-json\/wp\/v2\/media\/1629"}],"wp:attachment":[{"href":"https:\/\/thecoreplay.com\/fr\/wp-json\/wp\/v2\/media?parent=1367"}],"wp:term":[{"taxonomy":"product_brand","embeddable":true,"href":"https:\/\/thecoreplay.com\/fr\/wp-json\/wp\/v2\/product_brand?post=1367"},{"taxonomy":"product_cat","embeddable":true,"href":"https:\/\/thecoreplay.com\/fr\/wp-json\/wp\/v2\/product_cat?post=1367"},{"taxonomy":"product_tag","embeddable":true,"href":"https:\/\/thecoreplay.com\/fr\/wp-json\/wp\/v2\/product_tag?post=1367"}],"curies":[{"name":"wp","href":"https:\/\/api.w.org\/{rel}","templated":true}]}}