{"id":1340,"date":"2025-12-16T16:22:53","date_gmt":"2025-12-16T16:22:53","guid":{"rendered":"https:\/\/thecoreplay.com\/retro-game-stick-m8-lite\/"},"modified":"2026-02-19T15:09:57","modified_gmt":"2026-02-19T15:09:57","slug":"retro-game-stick-m8-lite","status":"publish","type":"product","link":"https:\/\/thecoreplay.com\/fr\/consoles-retro-game-stick\/retro-game-stick-m8-lite\/","title":{"rendered":"Retro Game Stick M8 Lite"},"content":{"rendered":"<div>\n<div>\n<div><\/div>\n<\/div>\n<h2 class=\"\" data-start=\"232\" data-end=\"295\">\ud83d\udd79\ufe0f Retro Game Stick M8 Lite \u2014 Console r\u00e9tro 4K avec 20&nbsp;000&nbsp;jeux<\/h2>\n<p class=\"\" data-start=\"297\" data-end=\"631\">Le <strong>M8 Retro Game Stick<\/strong> de TheCorePlay est la solution id\u00e9ale pour ceux qui recherchent une exp\u00e9rience de jeu fluide, amusante et enti\u00e8rement plug-and-play.<br data-start=\"436\" data-end=\"439\">Avec <strong>plus de 20&nbsp;000&nbsp;jeux pr\u00e9install\u00e9s<\/strong>, une <strong>r\u00e9solution&nbsp;4K HD<\/strong> et des <strong>manettes sans fil incluses<\/strong>, il est id\u00e9al pour jouer seul ou \u00e0 plusieurs dans ton salon.<\/p>\n<p class=\"\" data-start=\"633\" data-end=\"828\">Cette <strong>console r\u00e9tro HDMI<\/strong> transforme n\u2019importe quel t\u00e9l\u00e9viseur en une plateforme de jeu classique en quelques secondes. Il suffit de la connecter via HDMI, d\u2019allumer les manettes\u2026 et de commencer \u00e0 jouer. <\/p>\n<p class=\"\" data-start=\"830\" data-end=\"1149\">Con\u00e7u pour ceux qui se demandent <strong>quels \u00e9mulateurs la console&nbsp;M8 inclut<\/strong>, <strong>quels jeux le Game Stick propose<\/strong> ou <strong>quelles fonctionnalit\u00e9s cette console r\u00e9tro offre<\/strong>, le&nbsp;M8 se distingue par sa compatibilit\u00e9 avec plus de 20&nbsp;plateformes embl\u00e9matiques, une interface intuitive et une exp\u00e9rience 100&nbsp;% accessible \u00e0 tous les publics.<\/p>\n<\/div>\n<h2 class=\"\" data-start=\"231\" data-end=\"286\">\ud83e\udde9 Quelles sont les fonctionnalit\u00e9s de la console&nbsp;M8 Lite&nbsp;4K&nbsp;?<\/h2>\n<p class=\"\" data-start=\"288\" data-end=\"453\">Le <strong>Retro Game Stick M8<\/strong> est connu pour son design compact, sa facilit\u00e9 d\u2019utilisation et sa large compatibilit\u00e9 avec les syst\u00e8mes classiques. Voici ses principales caract\u00e9ristiques&nbsp;: <\/p>\n<ul data-start=\"386\" data-end=\"1300\">\n<li class=\"\" data-start=\"386\" data-end=\"531\">\n<p class=\"\" data-start=\"388\" data-end=\"531\">\u2705 <strong>Connexion HDMI Plug &amp; Play<\/strong>&nbsp;: connecte-le simplement \u00e0 ton t\u00e9l\u00e9viseur pour commencer \u00e0 jouer, sans installation ni configuration complexe requise.<\/p>\n<\/li>\n<li class=\"\" data-start=\"532\" data-end=\"658\">\n<p class=\"\" data-start=\"534\" data-end=\"658\">\ud83c\udfae <strong>Plus de 20&nbsp;000&nbsp;jeux r\u00e9tro pr\u00e9install\u00e9s<\/strong>&nbsp;: organis\u00e9s par plateforme, avec des \u00e9mulateurs pr\u00e9configur\u00e9s et pr\u00eats \u00e0 l\u2019emploi.<\/p>\n<\/li>\n<li class=\"\" data-start=\"659\" data-end=\"763\">\n<p class=\"\" data-start=\"661\" data-end=\"763\">\ud83d\udd79\ufe0f <strong>Comprend deux manettes sans fil&nbsp;2.4G<\/strong>&nbsp;: parfait pour jouer avec un partenaire, des amis ou en famille.<\/p>\n<\/li>\n<li class=\"\" data-start=\"764\" data-end=\"880\">\n<p class=\"\" data-start=\"766\" data-end=\"880\">\ud83d\udcbe <strong>M\u00e9moire de carte MicroSD de 64&nbsp;Go<\/strong>&nbsp;: comprend le syst\u00e8me d\u2019exploitation, les \u00e9mulateurs et l\u2019ensemble de la biblioth\u00e8que de jeux.<\/p>\n<\/li>\n<li class=\"\" data-start=\"881\" data-end=\"985\">\n<p class=\"\" data-start=\"883\" data-end=\"985\">\ud83d\udcfa <strong>Sortie vid\u00e9o&nbsp;4K HD<\/strong>&nbsp;: compatible avec les t\u00e9l\u00e9viseurs modernes pour une image claire et \u00e9clatante.<\/p>\n<\/li>\n<li class=\"\" data-start=\"986\" data-end=\"1101\">\n<p class=\"\" data-start=\"988\" data-end=\"1101\">\ud83d\udd0c <strong>Alimentation USB<\/strong>&nbsp;: se connecte directement au port USB du t\u00e9l\u00e9viseur ou \u00e0 n\u2019importe quel chargeur USB standard.<\/p>\n<\/li>\n<li class=\"\" data-start=\"1102\" data-end=\"1218\">\n<p class=\"\" data-start=\"1104\" data-end=\"1218\">\u2708\ufe0f <strong>Design compact et portable<\/strong>&nbsp;: facile \u00e0 transporter, id\u00e9al pour les voyages ou les sessions de jeu n\u2019importe o\u00f9.<\/p>\n<\/li>\n<li class=\"\" data-start=\"1219\" data-end=\"1300\">\n<p class=\"\" data-start=\"1221\" data-end=\"1300\">\ud83c\udf0d <strong>Syst\u00e8me multilingue<\/strong>&nbsp;: disponible dans plusieurs langues, dont l\u2019anglais et l\u2019espagnol.<\/p>\n<\/li>\n<\/ul>\n<p class=\"\" data-start=\"1234\" data-end=\"1396\">La console&nbsp;M8 est con\u00e7ue pour les joueurs qui souhaitent revivre les classiques sans complications, avec un syst\u00e8me intuitif et un acc\u00e8s instantan\u00e9 \u00e0 des milliers de titres r\u00e9tro.<\/p>\n<h2 class=\"\" data-start=\"179\" data-end=\"236\">\ud83d\udcca Caract\u00e9ristiques techniques du Retro Game Stick M8 Lite<\/h2>\n<p class=\"\" data-start=\"238\" data-end=\"416\">Voici les principales caract\u00e9ristiques techniques du <strong>Retro Game Stick M8<\/strong>, un appareil compact et puissant con\u00e7u pour les passionn\u00e9s de jeux r\u00e9tro&nbsp;:<\/p>\n<ul data-start=\"418\" data-end=\"1290\">\n<li class=\"\" data-start=\"418\" data-end=\"453\">\n<p class=\"\" data-start=\"420\" data-end=\"453\"><strong>Mod\u00e8le<\/strong>&nbsp;: Retro Game Stick M8 Lite<\/p>\n<\/li>\n<li class=\"\" data-start=\"454\" data-end=\"493\">\n<p class=\"\" data-start=\"456\" data-end=\"493\"><strong>Processeur<\/strong>&nbsp;: Quad-Core \u00e0 1,5&nbsp;GHz<\/p>\n<\/li>\n<li class=\"\" data-start=\"494\" data-end=\"554\">\n<p class=\"\" data-start=\"496\" data-end=\"554\"><strong>Syst\u00e8me d\u2019exploitation<\/strong>&nbsp;: Linux personnalis\u00e9 pour l\u2019\u00e9mulation r\u00e9tro<\/p>\n<\/li>\n<li class=\"\" data-start=\"555\" data-end=\"607\">\n<p class=\"\" data-start=\"557\" data-end=\"607\"><strong>M\u00e9moire<\/strong> : carte MicroSD de 64 Go (incluse)<\/p>\n<\/li>\n<li class=\"\" data-start=\"608\" data-end=\"748\">\n<p class=\"\" data-start=\"610\" data-end=\"629\">Connectivit\u00e9:<\/p>\n<ul data-start=\"632\" data-end=\"748\">\n<li>Sortie HDMI&nbsp;4K HD<\/li>\n<li>1&nbsp;port USB pour l\u2019alimentation<\/li>\n<li>1&nbsp;port USB pour une manette suppl\u00e9mentaire ou une extension<\/li>\n<\/ul>\n<\/li>\n<li class=\"\" data-start=\"749\" data-end=\"826\">\n<p class=\"\" data-start=\"751\" data-end=\"826\"><strong>Manettes incluses<\/strong>&nbsp;: 2&nbsp;manettes sans fil&nbsp;2.4G (n\u00e9cessitent des piles AAA)<\/p>\n<\/li>\n<li class=\"\" data-start=\"827\" data-end=\"934\">\n<p class=\"\" data-start=\"829\" data-end=\"934\"><strong>Compatibilit\u00e9<\/strong>&nbsp;: \u00c9mulation de plus de 20&nbsp;plateformes r\u00e9tro (NES, SNES, PS1, PSP, MAME, Neo Geo, etc.)<\/p>\n<\/li>\n<li class=\"\" data-start=\"935\" data-end=\"998\">\n<p class=\"\" data-start=\"937\" data-end=\"998\"><strong>R\u00e9solution maximale<\/strong>&nbsp;: jusqu\u2019\u00e0 4K (selon le t\u00e9l\u00e9viseur)<\/p>\n<\/li>\n<li class=\"\" data-start=\"999\" data-end=\"1059\">\n<p class=\"\" data-start=\"1001\" data-end=\"1059\"><strong>Langues disponibles<\/strong>&nbsp;: multilingue<\/p>\n<\/li>\n<li class=\"\" data-start=\"1060\" data-end=\"1115\">\n<p class=\"\" data-start=\"1062\" data-end=\"1115\"><strong>Modes de jeu<\/strong>&nbsp;: joueur unique\/multijoueur local<\/p>\n<\/li>\n<li class=\"\" data-start=\"1116\" data-end=\"1190\">\n<p class=\"\" data-start=\"1118\" data-end=\"1190\"><strong>Alimentation<\/strong>&nbsp;: USB&nbsp;5V \u2013 peut \u00eatre aliment\u00e9 directement depuis le t\u00e9l\u00e9viseur<\/p>\n<\/li>\n<li class=\"\" data-start=\"1191\" data-end=\"1247\">\n<p class=\"\" data-start=\"1193\" data-end=\"1247\"><strong>Taille du stick<\/strong>&nbsp;: environ 9&nbsp;\u00d7&nbsp;3&nbsp;\u00d7&nbsp;1,5&nbsp;cm<\/p>\n<\/li>\n<li class=\"\" data-start=\"1248\" data-end=\"1290\">\n<p class=\"\" data-start=\"1250\" data-end=\"1290\"><strong>Poids<\/strong>&nbsp;: l\u00e9ger, id\u00e9al pour les voyages<\/p>\n<\/li>\n<\/ul>\n<h2 class=\"\" data-start=\"196\" data-end=\"276\">\ud83c\udfae Quels \u00e9mulateurs la console&nbsp;M8 Lite inclut-elle&nbsp;?<\/h2>\n<p class=\"\" data-start=\"278\" data-end=\"632\">Le <strong>Retro Game Stick M8<\/strong> prend en charge plus de 20&nbsp;\u00e9mulateurs classiques, tous pr\u00e9install\u00e9s et pr\u00eats \u00e0 fonctionner d\u00e8s la premi\u00e8re mise en marche. Si tu te demandes <strong>quels \u00e9mulateurs le Game Stick prend en charge<\/strong>, la r\u00e9ponse est claire&nbsp;: il est compatible avec une grande vari\u00e9t\u00e9 de plateformes r\u00e9tro, des syst\u00e8mes 8&nbsp;et 16&nbsp;bits aux consoles plus avanc\u00e9es comme la PS1 ou la PSP. <\/p>\n<p class=\"\" data-start=\"634\" data-end=\"717\">Voici les principaux \u00e9mulateurs inclus dans la console&nbsp;M8&nbsp;:<\/p>\n<ul data-start=\"719\" data-end=\"1094\">\n<li class=\"\" data-start=\"719\" data-end=\"824\">\n<p class=\"\" data-start=\"721\" data-end=\"824\">\ud83d\udd79\ufe0f <strong>Nintendo<\/strong>&nbsp;: <a href=\"https:\/\/thecoreplay.com\/fr\/consoles-emulation\/nes\/\">NES<\/a>, <a href=\"https:\/\/thecoreplay.com\/fr\/consoles-emulation\/snes\/\">SNES<\/a>, <a href=\"https:\/\/thecoreplay.com\/fr\/consoles-emulation\/game-boy-game-boy-color\/\">Game Boy \/ Color<\/a>, <a href=\"https:\/\/thecoreplay.com\/fr\/consoles-emulation\/game-boy-advance\/\">GBA<\/a>, <a href=\"https:\/\/thecoreplay.com\/fr\/consoles-emulation\/nintendo-64\/\">N64<\/a><\/p>\n<\/li>\n<li class=\"\" data-start=\"825\" data-end=\"886\">\n<p class=\"\" data-start=\"827\" data-end=\"886\">\ud83d\udd04 <strong>SEGA<\/strong>&nbsp;: Master System, <a href=\"https:\/\/thecoreplay.com\/fr\/consoles-emulation\/sega-mega-drive-sega-genesis\/\">Mega Drive\/Genesis<\/a>, Game Gear<\/p>\n<\/li>\n<li class=\"\" data-start=\"887\" data-end=\"951\">\n<p class=\"\" data-start=\"889\" data-end=\"951\">\ud83d\udcc0 <strong>Sony<\/strong>&nbsp;: <a href=\"https:\/\/thecoreplay.com\/fr\/consoles-emulation\/playstation\/\">PlayStation&nbsp;1 (PS1)<\/a>, <a href=\"https:\/\/thecoreplay.com\/fr\/consoles-emulation\/psp\/\">PSP<\/a><\/p>\n<\/li>\n<li class=\"\" data-start=\"952\" data-end=\"1007\">\n<p class=\"\" data-start=\"954\" data-end=\"1007\">\ud83e\uddf1 <strong>Arcade<\/strong>&nbsp;: <a href=\"https:\/\/thecoreplay.com\/fr\/consoles-emulation\/systemes-arcade\/\">MAME<\/a>, FBA, CPS1, CPS2, CPS3, Neo Geo<\/p>\n<\/li>\n<li class=\"\" data-start=\"1008\" data-end=\"1094\">\n<p class=\"\" data-start=\"1010\" data-end=\"1094\">\ud83d\udcbe <strong>Autres syst\u00e8mes<\/strong>&nbsp;: Atari 2600\/5200\/7800, PC Engine, MSX, Wonderswan, et plus encore.<\/p>\n<\/li>\n<\/ul>\n<p class=\"\" data-start=\"1096\" data-end=\"1442\">La console organise automatiquement les jeux par plateforme, ce qui te permet de parcourir rapidement les catalogues et de profiter d\u2019une exp\u00e9rience intuitive, m\u00eame pour ceux qui n\u2019ont aucune connaissance pr\u00e9alable de l\u2019\u00e9mulation.<br data-start=\"1319\" data-end=\"1322\">De plus, le&nbsp;M8 te permet \u00e9galement d\u2019<strong>\u00e9tendre le syst\u00e8me<\/strong> en ajoutant de nouveaux \u00e9mulateurs ou jeux via la carte MicroSD ou le port USB.<\/p>\n<h2 class=\"\" data-start=\"199\" data-end=\"255\">\ud83d\udd79\ufe0f Quels jeux sont disponibles sur la console Retro Game Stick M8 Lite&nbsp;?<\/h2>\n<p class=\"\" data-start=\"257\" data-end=\"519\">Le <strong>Retro Game Stick M8<\/strong> comprend une biblioth\u00e8que avec <strong>plus de 20&nbsp;000&nbsp;jeux r\u00e9tro pr\u00e9install\u00e9s<\/strong>, organis\u00e9s par console et pr\u00eats \u00e0 jouer imm\u00e9diatement. Cette s\u00e9lection couvre des titres classiques des genres action, plateforme, combat, course, RPG et arcade. <\/p>\n<p class=\"\" data-start=\"521\" data-end=\"589\">Voici quelques-uns des jeux les plus populaires que tu peux trouver sur le&nbsp;M8&nbsp;:<\/p>\n<ul data-start=\"591\" data-end=\"1218\">\n<li class=\"\" data-start=\"591\" data-end=\"694\">\n<p class=\"\" data-start=\"593\" data-end=\"694\">\ud83c\udfae <em>Super Mario Bros<\/em>, <em>The Legend of Zelda<\/em>, <em>Donkey Kong Country<\/em>, <em>Metroid<\/em>, <em>Mega Man<\/em> (NES\/SNES)<\/p>\n<\/li>\n<li class=\"\" data-start=\"695\" data-end=\"787\">\n<p class=\"\" data-start=\"697\" data-end=\"787\">\ud83e\udde9 <em>Tetris<\/em>, <em>Bomberman<\/em>, <em>Puzzle Bobble<\/em>, <em>Pac-Man<\/em>, <em>Bubble Bobble<\/em> (diverses plateformes)<\/p>\n<\/li>\n<li class=\"\" data-start=\"788\" data-end=\"865\">\n<p class=\"\" data-start=\"790\" data-end=\"865\">\ud83d\udd79\ufe0f <em>Sonic the Hedgehog<\/em>, <em>Golden Axe<\/em>, <em>Streets of Rage<\/em>, <em>Shinobi<\/em> (SEGA)<\/p>\n<\/li>\n<li class=\"\" data-start=\"866\" data-end=\"958\">\n<p class=\"\" data-start=\"868\" data-end=\"958\">\ud83d\udd25 <em>Street Fighter II<\/em>, <em>Mortal Kombat<\/em>, <em>King of Fighters<\/em>, <em>Metal Slug<\/em> (Arcade\/Neo Geo)<\/p>\n<\/li>\n<li class=\"\" data-start=\"959\" data-end=\"1058\">\n<p class=\"\" data-start=\"961\" data-end=\"1058\">\ud83d\udcc0 <em>Castlevania&nbsp;: Symphony of the Night<\/em>, <em>Crash Bandicoot<\/em>, <em>Tekken&nbsp;3<\/em>, <em>Final Fantasy&nbsp;VII<\/em> (PS1)<\/p>\n<\/li>\n<li class=\"\" data-start=\"1059\" data-end=\"1133\">\n<p class=\"\" data-start=\"1061\" data-end=\"1133\">\ud83d\ude97 <em>F-Zero<\/em>, <em>Mario Kart&nbsp;64<\/em>, <em>Excitebike<\/em>, <em>Ridge Racer<\/em> (SNES\/N64\/PSP)<\/p>\n<\/li>\n<li class=\"\" data-start=\"1134\" data-end=\"1218\">\n<p class=\"\" data-start=\"1136\" data-end=\"1218\">\ud83d\udee1\ufe0f <em>Pok\u00e9mon FireRed<\/em>, <em>Pok\u00e9mon Emerald<\/em>, <em>Advance Wars<\/em>, <em>Fire Emblem<\/em> (GBA)<\/p>\n<\/li>\n<\/ul>\n<p class=\"\" data-start=\"1220\" data-end=\"1479\">La plupart des versions du&nbsp;M8 incluent ces titres ainsi que des milliers d\u2019autres, organis\u00e9s par plateforme dans un menu visuel facile \u00e0 parcourir. De plus, tu peux <strong>ajouter tes propres jeux<\/strong> via la carte MicroSD ou USB pour personnaliser ta collection. <\/p>\n<hr class=\"\" data-start=\"1150\" data-end=\"1153\">\n<h2 class=\"\" data-start=\"1155\" data-end=\"1185\">\ud83d\udce6 Qu&rsquo;y a-t-il dans la bo\u00eete&nbsp;?<\/h2>\n<ul data-start=\"1187\" data-end=\"1360\">\n<li class=\"\" data-start=\"1187\" data-end=\"1224\">1&nbsp;\u00d7 <strong>Retro Console M8 Game Stick<\/strong><\/li>\n<li class=\"\" data-start=\"1225\" data-end=\"1259\">2&nbsp;\u00d7 <strong>Manettes sans fil&nbsp;2.4G<\/strong><\/li>\n<li class=\"\" data-start=\"1260\" data-end=\"1294\">1&nbsp;\u00d7 <strong>R\u00e9cepteur USB sans fil<\/strong><\/li>\n<li class=\"\" data-start=\"1295\" data-end=\"1326\">1&nbsp;\u00d7 <strong>C\u00e2ble d\u2019alimentation USB<\/strong><\/li>\n<li class=\"\" data-start=\"1327\" data-end=\"1360\">1&nbsp;\u00d7 <strong>C\u00e2ble d\u2019extension HDMI<\/strong><\/li>\n<\/ul>\n<hr class=\"\" data-start=\"1362\" data-end=\"1365\">\n<h2 class=\"\" data-start=\"1367\" data-end=\"1417\">\ud83d\ude80 \u2699\ufe0f Comment configurer le Retro Game Stick M8&nbsp;?<\/h2>\n<ol data-start=\"1419\" data-end=\"1692\">\n<li class=\"\" data-start=\"1419\" data-end=\"1470\">Connecte le <strong>r\u00e9cepteur et le c\u00e2ble USB<\/strong> au stick.<\/li>\n<li class=\"\" data-start=\"1471\" data-end=\"1558\">Connecte le c\u00e2ble USB \u00e0 un <strong>port USB de t\u00e9l\u00e9viseur ou \u00e0 une batterie externe<\/strong> pour alimenter l\u2019appareil.<\/li>\n<li class=\"\" data-start=\"1559\" data-end=\"1610\">Branche le <strong>stick dans le port HDMI<\/strong> de ton t\u00e9l\u00e9viseur.<\/li>\n<li class=\"\" data-start=\"1611\" data-end=\"1692\">Pr\u00eat \u00e0 jouer&nbsp;!<br data-start=\"1632\" data-end=\"1635\">(Appuie sur <strong>Select + Start<\/strong> pour revenir au menu principal).<\/li>\n<\/ol>\n<p class=\"\" data-start=\"1694\" data-end=\"1774\">Pas besoin de t\u00e9l\u00e9charger ou de configurer quoi que ce soit&nbsp;; tout est pr\u00e9charg\u00e9 sur la console&nbsp;!<\/p>\n<hr class=\"\" data-start=\"1776\" data-end=\"1779\">\n<h2 class=\"\" data-start=\"1050\" data-end=\"1086\">\ud83c\udf81 Que propose d\u2019autre la console&nbsp;M8&nbsp;?<\/h2>\n<ul data-start=\"1088\" data-end=\"1515\">\n<li class=\"\" data-start=\"1088\" data-end=\"1172\">Tu peux <strong>facilement t\u00e9l\u00e9charger et installer de nouveaux jeux<\/strong> depuis l\u2019interface elle-m\u00eame.<\/li>\n<li class=\"\" data-start=\"1173\" data-end=\"1303\">C\u2019est un choix id\u00e9al comme <strong>cadeau de No\u00ebl ou d\u2019anniversaire<\/strong> pour les enfants, les collectionneurs de jeux r\u00e9tro et les fans de jeux vid\u00e9o classiques.<\/li>\n<li class=\"\" data-start=\"1304\" data-end=\"1367\">Compatible avec les jeux <strong>PS1 et GBA<\/strong> avec des performances solides.<\/li>\n<li class=\"\" data-start=\"1368\" data-end=\"1450\">Prend en charge le <strong>mode multijoueur local<\/strong>, parfait pour jouer avec un partenaire ou des amis.<\/li>\n<li class=\"\" data-start=\"1451\" data-end=\"1515\">Design compact, puissant et <strong>enti\u00e8rement pr\u00eat \u00e0 jouer<\/strong>.<\/li>\n<\/ul>\n","protected":false},"excerpt":{"rendered":"<p>\ud83d\udd79\ufe0f Retro Game Stick M8 Lite \u2014 Console r\u00e9tro 4K avec 20&nbsp;000&nbsp;jeux Le M8 Retro Game Stick de TheCorePlay est la solution id\u00e9ale pour ceux qui recherchent une exp\u00e9rience de jeu fluide, amusante et enti\u00e8rement plug-and-play.Avec plus de 20&nbsp;000&nbsp;jeux pr\u00e9install\u00e9s, une r\u00e9solution&nbsp;4K HD et des manettes sans fil incluses, il est id\u00e9al pour jouer seul [&hellip;]<\/p>\n","protected":false},"featured_media":1627,"comment_status":"open","ping_status":"closed","template":"","meta":{"_uag_custom_page_level_css":"","site-sidebar-layout":"default","site-content-layout":"","ast-site-content-layout":"default","site-content-style":"default","site-sidebar-style":"default","ast-global-header-display":"","ast-banner-title-visibility":"","ast-main-header-display":"","ast-hfb-above-header-display":"","ast-hfb-below-header-display":"","ast-hfb-mobile-header-display":"","site-post-title":"","ast-breadcrumbs-content":"","ast-featured-img":"","footer-sml-layout":"","ast-disable-related-posts":"","theme-transparent-header-meta":"default","adv-header-id-meta":"","stick-header-meta":"","header-above-stick-meta":"","header-main-stick-meta":"","header-below-stick-meta":"","astra-migrate-meta-layouts":"set","ast-page-background-enabled":"default","ast-page-background-meta":{"desktop":{"background-color":"var(--ast-global-color-5)","background-image":"","background-repeat":"repeat","background-position":"center center","background-size":"auto","background-attachment":"scroll","background-type":"","background-media":"","overlay-type":"","overlay-color":"","overlay-opacity":"","overlay-gradient":""},"tablet":{"background-color":"","background-image":"","background-repeat":"repeat","background-position":"center center","background-size":"auto","background-attachment":"scroll","background-type":"","background-media":"","overlay-type":"","overlay-color":"","overlay-opacity":"","overlay-gradient":""},"mobile":{"background-color":"","background-image":"","background-repeat":"repeat","background-position":"center center","background-size":"auto","background-attachment":"scroll","background-type":"","background-media":"","overlay-type":"","overlay-color":"","overlay-opacity":"","overlay-gradient":""}},"ast-content-background-meta":{"desktop":{"background-color":"var(--ast-global-color-4)","background-image":"","background-repeat":"repeat","background-position":"center center","background-size":"auto","background-attachment":"scroll","background-type":"","background-media":"","overlay-type":"","overlay-color":"","overlay-opacity":"","overlay-gradient":""},"tablet":{"background-color":"var(--ast-global-color-4)","background-image":"","background-repeat":"repeat","background-position":"center center","background-size":"auto","background-attachment":"scroll","background-type":"","background-media":"","overlay-type":"","overlay-color":"","overlay-opacity":"","overlay-gradient":""},"mobile":{"background-color":"var(--ast-global-color-4)","background-image":"","background-repeat":"repeat","background-position":"center center","background-size":"auto","background-attachment":"scroll","background-type":"","background-media":"","overlay-type":"","overlay-color":"","overlay-opacity":"","overlay-gradient":""}}},"product_brand":[54],"product_cat":[281,263,266,267,268,277,276,264],"product_tag":[],"class_list":{"0":"post-1340","1":"product","2":"type-product","3":"status-publish","4":"has-post-thumbnail","6":"product_brand-m8","7":"product_cat-consoles-retro-game-stick","8":"product_cat-consoles-emulation","9":"product_cat-game-boy-game-boy-color","10":"product_cat-game-boy-advance","11":"product_cat-nes","12":"product_cat-sega-mega-drive-sega-genesis","13":"product_cat-snes","14":"product_cat-systemes-arcade","15":"desktop-align-center","16":"tablet-align-left","17":"mobile-align-left","19":"first","20":"instock","21":"sale","22":"shipping-taxable","23":"purchasable","24":"product-type-simple"},"uagb_featured_image_src":{"full":["https:\/\/thecoreplay.com\/wp-content\/uploads\/2025\/12\/Retro-Game-Stick-M8-Lite.jpg",1080,1080,false],"thumbnail":["https:\/\/thecoreplay.com\/wp-content\/uploads\/2025\/12\/Retro-Game-Stick-M8-Lite-150x150.jpg",150,150,true],"medium":["https:\/\/thecoreplay.com\/wp-content\/uploads\/2025\/12\/Retro-Game-Stick-M8-Lite-300x300.jpg",300,300,true],"medium_large":["https:\/\/thecoreplay.com\/wp-content\/uploads\/2025\/12\/Retro-Game-Stick-M8-Lite-768x768.jpg",768,768,true],"large":["https:\/\/thecoreplay.com\/wp-content\/uploads\/2025\/12\/Retro-Game-Stick-M8-Lite-1024x1024.jpg",1024,1024,true],"1536x1536":["https:\/\/thecoreplay.com\/wp-content\/uploads\/2025\/12\/Retro-Game-Stick-M8-Lite.jpg",1080,1080,false],"2048x2048":["https:\/\/thecoreplay.com\/wp-content\/uploads\/2025\/12\/Retro-Game-Stick-M8-Lite.jpg",1080,1080,false],"woocommerce_thumbnail":["https:\/\/thecoreplay.com\/wp-content\/uploads\/2025\/12\/Retro-Game-Stick-M8-Lite-300x300.jpg",300,300,true],"woocommerce_single":["https:\/\/thecoreplay.com\/wp-content\/uploads\/2025\/12\/Retro-Game-Stick-M8-Lite-600x600.jpg",600,600,true],"woocommerce_gallery_thumbnail":["https:\/\/thecoreplay.com\/wp-content\/uploads\/2025\/12\/Retro-Game-Stick-M8-Lite-100x100.jpg",100,100,true]},"uagb_author_info":{"display_name":"lluismayans83@gmail.com","author_link":"https:\/\/thecoreplay.com\/fr\/author\/"},"uagb_comment_info":40,"uagb_excerpt":"\ud83d\udd79\ufe0f Retro Game Stick M8 Lite \u2014 Console r\u00e9tro 4K avec 20&nbsp;000&nbsp;jeux Le M8 Retro Game Stick de TheCorePlay est la solution id\u00e9ale pour ceux qui recherchent une exp\u00e9rience de jeu fluide, amusante et enti\u00e8rement plug-and-play.Avec plus de 20&nbsp;000&nbsp;jeux pr\u00e9install\u00e9s, une r\u00e9solution&nbsp;4K HD et des manettes sans fil incluses, il est id\u00e9al pour jouer seul\u2026","_links":{"self":[{"href":"https:\/\/thecoreplay.com\/fr\/wp-json\/wp\/v2\/product\/1340","targetHints":{"allow":["GET"]}}],"collection":[{"href":"https:\/\/thecoreplay.com\/fr\/wp-json\/wp\/v2\/product"}],"about":[{"href":"https:\/\/thecoreplay.com\/fr\/wp-json\/wp\/v2\/types\/product"}],"replies":[{"embeddable":true,"href":"https:\/\/thecoreplay.com\/fr\/wp-json\/wp\/v2\/comments?post=1340"}],"wp:featuredmedia":[{"embeddable":true,"href":"https:\/\/thecoreplay.com\/fr\/wp-json\/wp\/v2\/media\/1627"}],"wp:attachment":[{"href":"https:\/\/thecoreplay.com\/fr\/wp-json\/wp\/v2\/media?parent=1340"}],"wp:term":[{"taxonomy":"product_brand","embeddable":true,"href":"https:\/\/thecoreplay.com\/fr\/wp-json\/wp\/v2\/product_brand?post=1340"},{"taxonomy":"product_cat","embeddable":true,"href":"https:\/\/thecoreplay.com\/fr\/wp-json\/wp\/v2\/product_cat?post=1340"},{"taxonomy":"product_tag","embeddable":true,"href":"https:\/\/thecoreplay.com\/fr\/wp-json\/wp\/v2\/product_tag?post=1340"}],"curies":[{"name":"wp","href":"https:\/\/api.w.org\/{rel}","templated":true}]}}