{"id":1333,"date":"2025-12-16T16:22:53","date_gmt":"2025-12-16T16:22:53","guid":{"rendered":"https:\/\/thecoreplay.com\/retro-game-stick-m15-pro\/"},"modified":"2026-02-19T15:09:47","modified_gmt":"2026-02-19T15:09:47","slug":"retro-game-stick-m15-pro","status":"publish","type":"product","link":"https:\/\/thecoreplay.com\/fr\/consoles-retro-game-stick\/retro-game-stick-m15-pro\/","title":{"rendered":"Retro Game Stick M15 PRO"},"content":{"rendered":"<div>\n<div>\n<p class=\"\" data-start=\"355\" data-end=\"510\">Le <strong>Retro Game Stick M15 PRO<\/strong> de TheCorePlay est une <strong>console de jeux r\u00e9tro<\/strong> compacte et puissante qui vous permet de profiter de plus de <strong>20&nbsp;000 jeux classiques<\/strong> en haute d\u00e9finition.<\/p>\n<p class=\"\" data-start=\"512\" data-end=\"691\">Le <strong>M15 PRO 4K Retro Game Stick<\/strong> est con\u00e7u pour un maximum de confort et de plaisir, \u00e9quip\u00e9 de <strong>deux manettes sans fil<\/strong> et d&rsquo;<strong>une sortie HDMI 4K 60fps<\/strong>, compatible avec les t\u00e9l\u00e9viseurs, les moniteurs et les projecteurs.<\/p>\n<hr class=\"\" data-start=\"693\" data-end=\"696\">\n<h2 class=\"\" data-start=\"698\" data-end=\"730\">\u26a1 Principales caract\u00e9ristiques du Game Stick M15 PRO<\/h2>\n<ul data-start=\"732\" data-end=\"1253\">\n<li class=\"\" data-start=\"732\" data-end=\"795\">\ud83c\udfae <strong>Plus de 20&nbsp;000 jeux pr\u00e9install\u00e9s<\/strong> sur 64&nbsp;Go de m\u00e9moire.<\/li>\n<li class=\"\" data-start=\"796\" data-end=\"903\">\ud83d\udd79\ufe0f <strong>Compatibilit\u00e9 avec 23 \u00e9mulateurs r\u00e9tro<\/strong>&nbsp;: PS1, NES, SNES, GBA, MegaDrive, MAME, Atari et bien d\u2019autres.<\/li>\n<li class=\"\" data-start=\"904\" data-end=\"996\">\ud83d\udcfa <strong>Sortie vid\u00e9o 4K UHD<\/strong> \u00e0 60fps pour une exp\u00e9rience de jeu incroyablement fluide.<\/li>\n<li class=\"\" data-start=\"997\" data-end=\"1084\">\ud83c\udfae <strong>Comprend 2 manettes sans fil<\/strong> pour un jeu multijoueur confortable et sans fil.<\/li>\n<li class=\"\" data-start=\"1085\" data-end=\"1253\">\ud83c\udf0d <strong>Prise en charge multilingue disponible<\/strong>&nbsp;: anglais, espagnol, japonais, allemand, fran\u00e7ais, portugais, russe et plus encore.<\/li>\n<\/ul>\n<hr class=\"\" data-start=\"1255\" data-end=\"1258\">\n<h2 class=\"\" data-start=\"1260\" data-end=\"1290\">\ud83d\udce6 Que contient la bo\u00eete du Game Stick M15 PRO&nbsp;?<\/h2>\n<ul data-start=\"1292\" data-end=\"1413\">\n<li class=\"\" data-start=\"1292\" data-end=\"1322\">1 x <strong>M15 Retro Game Stick<\/strong><\/li>\n<li class=\"\" data-start=\"1323\" data-end=\"1352\">2 x <strong>Manettes sans fil<\/strong><\/li>\n<li class=\"\" data-start=\"1353\" data-end=\"1384\">1 x <strong>C\u00e2ble d\u2019extension HD<\/strong><\/li>\n<li class=\"\" data-start=\"1385\" data-end=\"1413\">1 x <strong>C\u00e2ble de chargement USB<\/strong><\/li>\n<\/ul>\n<p class=\"\" data-start=\"1415\" data-end=\"1457\"><em>(Piles AAA pour les manettes non incluses)<\/em><\/p>\n<hr class=\"\" data-start=\"1459\" data-end=\"1462\">\n<h2 class=\"\" data-start=\"1464\" data-end=\"1495\">\ud83e\udde0 Caract\u00e9ristiques techniques du Game Stick M15 Pro<\/h2>\n<ul data-start=\"1497\" data-end=\"1825\">\n<li class=\"\" data-start=\"1497\" data-end=\"1552\">Processeur&nbsp;: <strong>Dual-core Cortex-A7 jusqu\u2019\u00e0 1,0&nbsp;GHz<\/strong><\/li>\n<li class=\"\" data-start=\"1553\" data-end=\"1582\">M\u00e9moire&nbsp;: <strong>DDRIII 256&nbsp;Mo<\/strong><\/li>\n<li class=\"\" data-start=\"1583\" data-end=\"1632\">Jeux inclus&nbsp;: <strong>+20&nbsp;000 jeux classiques<\/strong><\/li>\n<li class=\"\" data-start=\"1633\" data-end=\"1679\">Sortie vid\u00e9o&nbsp;: <strong>4K UHD \/ 1080P \/ 720P<\/strong><\/li>\n<li class=\"\" data-start=\"1680\" data-end=\"1771\">Alimentation&nbsp;: <strong>entr\u00e9e 5&nbsp;V\/1&nbsp;A\/2&nbsp;A<\/strong> (pour la cl\u00e9) et <strong>manettes \u00e0 piles AAA<\/strong><\/li>\n<li class=\"\" data-start=\"1772\" data-end=\"1807\">Dimensions&nbsp;: <strong>24&nbsp;\u00d7 18&nbsp;\u00d7 7&nbsp;cm<\/strong><\/li>\n<li class=\"\" data-start=\"1808\" data-end=\"1825\">Poids&nbsp;: <strong>530&nbsp;g<\/strong><\/li>\n<\/ul>\n<h2 class=\"\" data-start=\"159\" data-end=\"202\">\ud83c\udfae Quels \u00e9mulateurs la console M15 Pro poss\u00e8de-t-elle&nbsp;?<\/h2>\n<p class=\"\" data-start=\"204\" data-end=\"548\">Le <strong>Retro Game Stick M15<\/strong> est \u00e9quip\u00e9 d\u2019une puissante compilation d\u2019\u00e9mulateurs classiques qui vous permettent de profiter de milliers de jeux r\u00e9tro via une simple connexion HDMI.<br data-start=\"406\" data-end=\"409\">Nos tests chez <strong>TheCorePlay<\/strong> confirment que le M15 est compatible avec plus de 20 syst\u00e8mes embl\u00e9matiques, notamment&nbsp;:<\/p>\n<ul data-start=\"550\" data-end=\"874\">\n<li class=\"\" data-start=\"550\" data-end=\"636\">\ud83d\udd79\ufe0f <strong>Nintendo<\/strong>&nbsp;: <a href=\"https:\/\/thecoreplay.com\/fr\/consoles-emulation\/nes\/\">NES<\/a>, <a href=\"https:\/\/thecoreplay.com\/fr\/consoles-emulation\/snes\/\">SNES<\/a>, <a href=\"https:\/\/thecoreplay.com\/fr\/consoles-emulation\/game-boy-game-boy-color\/\">Game Boy \/ Color<\/a>, <a href=\"https:\/\/thecoreplay.com\/fr\/consoles-emulation\/game-boy-advance\/\">GBA<\/a>, <a href=\"https:\/\/thecoreplay.com\/fr\/consoles-emulation\/nintendo-64\/\">N64<\/a><\/li>\n<li class=\"\" data-start=\"637\" data-end=\"707\">\ud83c\udf00 <strong>SEGA<\/strong>&nbsp;: Master System, <a href=\"https:\/\/thecoreplay.com\/fr\/consoles-emulation\/sega-mega-drive-sega-genesis\/\">Mega Drive\/Genesis<\/a>, Game Gear, <a href=\"https:\/\/thecoreplay.com\/fr\/consoles-emulation\/dreamcast\/\">Dreamcast<\/a><\/li>\n<li class=\"\" data-start=\"708\" data-end=\"741\">\ud83d\udcbf <strong>Sony<\/strong>&nbsp;: <a href=\"https:\/\/thecoreplay.com\/fr\/consoles-emulation\/playstation\/\">PlayStation 1<\/a>, <a href=\"https:\/\/thecoreplay.com\/fr\/consoles-emulation\/psp\/\">PSP<\/a><\/li>\n<li class=\"\" data-start=\"742\" data-end=\"796\">\u23f3\ufe0f <strong>Arcade<\/strong>&nbsp;: <a href=\"https:\/\/thecoreplay.com\/fr\/consoles-emulation\/systemes-arcade\/\">MAME<\/a>, FBA, CPS1, CPS2, CPS3, Neo Geo<\/li>\n<li class=\"\" data-start=\"797\" data-end=\"874\">\ud83d\udcbe <strong>Autres<\/strong>&nbsp;: Atari 2600\/5200\/7800, MSX, Wonderswan, PC Engine, entre autres.<\/li>\n<\/ul>\n<p class=\"\" data-start=\"876\" data-end=\"1134\">Le M15 vous permet d\u2019ex\u00e9cuter facilement des titres de tous ces syst\u00e8mes, gr\u00e2ce \u00e0 une interface intuitive avec des cat\u00e9gories organis\u00e9es par plateforme. Id\u00e9al aussi bien pour les joueurs nostalgiques que pour les nouveaux joueurs qui souhaitent d\u00e9couvrir l\u2019histoire des jeux vid\u00e9o. <\/p>\n<h2 class=\"\" data-start=\"65\" data-end=\"116\">\ud83d\udd79\ufe0f Quels jeux sont inclus avec le Retro Game Stick M15 Pro&nbsp;?<\/h2>\n<p class=\"\" data-start=\"118\" data-end=\"379\">Le <strong>Retro Game Stick M15 Pro<\/strong> est livr\u00e9 avec une carte m\u00e9moire pr\u00e9install\u00e9e contenant entre <strong>10&nbsp;000 et 40&nbsp;000 jeux r\u00e9tro<\/strong>, selon la version choisie. Cette s\u00e9lection comprend des titres embl\u00e9matiques de consoles classiques qui ont d\u00e9fini des g\u00e9n\u00e9rations. <\/p>\n<p class=\"\" data-start=\"381\" data-end=\"432\">Parmi les jeux les plus populaires inclus, citons&nbsp;:<\/p>\n<ul data-start=\"434\" data-end=\"903\">\n<li class=\"\" data-start=\"434\" data-end=\"509\">\ud83c\udfae <em>Super Mario Bros<\/em>, <em>Donkey Kong<\/em> et <em>The Legend of Zelda<\/em> (NES\/SNES)<\/li>\n<li class=\"\" data-start=\"510\" data-end=\"588\">\ud83d\udd25 <em>Street Fighter II<\/em>, <em>King of Fighters<\/em> et <em>Metal Slug<\/em> (Arcade\/Neo Geo)<\/li>\n<li class=\"\" data-start=\"589\" data-end=\"638\">\ud83d\ude80 <em>Sonic the Hedgehog<\/em> et <em>Golden Axe<\/em> (SEGA)<\/li>\n<li class=\"\" data-start=\"639\" data-end=\"692\">\u2694\ufe0f <em>Castlevania<\/em>, <em>Contra<\/em> et <em>Mega Man<\/em> (NES\/GBA)<\/li>\n<li class=\"\" data-start=\"693\" data-end=\"746\">\ud83e\udde9 <em>Crash Bandicoot<\/em> et <em>Tekken 3<\/em> (PS1)<\/li>\n<li class=\"\" data-start=\"747\" data-end=\"823\">\ud83d\udcaf <em>Tetris<\/em>, <em>Pac-Man<\/em>, <em>Bomberman<\/em> et <em>Puzzle Bobble<\/em> (multiplateforme)<\/li>\n<li class=\"\" data-start=\"824\" data-end=\"903\">\u2699\ufe0f Plus de nombreux jeux de r\u00f4le, de plateforme, de combat, de course et d\u2019aventure.<\/li>\n<\/ul>\n<p class=\"\" data-start=\"905\" data-end=\"1133\">La biblioth\u00e8que est organis\u00e9e par plateforme, avec des illustrations de bo\u00eete et une interface simple, vous permettant de trouver rapidement vos jeux pr\u00e9f\u00e9r\u00e9s. Vous pouvez \u00e9galement <strong>ajouter de nouveaux jeux<\/strong> manuellement via la carte microSD. <\/p>\n<hr class=\"\" data-start=\"1827\" data-end=\"1830\">\n<h3 data-start=\"1832\" data-end=\"1882\">\ud83d\uded2 Du plaisir instantan\u00e9 et sans tracas&nbsp;!<\/h3>\n<p class=\"\" data-start=\"1884\" data-end=\"2109\">Connectez simplement le <strong>M15 Pro Retro Game Stick<\/strong> \u00e0 votre t\u00e9l\u00e9viseur via HDMI, allumez les manettes sans fil et commencez \u00e0 profiter de milliers de jeux classiques.<br data-start=\"2031\" data-end=\"2034\"><strong>Id\u00e9al pour les rassemblements, les soir\u00e9es r\u00e9tro ou les apr\u00e8s-midi nostalgiques en famille&nbsp;!<\/strong> \ud83c\udfae<\/p>\n<p align=\"start\"><img decoding=\"async\" src=\"\/\/ae01.alicdn.com\/kf\/S33bba3d199f144afa44f4f1184c3e776l.jpg\" alt=\"\" title=\"\"><br \/>\n<img decoding=\"async\" src=\"\/\/ae01.alicdn.com\/kf\/S168d2754a0c94314b7affb5b88c82f797.jpg\" alt=\"\" title=\"\"><br \/>\n<img decoding=\"async\" src=\"\/\/ae01.alicdn.com\/kf\/Sc484352292d34ec4a4ed0709e214852fU.jpg\" alt=\"\" title=\"\"><br \/>\n<img decoding=\"async\" src=\"\/\/ae01.alicdn.com\/kf\/Sf956b3fe72324239b42eea93e42ac13el.jpg\" alt=\"\" title=\"\"><br \/>\n<img decoding=\"async\" src=\"\/\/ae01.alicdn.com\/kf\/S7e010eee279f4ad3ac63933f97986cc8W.jpg\" alt=\"\" title=\"\"><br \/>\n<img decoding=\"async\" src=\"\/\/ae01.alicdn.com\/kf\/S5aab9086df0443c2a7a678a28728b7e0p.jpg\" alt=\"\" title=\"\"><br \/>\n<img decoding=\"async\" src=\"\/\/ae01.alicdn.com\/kf\/S8d338174622343d3821b345f41a50b92n.jpg\" alt=\"\" title=\"\"><br \/>\n<img decoding=\"async\" src=\"\/\/ae01.alicdn.com\/kf\/Sc36de2629a3b4f24a6fca5b9b112c384R.jpg\" alt=\"\" title=\"\"><br \/>\n<img decoding=\"async\" src=\"\/\/ae01.alicdn.com\/kf\/Sfe7ac39ab2ac4257a7292d0af03e0ef5y.jpg\" alt=\"\" title=\"\"><br \/>\n<img decoding=\"async\" src=\"\/\/ae01.alicdn.com\/kf\/Sf2f0c3440a6d40cd9ff51fbdf18c0b71y.jpg\" alt=\"\" title=\"\"><\/p>\n<div><\/div>\n<\/div>\n<\/div>\n","protected":false},"excerpt":{"rendered":"<p>Le Retro Game Stick M15 PRO de TheCorePlay est une console de jeux r\u00e9tro compacte et puissante qui vous permet de profiter de plus de 20&nbsp;000 jeux classiques en haute d\u00e9finition. Le M15 PRO 4K Retro Game Stick est con\u00e7u pour un maximum de confort et de plaisir, \u00e9quip\u00e9 de deux manettes sans fil et [&hellip;]<\/p>\n","protected":false},"featured_media":1633,"comment_status":"open","ping_status":"closed","template":"","meta":{"_uag_custom_page_level_css":"","site-sidebar-layout":"default","site-content-layout":"","ast-site-content-layout":"default","site-content-style":"default","site-sidebar-style":"default","ast-global-header-display":"","ast-banner-title-visibility":"","ast-main-header-display":"","ast-hfb-above-header-display":"","ast-hfb-below-header-display":"","ast-hfb-mobile-header-display":"","site-post-title":"","ast-breadcrumbs-content":"","ast-featured-img":"","footer-sml-layout":"","ast-disable-related-posts":"","theme-transparent-header-meta":"default","adv-header-id-meta":"","stick-header-meta":"","header-above-stick-meta":"","header-main-stick-meta":"","header-below-stick-meta":"","astra-migrate-meta-layouts":"set","ast-page-background-enabled":"default","ast-page-background-meta":{"desktop":{"background-color":"var(--ast-global-color-5)","background-image":"","background-repeat":"repeat","background-position":"center center","background-size":"auto","background-attachment":"scroll","background-type":"","background-media":"","overlay-type":"","overlay-color":"","overlay-opacity":"","overlay-gradient":""},"tablet":{"background-color":"","background-image":"","background-repeat":"repeat","background-position":"center center","background-size":"auto","background-attachment":"scroll","background-type":"","background-media":"","overlay-type":"","overlay-color":"","overlay-opacity":"","overlay-gradient":""},"mobile":{"background-color":"","background-image":"","background-repeat":"repeat","background-position":"center center","background-size":"auto","background-attachment":"scroll","background-type":"","background-media":"","overlay-type":"","overlay-color":"","overlay-opacity":"","overlay-gradient":""}},"ast-content-background-meta":{"desktop":{"background-color":"var(--ast-global-color-4)","background-image":"","background-repeat":"repeat","background-position":"center center","background-size":"auto","background-attachment":"scroll","background-type":"","background-media":"","overlay-type":"","overlay-color":"","overlay-opacity":"","overlay-gradient":""},"tablet":{"background-color":"var(--ast-global-color-4)","background-image":"","background-repeat":"repeat","background-position":"center center","background-size":"auto","background-attachment":"scroll","background-type":"","background-media":"","overlay-type":"","overlay-color":"","overlay-opacity":"","overlay-gradient":""},"mobile":{"background-color":"var(--ast-global-color-4)","background-image":"","background-repeat":"repeat","background-position":"center center","background-size":"auto","background-attachment":"scroll","background-type":"","background-media":"","overlay-type":"","overlay-color":"","overlay-opacity":"","overlay-gradient":""}}},"product_brand":[56],"product_cat":[281,263,265,266,267,268,270,274,273,277,278,276,264],"product_tag":[],"class_list":{"0":"post-1333","1":"product","2":"type-product","3":"status-publish","4":"has-post-thumbnail","6":"product_brand-m15","7":"product_cat-consoles-retro-game-stick","8":"product_cat-consoles-emulation","9":"product_cat-dreamcast","10":"product_cat-game-boy-game-boy-color","11":"product_cat-game-boy-advance","12":"product_cat-nes","13":"product_cat-nintendo-64","14":"product_cat-playstation","15":"product_cat-psp","16":"product_cat-sega-mega-drive-sega-genesis","17":"product_cat-sega-saturn","18":"product_cat-snes","19":"product_cat-systemes-arcade","20":"desktop-align-center","21":"tablet-align-left","22":"mobile-align-left","24":"first","25":"instock","26":"sale","27":"shipping-taxable","28":"purchasable","29":"product-type-simple"},"uagb_featured_image_src":{"full":["https:\/\/thecoreplay.com\/wp-content\/uploads\/2025\/12\/Retro-Game-Stick-M15-PRO.jpg",1080,1080,false],"thumbnail":["https:\/\/thecoreplay.com\/wp-content\/uploads\/2025\/12\/Retro-Game-Stick-M15-PRO-150x150.jpg",150,150,true],"medium":["https:\/\/thecoreplay.com\/wp-content\/uploads\/2025\/12\/Retro-Game-Stick-M15-PRO-300x300.jpg",300,300,true],"medium_large":["https:\/\/thecoreplay.com\/wp-content\/uploads\/2025\/12\/Retro-Game-Stick-M15-PRO-768x768.jpg",768,768,true],"large":["https:\/\/thecoreplay.com\/wp-content\/uploads\/2025\/12\/Retro-Game-Stick-M15-PRO-1024x1024.jpg",1024,1024,true],"1536x1536":["https:\/\/thecoreplay.com\/wp-content\/uploads\/2025\/12\/Retro-Game-Stick-M15-PRO.jpg",1080,1080,false],"2048x2048":["https:\/\/thecoreplay.com\/wp-content\/uploads\/2025\/12\/Retro-Game-Stick-M15-PRO.jpg",1080,1080,false],"woocommerce_thumbnail":["https:\/\/thecoreplay.com\/wp-content\/uploads\/2025\/12\/Retro-Game-Stick-M15-PRO-300x300.jpg",300,300,true],"woocommerce_single":["https:\/\/thecoreplay.com\/wp-content\/uploads\/2025\/12\/Retro-Game-Stick-M15-PRO-600x600.jpg",600,600,true],"woocommerce_gallery_thumbnail":["https:\/\/thecoreplay.com\/wp-content\/uploads\/2025\/12\/Retro-Game-Stick-M15-PRO-100x100.jpg",100,100,true]},"uagb_author_info":{"display_name":"lluismayans83@gmail.com","author_link":"https:\/\/thecoreplay.com\/fr\/author\/"},"uagb_comment_info":29,"uagb_excerpt":"Le Retro Game Stick M15 PRO de TheCorePlay est une console de jeux r\u00e9tro compacte et puissante qui vous permet de profiter de plus de 20&nbsp;000 jeux classiques en haute d\u00e9finition. Le M15 PRO 4K Retro Game Stick est con\u00e7u pour un maximum de confort et de plaisir, \u00e9quip\u00e9 de deux manettes sans fil et\u2026","_links":{"self":[{"href":"https:\/\/thecoreplay.com\/fr\/wp-json\/wp\/v2\/product\/1333","targetHints":{"allow":["GET"]}}],"collection":[{"href":"https:\/\/thecoreplay.com\/fr\/wp-json\/wp\/v2\/product"}],"about":[{"href":"https:\/\/thecoreplay.com\/fr\/wp-json\/wp\/v2\/types\/product"}],"replies":[{"embeddable":true,"href":"https:\/\/thecoreplay.com\/fr\/wp-json\/wp\/v2\/comments?post=1333"}],"wp:featuredmedia":[{"embeddable":true,"href":"https:\/\/thecoreplay.com\/fr\/wp-json\/wp\/v2\/media\/1633"}],"wp:attachment":[{"href":"https:\/\/thecoreplay.com\/fr\/wp-json\/wp\/v2\/media?parent=1333"}],"wp:term":[{"taxonomy":"product_brand","embeddable":true,"href":"https:\/\/thecoreplay.com\/fr\/wp-json\/wp\/v2\/product_brand?post=1333"},{"taxonomy":"product_cat","embeddable":true,"href":"https:\/\/thecoreplay.com\/fr\/wp-json\/wp\/v2\/product_cat?post=1333"},{"taxonomy":"product_tag","embeddable":true,"href":"https:\/\/thecoreplay.com\/fr\/wp-json\/wp\/v2\/product_tag?post=1333"}],"curies":[{"name":"wp","href":"https:\/\/api.w.org\/{rel}","templated":true}]}}