{"id":1309,"date":"2025-12-16T16:22:54","date_gmt":"2025-12-16T16:22:54","guid":{"rendered":"https:\/\/thecoreplay.com\/retro-game-box-super-console-mp100\/"},"modified":"2026-02-19T15:09:30","modified_gmt":"2026-02-19T15:09:30","slug":"retro-game-box-super-console-mp100","status":"publish","type":"product","link":"https:\/\/thecoreplay.com\/fr\/consoles-retro-game-box\/retro-game-box-super-console-mp100\/","title":{"rendered":"Retro Game Box Super Console MP100"},"content":{"rendered":"<div><\/div>\n<div>\ud83c\udfae Envie de puissance et de nostalgie dans un seul appareil&nbsp;? Ce mini PC avec fonctions de console r\u00e9tro est parfait pour profiter de milliers de jeux classiques en haute d\u00e9finition. <\/div>\n<div><\/div>\n<div>\n<h2 class=\"\" data-start=\"581\" data-end=\"612\">Fonctionnalit\u00e9s principales&nbsp;:<\/h2>\n<ul data-start=\"614\" data-end=\"1270\">\n<li class=\"\" data-start=\"614\" data-end=\"728\">\ud83d\ude80 <strong>Processeur Intel Alder Lake N100<\/strong>\n<ul data-start=\"658\" data-end=\"728\">\n<li>4 c\u0153urs et 4 threads<\/li>\n<li>Vitesse de base de 1,7 GHz, turbo jusqu&rsquo;\u00e0 3,4 GHz<\/li>\n<\/ul>\n<\/li>\n<li class=\"\" data-start=\"730\" data-end=\"841\">\ud83e\udde0 <strong>8 Go de m\u00e9moire RAM LPDDR5<\/strong>\n<ul data-start=\"767\" data-end=\"841\">\n<li>Vitesse jusqu&rsquo;\u00e0 4800 MHz<\/li>\n<li>Performance maximale en multit\u00e2che et en jeu<\/li>\n<\/ul>\n<\/li>\n<li class=\"\" data-start=\"843\" data-end=\"1015\">\ud83d\udd79\ufe0f <strong>Stockage HDD int\u00e9gr\u00e9 de 500 Go<\/strong>\n<ul data-start=\"893\" data-end=\"1015\">\n<li>Plus de <strong>60&nbsp;000 jeux pr\u00e9install\u00e9s<\/strong><\/li>\n<li>Compatible avec <strong>50 \u00e9mulateurs diff\u00e9rents<\/strong> (r\u00e9tro, arcade, consoles portables, etc.)<\/li>\n<\/ul>\n<\/li>\n<li class=\"\" data-start=\"1017\" data-end=\"1112\">\ud83d\udcfa <strong>Sortie vid\u00e9o 4K@60Hz<\/strong>\n<ul data-start=\"1052\" data-end=\"1112\">\n<li>Compatible avec HDMI et DisplayPort (DP) pour la prise en charge du double \u00e9cran<\/li>\n<\/ul>\n<\/li>\n<li class=\"\" data-start=\"1114\" data-end=\"1270\">\ud83d\udcf6 <strong>Connectivit\u00e9 compl\u00e8te<\/strong>\n<ul data-start=\"1147\" data-end=\"1270\">\n<li>WiFi bi-bande (2,4 GHz \/ 5 GHz)<\/li>\n<li>Bluetooth 4.2 int\u00e9gr\u00e9<\/li>\n<li>Deux ports Gigabit Ethernet pour une connexion filaire<\/li>\n<\/ul>\n<\/li>\n<\/ul>\n<hr class=\"\" data-start=\"1272\" data-end=\"1275\">\n<h2 class=\"\" data-start=\"1277\" data-end=\"1323\">\ud83d\udd25 Qu&rsquo;est-ce qui rend ce mini PC r\u00e9tro sp\u00e9cial&nbsp;?<\/h2>\n<ul data-start=\"1325\" data-end=\"1537\">\n<li>Plug &amp; Play&nbsp;: connectez, allumez et commencez \u00e0 jouer.<\/li>\n<li>Prise en charge de la Ultra Haute D\u00e9finition 4K.<\/li>\n<li>Parfait pour le r\u00e9trogaming, le centre multim\u00e9dia ou la mini-station de travail.<\/li>\n<li>Conception compacte id\u00e9ale pour tout espace.<\/li>\n<\/ul>\n<\/div>\n<div><img decoding=\"async\" src=\"\/\/ae01.alicdn.com\/kf\/S8819345faafc4e148e3284851c296468q.jpg\" alt=\"\" title=\"\"><\/div>\n<h2 class=\"\" data-start=\"480\" data-end=\"539\">\ud83d\udd25 La puissance nouvelle g\u00e9n\u00e9ration&nbsp;: Intel Alder Lake-N N100<\/h2>\n<ul data-start=\"541\" data-end=\"873\">\n<li>\u00c9quip\u00e9 du <strong>processeur Intel N100 de 12e g\u00e9n\u00e9ration<\/strong>&nbsp;: 4 c\u0153urs, 4 threads et vitesse turbo jusqu&rsquo;\u00e0 <strong>3,4 GHz<\/strong>.<\/li>\n<li><strong>Am\u00e9lioration des performances de +20&nbsp;%<\/strong> par rapport \u00e0 la g\u00e9n\u00e9ration pr\u00e9c\u00e9dente, garantissant une exp\u00e9rience plus rapide, plus fluide et ininterrompue.<\/li>\n<li>Id\u00e9al pour les jeux r\u00e9tro, le multit\u00e2che et la lecture multim\u00e9dia 4K.<\/li>\n<\/ul>\n<p><img decoding=\"async\" src=\"\/\/ae01.alicdn.com\/kf\/Sf84d7b47eaa043b89f2fd2abbacea2c26.jpg\" alt=\"\" title=\"\"><\/p>\n<h2 class=\"\" data-start=\"530\" data-end=\"582\">\u26a1 M\u00e9moire ultra-rapide et stockage efficace<\/h2>\n<ul data-start=\"584\" data-end=\"944\">\n<li>\u00c9quip\u00e9 de <strong>8 Go de RAM LPDDR5<\/strong> pour des performances stables et fluides dans toutes vos t\u00e2ches.<\/li>\n<li><strong>Disque SSD M.2 2280 de 256 Go<\/strong>, avec des vitesses de lecture et d&rsquo;\u00e9criture optimis\u00e9es pour charger les programmes et les jeux en quelques secondes.<\/li>\n<li>Am\u00e9lioration significative de l&rsquo;exp\u00e9rience utilisateur, id\u00e9ale pour le r\u00e9trogaming, le multit\u00e2che et le streaming 4K.<\/li>\n<\/ul>\n<div><img decoding=\"async\" src=\"\/\/ae01.alicdn.com\/kf\/S4ff04846b88c492491dffd579314a21d5.jpg\" alt=\"\" title=\"\"><\/div>\n<h2 class=\"\" data-start=\"439\" data-end=\"481\">\ud83c\udfae Double syst\u00e8me&nbsp;: Windows 11 + Retrobat<\/h2>\n<ul data-start=\"483\" data-end=\"812\">\n<li>Profitez de la puissance de <strong>Windows 11<\/strong> pour les t\u00e2ches quotidiennes et le multim\u00e9dia.<\/li>\n<li>Acc\u00e9dez instantan\u00e9ment \u00e0 l&rsquo;<strong>interface Retrobat<\/strong>&nbsp;: des milliers de jeux classiques organis\u00e9s de mani\u00e8re intuitive.<\/li>\n<li>Un syst\u00e8me hybride parfait, sp\u00e9cialement con\u00e7u pour les <strong>r\u00e9trogamers<\/strong> \u00e0 la recherche de productivit\u00e9 et de plaisir dans un seul appareil.<\/li>\n<\/ul>\n<div><img decoding=\"async\" src=\"\/\/ae01.alicdn.com\/kf\/S17e9ffb6d56c4a30adea60f9c70c36e2C.jpg\" alt=\"\" title=\"\"><\/div>\n<h2 class=\"\" data-start=\"468\" data-end=\"525\">\ud83d\udd79\ufe0f Plus de 70 \u00e9mulateurs et 60&nbsp;000 jeux pr\u00e9install\u00e9s<\/h2>\n<ul data-start=\"527\" data-end=\"951\">\n<li><strong>Disque dur de 500 Go<\/strong> exclusivement d\u00e9di\u00e9 aux jeux r\u00e9tro.<\/li>\n<li>Plus de <strong>60&nbsp;000 titres pr\u00eats \u00e0 jouer<\/strong>, sans configurations compliqu\u00e9es.<\/li>\n<li><strong>Compatibilit\u00e9 avec plus de 70 \u00e9mulateurs<\/strong>&nbsp;: profitez des classiques de consoles telles que <a href=\"https:\/\/thecoreplay.com\/fr\/consoles-emulation\/playstation-2\/\">PlayStation 2<\/a>, PlayStation 3, <a href=\"https:\/\/thecoreplay.com\/fr\/consoles-emulation\/wii\/\">Nintendo Wii<\/a>, <a href=\"https:\/\/thecoreplay.com\/fr\/consoles-emulation\/nintendo-gamecube\/\">GameCube<\/a>, <a href=\"https:\/\/thecoreplay.com\/fr\/consoles-emulation\/dreamcast\/\">Dreamcast<\/a>, <a href=\"https:\/\/thecoreplay.com\/fr\/consoles-emulation\/sega-saturn\/\">Sega Saturn<\/a>, et bien d&rsquo;autres.<\/li>\n<\/ul>\n<div><img decoding=\"async\" src=\"\/\/ae01.alicdn.com\/kf\/Scf3c9d40898142e4b8025b43521b4069k.jpg\" alt=\"\" title=\"\"><br \/>\n<img decoding=\"async\" src=\"\/\/ae01.alicdn.com\/kf\/Saba72dca9e7e4231b67060c2013e18bbK.jpg\" alt=\"\" title=\"\"><\/div>\n<h2 class=\"\" data-start=\"1027\" data-end=\"1080\">\u26a1 Configuration facile&nbsp;: Plug &amp; Play en quelques \u00e9tapes<\/h2>\n<p class=\"\" data-start=\"1082\" data-end=\"1215\">Bien qu&rsquo;il soit pr\u00e9configur\u00e9, une installation rapide de Retrobat est requise lors de la premi\u00e8re utilisation. Cela ne prend que quelques minutes&nbsp;! <\/p>\n<p><strong>Guide d&rsquo;installation \u00e9tape par \u00e9tape&nbsp;:<\/strong><\/p>\n<ol data-start=\"1255\" data-end=\"1664\">\n<li>\ud83d\udcc2 Acc\u00e9dez \u00e0 \u00ab&nbsp;<strong>Ce PC<\/strong>&nbsp;\u00bb et ouvrez le lecteur de jeu.<\/li>\n<li>\ud83d\udcc1 Dans le dossier <strong>Visual<\/strong>, double-cliquez sur \u00ab&nbsp;<strong>install_all<\/strong>&nbsp;\u00bb et suivez les instructions pour installer les programmes n\u00e9cessaires.<\/li>\n<li>\ud83d\udcbe Ex\u00e9cutez le fichier \u00ab&nbsp;<strong>dxwebsetup<\/strong>&nbsp;\u00bb pour terminer l&rsquo;installation de DirectX.<\/li>\n<li>\ud83d\udd79\ufe0f Acc\u00e9dez au dossier \u00ab&nbsp;<strong>Gamehive<\/strong>&nbsp;\u00bb, ouvrez l&rsquo;application \u00ab&nbsp;<strong>retrobat<\/strong>&nbsp;\u00bb et commencez \u00e0 profiter de plus de 60&nbsp;000 jeux&nbsp;!<\/li>\n<\/ol>\n<p>\u2705 Apr\u00e8s cette configuration initiale, il vous suffit d&rsquo;ouvrir Retrobat pour jouer, sans avoir \u00e0 r\u00e9p\u00e9ter le processus.<\/p>\n<div><img decoding=\"async\" src=\"\/\/ae01.alicdn.com\/kf\/S31cf0b65e9ac4f05947fcd71fab260c92.jpg\" alt=\"\" title=\"\"><\/div>\n<h2 class=\"\" data-start=\"405\" data-end=\"448\">\ud83d\udda5\ufe0f Sortie vid\u00e9o double \u00e9cran 4K<\/h2>\n<ul data-start=\"450\" data-end=\"755\">\n<li>Compatible avec <strong>les doubles moniteurs<\/strong> gr\u00e2ce aux sorties <strong>DisplayPort (DP)<\/strong> et <strong>HDMI 2.0<\/strong>.<\/li>\n<li>Profitez de la <strong>r\u00e9solution 4K Ultra HD<\/strong> sur les deux moniteurs simultan\u00e9ment.<\/li>\n<li>Id\u00e9al pour ceux qui veulent <strong>travailler et jouer<\/strong> en m\u00eame temps, augmentant ainsi la productivit\u00e9 et l&rsquo;exp\u00e9rience de divertissement.<\/li>\n<\/ul>\n<p><img decoding=\"async\" src=\"\/\/ae01.alicdn.com\/kf\/Saec48a65f1334a358ee3fe8814384519U.jpg\" alt=\"\" title=\"\"><\/p>\n<h2 class=\"\" data-start=\"496\" data-end=\"555\">\ud83c\udf0d Polyvalence totale&nbsp;: parfait pour tous les sc\u00e9narios<\/h2>\n<ul data-start=\"557\" data-end=\"920\">\n<li><strong>Portable, compact et facile \u00e0 utiliser<\/strong>, id\u00e9al pour le travail, les \u00e9tudes ou le divertissement \u00e0 domicile.<\/li>\n<li>Parfait pour&nbsp;:\n<ul>\n<li>Bureaux et r\u00e9unions en ligne<\/li>\n<li>Apprentissage \u00e0 distance et cours virtuels<\/li>\n<li>Divertissement quotidien et jeux r\u00e9tro<\/li>\n<li>Home cin\u00e9ma avec lecture 4K<\/li>\n<\/ul>\n<\/li>\n<\/ul>\n<div><img decoding=\"async\" src=\"\/\/ae01.alicdn.com\/kf\/S55908c84f2234d63ba9cac37d106dffdg.jpg\" alt=\"\" title=\"\"><\/div>\n<h2 class=\"\" data-start=\"632\" data-end=\"686\">\ud83d\udce1 Connectivit\u00e9 compl\u00e8te&nbsp;: WiFi 2.4G\/5G et Bluetooth 4.2<\/h2>\n<ul data-start=\"688\" data-end=\"1082\">\n<li><strong>WiFi bi-bande 2,4 GHz \/ 5 GHz<\/strong> pour une connexion stable, rapide et efficace, id\u00e9ale pour une navigation fluide, les jeux en ligne et le streaming 4K.<\/li>\n<li><strong>Bluetooth 4.2 int\u00e9gr\u00e9<\/strong> pour connecter facilement des appareils sans fil tels que des claviers, des souris, des haut-parleurs ou des moniteurs.<\/li>\n<\/ul>\n<div><img decoding=\"async\" src=\"\/\/ae01.alicdn.com\/kf\/S82ea33cec57c4a24be3ce756e6cafcedS.jpg\" alt=\"\" title=\"\"><\/div>\n<h2 class=\"\" data-start=\"388\" data-end=\"445\">\ud83c\udf10 Deux ports Gigabit Ethernet pour une vitesse maximale<\/h2>\n<ul data-start=\"447\" data-end=\"761\">\n<li><strong>Deux ports Gigabit Ethernet int\u00e9gr\u00e9s<\/strong> pour une connexion simultan\u00e9e \u00e0 diff\u00e9rents r\u00e9seaux.<\/li>\n<li>Assure une <strong>plus grande stabilit\u00e9, une vitesse de transfert<\/strong> et une faible latence pour toutes vos activit\u00e9s en ligne.<\/li>\n<\/ul>\n<div><img decoding=\"async\" src=\"\/\/ae01.alicdn.com\/kf\/S24832f87170941d48dc081b3a244f495n.jpg\" alt=\"\" title=\"\"><\/div>\n<h2 class=\"\" data-start=\"419\" data-end=\"461\">\u2744\ufe0f Refroidissement silencieux et efficace<\/h2>\n<ul data-start=\"463\" data-end=\"846\">\n<li><strong>Ventilateur ultra-silencieux<\/strong> con\u00e7u pour offrir un refroidissement optimal au processeur, en maintenant les temp\u00e9ratures basses m\u00eame pendant les sessions intensives.<\/li>\n<li>Assure un <strong>fonctionnement plus fluide, plus stable et plus silencieux<\/strong>, id\u00e9al pour travailler ou jouer sans bruit g\u00eanant.<\/li>\n<\/ul>\n<div><img decoding=\"async\" src=\"\/\/ae01.alicdn.com\/kf\/S9c9c4a2eb15a44008cc2d7a8ed6c62c2L.jpg\" alt=\"\" title=\"\"><\/div>\n<h2 class=\"\" data-start=\"428\" data-end=\"458\">\ud83d\udce6 Qu&rsquo;y a-t-il dans la bo\u00eete&nbsp;?<\/h2>\n<ul data-start=\"460\" data-end=\"748\">\n<li>\ud83c\udfae <strong>1 x Super Console MP100<\/strong> (Mini PC Console R\u00e9tro)<\/li>\n<li>\ud83d\udcbd <strong>1 x Disque dur de 500 Go<\/strong> avec plus de 60&nbsp;000 jeux pr\u00e9install\u00e9s<\/li>\n<li>\ud83c\udfae <strong>1 x Manette sans fil T3<\/strong><\/li>\n<li>\ud83d\udd0c <strong>1 x Alimentation<\/strong><\/li>\n<li>\ud83d\udcfa <strong>1 x C\u00e2ble HDMI haute vitesse<\/strong><\/li>\n<li>\ud83d\udcd6 <strong>1 x Manuel d&rsquo;utilisation<\/strong> (Guide de d\u00e9marrage rapide)<\/li>\n<\/ul>\n<div><img decoding=\"async\" src=\"\/\/ae01.alicdn.com\/kf\/Sabf7d5c9f2154cf886b04d5304b0b35bU.jpg\" alt=\"\" title=\"\"><\/div>\n","protected":false},"excerpt":{"rendered":"<p>\ud83c\udfae Envie de puissance et de nostalgie dans un seul appareil&nbsp;? Ce mini PC avec fonctions de console r\u00e9tro est parfait pour profiter de milliers de jeux classiques en haute d\u00e9finition. Fonctionnalit\u00e9s principales&nbsp;: \ud83d\ude80 Processeur Intel Alder Lake N100 4 c\u0153urs et 4 threads Vitesse de base de 1,7 GHz, turbo jusqu&rsquo;\u00e0 3,4 GHz \ud83e\udde0 [&hellip;]<\/p>\n","protected":false},"featured_media":1617,"comment_status":"open","ping_status":"closed","template":"","meta":{"_uag_custom_page_level_css":"","site-sidebar-layout":"default","site-content-layout":"","ast-site-content-layout":"default","site-content-style":"default","site-sidebar-style":"default","ast-global-header-display":"","ast-banner-title-visibility":"","ast-main-header-display":"","ast-hfb-above-header-display":"","ast-hfb-below-header-display":"","ast-hfb-mobile-header-display":"","site-post-title":"","ast-breadcrumbs-content":"","ast-featured-img":"","footer-sml-layout":"","ast-disable-related-posts":"","theme-transparent-header-meta":"default","adv-header-id-meta":"","stick-header-meta":"","header-above-stick-meta":"","header-main-stick-meta":"","header-below-stick-meta":"","astra-migrate-meta-layouts":"set","ast-page-background-enabled":"default","ast-page-background-meta":{"desktop":{"background-color":"var(--ast-global-color-5)","background-image":"","background-repeat":"repeat","background-position":"center center","background-size":"auto","background-attachment":"scroll","background-type":"","background-media":"","overlay-type":"","overlay-color":"","overlay-opacity":"","overlay-gradient":""},"tablet":{"background-color":"","background-image":"","background-repeat":"repeat","background-position":"center center","background-size":"auto","background-attachment":"scroll","background-type":"","background-media":"","overlay-type":"","overlay-color":"","overlay-opacity":"","overlay-gradient":""},"mobile":{"background-color":"","background-image":"","background-repeat":"repeat","background-position":"center center","background-size":"auto","background-attachment":"scroll","background-type":"","background-media":"","overlay-type":"","overlay-color":"","overlay-opacity":"","overlay-gradient":""}},"ast-content-background-meta":{"desktop":{"background-color":"var(--ast-global-color-4)","background-image":"","background-repeat":"repeat","background-position":"center center","background-size":"auto","background-attachment":"scroll","background-type":"","background-media":"","overlay-type":"","overlay-color":"","overlay-opacity":"","overlay-gradient":""},"tablet":{"background-color":"var(--ast-global-color-4)","background-image":"","background-repeat":"repeat","background-position":"center center","background-size":"auto","background-attachment":"scroll","background-type":"","background-media":"","overlay-type":"","overlay-color":"","overlay-opacity":"","overlay-gradient":""},"mobile":{"background-color":"var(--ast-global-color-4)","background-image":"","background-repeat":"repeat","background-position":"center center","background-size":"auto","background-attachment":"scroll","background-type":"","background-media":"","overlay-type":"","overlay-color":"","overlay-opacity":"","overlay-gradient":""}}},"product_brand":[62],"product_cat":[280,263,265,266,267,268,270,271,272,274,275,273,277,278,276,264,279],"product_tag":[],"class_list":{"0":"post-1309","1":"product","2":"type-product","3":"status-publish","4":"has-post-thumbnail","6":"product_brand-mp100","7":"product_cat-consoles-retro-game-box","8":"product_cat-consoles-emulation","9":"product_cat-dreamcast","10":"product_cat-game-boy-game-boy-color","11":"product_cat-game-boy-advance","12":"product_cat-nes","13":"product_cat-nintendo-64","14":"product_cat-nintendo-ds","15":"product_cat-nintendo-gamecube","16":"product_cat-playstation","17":"product_cat-playstation-2","18":"product_cat-psp","19":"product_cat-sega-mega-drive-sega-genesis","20":"product_cat-sega-saturn","21":"product_cat-snes","22":"product_cat-systemes-arcade","23":"product_cat-wii","24":"desktop-align-center","25":"tablet-align-left","26":"mobile-align-left","28":"first","29":"instock","30":"sale","31":"shipping-taxable","32":"product-type-variable","33":"has-default-attributes"},"uagb_featured_image_src":{"full":["https:\/\/thecoreplay.com\/wp-content\/uploads\/2025\/12\/Retro-Game-Box-Super-Console-MP100.jpg",1080,1080,false],"thumbnail":["https:\/\/thecoreplay.com\/wp-content\/uploads\/2025\/12\/Retro-Game-Box-Super-Console-MP100-150x150.jpg",150,150,true],"medium":["https:\/\/thecoreplay.com\/wp-content\/uploads\/2025\/12\/Retro-Game-Box-Super-Console-MP100-300x300.jpg",300,300,true],"medium_large":["https:\/\/thecoreplay.com\/wp-content\/uploads\/2025\/12\/Retro-Game-Box-Super-Console-MP100-768x768.jpg",768,768,true],"large":["https:\/\/thecoreplay.com\/wp-content\/uploads\/2025\/12\/Retro-Game-Box-Super-Console-MP100-1024x1024.jpg",1024,1024,true],"1536x1536":["https:\/\/thecoreplay.com\/wp-content\/uploads\/2025\/12\/Retro-Game-Box-Super-Console-MP100.jpg",1080,1080,false],"2048x2048":["https:\/\/thecoreplay.com\/wp-content\/uploads\/2025\/12\/Retro-Game-Box-Super-Console-MP100.jpg",1080,1080,false],"woocommerce_thumbnail":["https:\/\/thecoreplay.com\/wp-content\/uploads\/2025\/12\/Retro-Game-Box-Super-Console-MP100-300x300.jpg",300,300,true],"woocommerce_single":["https:\/\/thecoreplay.com\/wp-content\/uploads\/2025\/12\/Retro-Game-Box-Super-Console-MP100-600x600.jpg",600,600,true],"woocommerce_gallery_thumbnail":["https:\/\/thecoreplay.com\/wp-content\/uploads\/2025\/12\/Retro-Game-Box-Super-Console-MP100-100x100.jpg",100,100,true]},"uagb_author_info":{"display_name":"lluismayans83@gmail.com","author_link":"https:\/\/thecoreplay.com\/fr\/author\/"},"uagb_comment_info":25,"uagb_excerpt":"\ud83c\udfae Envie de puissance et de nostalgie dans un seul appareil&nbsp;? Ce mini PC avec fonctions de console r\u00e9tro est parfait pour profiter de milliers de jeux classiques en haute d\u00e9finition. Fonctionnalit\u00e9s principales&nbsp;: \ud83d\ude80 Processeur Intel Alder Lake N100 4 c\u0153urs et 4 threads Vitesse de base de 1,7 GHz, turbo jusqu&rsquo;\u00e0 3,4 GHz \ud83e\udde0\u2026","_links":{"self":[{"href":"https:\/\/thecoreplay.com\/fr\/wp-json\/wp\/v2\/product\/1309","targetHints":{"allow":["GET"]}}],"collection":[{"href":"https:\/\/thecoreplay.com\/fr\/wp-json\/wp\/v2\/product"}],"about":[{"href":"https:\/\/thecoreplay.com\/fr\/wp-json\/wp\/v2\/types\/product"}],"replies":[{"embeddable":true,"href":"https:\/\/thecoreplay.com\/fr\/wp-json\/wp\/v2\/comments?post=1309"}],"wp:featuredmedia":[{"embeddable":true,"href":"https:\/\/thecoreplay.com\/fr\/wp-json\/wp\/v2\/media\/1617"}],"wp:attachment":[{"href":"https:\/\/thecoreplay.com\/fr\/wp-json\/wp\/v2\/media?parent=1309"}],"wp:term":[{"taxonomy":"product_brand","embeddable":true,"href":"https:\/\/thecoreplay.com\/fr\/wp-json\/wp\/v2\/product_brand?post=1309"},{"taxonomy":"product_cat","embeddable":true,"href":"https:\/\/thecoreplay.com\/fr\/wp-json\/wp\/v2\/product_cat?post=1309"},{"taxonomy":"product_tag","embeddable":true,"href":"https:\/\/thecoreplay.com\/fr\/wp-json\/wp\/v2\/product_tag?post=1309"}],"curies":[{"name":"wp","href":"https:\/\/api.w.org\/{rel}","templated":true}]}}