{"id":1234,"date":"2025-12-16T16:22:55","date_gmt":"2025-12-16T16:22:55","guid":{"rendered":"https:\/\/thecoreplay.com\/anbernic-rg-406v\/"},"modified":"2026-02-19T15:11:16","modified_gmt":"2026-02-19T15:11:16","slug":"anbernic-rg-406v","status":"publish","type":"product","link":"https:\/\/thecoreplay.com\/fr\/consoles-portables-retro\/anbernic\/anbernic-rg-406v\/","title":{"rendered":"ANBERNIC RG 406V"},"content":{"rendered":"<h2 data-start=\"280\" data-end=\"311\">\ud83e\udde0 Caract\u00e9ristiques techniques<\/h2>\n<ul data-start=\"313\" data-end=\"1262\">\n<li class=\"\" data-start=\"313\" data-end=\"350\"><strong>Syst\u00e8me d&rsquo;exploitation&nbsp;:<\/strong> Android 13<\/li>\n<li class=\"\" data-start=\"351\" data-end=\"437\"><strong>Processeur&nbsp;:<\/strong> Unisoc T820 Octa-core (1\u00d7A76@2,7&nbsp;GHz + 3\u00d7A76@2,3&nbsp;GHz + 4\u00d7A55@2,1&nbsp;GHz)<\/li>\n<li class=\"\" data-start=\"438\" data-end=\"478\"><strong>Processeur graphique&nbsp;:<\/strong> Mali-G57 Quad-core, 850&nbsp;MHz<\/li>\n<li class=\"\" data-start=\"479\" data-end=\"512\"><strong>M\u00e9moire RAM&nbsp;:<\/strong> 8&nbsp;Go LPDDR4X<\/li>\n<li class=\"\" data-start=\"513\" data-end=\"559\"><strong>Stockage interne&nbsp;:<\/strong> 128&nbsp;Go UFS 2.2<\/li>\n<li class=\"\" data-start=\"560\" data-end=\"639\"><strong>\u00c9cran&nbsp;:<\/strong> \u00c9cran tactile IPS 4&nbsp;pouces, 960\u00d7720&nbsp;px, avec stratification compl\u00e8te<\/li>\n<li class=\"\" data-start=\"640\" data-end=\"750\"><strong>Connectivit\u00e9&nbsp;:<\/strong>\n<ul data-start=\"664\" data-end=\"750\">\n<li>WiFi 2.4G \/ 5G<\/li>\n<li>Bluetooth 5.0<\/li>\n<li>USB Type-C avec sortie DisplayPort (1080p)<\/li>\n<\/ul>\n<\/li>\n<li class=\"\" data-start=\"751\" data-end=\"831\"><strong>Audio&nbsp;:<\/strong> Haut-parleurs st\u00e9r\u00e9o haute fid\u00e9lit\u00e9 + prise casque 3,5&nbsp;mm<\/li>\n<li class=\"\" data-start=\"832\" data-end=\"905\"><strong>Capteurs&nbsp;:<\/strong> Gyroscope 6 axes, g\u00e2chettes \u00e0 effet Hall, moteur de vibration<\/li>\n<li class=\"\" data-start=\"906\" data-end=\"1011\"><strong>Commandes&nbsp;:<\/strong>\n<ul data-start=\"927\" data-end=\"1011\">\n<li>Joystick Hall 3D avec \u00e9clairage RVB personnalisable<\/li>\n<li>Boutons r\u00e9tro classiques<\/li>\n<\/ul>\n<\/li>\n<li class=\"\" data-start=\"1012\" data-end=\"1094\"><strong>Refroidissement&nbsp;:<\/strong> Ventilateur haute vitesse + syst\u00e8me de dissipation active<\/li>\n<li class=\"\" data-start=\"1095\" data-end=\"1147\"><strong>Batterie&nbsp;:<\/strong> 5500&nbsp;mAh, jusqu&rsquo;\u00e0 8&nbsp;heures d&rsquo;autonomie<\/li>\n<li class=\"\" data-start=\"1148\" data-end=\"1215\"><strong>Chargement&nbsp;:<\/strong> 5V\/2A (temps de charge compl\u00e8te estim\u00e9&nbsp;: 3,5&nbsp;heures)<\/li>\n<li class=\"\" data-start=\"1216\" data-end=\"1262\"><strong>Langues&nbsp;:<\/strong> Multilingue (inclut l&rsquo;anglais et l&rsquo;espagnol)<\/li>\n<\/ul>\n<h2 data-start=\"171\" data-end=\"217\">\ud83c\udfae Quelles consoles l&rsquo;Anbernic RG406V \u00e9mule-t-elle&nbsp;?<\/h2>\n<p class=\"\" data-start=\"219\" data-end=\"423\">L&rsquo;<strong>Anbernic RG406V<\/strong> est une b\u00eate en mati\u00e8re d&rsquo;\u00e9mulation. Gr\u00e2ce \u00e0 son puissant processeur Unisoc T820 et \u00e0 ses 8&nbsp;Go de RAM, il est capable d&rsquo;\u00e9muler plus de <strong>30&nbsp;syst\u00e8mes r\u00e9tro classiques<\/strong> avec une grande fluidit\u00e9. <\/p>\n<p class=\"\" data-start=\"425\" data-end=\"463\">Les principales consoles \u00e9mul\u00e9es incluent&nbsp;:<\/p>\n<p class=\"\" data-start=\"465\" data-end=\"983\">\ud83d\udd79\ufe0f <strong>Nintendo<\/strong>&nbsp;: <a href=\"https:\/\/thecoreplay.com\/fr\/consoles-emulation\/nes\/\">NES<\/a>, <a href=\"https:\/\/thecoreplay.com\/fr\/consoles-emulation\/snes\/\">SNES<\/a>, <a href=\"https:\/\/thecoreplay.com\/fr\/consoles-emulation\/game-boy-game-boy-color\/\">Game Boy \/ Color<\/a>, <a href=\"https:\/\/thecoreplay.com\/fr\/consoles-emulation\/game-boy-advance\/\">GBA<\/a>, <a href=\"https:\/\/thecoreplay.com\/fr\/consoles-emulation\/nintendo-ds\/\">DS<\/a>, <a href=\"https:\/\/thecoreplay.com\/fr\/consoles-emulation\/nintendo-64\/\">N64<\/a>, <a href=\"https:\/\/thecoreplay.com\/fr\/consoles-emulation\/nintendo-3ds\/\">3DS<\/a><br \/>\n\ud83d\udcbf <strong>Sony<\/strong>&nbsp;: <a href=\"https:\/\/thecoreplay.com\/fr\/consoles-emulation\/playstation\/\">PlayStation 1<\/a>, <a href=\"https:\/\/thecoreplay.com\/fr\/consoles-emulation\/psp\/\">PSP<\/a>, <a href=\"https:\/\/thecoreplay.com\/fr\/consoles-emulation\/playstation-2\/\">PlayStation 2<\/a> et PS Vita (limit\u00e9)<br \/>\n\ud83c\udf00 <strong>SEGA<\/strong>&nbsp;: Master System, <a href=\"https:\/\/thecoreplay.com\/fr\/consoles-emulation\/sega-mega-drive-sega-genesis\/\">Mega Drive \/ Genesis<\/a>, Game Gear, <a href=\"https:\/\/thecoreplay.com\/fr\/consoles-emulation\/dreamcast\/\">Dreamcast<\/a><br \/>\n\ud83c\udfa5 <strong>Arcade<\/strong>&nbsp;: <a href=\"https:\/\/thecoreplay.com\/fr\/consoles-emulation\/systemes-arcade\/\">MAME<\/a>, FBA, NeoGeo<br \/>\n\ud83d\udcbb <strong>Autres syst\u00e8mes<\/strong>&nbsp;: Atari, PC Engine, Wonderswan, MSX, ScummVM, DOSBox, et plus encore<br \/>\n\ud83d\udcf1 <strong>Android natif<\/strong>&nbsp;: Jeux t\u00e9l\u00e9chargeables depuis Google Play, y compris les titres 3D exigeants <\/p>\n<p class=\"\" data-start=\"985\" data-end=\"1140\">De plus, il <strong>prend en charge les jeux port\u00e9s<\/strong> et permet l&rsquo;installation de nouveaux \u00e9mulateurs compatibles. Un choix id\u00e9al pour les amateurs de r\u00e9tro qui ne veulent aucune limite. <\/p>\n<div>\n<h2 data-start=\"100\" data-end=\"131\">\ud83d\udce6 Qu&rsquo;y a-t-il dans la bo\u00eete&nbsp;?<\/h2>\n<p class=\"\" data-start=\"133\" data-end=\"243\">Lorsque tu ach\u00e8tes l&rsquo;<strong>Anbernic RG406V<\/strong> chez TheCorePlay, tu re\u00e7ois tout le n\u00e9cessaire pour commencer \u00e0 jouer d\u00e8s le premier instant&nbsp;:<\/p>\n<ul data-start=\"245\" data-end=\"413\">\n<li class=\"\" data-start=\"245\" data-end=\"277\">\ud83c\udfae <strong>Console Anbernic RG406V<\/strong><\/li>\n<li class=\"\" data-start=\"278\" data-end=\"310\">\ud83d\udcd6 <strong>Manuel d&rsquo;utilisation<\/strong><\/li>\n<li class=\"\" data-start=\"311\" data-end=\"341\">\ud83d\udd0c <strong>C\u00e2ble de chargement Type-C<\/strong><\/li>\n<li class=\"\" data-start=\"342\" data-end=\"373\">\ud83d\udee1\ufe0f <strong>Protecteur d&rsquo;\u00e9cran<\/strong><\/li>\n<li class=\"\" data-start=\"374\" data-end=\"413\">\ud83c\udf81 <strong>Bo\u00eete de pr\u00e9sentation (Giftbox)<\/strong><\/li>\n<\/ul>\n<\/div>\n<h2 data-start=\"229\" data-end=\"265\">L&rsquo;Anbernic RG406V en vaut-elle la peine&nbsp;?<\/h2>\n<p class=\"\" data-start=\"267\" data-end=\"555\">Sans aucun doute&nbsp;! L&rsquo;<strong>Anbernic RG406V<\/strong> est l&rsquo;une des consoles r\u00e9tro portables les plus compl\u00e8tes et \u00e9quilibr\u00e9es du march\u00e9 en 2025. Elle combine puissance, portabilit\u00e9 et une exp\u00e9rience utilisateur impeccable gr\u00e2ce \u00e0 son syst\u00e8me Android 13, son \u00e9cran tactile haute r\u00e9solution et son design ergonomique.  <\/p>\n<p class=\"\" data-start=\"557\" data-end=\"583\">Si tu recherches une console qui&nbsp;:<\/p>\n<ul data-start=\"585\" data-end=\"801\">\n<li>\u2705 Ex\u00e9cute les jeux r\u00e9tro et Android en douceur<\/li>\n<li>\u2705 Est confortable pour des heures de jeu sans fatigue<\/li>\n<li>\u2705 Permet de se connecter \u00e0 un t\u00e9l\u00e9viseur ou de diffuser en streaming depuis ton PC<\/li>\n<li>\u2705 Offre une qualit\u00e9 sup\u00e9rieure \u00e0 un prix comp\u00e9titif<\/li>\n<\/ul>\n<p class=\"\" data-start=\"803\" data-end=\"972\">Alors <strong>oui, l&rsquo;Anbernic RG406V en vaut totalement la peine<\/strong>. Elle est id\u00e9ale aussi bien pour les joueurs nostalgiques que pour ceux qui veulent une console portable moderne et polyvalente. <\/p>\n<div>\n<h2 data-start=\"574\" data-end=\"630\">Fonctionnalit\u00e9s suppl\u00e9mentaires de l&rsquo;ANBERNIC RG 406V<\/h2>\n<p>&nbsp;<\/p>\n<h3 class=\"\" data-start=\"85\" data-end=\"135\">\ud83c\udfae RG406V&nbsp;: Combien de jeux sont inclus&nbsp;?<\/h3>\n<p class=\"\" data-start=\"137\" data-end=\"224\">L&rsquo;Anbernic RG406V est disponible en trois versions pour satisfaire tous les go\u00fbts&nbsp;:<\/p>\n<p>\ud83d\udda4 <strong>Noir transparent<\/strong> \u2013 Style r\u00e9tro total<br \/>\n\ud83d\udfe1 <strong>Gris<\/strong> \u2013 Classique et \u00e9l\u00e9gant<br \/>\n\ud83e\udd0d <strong>Blanc beige<\/strong> \u2013 Un look frais et moderne <\/p>\n<p>Combien de jeux apporte-t-elle&nbsp;?<\/p>\n<p>\ud83d\udd38 Si tu choisis la version <strong>Standard<\/strong>, elle est livr\u00e9e sans carte m\u00e9moire, tu dois donc charger tes propres jeux manuellement.<br \/>\n\ud83d\udd38 La version <strong>128&nbsp;Go<\/strong> comprend <strong>plus de 4&nbsp;000&nbsp;jeux classiques pr\u00e9install\u00e9s<\/strong>, pr\u00eats \u00e0 jouer d\u00e8s la sortie de la bo\u00eete.<br \/>\n\ud83d\udd38 La version <strong>256&nbsp;Go<\/strong> contient <strong>plus de 8&nbsp;000&nbsp;jeux classiques<\/strong> organis\u00e9s par plateformes, de NES, SNES, SEGA, PS1, GBA, Arcade, et bien d&rsquo;autres.<\/p>\n<p>Que tu sois fan de jeux des ann\u00e9es 80, 90 ou du d\u00e9but des ann\u00e9es 2000, <strong>la RG406V t&rsquo;offre un v\u00e9ritable mus\u00e9e portable de jeux vid\u00e9o<\/strong>.<\/p>\n<p>&nbsp;<\/p>\n<h3 data-start=\"574\" data-end=\"630\">Syst\u00e8me Android 13&nbsp;: Jeux, applications et mises \u00e0 jour<\/h3>\n<p>La RG406V est \u00e9quip\u00e9e d&rsquo;<strong>Android 13<\/strong>, ce qui te permet de&nbsp;: <\/p>\n<ul data-start=\"697\" data-end=\"839\">\n<li>T\u00e9l\u00e9charger de nouvelles applications depuis Google Play<\/li>\n<li>Mettre \u00e0 jour facilement les jeux et les \u00e9mulateurs<\/li>\n<li>Profiter d&rsquo;une interface fluide et moderne<\/li>\n<\/ul>\n<h3 data-start=\"841\" data-end=\"881\">Design r\u00e9tro avec des commandes confortables<\/h3>\n<p>Son <strong>style r\u00e9tro classique<\/strong> est combin\u00e9 \u00e0 un design de boutons ergonomique et unique, rendant le jeu plus confortable et nostalgique.<\/p>\n<p><img decoding=\"async\" src=\"\/\/ae01.alicdn.com\/kf\/S34e75f09304547599cfadfa91ed51a01s.jpg\" alt=\"\" title=\"\"><\/p>\n<\/div>\n<h3 data-start=\"115\" data-end=\"185\">\ud83d\udcbb \u00c9cran tactile IPS 4&Prime; pour une exp\u00e9rience visuelle sup\u00e9rieure<\/h3>\n<p>La RG406V est \u00e9quip\u00e9e d&rsquo;un <strong>\u00e9cran IPS multi-touch de 4&nbsp;pouces<\/strong> avec une r\u00e9solution de <strong>960\u00d7720&nbsp;pixels<\/strong>.<br \/>\nGr\u00e2ce \u00e0 sa technologie de <strong>stratification compl\u00e8te<\/strong>, le panneau est plus r\u00e9actif au toucher, offrant une r\u00e9ponse rapide et pr\u00e9cise.<\/p>\n<div><img decoding=\"async\" src=\"\/\/ae01.alicdn.com\/kf\/S24ef338c76af4542b3edbf48f35f104dg.jpg\" alt=\"\" title=\"\"><\/div>\n<h3 data-start=\"105\" data-end=\"161\">\u2699\ufe0f Puissance et performances avec le processeur Unisoc T820<\/h3>\n<p>La console RG406V utilise le puissant <strong>processeur Unisoc T820 \u00e0 8&nbsp;c\u0153urs<\/strong> avec la technologie <strong>6nm EUV 5G SOC<\/strong>, combin\u00e9 \u00e0 un <strong>GPU Mali-G57 quad-core \u00e0 850&nbsp;MHz<\/strong>, offrant <strong>des performances \u00e9lev\u00e9es avec une faible consommation d&rsquo;\u00e9nergie<\/strong>.<\/p>\n<p>Avec ses <strong>128&nbsp;Go de stockage UFS 2.2<\/strong>, tu profiteras d&rsquo;une exp\u00e9rience de jeu fluide sans longs temps de chargement.<\/p>\n<div><img decoding=\"async\" src=\"\/\/ae01.alicdn.com\/kf\/S3b2942048861490ca2c5c66f044b468ai.jpg\" alt=\"\" title=\"\"><\/div>\n<h3 data-start=\"60\" data-end=\"120\">\ud83c\udfae Compatibilit\u00e9 des \u00e9mulateurs et grande facilit\u00e9 d&rsquo;utilisation<\/h3>\n<p>L&rsquo;<strong>Anbernic RG406V<\/strong> est tr\u00e8s facile \u00e0 utiliser et compatible avec une grande vari\u00e9t\u00e9 d&rsquo;<strong>\u00e9mulateurs et de styles d&rsquo;interface<\/strong>. Tu peux basculer entre diff\u00e9rents menus visuels et mapper les boutons \u00e0 ton go\u00fbt gr\u00e2ce \u00e0 sa <strong>fonction de mappage des touches<\/strong>. <\/p>\n<div>\n<p><img decoding=\"async\" src=\"\/\/ae01.alicdn.com\/kf\/Sd0621ab1d18347fcb257c254aa2fc0bcw.jpg\" alt=\"\" title=\"\">L&rsquo;<strong>Anbernic RG406V<\/strong> s&rsquo;adapte \u00e0 ta fa\u00e7on de jouer. Gr\u00e2ce \u00e0 son <strong>port USB Type-C avec sortie Display Port 1080p<\/strong>, tu peux facilement la connecter \u00e0 un moniteur ou \u00e0 un t\u00e9l\u00e9viseur. Elle <strong>prend \u00e9galement en charge la projection sans fil via WiFi<\/strong>.  <\/p>\n<\/div>\n<div><img decoding=\"async\" src=\"\/\/ae01.alicdn.com\/kf\/S9d388bfd720444db8a9777228544dd97A.jpg\" alt=\"\" title=\"\"><\/div>\n<h3 data-start=\"62\" data-end=\"109\">\ud83c\udfae Compatible avec le streaming de jeux PC<\/h3>\n<p>L&rsquo;<strong>Anbernic RG406V<\/strong> ne se distingue pas seulement par les jeux r\u00e9tro&nbsp;: elle <strong>prend \u00e9galement en charge le streaming<\/strong>, te permettant de jouer \u00e0 des titres PC directement sur ta console portable.<\/p>\n<div><img decoding=\"async\" src=\"\/\/ae01.alicdn.com\/kf\/S810fcf96ef9c474eb7825ba210b2881av.jpg\" alt=\"\" title=\"\"><\/div>\n<h3 data-start=\"90\" data-end=\"149\">\ud83d\udd79\ufe0f Joystick Hall 3D avec \u00e9clairage RVB personnalisable<\/h3>\n<p>L&rsquo;<strong>Anbernic RG406V<\/strong> comprend un <strong>joystick Hall 3D grand angle<\/strong>, offrant un contr\u00f4le fluide et pr\u00e9cis et une excellente durabilit\u00e9. Il dispose \u00e9galement d&rsquo;un <strong>\u00e9clairage RVB de 16&nbsp;millions de couleurs<\/strong>, enti\u00e8rement personnalisable en termes de luminosit\u00e9 et d&rsquo;effet. <\/p>\n<div><img decoding=\"async\" src=\"\/\/ae01.alicdn.com\/kf\/S34197584b1b946918c4f14f8c97f78f82.jpg\" alt=\"\" title=\"\"><br \/>\n<img decoding=\"async\" src=\"\/\/ae01.alicdn.com\/kf\/Sd71202e37d844573a487a1b2d9fcf3b8s.jpg\" alt=\"\" title=\"\"><\/div>\n<h3 class=\"\" data-start=\"103\" data-end=\"166\">\ud83c\udf10 Connectivit\u00e9 avanc\u00e9e et exp\u00e9rience multim\u00e9dia immersive<\/h3>\n<p>L&rsquo;<strong>Anbernic RG406V<\/strong> est \u00e9quip\u00e9e de <strong>WiFi 2.4G\/5G<\/strong> et de <strong>Bluetooth 5.0<\/strong>, assurant une connexion stable. Elle comprend des <strong>haut-parleurs doubles haute fid\u00e9lit\u00e9<\/strong> qui offrent un son immersif. <\/p>\n<ul data-start=\"491\" data-end=\"916\">\n<li>\ud83c\udfae <strong>Capteur de gyroscope \u00e0 six axes<\/strong><\/li>\n<li>\ud83d\udc83 <strong>G\u00e2chettes Hall de haute pr\u00e9cision<\/strong><\/li>\n<li>\ud83d\udd04 <strong>Mises \u00e0 jour FOTA sans fil<\/strong><\/li>\n<li>\ud83e\udde9 <strong>Multijoueur en ligne et streaming<\/strong><\/li>\n<li>\ud83d\udcfa <strong>Projection sans fil sur grand \u00e9cran<\/strong><\/li>\n<li>\ud83d\udca5 <strong>Moteur de vibration<\/strong><\/li>\n<li>\ud83c\udfa7 <strong>Prise casque st\u00e9r\u00e9o 3,5&nbsp;mm<\/strong><\/li>\n<\/ul>\n<div><img decoding=\"async\" src=\"\/\/ae01.alicdn.com\/kf\/S1888eebead654ab4a315f1f3e61c7e5bC.jpg\" alt=\"\" title=\"\"><\/div>\n<h3 class=\"\" data-start=\"149\" data-end=\"206\">\ud83d\udd0b Batterie longue dur\u00e9e pour jouer partout<\/h3>\n<p>L&rsquo;<strong>Anbernic RG406V<\/strong> int\u00e8gre une batterie lithium-polym\u00e8re de <strong>5500&nbsp;mAh<\/strong>, te donnant <strong>plus de 8&nbsp;heures de jeu continu<\/strong>. Elle prend en charge la <strong>charge rapide 5V\/2A<\/strong>, atteignant une charge compl\u00e8te en environ 3,5&nbsp;heures. <\/p>\n<div><img decoding=\"async\" src=\"\/\/ae01.alicdn.com\/kf\/S4a8eef9f23974def883a71cc9c1a33ac1.jpg\" alt=\"\" title=\"\"><\/div>\n<h3 data-start=\"132\" data-end=\"184\">\u2744\ufe0f Design ergonomique et refroidissement intelligent<\/h3>\n<p>L&rsquo;<strong>Anbernic RG406V<\/strong> int\u00e8gre un <strong>ventilateur haute vitesse<\/strong> qui active la dissipation thermique automatique. Son <strong>design ergonomique<\/strong> tient parfaitement dans la main, permettant des heures de jeu <strong>sans fatigue<\/strong> tout en restaurant l&rsquo;essence classique des consoles r\u00e9tro. <\/p>\n<div><img decoding=\"async\" src=\"\/\/ae01.alicdn.com\/kf\/S393bc3e516b246eeaca006453d2c86d3f.jpg\" alt=\"\" title=\"\"><br \/>\n<img decoding=\"async\" src=\"\/\/ae01.alicdn.com\/kf\/Sb1ffb9dff4c54cf4824882cb8503a327H.jpg\" alt=\"\" title=\"\"><\/div>\n<p><strong><span style=\"font-size: 26px; font-family: arial, helvetica, sans-serif;\">\u00c9tui\/sacoche RG406V<\/span><\/strong><br \/>\n<img decoding=\"async\" src=\"\/\/ae01.alicdn.com\/kf\/S8fb2e67e91824d5eb855894336d7d51bj.jpg\" alt=\"\" title=\"\"><\/p>\n","protected":false},"excerpt":{"rendered":"<p>\ud83e\udde0 Caract\u00e9ristiques techniques Syst\u00e8me d&rsquo;exploitation&nbsp;: Android 13 Processeur&nbsp;: Unisoc T820 Octa-core (1\u00d7A76@2,7&nbsp;GHz + 3\u00d7A76@2,3&nbsp;GHz + 4\u00d7A55@2,1&nbsp;GHz) Processeur graphique&nbsp;: Mali-G57 Quad-core, 850&nbsp;MHz M\u00e9moire RAM&nbsp;: 8&nbsp;Go LPDDR4X Stockage interne&nbsp;: 128&nbsp;Go UFS 2.2 \u00c9cran&nbsp;: \u00c9cran tactile IPS 4&nbsp;pouces, 960\u00d7720&nbsp;px, avec stratification compl\u00e8te Connectivit\u00e9&nbsp;: WiFi 2.4G \/ 5G Bluetooth 5.0 USB Type-C avec sortie DisplayPort (1080p) Audio&nbsp;: Haut-parleurs st\u00e9r\u00e9o [&hellip;]<\/p>\n","protected":false},"featured_media":1610,"comment_status":"open","ping_status":"closed","template":"","meta":{"_uag_custom_page_level_css":"","site-sidebar-layout":"default","site-content-layout":"","ast-site-content-layout":"default","site-content-style":"default","site-sidebar-style":"default","ast-global-header-display":"","ast-banner-title-visibility":"","ast-main-header-display":"","ast-hfb-above-header-display":"","ast-hfb-below-header-display":"","ast-hfb-mobile-header-display":"","site-post-title":"","ast-breadcrumbs-content":"","ast-featured-img":"","footer-sml-layout":"","ast-disable-related-posts":"","theme-transparent-header-meta":"default","adv-header-id-meta":"","stick-header-meta":"","header-above-stick-meta":"","header-main-stick-meta":"","header-below-stick-meta":"","astra-migrate-meta-layouts":"set","ast-page-background-enabled":"default","ast-page-background-meta":{"desktop":{"background-color":"var(--ast-global-color-5)","background-image":"","background-repeat":"repeat","background-position":"center center","background-size":"auto","background-attachment":"scroll","background-type":"","background-media":"","overlay-type":"","overlay-color":"","overlay-opacity":"","overlay-gradient":""},"tablet":{"background-color":"","background-image":"","background-repeat":"repeat","background-position":"center center","background-size":"auto","background-attachment":"scroll","background-type":"","background-media":"","overlay-type":"","overlay-color":"","overlay-opacity":"","overlay-gradient":""},"mobile":{"background-color":"","background-image":"","background-repeat":"repeat","background-position":"center center","background-size":"auto","background-attachment":"scroll","background-type":"","background-media":"","overlay-type":"","overlay-color":"","overlay-opacity":"","overlay-gradient":""}},"ast-content-background-meta":{"desktop":{"background-color":"var(--ast-global-color-4)","background-image":"","background-repeat":"repeat","background-position":"center center","background-size":"auto","background-attachment":"scroll","background-type":"","background-media":"","overlay-type":"","overlay-color":"","overlay-opacity":"","overlay-gradient":""},"tablet":{"background-color":"var(--ast-global-color-4)","background-image":"","background-repeat":"repeat","background-position":"center center","background-size":"auto","background-attachment":"scroll","background-type":"","background-media":"","overlay-type":"","overlay-color":"","overlay-opacity":"","overlay-gradient":""},"mobile":{"background-color":"var(--ast-global-color-4)","background-image":"","background-repeat":"repeat","background-position":"center center","background-size":"auto","background-attachment":"scroll","background-type":"","background-media":"","overlay-type":"","overlay-color":"","overlay-opacity":"","overlay-gradient":""}}},"product_brand":[70],"product_cat":[282,283,263,265,266,267,268,269,270,271,272,274,275,273,277,278,276,264,279],"product_tag":[],"class_list":{"0":"post-1234","1":"product","2":"type-product","3":"status-publish","4":"has-post-thumbnail","6":"product_brand-rg-406v","7":"product_cat-consoles-portables-retro","8":"product_cat-anbernic","9":"product_cat-consoles-emulation","10":"product_cat-dreamcast","11":"product_cat-game-boy-game-boy-color","12":"product_cat-game-boy-advance","13":"product_cat-nes","14":"product_cat-nintendo-3ds","15":"product_cat-nintendo-64","16":"product_cat-nintendo-ds","17":"product_cat-nintendo-gamecube","18":"product_cat-playstation","19":"product_cat-playstation-2","20":"product_cat-psp","21":"product_cat-sega-mega-drive-sega-genesis","22":"product_cat-sega-saturn","23":"product_cat-snes","24":"product_cat-systemes-arcade","25":"product_cat-wii","26":"desktop-align-center","27":"tablet-align-left","28":"mobile-align-left","30":"first","31":"instock","32":"sale","33":"shipping-taxable","34":"purchasable","35":"product-type-variable","36":"has-default-attributes"},"uagb_featured_image_src":{"full":["https:\/\/thecoreplay.com\/wp-content\/uploads\/2025\/12\/ANBERNIC-RG-406V.jpg",1080,1080,false],"thumbnail":["https:\/\/thecoreplay.com\/wp-content\/uploads\/2025\/12\/ANBERNIC-RG-406V-150x150.jpg",150,150,true],"medium":["https:\/\/thecoreplay.com\/wp-content\/uploads\/2025\/12\/ANBERNIC-RG-406V-300x300.jpg",300,300,true],"medium_large":["https:\/\/thecoreplay.com\/wp-content\/uploads\/2025\/12\/ANBERNIC-RG-406V-768x768.jpg",768,768,true],"large":["https:\/\/thecoreplay.com\/wp-content\/uploads\/2025\/12\/ANBERNIC-RG-406V-1024x1024.jpg",1024,1024,true],"1536x1536":["https:\/\/thecoreplay.com\/wp-content\/uploads\/2025\/12\/ANBERNIC-RG-406V.jpg",1080,1080,false],"2048x2048":["https:\/\/thecoreplay.com\/wp-content\/uploads\/2025\/12\/ANBERNIC-RG-406V.jpg",1080,1080,false],"woocommerce_thumbnail":["https:\/\/thecoreplay.com\/wp-content\/uploads\/2025\/12\/ANBERNIC-RG-406V-300x300.jpg",300,300,true],"woocommerce_single":["https:\/\/thecoreplay.com\/wp-content\/uploads\/2025\/12\/ANBERNIC-RG-406V-600x600.jpg",600,600,true],"woocommerce_gallery_thumbnail":["https:\/\/thecoreplay.com\/wp-content\/uploads\/2025\/12\/ANBERNIC-RG-406V-100x100.jpg",100,100,true]},"uagb_author_info":{"display_name":"lluismayans83@gmail.com","author_link":"https:\/\/thecoreplay.com\/fr\/author\/"},"uagb_comment_info":47,"uagb_excerpt":"\ud83e\udde0 Caract\u00e9ristiques techniques Syst\u00e8me d&rsquo;exploitation&nbsp;: Android 13 Processeur&nbsp;: Unisoc T820 Octa-core (1\u00d7A76@2,7&nbsp;GHz + 3\u00d7A76@2,3&nbsp;GHz + 4\u00d7A55@2,1&nbsp;GHz) Processeur graphique&nbsp;: Mali-G57 Quad-core, 850&nbsp;MHz M\u00e9moire RAM&nbsp;: 8&nbsp;Go LPDDR4X Stockage interne&nbsp;: 128&nbsp;Go UFS 2.2 \u00c9cran&nbsp;: \u00c9cran tactile IPS 4&nbsp;pouces, 960\u00d7720&nbsp;px, avec stratification compl\u00e8te Connectivit\u00e9&nbsp;: WiFi 2.4G \/ 5G Bluetooth 5.0 USB Type-C avec sortie DisplayPort (1080p) Audio&nbsp;: Haut-parleurs st\u00e9r\u00e9o\u2026","_links":{"self":[{"href":"https:\/\/thecoreplay.com\/fr\/wp-json\/wp\/v2\/product\/1234","targetHints":{"allow":["GET"]}}],"collection":[{"href":"https:\/\/thecoreplay.com\/fr\/wp-json\/wp\/v2\/product"}],"about":[{"href":"https:\/\/thecoreplay.com\/fr\/wp-json\/wp\/v2\/types\/product"}],"replies":[{"embeddable":true,"href":"https:\/\/thecoreplay.com\/fr\/wp-json\/wp\/v2\/comments?post=1234"}],"wp:featuredmedia":[{"embeddable":true,"href":"https:\/\/thecoreplay.com\/fr\/wp-json\/wp\/v2\/media\/1610"}],"wp:attachment":[{"href":"https:\/\/thecoreplay.com\/fr\/wp-json\/wp\/v2\/media?parent=1234"}],"wp:term":[{"taxonomy":"product_brand","embeddable":true,"href":"https:\/\/thecoreplay.com\/fr\/wp-json\/wp\/v2\/product_brand?post=1234"},{"taxonomy":"product_cat","embeddable":true,"href":"https:\/\/thecoreplay.com\/fr\/wp-json\/wp\/v2\/product_cat?post=1234"},{"taxonomy":"product_tag","embeddable":true,"href":"https:\/\/thecoreplay.com\/fr\/wp-json\/wp\/v2\/product_tag?post=1234"}],"curies":[{"name":"wp","href":"https:\/\/api.w.org\/{rel}","templated":true}]}}