{"id":1127,"date":"2025-12-17T11:40:41","date_gmt":"2025-12-17T11:40:41","guid":{"rendered":"https:\/\/thecoreplay.com\/politique-dexpedition\/"},"modified":"2025-12-21T00:14:43","modified_gmt":"2025-12-21T00:14:43","slug":"politique-dexpedition","status":"publish","type":"page","link":"https:\/\/thecoreplay.com\/fr\/politique-dexpedition\/","title":{"rendered":"Politique d\u2019exp\u00e9dition"},"content":{"rendered":"\n<h3 class=\"wp-block-heading\">Informations d\u2019exp\u00e9dition<\/h3>\n\n<ul class=\"wp-block-list\">\n<li><strong>\ud83c\udd93 Livraison gratuite :<\/strong> Chez <strong>TheCorePlay<\/strong>, toutes les livraisons sont gratuites aux <strong>\u00c9tats-Unis<\/strong>. Pas de frais cach\u00e9s, pas de mauvaises surprises. <\/li>\n\n\n\n<li><strong>\ud83d\udeab Restrictions d\u2019exp\u00e9dition :<\/strong> Nous ne livrons actuellement pas aux [Canaries, Ceuta ou Melilla \/ Territoires \u00e9loign\u00e9s]*.<\/li>\n\n\n\n<li><strong>\ud83d\ude80 Traitement rapide :<\/strong> Nous traitons les commandes aussi rapidement que possible, g\u00e9n\u00e9ralement en les pr\u00e9parant en moins de <strong>48 heures<\/strong>.<\/li>\n\n\n\n<li><strong>\ud83d\udce6 D\u00e9lais de livraison :<\/strong> Les d\u00e9lais de livraison standard sont de <strong>7 \u00e0 12 jours ouvrables<\/strong>, selon le produit et la destination.<\/li>\n\n\n\n<li><strong>\ud83d\udc40 Suivi de commande :<\/strong> Toutes les commandes comprennent un num\u00e9ro de suivi, vous pouvez donc surveiller l\u2019\u00e9tat de votre envoi \u00e0 tout moment.<\/li>\n\n\n\n<li><strong>\ud83d\udce6 Exp\u00e9dition combin\u00e9e :<\/strong> Si tu passes deux commandes \u00e0 des dates diff\u00e9rentes, nous attendrons que les deux soient trait\u00e9es pour les exp\u00e9dier ensemble dans un seul colis. Cela nous permet d\u2019optimiser la logistique et de maintenir notre service de livraison gratuite. <\/li>\n<\/ul>\n","protected":false},"excerpt":{"rendered":"<p>Informations d\u2019exp\u00e9dition<\/p>\n","protected":false},"author":1,"featured_media":0,"parent":0,"menu_order":0,"comment_status":"closed","ping_status":"closed","template":"","meta":{"_uag_custom_page_level_css":"","site-sidebar-layout":"default","site-content-layout":"","ast-site-content-layout":"default","site-content-style":"default","site-sidebar-style":"default","ast-global-header-display":"","ast-banner-title-visibility":"","ast-main-header-display":"","ast-hfb-above-header-display":"","ast-hfb-below-header-display":"","ast-hfb-mobile-header-display":"","site-post-title":"","ast-breadcrumbs-content":"","ast-featured-img":"","footer-sml-layout":"","ast-disable-related-posts":"","theme-transparent-header-meta":"","adv-header-id-meta":"","stick-header-meta":"","header-above-stick-meta":"","header-main-stick-meta":"","header-below-stick-meta":"","astra-migrate-meta-layouts":"default","ast-page-background-enabled":"default","ast-page-background-meta":{"desktop":{"background-color":"var(--ast-global-color-5)","background-image":"","background-repeat":"repeat","background-position":"center center","background-size":"auto","background-attachment":"scroll","background-type":"","background-media":"","overlay-type":"","overlay-color":"","overlay-opacity":"","overlay-gradient":""},"tablet":{"background-color":"","background-image":"","background-repeat":"repeat","background-position":"center center","background-size":"auto","background-attachment":"scroll","background-type":"","background-media":"","overlay-type":"","overlay-color":"","overlay-opacity":"","overlay-gradient":""},"mobile":{"background-color":"","background-image":"","background-repeat":"repeat","background-position":"center center","background-size":"auto","background-attachment":"scroll","background-type":"","background-media":"","overlay-type":"","overlay-color":"","overlay-opacity":"","overlay-gradient":""}},"ast-content-background-meta":{"desktop":{"background-color":"var(--ast-global-color-4)","background-image":"","background-repeat":"repeat","background-position":"center center","background-size":"auto","background-attachment":"scroll","background-type":"","background-media":"","overlay-type":"","overlay-color":"","overlay-opacity":"","overlay-gradient":""},"tablet":{"background-color":"var(--ast-global-color-4)","background-image":"","background-repeat":"repeat","background-position":"center center","background-size":"auto","background-attachment":"scroll","background-type":"","background-media":"","overlay-type":"","overlay-color":"","overlay-opacity":"","overlay-gradient":""},"mobile":{"background-color":"var(--ast-global-color-4)","background-image":"","background-repeat":"repeat","background-position":"center center","background-size":"auto","background-attachment":"scroll","background-type":"","background-media":"","overlay-type":"","overlay-color":"","overlay-opacity":"","overlay-gradient":""}},"footnotes":""},"class_list":["post-1127","page","type-page","status-publish","hentry"],"_hostinger_reach_plugin_has_subscription_block":false,"_hostinger_reach_plugin_is_elementor":false,"uagb_featured_image_src":{"full":false,"thumbnail":false,"medium":false,"medium_large":false,"large":false,"1536x1536":false,"2048x2048":false,"woocommerce_thumbnail":false,"woocommerce_single":false,"woocommerce_gallery_thumbnail":false},"uagb_author_info":{"display_name":"lluismayans83@gmail.com","author_link":"https:\/\/thecoreplay.com\/fr\/author\/lluismayans83gmail-com\/"},"uagb_comment_info":0,"uagb_excerpt":"Informations d\u2019exp\u00e9dition","_links":{"self":[{"href":"https:\/\/thecoreplay.com\/fr\/wp-json\/wp\/v2\/pages\/1127","targetHints":{"allow":["GET"]}}],"collection":[{"href":"https:\/\/thecoreplay.com\/fr\/wp-json\/wp\/v2\/pages"}],"about":[{"href":"https:\/\/thecoreplay.com\/fr\/wp-json\/wp\/v2\/types\/page"}],"author":[{"embeddable":true,"href":"https:\/\/thecoreplay.com\/fr\/wp-json\/wp\/v2\/users\/1"}],"replies":[{"embeddable":true,"href":"https:\/\/thecoreplay.com\/fr\/wp-json\/wp\/v2\/comments?post=1127"}],"version-history":[{"count":1,"href":"https:\/\/thecoreplay.com\/fr\/wp-json\/wp\/v2\/pages\/1127\/revisions"}],"predecessor-version":[{"id":1128,"href":"https:\/\/thecoreplay.com\/fr\/wp-json\/wp\/v2\/pages\/1127\/revisions\/1128"}],"wp:attachment":[{"href":"https:\/\/thecoreplay.com\/fr\/wp-json\/wp\/v2\/media?parent=1127"}],"curies":[{"name":"wp","href":"https:\/\/api.w.org\/{rel}","templated":true}]}}