{"id":1119,"date":"2025-12-17T10:32:19","date_gmt":"2025-12-17T10:32:19","guid":{"rendered":"https:\/\/thecoreplay.com\/mentions-legales\/"},"modified":"2026-01-29T18:12:56","modified_gmt":"2026-01-29T18:12:56","slug":"mentions-legales","status":"publish","type":"page","link":"https:\/\/thecoreplay.com\/fr\/mentions-legales\/","title":{"rendered":"Metions L\u00e9gales"},"content":{"rendered":"\n<h2 class=\"wp-block-heading\">MENTIONS L\u00c9GALES ET CONDITIONS G\u00c9N\u00c9RALES D\u2019UTILISATION<\/h2>\n\n<p><\/p>\n\n<h3 class=\"wp-block-heading\">I. INFORMATIONS G\u00c9N\u00c9RALES<\/h3>\n\n<p>Conform\u00e9ment au devoir d\u2019information \u00e9nonc\u00e9 dans la loi 34\/2002 sur les services de la soci\u00e9t\u00e9 de l\u2019information et du commerce \u00e9lectronique (LSSI-CE) du 11 juillet, les informations g\u00e9n\u00e9rales suivantes concernant ce site web sont fournies ci-dessous :<\/p>\n\n<p>La propri\u00e9t\u00e9 de ce site web, <strong>https:\/\/thecoreplay.com<\/strong> (ci-apr\u00e8s, le \u00ab Site web \u00bb), est d\u00e9tenue par : <strong>Lluis Mayans Mayans<\/strong>, avec le num\u00e9ro d\u2019identification fiscale (NIF) : <strong>46955361-X<\/strong>, dont les coordonn\u00e9es sont les suivantes :<\/p>\n\n<ul class=\"wp-block-list\">\n<li><strong>Adresse\u00a0:<\/strong> Avenida Mediterranea 92, La Savina<\/li>\n\n\n\n<li><strong>T\u00e9l\u00e9phone de contact\u00a0:<\/strong> +34 626950875<\/li>\n\n\n\n<li><strong>Adresse \u00e9lectronique de contact\u00a0:<\/strong> info@thecoreplay.com<\/li>\n<\/ul>\n\n<hr class=\"wp-block-separator has-alpha-channel-opacity\"\/>\n\n<h3 class=\"wp-block-heading\">II. CONDITIONS G\u00c9N\u00c9RALES D\u2019UTILISATION <\/h3>\n\n<h4 class=\"wp-block-heading\">Objet des conditions\u00a0: Le site web<\/h4>\n\n<p>Les pr\u00e9sentes conditions g\u00e9n\u00e9rales d\u2019utilisation (ci-apr\u00e8s, les \u00ab\u00a0Conditions\u00a0\u00bb) ont pour objet de r\u00e9glementer l\u2019acc\u00e8s au site web et son utilisation. Aux fins des pr\u00e9sentes conditions, le terme \u00ab\u00a0Site web\u00a0\u00bb s\u2019entend comme\u00a0: l\u2019apparence ext\u00e9rieure des interfaces d\u2019\u00e9cran, tant statique que dynamique (l\u2019arborescence de navigation)\u00a0; et tous les \u00e9l\u00e9ments int\u00e9gr\u00e9s aux interfaces d\u2019\u00e9cran et \u00e0 l\u2019arborescence de navigation (ci-apr\u00e8s, le \u00ab\u00a0Contenu\u00a0\u00bb) et tous les services ou ressources en ligne qu\u2019il peut offrir aux utilisateurs (ci-apr\u00e8s, les \u00ab\u00a0Services\u00a0\u00bb). <\/p>\n\n<p><strong>TheCorePlay<\/strong> se r\u00e9serve le droit de modifier, \u00e0 tout moment et sans pr\u00e9avis, la pr\u00e9sentation et la configuration du site web ainsi que le contenu et les services qui peuvent y \u00eatre int\u00e9gr\u00e9s. L\u2019utilisateur reconna\u00eet et accepte qu\u2019\u00e0 tout moment, <strong>TheCorePlay<\/strong> peut interrompre, d\u00e9sactiver et\/ou annuler l\u2019un quelconque de ces \u00e9l\u00e9ments int\u00e9gr\u00e9s au site web ou l\u2019acc\u00e8s \u00e0 ceux-ci. <\/p>\n\n<p>L\u2019acc\u00e8s au site web par l\u2019utilisateur est gratuit et, en r\u00e8gle g\u00e9n\u00e9rale, ne n\u00e9cessite pas de contrepartie de la part de l\u2019utilisateur, sauf en ce qui concerne le co\u00fbt de la connexion via le r\u00e9seau de t\u00e9l\u00e9communications fourni par le fournisseur d\u2019acc\u00e8s contract\u00e9 par l\u2019utilisateur.<\/p>\n\n<h4 class=\"wp-block-heading\">L\u2019utilisateur<\/h4>\n\n<p>L\u2019acc\u00e8s, la navigation et l\u2019utilisation du site web conf\u00e8rent le statut d\u2019utilisateur. Par cons\u00e9quent, d\u00e8s le d\u00e9but de la navigation sur le site web, toutes les conditions \u00e9tablies dans les pr\u00e9sentes sont accept\u00e9es, ainsi que leurs modifications ult\u00e9rieures, sans pr\u00e9judice de l\u2019application des r\u00e9glementations l\u00e9gales obligatoires correspondantes, selon le cas. Compte tenu de la pertinence de ce qui pr\u00e9c\u00e8de, il est recommand\u00e9 \u00e0 l\u2019utilisateur de les lire chaque fois qu\u2019il visite le site web.  <\/p>\n\n<p>Le site web de <strong>TheCorePlay<\/strong> offre une grande diversit\u00e9 d\u2019informations, de services et de donn\u00e9es. L\u2019utilisateur assume la responsabilit\u00e9 de faire un usage correct du site web. Cette responsabilit\u00e9 s\u2019\u00e9tend \u00e0\u00a0:  <\/p>\n\n<ol start=\"1\" class=\"wp-block-list\">\n<li>Une utilisation des informations, du contenu et\/ou des services et des donn\u00e9es offerts par <strong>TheCorePlay<\/strong> qui n\u2019est pas contraire aux dispositions des pr\u00e9sentes conditions, \u00e0 la loi, \u00e0 la morale ou \u00e0 l\u2019ordre public, ou qui, de toute autre mani\u00e8re, peut entra\u00eener une atteinte aux droits de tiers ou au fonctionnement du site web lui-m\u00eame.<\/li>\n\n\n\n<li>La v\u00e9racit\u00e9 et la l\u00e9galit\u00e9 des informations fournies par l\u2019utilisateur dans les formulaires \u00e9mis par <strong>TheCorePlay<\/strong> pour acc\u00e9der \u00e0 certains contenus ou services offerts par le site web. Dans tous les cas, l\u2019utilisateur doit imm\u00e9diatement notifier \u00e0 <strong>TheCorePlay<\/strong> tout \u00e9v\u00e9nement permettant l\u2019utilisation abusive des informations enregistr\u00e9es dans lesdits formulaires, tels que, mais sans s\u2019y limiter, le vol, la perte ou l\u2019acc\u00e8s non autoris\u00e9 aux identifiants et\/ou mots de passe, afin de proc\u00e9der \u00e0 leur annulation imm\u00e9diate. <\/li>\n<\/ol>\n\n<p>Le simple acc\u00e8s \u00e0 ce site web n\u2019implique aucune relation commerciale entre <strong>TheCorePlay<\/strong> et l\u2019utilisateur.<\/p>\n\n<p>Conform\u00e9ment \u00e0 la l\u00e9gislation en vigueur, ce site web <strong>TheCorePlay<\/strong> s\u2019adresse \u00e0 toutes les personnes, quel que soit leur \u00e2ge, qui peuvent acc\u00e9der aux pages du site web et\/ou y naviguer.<\/p>\n\n<p>Le site web s\u2019adresse principalement aux utilisateurs r\u00e9sidant aux <strong>\u00c9tats-Unis<\/strong>. <strong>TheCorePlay<\/strong> ne garantit pas que le site web est conforme aux lois des autres pays, que ce soit totalement ou partiellement. Si l\u2019utilisateur r\u00e9side ou est domicili\u00e9 ailleurs et d\u00e9cide d\u2019acc\u00e9der au site web et\/ou d\u2019y naviguer, il le fait sous sa propre responsabilit\u00e9 et doit s\u2019assurer que cet acc\u00e8s et cette navigation sont conformes \u00e0 la l\u00e9gislation locale applicable, <strong>TheCorePlay<\/strong> n\u2019assumant aucune responsabilit\u00e9 pouvant d\u00e9couler dudit acc\u00e8s. <\/p>\n\n<hr class=\"wp-block-separator has-alpha-channel-opacity\"\/>\n\n<h3 class=\"wp-block-heading\">III. ACC\u00c8S ET NAVIGATION SUR LE SITE WEB\u00a0: EXCLUSION DE GARANTIES ET DE RESPONSABILIT\u00c9 <\/h3>\n\n<p><strong>TheCorePlay<\/strong> ne garantit pas la continuit\u00e9, la disponibilit\u00e9 et l\u2019utilit\u00e9 du site web, ni de son contenu ou de ses services. <strong>TheCorePlay<\/strong> fera tout son possible pour assurer le bon fonctionnement du site web\u00a0; toutefois, elle n\u2019est pas responsable et ne garantit pas que l\u2019acc\u00e8s \u00e0 ce site web sera ininterrompu ou sans erreur.<\/p>\n\n<p>Elle n\u2019est pas non plus responsable et ne garantit pas que le contenu ou le logiciel accessible via ce site web est exempt d\u2019erreurs ou cause des dommages au syst\u00e8me informatique de l\u2019utilisateur (logiciel et mat\u00e9riel). En aucun cas, <strong>TheCorePlay<\/strong> ne pourra \u00eatre tenue responsable des pertes ou dommages de toute nature d\u00e9coulant de l\u2019acc\u00e8s, de la navigation et de l\u2019utilisation du site web, y compris, mais sans s\u2019y limiter, ceux caus\u00e9s aux syst\u00e8mes informatiques ou ceux caus\u00e9s par l\u2019introduction de virus. <\/p>\n\n<p><strong>TheCorePlay<\/strong> n\u2019est pas non plus responsable des dommages qui pourraient \u00eatre caus\u00e9s aux utilisateurs par une utilisation inappropri\u00e9e de ce site web. En particulier, elle n\u2019est en aucun cas responsable des pannes, interruptions, absences ou d\u00e9fauts de t\u00e9l\u00e9communications qui pourraient survenir. <\/p>\n\n<hr class=\"wp-block-separator has-alpha-channel-opacity\"\/>\n\n<h3 class=\"wp-block-heading\">IV. POLITIQUE DE LIENS <\/h3>\n\n<p><strong>TheCorePlay<\/strong> n\u2019offre ni ne commercialise, par elle-m\u00eame ou par l\u2019interm\u00e9diaire de tiers, les produits et\/ou services disponibles sur ces sites li\u00e9s.<\/p>\n\n<p>L\u2019utilisateur ou le tiers qui cr\u00e9e un hyperlien \u00e0 partir d\u2019une page web d\u2019un autre site web vers le site web de <strong>TheCorePlay<\/strong> doit savoir que\u00a0:<\/p>\n\n<ul class=\"wp-block-list\">\n<li>La reproduction, totale ou partielle, de tout contenu et\/ou service du site web n\u2019est pas autoris\u00e9e sans l\u2019autorisation expresse de <strong>TheCorePlay<\/strong>.<\/li>\n\n\n\n<li>Aucune d\u00e9claration fausse, inexacte ou incorrecte concernant le site web de <strong>TheCorePlay<\/strong>, ni concernant son contenu et\/ou ses services, n\u2019est autoris\u00e9e.<\/li>\n\n\n\n<li>\u00c0 l\u2019exception de l\u2019hyperlien, le site web o\u00f9 ledit hyperlien est \u00e9tabli ne doit contenir aucun \u00e9l\u00e9ment de ce site web prot\u00e9g\u00e9 en tant que propri\u00e9t\u00e9 intellectuelle par la loi espagnole, sauf autorisation expresse de <strong>TheCorePlay<\/strong>.<\/li>\n\n\n\n<li>L\u2019\u00e9tablissement de l\u2019hyperlien n\u2019implique pas l\u2019existence d\u2019une relation entre <strong>TheCorePlay<\/strong> et le propri\u00e9taire du site web \u00e0 partir duquel il est cr\u00e9\u00e9, ni la connaissance et l\u2019acceptation par <strong>TheCorePlay<\/strong> du contenu, des services et\/ou des activit\u00e9s propos\u00e9s sur ledit site web, et vice versa.<\/li>\n<\/ul>\n\n<hr class=\"wp-block-separator has-alpha-channel-opacity\"\/>\n\n<h3 class=\"wp-block-heading\">V. PROPRI\u00c9T\u00c9 INTELLECTUELLE ET INDUSTRIELLE<\/h3>\n\n<p><strong>TheCorePlay<\/strong>, par elle-m\u00eame ou en tant que cessionnaire, est titulaire de tous les droits de propri\u00e9t\u00e9 intellectuelle et industrielle du site web, ainsi que des \u00e9l\u00e9ments qui y sont contenus (\u00e0 titre d\u2019exemple et non exhaustif\u00a0: images, sons, audio, vid\u00e9os, logiciels ou textes, marques ou logos, combinaisons de couleurs, structure et design, s\u00e9lection des mat\u00e9riaux utilis\u00e9s, programmes informatiques n\u00e9cessaires \u00e0 son fonctionnement, acc\u00e8s et utilisation, etc.). Ils seront donc des \u0153uvres prot\u00e9g\u00e9es en tant que propri\u00e9t\u00e9 intellect<sup><\/sup>uelle par le syst\u00e8m<sup><\/sup>e juridique espagnol, \u00e9tant applicables tant les r\u00e9glementations espagnoles et communautaires dans ce domaine, que les trait\u00e9s internationaux relatifs au sujet et sign\u00e9s par l\u2019Espagne. <\/p>\n\n<p><strong>Tous droits r\u00e9serv\u00e9s.<\/strong> En vertu des dispositions de la loi sur la propri\u00e9t\u00e9 intellectuelle, la reproduction, la distribution et la communication publique, y compris sa modalit\u00e9 de mise \u00e0 disposition, de tout ou partie du contenu de ce <sup><\/sup>site web, \u00e0 des fins commerciales, sur tout support et par tout moyen technique, sans l\u2019autorisation de <strong>TheCorePlay<\/strong>, sont express\u00e9ment interdites.<\/p>\n\n<p>L\u2019utilisateur s\u2019engage \u00e0 respecter les droits de propri\u00e9t\u00e9 intellectuelle et industrielle de <strong>TheCorePlay<\/strong>. Vous pouvez visualiser les \u00e9l\u00e9ments du site web ou m\u00eame les imprimer, les copier et les stocker sur le disque dur de votre ordinateur ou sur tout autre support physique, \u00e0 condition que ce soit exclusivement pour votre usage personnel. L\u2019utilisateur ne peut toutefois pas supprimer, modifier ou manipuler tout dispositif de protection ou syst\u00e8me de s\u00e9curit\u00e9 install\u00e9 sur le site web.  <\/p>\n\n<p>Dans le cas o\u00f9 l\u2019utilisateur ou un tiers consid\u00e8re qu\u2019un contenu quelconque du site web constitue une violation des droits de protection de la propri\u00e9t\u00e9 intellectuelle, il doit imm\u00e9diatement le communiquer \u00e0 <strong>TheCorePlay<\/strong> en utilisant les coordonn\u00e9es figurant dans la section INFORMATIONS G\u00c9N\u00c9RALES des pr\u00e9sentes mentions l\u00e9gales et conditions g\u00e9n\u00e9rales d\u2019utilisation.<\/p>\n\n<hr class=\"wp-block-separator has-alpha-channel-opacity\"\/>\n\n<h3 class=\"wp-block-heading\">VI. ACTIONS L\u00c9GALES, L\u00c9GISLATION APPLICABLE ET JURIDICTION <\/h3>\n\n<p><strong>TheCorePlay<\/strong> se r\u00e9serve le droit d\u2019intenter les actions civiles ou p\u00e9nales qu\u2019elle juge n\u00e9cessaires en cas d\u2019utilisation abusive du site web et de son contenu, ou en cas de violation des pr\u00e9sentes conditions.<\/p>\n\n<p>La relation entre l\u2019utilisateur et <strong>TheCorePlay<\/strong> est r\u00e9gie par les r\u00e9glementations en vigueur et applicables sur le territoire espagnol. En cas de controverse relative \u00e0 l\u2019interpr\u00e9tation et\/ou \u00e0 l\u2019application des pr\u00e9sentes conditions, les parties soumettent leurs diff\u00e9rends \u00e0 la juridiction ordinaire, se soumettant aux juges et tribunaux comp\u00e9tents conform\u00e9ment \u00e0 la loi. <\/p>\n","protected":false},"excerpt":{"rendered":"<p>MENTIONS L\u00c9GALES ET CONDITIONS G\u00c9N\u00c9RALES D\u2019UTILISATION I. INFORMATIONS G\u00c9N\u00c9RALES Conform\u00e9ment au devoir d\u2019information \u00e9nonc\u00e9 dans la loi 34\/2002 sur les services de la soci\u00e9t\u00e9 de l\u2019information et du commerce \u00e9lectronique (LSSI-CE) du 11 juillet, les informations g\u00e9n\u00e9rales suivantes concernant ce site web sont fournies ci-dessous : La propri\u00e9t\u00e9 de ce site web, https:\/\/thecoreplay.com (ci-apr\u00e8s, le [&hellip;]<\/p>\n","protected":false},"author":1,"featured_media":0,"parent":0,"menu_order":0,"comment_status":"closed","ping_status":"closed","template":"","meta":{"_uag_custom_page_level_css":"","site-sidebar-layout":"default","site-content-layout":"","ast-site-content-layout":"default","site-content-style":"default","site-sidebar-style":"default","ast-global-header-display":"","ast-banner-title-visibility":"","ast-main-header-display":"","ast-hfb-above-header-display":"","ast-hfb-below-header-display":"","ast-hfb-mobile-header-display":"","site-post-title":"","ast-breadcrumbs-content":"","ast-featured-img":"","footer-sml-layout":"","ast-disable-related-posts":"","theme-transparent-header-meta":"","adv-header-id-meta":"","stick-header-meta":"","header-above-stick-meta":"","header-main-stick-meta":"","header-below-stick-meta":"","astra-migrate-meta-layouts":"default","ast-page-background-enabled":"default","ast-page-background-meta":{"desktop":{"background-color":"var(--ast-global-color-5)","background-image":"","background-repeat":"repeat","background-position":"center center","background-size":"auto","background-attachment":"scroll","background-type":"","background-media":"","overlay-type":"","overlay-color":"","overlay-opacity":"","overlay-gradient":""},"tablet":{"background-color":"","background-image":"","background-repeat":"repeat","background-position":"center center","background-size":"auto","background-attachment":"scroll","background-type":"","background-media":"","overlay-type":"","overlay-color":"","overlay-opacity":"","overlay-gradient":""},"mobile":{"background-color":"","background-image":"","background-repeat":"repeat","background-position":"center center","background-size":"auto","background-attachment":"scroll","background-type":"","background-media":"","overlay-type":"","overlay-color":"","overlay-opacity":"","overlay-gradient":""}},"ast-content-background-meta":{"desktop":{"background-color":"var(--ast-global-color-4)","background-image":"","background-repeat":"repeat","background-position":"center center","background-size":"auto","background-attachment":"scroll","background-type":"","background-media":"","overlay-type":"","overlay-color":"","overlay-opacity":"","overlay-gradient":""},"tablet":{"background-color":"var(--ast-global-color-4)","background-image":"","background-repeat":"repeat","background-position":"center center","background-size":"auto","background-attachment":"scroll","background-type":"","background-media":"","overlay-type":"","overlay-color":"","overlay-opacity":"","overlay-gradient":""},"mobile":{"background-color":"var(--ast-global-color-4)","background-image":"","background-repeat":"repeat","background-position":"center center","background-size":"auto","background-attachment":"scroll","background-type":"","background-media":"","overlay-type":"","overlay-color":"","overlay-opacity":"","overlay-gradient":""}},"footnotes":""},"class_list":["post-1119","page","type-page","status-publish","hentry"],"_hostinger_reach_plugin_has_subscription_block":false,"_hostinger_reach_plugin_is_elementor":false,"uagb_featured_image_src":{"full":false,"thumbnail":false,"medium":false,"medium_large":false,"large":false,"1536x1536":false,"2048x2048":false,"woocommerce_thumbnail":false,"woocommerce_single":false,"woocommerce_gallery_thumbnail":false},"uagb_author_info":{"display_name":"lluismayans83@gmail.com","author_link":"https:\/\/thecoreplay.com\/fr\/author\/lluismayans83gmail-com\/"},"uagb_comment_info":0,"uagb_excerpt":"MENTIONS L\u00c9GALES ET CONDITIONS G\u00c9N\u00c9RALES D\u2019UTILISATION I. INFORMATIONS G\u00c9N\u00c9RALES Conform\u00e9ment au devoir d\u2019information \u00e9nonc\u00e9 dans la loi 34\/2002 sur les services de la soci\u00e9t\u00e9 de l\u2019information et du commerce \u00e9lectronique (LSSI-CE) du 11 juillet, les informations g\u00e9n\u00e9rales suivantes concernant ce site web sont fournies ci-dessous : La propri\u00e9t\u00e9 de ce site web, https:\/\/thecoreplay.com (ci-apr\u00e8s, le\u2026","_links":{"self":[{"href":"https:\/\/thecoreplay.com\/fr\/wp-json\/wp\/v2\/pages\/1119","targetHints":{"allow":["GET"]}}],"collection":[{"href":"https:\/\/thecoreplay.com\/fr\/wp-json\/wp\/v2\/pages"}],"about":[{"href":"https:\/\/thecoreplay.com\/fr\/wp-json\/wp\/v2\/types\/page"}],"author":[{"embeddable":true,"href":"https:\/\/thecoreplay.com\/fr\/wp-json\/wp\/v2\/users\/1"}],"replies":[{"embeddable":true,"href":"https:\/\/thecoreplay.com\/fr\/wp-json\/wp\/v2\/comments?post=1119"}],"version-history":[{"count":3,"href":"https:\/\/thecoreplay.com\/fr\/wp-json\/wp\/v2\/pages\/1119\/revisions"}],"predecessor-version":[{"id":1862,"href":"https:\/\/thecoreplay.com\/fr\/wp-json\/wp\/v2\/pages\/1119\/revisions\/1862"}],"wp:attachment":[{"href":"https:\/\/thecoreplay.com\/fr\/wp-json\/wp\/v2\/media?parent=1119"}],"curies":[{"name":"wp","href":"https:\/\/api.w.org\/{rel}","templated":true}]}}