{"id":1111,"date":"2025-12-17T12:01:07","date_gmt":"2025-12-17T12:01:07","guid":{"rendered":"https:\/\/thecoreplay.com\/a-proposabout-us\/"},"modified":"2025-12-21T00:06:15","modified_gmt":"2025-12-21T00:06:15","slug":"a-proposabout-us","status":"publish","type":"page","link":"https:\/\/thecoreplay.com\/fr\/a-proposabout-us\/","title":{"rendered":"\u00c0 proposAbout Us"},"content":{"rendered":"\n<div class=\"wp-block-uagb-container uagb-block-36737975 alignfull uagb-is-root-container\"><div class=\"uagb-container-inner-blocks-wrap\">\n<div class=\"wp-block-uagb-container uagb-block-a9e67b2c\">\n<div class=\"wp-block-uagb-container uagb-block-6d06a0a4\">\n<div class=\"wp-block-uagb-advanced-heading uagb-block-0ffb10e9\"><h2 class=\"uagb-heading-text\">Nous sommes sp\u00e9cialis\u00e9s dans les consoles r\u00e9tro et l&rsquo;\u00e9lectronique de haute qualit\u00e9 \u00e0 des prix abordables pour tous les amoureux de la nostalgie.<\/h2><\/div>\n<\/div>\n\n\n\n<div class=\"wp-block-uagb-container uagb-block-52896290\">\n<div class=\"wp-block-uagb-info-box uagb-block-4a9c9434 uagb-infobox__content-wrap  uagb-infobox-icon-above-title uagb-infobox-image-valign-top\"><div class=\"uagb-ifb-content\"><div class=\"uagb-ifb-title-wrap\"><\/div><p class=\"uagb-ifb-desc\">Chez <strong>TheCorePlay<\/strong>, nous sommes une boutique en ligne sp\u00e9cialis\u00e9e dans les consoles r\u00e9tro, les \u00e9mulateurs et les consoles projecteur. Nous sommes passionn\u00e9s par la renaissance de la magie des jeux vid\u00e9o classiques et offrons une exp\u00e9rience unique \u00e0 tous les amoureux du r\u00e9tro.<br\/>Depuis nos toutes premi\u00e8res ventes, notre objectif a \u00e9t\u00e9 d&rsquo;apporter plus qu&rsquo;un simple produit dans chaque foyer de nos clients ; nous offrons un voyage dans le temps rempli de nostalgie, de plaisir et de qualit\u00e9. <\/p><\/div><\/div>\n<\/div>\n<\/div>\n\n\n\n<div class=\"wp-block-uagb-separator uagb-block-ad6243f3\"><div class=\"wp-block-uagb-separator__inner\" style=\"--my-background-image:\"><\/div><\/div>\n\n\n\n<div class=\"wp-block-uagb-container uagb-block-20a13b82\">\n<div class=\"wp-block-uagb-container uagb-block-1b711b36\">\n<div class=\"wp-block-uagb-advanced-heading uagb-block-c3314901\"><h3 class=\"uagb-heading-text\">\ud83c\udfae The Core Play<\/h3><\/div>\n\n\n\n<div class=\"wp-block-uagb-advanced-heading uagb-block-753f60b7\"><p class=\"uagb-heading-text\">\ud83d\uded2 Pourquoi nous choisir ?<\/p><\/div>\n\n\n\n<div class=\"wp-block-uagb-info-box uagb-block-d38a5c41 uagb-infobox__content-wrap  uagb-infobox-icon-above-title uagb-infobox-image-valign-top\"><div class=\"uagb-ifb-content\"><div class=\"uagb-ifb-title-wrap\"><\/div><p class=\"uagb-ifb-desc\"><br\/>\u2705 <strong>Parce que nous comprenons ta nostalgie.<\/strong> Nous s\u00e9lectionnons avec soin les consoles qui te transporteront directement dans ton enfance.<br\/>\u2705 <strong>Parce que nous offrons le meilleur rapport qualit\u00e9\/prix.<\/strong> Nous avons s\u00e9lectionn\u00e9 les meilleurs produits pour offrir les prix les plus comp\u00e9titifs du march\u00e9, sans jamais sacrifier la qualit\u00e9.<br\/>\u2705 <strong>Parce que nous sommes avec toi \u00e0 chaque \u00e9tape.<\/strong> Nous fournissons une assistance personnalis\u00e9e et d\u00e9di\u00e9e avant, pendant et apr\u00e8s ton achat.<br\/><strong>Avec nous, revivre les classiques est aussi facile que d&rsquo;y jouer.<\/strong><\/p><\/div><\/div>\n\n\n\n<div class=\"wp-block-uagb-info-box uagb-block-11a64b4c uagb-infobox__content-wrap  uagb-infobox-icon-above-title uagb-infobox-image-valign-top\"><div class=\"uagb-ifb-content\"><div class=\"uagb-ifb-title-wrap\"><h3 class=\"uagb-ifb-title\">\ud83d\udce6 Exp\u00e9dition depuis des fournisseurs mondiaux<\/h3><\/div><p class=\"uagb-ifb-desc\"><strong>Ach\u00e8te en toute confiance<\/strong><br\/><br\/>\u2705 <strong>Qualit\u00e9 garantie :<\/strong> Nous s\u00e9lectionnons uniquement les meilleurs produits aupr\u00e8s de fournisseurs de confiance pour nous assurer que tu re\u00e7ois du mat\u00e9riel de premier ordre.<br\/>\u2705 <strong>Exp\u00e9dition s\u00e9curis\u00e9e :<\/strong> Toutes tes commandes sont livr\u00e9es \u00e0 ta porte avec un num\u00e9ro de suivi, afin que tu saches toujours o\u00f9 elles se trouvent.<br\/>\u2705 <strong>Assistance d&rsquo;experts :<\/strong> Notre \u00e9quipe est l\u00e0 pour t&rsquo;aider pour toute question, avant et apr\u00e8s ton achat. Ta satisfaction est notre priorit\u00e9. <\/p><\/div><\/div>\n\n\n\n<div class=\"wp-block-uagb-info-box uagb-block-13a4b1fd uagb-infobox__content-wrap  uagb-infobox-icon-above-title uagb-infobox-image-valign-top\"><div class=\"uagb-ifb-content\"><div class=\"uagb-ifb-title-wrap\"><h3 class=\"uagb-ifb-title\">\ud83d\udcac Tu as des questions ou tu souhaites recommander quelque chose ?<\/h3><\/div><p class=\"uagb-ifb-desc\">Tu peux nous joindre via notre formulaire de contact ou nous envoyer un e-mail \u00e0 : \ud83d\udce9 <strong>info@thecoreplay.com<\/strong><\/p><\/div><\/div>\n<\/div>\n\n\n\n<div class=\"wp-block-uagb-container uagb-block-132812da\">\n<div class=\"wp-block-uagb-advanced-heading uagb-block-224a18d1\"><h3 class=\"uagb-heading-text\">\ud83d\udc51 Les meilleures consoles r\u00e9tro<\/h3><\/div>\n\n\n\n<p><strong>Nous offrons une s\u00e9lection de :<\/strong><\/p>\n\n\n\n<ul class=\"wp-block-list\">\n<li><strong>Consoles r\u00e9tro portables :<\/strong> Consoles portables de style arcade et \u00e9mulateur pour jouer en d\u00e9placement.<\/li>\n\n\n\n<li><strong>Projecteurs de console :<\/strong> Projecteurs de console int\u00e9gr\u00e9s pour une v\u00e9ritable exp\u00e9rience de jeu sur grand \u00e9cran.<\/li>\n\n\n\n<li><strong>TV Game Stick :<\/strong> \u00c9mulateurs Plug-and-Play avec des centaines de jeux classiques pr\u00e9install\u00e9s.<\/li>\n<\/ul>\n\n\n\n<ul class=\"wp-block-list\">\n<li>\u2705 <strong>Livraison gratuite<\/strong> <\/li>\n\n\n\n<li>\u2705 <strong>Service client d\u00e9di\u00e9<\/strong> <\/li>\n\n\n\n<li>\u2705 <strong>Garantie produit incluse<\/strong> <\/li>\n\n\n\n<li>\u2705 <strong>Assistance technique personnalis\u00e9e<\/strong><\/li>\n<\/ul>\n\n\n\n<div class=\"wp-block-uagb-info-box uagb-block-91529e94 uagb-infobox__content-wrap  uagb-infobox-icon-above-title uagb-infobox-image-valign-top\"><div class=\"uagb-ifb-content\"><div class=\"uagb-ifb-title-wrap\"><h3 class=\"uagb-ifb-title\">\ud83d\udccd Notre emplacement<\/h3><\/div><p class=\"uagb-ifb-desc\">Nous op\u00e9rons <strong>100 % en ligne<\/strong>, offrant un support client et une assistance en <strong>anglais et en espagnol<\/strong>. Bien que nous n&rsquo;ayons pas de magasin physique, nous ne sommes qu&rsquo;\u00e0 un message et pr\u00eats \u00e0 t&rsquo;aider pour tout ce dont tu as besoin. <\/p><\/div><\/div>\n<\/div>\n<\/div>\n<\/div><\/div>\n","protected":false},"excerpt":{"rendered":"<p>Nous sommes sp\u00e9cialis\u00e9s dans les consoles r\u00e9tro et l&rsquo;\u00e9lectronique de haute qualit\u00e9 \u00e0 des prix abordables pour tous les amoureux de la nostalgie. \ud83c\udfae The Core Play \ud83d\uded2 Pourquoi nous choisir ? \ud83d\udc51 Les meilleures consoles r\u00e9tro Nous offrons une s\u00e9lection de :<\/p>\n","protected":false},"author":1,"featured_media":0,"parent":0,"menu_order":0,"comment_status":"closed","ping_status":"closed","template":"","meta":{"_uag_custom_page_level_css":"","site-sidebar-layout":"default","site-content-layout":"","ast-site-content-layout":"default","site-content-style":"default","site-sidebar-style":"default","ast-global-header-display":"","ast-banner-title-visibility":"","ast-main-header-display":"","ast-hfb-above-header-display":"","ast-hfb-below-header-display":"","ast-hfb-mobile-header-display":"","site-post-title":"","ast-breadcrumbs-content":"","ast-featured-img":"","footer-sml-layout":"","ast-disable-related-posts":"","theme-transparent-header-meta":"","adv-header-id-meta":"","stick-header-meta":"","header-above-stick-meta":"","header-main-stick-meta":"","header-below-stick-meta":"","astra-migrate-meta-layouts":"default","ast-page-background-enabled":"default","ast-page-background-meta":{"desktop":{"background-color":"var(--ast-global-color-5)","background-image":"","background-repeat":"repeat","background-position":"center center","background-size":"auto","background-attachment":"scroll","background-type":"","background-media":"","overlay-type":"","overlay-color":"","overlay-opacity":"","overlay-gradient":""},"tablet":{"background-color":"","background-image":"","background-repeat":"repeat","background-position":"center center","background-size":"auto","background-attachment":"scroll","background-type":"","background-media":"","overlay-type":"","overlay-color":"","overlay-opacity":"","overlay-gradient":""},"mobile":{"background-color":"","background-image":"","background-repeat":"repeat","background-position":"center center","background-size":"auto","background-attachment":"scroll","background-type":"","background-media":"","overlay-type":"","overlay-color":"","overlay-opacity":"","overlay-gradient":""}},"ast-content-background-meta":{"desktop":{"background-color":"var(--ast-global-color-4)","background-image":"","background-repeat":"repeat","background-position":"center center","background-size":"auto","background-attachment":"scroll","background-type":"","background-media":"","overlay-type":"","overlay-color":"","overlay-opacity":"","overlay-gradient":""},"tablet":{"background-color":"var(--ast-global-color-4)","background-image":"","background-repeat":"repeat","background-position":"center center","background-size":"auto","background-attachment":"scroll","background-type":"","background-media":"","overlay-type":"","overlay-color":"","overlay-opacity":"","overlay-gradient":""},"mobile":{"background-color":"var(--ast-global-color-4)","background-image":"","background-repeat":"repeat","background-position":"center center","background-size":"auto","background-attachment":"scroll","background-type":"","background-media":"","overlay-type":"","overlay-color":"","overlay-opacity":"","overlay-gradient":""}},"footnotes":""},"class_list":["post-1111","page","type-page","status-publish","hentry"],"_hostinger_reach_plugin_has_subscription_block":false,"_hostinger_reach_plugin_is_elementor":false,"uagb_featured_image_src":{"full":false,"thumbnail":false,"medium":false,"medium_large":false,"large":false,"1536x1536":false,"2048x2048":false,"woocommerce_thumbnail":false,"woocommerce_single":false,"woocommerce_gallery_thumbnail":false},"uagb_author_info":{"display_name":"lluismayans83@gmail.com","author_link":"https:\/\/thecoreplay.com\/fr\/author\/lluismayans83gmail-com\/"},"uagb_comment_info":0,"uagb_excerpt":"Nous sommes sp\u00e9cialis\u00e9s dans les consoles r\u00e9tro et l&rsquo;\u00e9lectronique de haute qualit\u00e9 \u00e0 des prix abordables pour tous les amoureux de la nostalgie. \ud83c\udfae The Core Play \ud83d\uded2 Pourquoi nous choisir ? \ud83d\udc51 Les meilleures consoles r\u00e9tro Nous offrons une s\u00e9lection de :","_links":{"self":[{"href":"https:\/\/thecoreplay.com\/fr\/wp-json\/wp\/v2\/pages\/1111","targetHints":{"allow":["GET"]}}],"collection":[{"href":"https:\/\/thecoreplay.com\/fr\/wp-json\/wp\/v2\/pages"}],"about":[{"href":"https:\/\/thecoreplay.com\/fr\/wp-json\/wp\/v2\/types\/page"}],"author":[{"embeddable":true,"href":"https:\/\/thecoreplay.com\/fr\/wp-json\/wp\/v2\/users\/1"}],"replies":[{"embeddable":true,"href":"https:\/\/thecoreplay.com\/fr\/wp-json\/wp\/v2\/comments?post=1111"}],"version-history":[{"count":1,"href":"https:\/\/thecoreplay.com\/fr\/wp-json\/wp\/v2\/pages\/1111\/revisions"}],"predecessor-version":[{"id":1112,"href":"https:\/\/thecoreplay.com\/fr\/wp-json\/wp\/v2\/pages\/1111\/revisions\/1112"}],"wp:attachment":[{"href":"https:\/\/thecoreplay.com\/fr\/wp-json\/wp\/v2\/media?parent=1111"}],"curies":[{"name":"wp","href":"https:\/\/api.w.org\/{rel}","templated":true}]}}